{"id":9974,"date":"2023-05-26T13:33:46","date_gmt":"2023-05-26T11:33:46","guid":{"rendered":"https:\/\/www.laruecavoladora.com\/?post_type=product&#038;p=9974"},"modified":"2025-03-03T19:47:17","modified_gmt":"2025-03-03T18:47:17","slug":"draps-housses-en-coton-biologique-naturel","status":"publish","type":"product","link":"https:\/\/www.laruecavoladora.com\/fr\/producto\/draps-housses-en-coton-bio-copia\/","title":{"rendered":"Draps-housses en coton biologique naturel"},"content":{"rendered":"<h1>Draps-housses en satin.<\/h1>\n<h2>Draps-housses en coton biologique.<\/h2>\n<h3>Tissu certifi\u00e9 (GOTS).<\/h3>\n<ul>\n<li>Hauteur maximale du matelas 32 cm.<\/li>\n<li>Couleur naturelle.<\/li>\n<li>180gr\/M2.<\/li>\n<\/ul>\n<p><strong>Draps Satin R\u00e9glables<\/strong> : En coton peign\u00e9, il allie l\u00e9g\u00e8ret\u00e9 et douceur.<\/p>\n<p>La premi\u00e8re chose \u00e0 retenir est que \u00ab <strong>satin<\/strong> \u00bb ne fait pas r\u00e9f\u00e9rence \u00e0 la fibre ; se r\u00e9f\u00e9rer \u00e0 la trame du tissu.<br \/>\n<strong>Sateen<\/strong>&#8221; est fabriqu\u00e9 \u00e0 partir de coton biologique peign\u00e9 \u00e0 longues fibres (GOTS), n&#8217;est-il pas \u00e9tonnant que le coton puisse \u00eatre si doux et brillant ? Normalement, les fibres de coton utilis\u00e9es sont s\u00e9par\u00e9es, peign\u00e9es ou \u00e9tir\u00e9es pour atteindre ce niveau de &#8220;soyeux&#8221;. &#8221; &#8220;. Seules les meilleures vari\u00e9t\u00e9s de coton fournissent les fibres les plus longues, ce qui permet la cr\u00e9ation de fils tr\u00e8s fins et doux, <strong>mais en m\u00eame temps tr\u00e8s r\u00e9sistants.&#8221;<\/strong><\/p>\n<p><strong>Il est important de laver les v\u00eatements avant de les mettre sur notre lit :<\/strong><\/p>\n<p>Les tissus de literie sont toujours fabriqu\u00e9s avec une taille de tissu plus grande. Ils resteront \u00e0 la bonne taille pour notre lit apr\u00e8s le lavage.<\/p>\n<p><strong>Coton, d&#8217;origine v\u00e9g\u00e9tale et naturelle<\/strong>. Vous avez plusieurs qualit\u00e9s qui font de vous un bon alli\u00e9 de notre repos.<\/p>\n<ul>\n<li>Respirant : permet \u00e0 notre peau de respirer.<\/li>\n<li>Il garantit un taux d&#8217;humidit\u00e9 optimal : il permet le juste \u00e9change d&#8217;humidit\u00e9 avec l&#8217;ext\u00e9rieur.<\/li>\n<li>Ne se charge pas avec de l&#8217;\u00e9lectricit\u00e9 statique : Il ne nous chasse pas pendant que nous dormons.<\/li>\n<li>Hypoallerg\u00e9nique et antibact\u00e9rien : synonyme de prendre soin de notre corps.<br \/>\nToucher doux et agr\u00e9able.<\/li>\n<\/ul>\n<p>Nous collaborons avec des ateliers de confection de la r\u00e9gion.<\/p>\n<h3>Nos draps sont d\u00e9j\u00e0 dans les meilleurs h\u00f4tels.<\/h3>\n<p><strong>Vous \u00eates un h\u00f4tel, une maison rurale&#8230; Demandez-nous un devis sans engagement<\/strong>.<a href=\"mailto:info@laruecavoladora.com\">info@laruecavoladora.com<\/a><\/p>\n<h2>Fabriqu\u00e9 en Espagne.<\/h2>\n<p><img loading=\"lazy\" decoding=\"async\" class=\"alignnone wp-image-1906\" src=\"https:\/\/www.laruecavoladora.com\/wp-content\/uploads\/2018\/01\/sello-2.jpg\" alt=\"\" width=\"135\" height=\"135\" srcset=\"https:\/\/www.laruecavoladora.com\/wp-content\/uploads\/2018\/01\/sello-2.jpg 180w, https:\/\/www.laruecavoladora.com\/wp-content\/uploads\/2018\/01\/sello-2-100x100.jpg 100w\" sizes=\"auto, (max-width: 135px) 100vw, 135px\" \/>\u00a0\u00a0<img loading=\"lazy\" decoding=\"async\" class=\"alignnone wp-image-1908\" src=\"https:\/\/www.laruecavoladora.com\/wp-content\/uploads\/2018\/01\/sello-3.jpg\" alt=\"\" width=\"109\" height=\"121\" \/><\/p>\n","protected":false},"excerpt":{"rendered":"<h2>Draps housses, coton biologique.<\/h2>\n<ul>\n<li>Couleur naturelle.<\/li>\n<li>180gr\/M2.<\/li>\n<\/ul>\n<p><a href=\"https:\/\/www.laruecavoladora.com\/wp-content\/uploads\/2022\/05\/Guia-tallas-saten-frances.pdf\">Consultez notre guide des tailles<\/a><\/p>\n<ul>\n<li><strong>\u00cates-vous un h\u00f4tel ?<\/strong><\/li>\n<li><strong>Une maison rurale.<\/strong><\/li>\n<\/ul>\n<p>demandez nous un devis.<\/p>\n<p><a href=\"mailto:info@laruecavoladora.com\">info@laruecavoladora.com<\/a><\/p>\n<p>Si vous avez des probl\u00e8mes de peau dus \u00e0 la literie. nous avons votre tissu, <a href=\"info@laruecavoladora.com\">demandez-nous<\/a><\/p>\n","protected":false},"featured_media":8388,"comment_status":"open","ping_status":"closed","template":"","meta":{"_glsr_average":0,"_glsr_ranking":0,"_glsr_reviews":0,"_joinchat":[]},"product_brand":[],"product_cat":[222,268,762],"product_tag":[],"class_list":{"0":"post-9974","1":"product","2":"type-product","3":"status-publish","4":"has-post-thumbnail","6":"product_cat-chambre-a-coucher","7":"product_cat-draps-fr","8":"product_cat-draps-housses","10":"first","11":"instock","12":"taxable","13":"shipping-taxable","14":"purchasable","15":"product-type-variable"},"yoast_head":"<!-- This site is optimized with the Yoast SEO plugin v27.4 - https:\/\/yoast.com\/product\/yoast-seo-wordpress\/ -->\n<title>Draps-housses en coton biologique. draps de satin<\/title>\n<meta name=\"description\" content=\"Draps-housses en coton biologique. Draps-housses 150 x 200. Toutes tailles. draps de satin. les meilleurs h\u00f4tels en ont d\u00e9j\u00e0.\" \/>\n<meta name=\"robots\" content=\"index, follow, max-snippet:-1, max-image-preview:large, max-video-preview:-1\" \/>\n<link rel=\"canonical\" href=\"https:\/\/www.laruecavoladora.com\/fr\/producto\/draps-housses-en-coton-bio-copia\/\" \/>\n<meta property=\"og:locale\" content=\"fr_FR\" \/>\n<meta property=\"og:type\" content=\"article\" \/>\n<meta property=\"og:title\" content=\"Draps-housses en coton biologique. draps de satin\" \/>\n<meta property=\"og:description\" content=\"Draps-housses en coton biologique. Draps-housses 150 x 200. Toutes tailles. draps de satin. les meilleurs h\u00f4tels en ont d\u00e9j\u00e0.\" \/>\n<meta property=\"og:url\" content=\"https:\/\/www.laruecavoladora.com\/fr\/producto\/draps-housses-en-coton-bio-copia\/\" \/>\n<meta property=\"og:site_name\" content=\"La Rueca Voladora\" \/>\n<meta property=\"article:modified_time\" content=\"2025-03-03T18:47:17+00:00\" \/>\n<meta property=\"og:image\" content=\"https:\/\/www.laruecavoladora.com\/wp-content\/uploads\/2021\/03\/sabana-bajera-ajustable-saten-algodon-organico.jpg\" \/>\n\t<meta property=\"og:image:width\" content=\"508\" \/>\n\t<meta property=\"og:image:height\" content=\"364\" \/>\n\t<meta property=\"og:image:type\" content=\"image\/jpeg\" \/>\n<meta name=\"twitter:card\" content=\"summary_large_image\" \/>\n<meta name=\"twitter:label1\" content=\"Dur\u00e9e de lecture estim\u00e9e\" \/>\n\t<meta name=\"twitter:data1\" content=\"1 minute\" \/>\n<script type=\"application\/ld+json\" class=\"yoast-schema-graph\">{\"@context\":\"https:\\\/\\\/schema.org\",\"@graph\":[{\"@type\":\"WebPage\",\"@id\":\"https:\\\/\\\/www.laruecavoladora.com\\\/fr\\\/producto\\\/draps-housses-en-coton-bio-copia\\\/\",\"url\":\"https:\\\/\\\/www.laruecavoladora.com\\\/fr\\\/producto\\\/draps-housses-en-coton-bio-copia\\\/\",\"name\":\"Draps-housses en coton biologique. draps de satin\",\"isPartOf\":{\"@id\":\"https:\\\/\\\/www.laruecavoladora.com\\\/fr\\\/#website\"},\"primaryImageOfPage\":{\"@id\":\"https:\\\/\\\/www.laruecavoladora.com\\\/fr\\\/producto\\\/draps-housses-en-coton-bio-copia\\\/#primaryimage\"},\"image\":{\"@id\":\"https:\\\/\\\/www.laruecavoladora.com\\\/fr\\\/producto\\\/draps-housses-en-coton-bio-copia\\\/#primaryimage\"},\"thumbnailUrl\":\"https:\\\/\\\/www.laruecavoladora.com\\\/wp-content\\\/uploads\\\/2021\\\/03\\\/sabana-bajera-ajustable-saten-algodon-organico.jpg\",\"datePublished\":\"2023-05-26T11:33:46+00:00\",\"dateModified\":\"2025-03-03T18:47:17+00:00\",\"description\":\"Draps-housses en coton biologique. Draps-housses 150 x 200. Toutes tailles. draps de satin. les meilleurs h\u00f4tels en ont d\u00e9j\u00e0.\",\"breadcrumb\":{\"@id\":\"https:\\\/\\\/www.laruecavoladora.com\\\/fr\\\/producto\\\/draps-housses-en-coton-bio-copia\\\/#breadcrumb\"},\"inLanguage\":\"fr-FR\",\"potentialAction\":[{\"@type\":\"ReadAction\",\"target\":[\"https:\\\/\\\/www.laruecavoladora.com\\\/fr\\\/producto\\\/draps-housses-en-coton-bio-copia\\\/\"]}]},{\"@type\":\"ImageObject\",\"inLanguage\":\"fr-FR\",\"@id\":\"https:\\\/\\\/www.laruecavoladora.com\\\/fr\\\/producto\\\/draps-housses-en-coton-bio-copia\\\/#primaryimage\",\"url\":\"https:\\\/\\\/www.laruecavoladora.com\\\/wp-content\\\/uploads\\\/2021\\\/03\\\/sabana-bajera-ajustable-saten-algodon-organico.jpg\",\"contentUrl\":\"https:\\\/\\\/www.laruecavoladora.com\\\/wp-content\\\/uploads\\\/2021\\\/03\\\/sabana-bajera-ajustable-saten-algodon-organico.jpg\",\"width\":508,\"height\":364,\"caption\":\"Alt=\u201ddraps-housses-satin-coton-bio\u201d\"},{\"@type\":\"BreadcrumbList\",\"@id\":\"https:\\\/\\\/www.laruecavoladora.com\\\/fr\\\/producto\\\/draps-housses-en-coton-bio-copia\\\/#breadcrumb\",\"itemListElement\":[{\"@type\":\"ListItem\",\"position\":1,\"name\":\"Portada\",\"item\":\"https:\\\/\\\/www.laruecavoladora.com\\\/fr\\\/accueil\\\/\"},{\"@type\":\"ListItem\",\"position\":2,\"name\":\"Boutique\",\"item\":\"https:\\\/\\\/www.laruecavoladora.com\\\/tienda\\\/\"},{\"@type\":\"ListItem\",\"position\":3,\"name\":\"Draps-housses en coton biologique naturel\"}]},{\"@type\":\"WebSite\",\"@id\":\"https:\\\/\\\/www.laruecavoladora.com\\\/fr\\\/#website\",\"url\":\"https:\\\/\\\/www.laruecavoladora.com\\\/fr\\\/\",\"name\":\"La Rueca Voladora\",\"description\":\"Ropa del hogar de fibras Naturales\",\"potentialAction\":[{\"@type\":\"SearchAction\",\"target\":{\"@type\":\"EntryPoint\",\"urlTemplate\":\"https:\\\/\\\/www.laruecavoladora.com\\\/fr\\\/?s={search_term_string}\"},\"query-input\":{\"@type\":\"PropertyValueSpecification\",\"valueRequired\":true,\"valueName\":\"search_term_string\"}}],\"inLanguage\":\"fr-FR\"}]}<\/script>\n<!-- \/ Yoast SEO plugin. -->","yoast_head_json":{"title":"Draps-housses en coton biologique. draps de satin","description":"Draps-housses en coton biologique. Draps-housses 150 x 200. Toutes tailles. draps de satin. les meilleurs h\u00f4tels en ont d\u00e9j\u00e0.","robots":{"index":"index","follow":"follow","max-snippet":"max-snippet:-1","max-image-preview":"max-image-preview:large","max-video-preview":"max-video-preview:-1"},"canonical":"https:\/\/www.laruecavoladora.com\/fr\/producto\/draps-housses-en-coton-bio-copia\/","og_locale":"fr_FR","og_type":"article","og_title":"Draps-housses en coton biologique. draps de satin","og_description":"Draps-housses en coton biologique. Draps-housses 150 x 200. Toutes tailles. draps de satin. les meilleurs h\u00f4tels en ont d\u00e9j\u00e0.","og_url":"https:\/\/www.laruecavoladora.com\/fr\/producto\/draps-housses-en-coton-bio-copia\/","og_site_name":"La Rueca Voladora","article_modified_time":"2025-03-03T18:47:17+00:00","og_image":[{"width":508,"height":364,"url":"https:\/\/www.laruecavoladora.com\/wp-content\/uploads\/2021\/03\/sabana-bajera-ajustable-saten-algodon-organico.jpg","type":"image\/jpeg"}],"twitter_card":"summary_large_image","twitter_misc":{"Dur\u00e9e de lecture estim\u00e9e":"1 minute"},"schema":{"@context":"https:\/\/schema.org","@graph":[{"@type":"WebPage","@id":"https:\/\/www.laruecavoladora.com\/fr\/producto\/draps-housses-en-coton-bio-copia\/","url":"https:\/\/www.laruecavoladora.com\/fr\/producto\/draps-housses-en-coton-bio-copia\/","name":"Draps-housses en coton biologique. draps de satin","isPartOf":{"@id":"https:\/\/www.laruecavoladora.com\/fr\/#website"},"primaryImageOfPage":{"@id":"https:\/\/www.laruecavoladora.com\/fr\/producto\/draps-housses-en-coton-bio-copia\/#primaryimage"},"image":{"@id":"https:\/\/www.laruecavoladora.com\/fr\/producto\/draps-housses-en-coton-bio-copia\/#primaryimage"},"thumbnailUrl":"https:\/\/www.laruecavoladora.com\/wp-content\/uploads\/2021\/03\/sabana-bajera-ajustable-saten-algodon-organico.jpg","datePublished":"2023-05-26T11:33:46+00:00","dateModified":"2025-03-03T18:47:17+00:00","description":"Draps-housses en coton biologique. Draps-housses 150 x 200. Toutes tailles. draps de satin. les meilleurs h\u00f4tels en ont d\u00e9j\u00e0.","breadcrumb":{"@id":"https:\/\/www.laruecavoladora.com\/fr\/producto\/draps-housses-en-coton-bio-copia\/#breadcrumb"},"inLanguage":"fr-FR","potentialAction":[{"@type":"ReadAction","target":["https:\/\/www.laruecavoladora.com\/fr\/producto\/draps-housses-en-coton-bio-copia\/"]}]},{"@type":"ImageObject","inLanguage":"fr-FR","@id":"https:\/\/www.laruecavoladora.com\/fr\/producto\/draps-housses-en-coton-bio-copia\/#primaryimage","url":"https:\/\/www.laruecavoladora.com\/wp-content\/uploads\/2021\/03\/sabana-bajera-ajustable-saten-algodon-organico.jpg","contentUrl":"https:\/\/www.laruecavoladora.com\/wp-content\/uploads\/2021\/03\/sabana-bajera-ajustable-saten-algodon-organico.jpg","width":508,"height":364,"caption":"Alt=\u201ddraps-housses-satin-coton-bio\u201d"},{"@type":"BreadcrumbList","@id":"https:\/\/www.laruecavoladora.com\/fr\/producto\/draps-housses-en-coton-bio-copia\/#breadcrumb","itemListElement":[{"@type":"ListItem","position":1,"name":"Portada","item":"https:\/\/www.laruecavoladora.com\/fr\/accueil\/"},{"@type":"ListItem","position":2,"name":"Boutique","item":"https:\/\/www.laruecavoladora.com\/tienda\/"},{"@type":"ListItem","position":3,"name":"Draps-housses en coton biologique naturel"}]},{"@type":"WebSite","@id":"https:\/\/www.laruecavoladora.com\/fr\/#website","url":"https:\/\/www.laruecavoladora.com\/fr\/","name":"La Rueca Voladora","description":"Ropa del hogar de fibras Naturales","potentialAction":[{"@type":"SearchAction","target":{"@type":"EntryPoint","urlTemplate":"https:\/\/www.laruecavoladora.com\/fr\/?s={search_term_string}"},"query-input":{"@type":"PropertyValueSpecification","valueRequired":true,"valueName":"search_term_string"}}],"inLanguage":"fr-FR"}]}},"wcpa_form_fields":null,"_links":{"self":[{"href":"https:\/\/www.laruecavoladora.com\/fr\/wp-json\/wp\/v2\/product\/9974","targetHints":{"allow":["GET"]}}],"collection":[{"href":"https:\/\/www.laruecavoladora.com\/fr\/wp-json\/wp\/v2\/product"}],"about":[{"href":"https:\/\/www.laruecavoladora.com\/fr\/wp-json\/wp\/v2\/types\/product"}],"replies":[{"embeddable":true,"href":"https:\/\/www.laruecavoladora.com\/fr\/wp-json\/wp\/v2\/comments?post=9974"}],"wp:featuredmedia":[{"embeddable":true,"href":"https:\/\/www.laruecavoladora.com\/fr\/wp-json\/wp\/v2\/media\/8388"}],"wp:attachment":[{"href":"https:\/\/www.laruecavoladora.com\/fr\/wp-json\/wp\/v2\/media?parent=9974"}],"wp:term":[{"taxonomy":"product_brand","embeddable":true,"href":"https:\/\/www.laruecavoladora.com\/fr\/wp-json\/wp\/v2\/product_brand?post=9974"},{"taxonomy":"product_cat","embeddable":true,"href":"https:\/\/www.laruecavoladora.com\/fr\/wp-json\/wp\/v2\/product_cat?post=9974"},{"taxonomy":"product_tag","embeddable":true,"href":"https:\/\/www.laruecavoladora.com\/fr\/wp-json\/wp\/v2\/product_tag?post=9974"}],"curies":[{"name":"wp","href":"https:\/\/api.w.org\/{rel}","templated":true}]}}