{"id":9759,"date":"2023-04-17T11:01:54","date_gmt":"2023-04-17T09:01:54","guid":{"rendered":"https:\/\/www.laruecavoladora.com\/?post_type=product&#038;p=9759"},"modified":"2026-03-20T13:13:43","modified_gmt":"2026-03-20T12:13:43","slug":"housse-de-couette-en-satin-de-coton-biologique","status":"publish","type":"product","link":"https:\/\/www.laruecavoladora.com\/fr\/producto\/housse-de-couette-en-flanelle-et-satin-copia\/","title":{"rendered":"Housse de couette en satin de coton biologique."},"content":{"rendered":"<h1>Housse de couette en coton bio.<\/h1>\n<h2>Housses de couette, fermeture \u00e9clair invisible.<\/h2>\n<p>&nbsp;<\/p>\n<p><strong>Housse de duvet<\/strong> . Tissu tr\u00e8s doux au toucher et l\u00e9ger.<\/p>\n<p><u>Satin<\/u> : tiss\u00e9 en coton peign\u00e9 avec une trame de satin de 170 g\/m2.<\/p>\n<p>Toujours de couleur \u00e9crue.<\/p>\n<p>Allie la l\u00e9g\u00e8ret\u00e9 \u00e0 la douceur.<\/p>\n<h5><strong>Il est important de laver les draps avant de les mettre sur notre lit :<\/strong><\/h5>\n<p>Les tissus des draps n&#8217;ont subi aucun traitement contre le resserrement ou le r\u00e9tr\u00e9cissement et ils peuvent donc nous para\u00eetre plus larges que longs. Ils retrouveront la taille de notre lit apr\u00e8s le lavage.<\/p>\n<p>Le coton, d&#8217;origine v\u00e9g\u00e9tale et naturelle. Plusieurs qualit\u00e9s en font un bon alli\u00e9 de notre sommeil.<\/p>\n<ul>\n<li>Respirant : laisse notre peau respirer. Adieu les bouff\u00e9es de chaleur.<\/li>\n<li>Garantit un niveau d&#8217;humidit\u00e9 optimum : permet l&#8217;\u00e9change id\u00e9al d&#8217;humidit\u00e9 avec l&#8217;ext\u00e9rieur.<\/li>\n<li>Ne produit pas d&#8217;\u00e9lectricit\u00e9 statique : ne se colle pas \u00e0 nous pendant notre sommeil.<\/li>\n<li>Hypoallerg\u00e9nique et antibact\u00e9rien : ce qui signifie qu&#8217;il prend soin de notre corps.<\/li>\n<li>Doux et agr\u00e9able au toucher.<\/li>\n<\/ul>\n<p>Toutes les mati\u00e8res premi\u00e8res poss\u00e8dent le certificat attestant de l&#8217;absence de traitements chimiques, que ce soit avant ou apr\u00e8s la r\u00e9colte (label Ecocert et EKO).<\/p>\n<p>Que les tissus ne contiennent pas de produits chimiques (label \u00d6ko \u2013 Tex).<\/p>\n<ul>\n<li><strong>Fabriqu\u00e9 en Espagne.<\/strong><\/li>\n<\/ul>\n<p><img loading=\"lazy\" decoding=\"async\" class=\"alignnone wp-image-1906\" src=\"https:\/\/www.laruecavoladora.com\/wp-content\/uploads\/2018\/01\/sello-2.jpg\" alt=\"\" width=\"135\" height=\"135\" srcset=\"https:\/\/www.laruecavoladora.com\/wp-content\/uploads\/2018\/01\/sello-2.jpg 180w, https:\/\/www.laruecavoladora.com\/wp-content\/uploads\/2018\/01\/sello-2-100x100.jpg 100w\" sizes=\"auto, (max-width: 135px) 100vw, 135px\" \/>\u00a0<img loading=\"lazy\" decoding=\"async\" class=\"alignnone wp-image-1720\" src=\"https:\/\/www.laruecavoladora.com\/wp-content\/uploads\/2017\/11\/confianca-textile-1.jpg\" alt=\"\" width=\"199\" height=\"138\" \/>\u00a0<img loading=\"lazy\" decoding=\"async\" class=\"alignnone wp-image-1908\" src=\"https:\/\/www.laruecavoladora.com\/wp-content\/uploads\/2018\/01\/sello-3.jpg\" alt=\"\" width=\"109\" height=\"121\" \/><\/p>\n","protected":false},"excerpt":{"rendered":"<h2>Housse de couette en satin avec fermeture \u00e9clair.<\/h2>\n<h5>Agriculture \u00e9cologique, sans transg\u00e9niques ni produits chimiques.<\/h5>\n<p><strong>set content:<\/strong><\/p>\n<ul>\n<li>1- Housse de couette, fermeture zipp\u00e9e.<\/li>\n<li>Couleur :Naturel brut.<\/li>\n<\/ul>\n<p><strong>Compl\u00e9tez votre look :<\/strong><\/p>\n<ul>\n<li>Housse de couette, fermeture zipp\u00e9e.<\/li>\n<li>Drap-housse.<\/li>\n<li>1 taie d&#8217;oreiller 2 bouches ouvertes (pour lits de 90, 105 ou 135\/140 cm) \/ 2 taies d&#8217;oreiller avec fermeture pochette (pour lits de 150\/160, 180 ou 200 cm).<\/li>\n<\/ul>\n<p><a href=\"https:\/\/www.laruecavoladora.com\/wp-content\/uploads\/2023\/05\/guia-tallas-Franela-saten-FRANCES-1.pdf\">Guide des tailles<\/a><\/p>\n<p><strong>Nous r\u00e9alisons des draps sur mesure.<\/strong><\/p>\n<p><strong><a href=\"mailto:info@laruecavoladora.com\">info@laruecavoladora.com<\/a><\/strong><\/p>\n","protected":false},"featured_media":9902,"comment_status":"open","ping_status":"closed","template":"","meta":{"_glsr_average":0,"_glsr_ranking":0,"_glsr_reviews":0,"_joinchat":[]},"product_brand":[],"product_cat":[270],"product_tag":[],"class_list":{"0":"post-9759","1":"product","2":"type-product","3":"status-publish","4":"has-post-thumbnail","6":"product_cat-duvets","8":"first","9":"instock","10":"taxable","11":"shipping-taxable","12":"purchasable","13":"product-type-variable","14":"has-default-attributes"},"yoast_head":"<!-- This site is optimized with the Yoast SEO plugin v27.4 - https:\/\/yoast.com\/product\/yoast-seo-wordpress\/ -->\n<title>Housses de couette en coton bio Housses de couette, hiver et \u00e9t\u00e9.<\/title>\n<meta name=\"description\" content=\"Housses de couette en flanelle et satin Housses de couette en coton biologique Housses de couette pour l&#039;hiver et l&#039;\u00e9t\u00e9.\" \/>\n<meta name=\"robots\" content=\"index, follow, max-snippet:-1, max-image-preview:large, max-video-preview:-1\" \/>\n<link rel=\"canonical\" href=\"https:\/\/www.laruecavoladora.com\/fr\/producto\/housse-de-couette-en-flanelle-et-satin-copia\/\" \/>\n<meta property=\"og:locale\" content=\"fr_FR\" \/>\n<meta property=\"og:type\" content=\"article\" \/>\n<meta property=\"og:title\" content=\"Housses de couette en coton bio Housses de couette, hiver et \u00e9t\u00e9.\" \/>\n<meta property=\"og:description\" content=\"Housses de couette en flanelle et satin Housses de couette en coton biologique Housses de couette pour l&#039;hiver et l&#039;\u00e9t\u00e9.\" \/>\n<meta property=\"og:url\" content=\"https:\/\/www.laruecavoladora.com\/fr\/producto\/housse-de-couette-en-flanelle-et-satin-copia\/\" \/>\n<meta property=\"og:site_name\" content=\"La Rueca Voladora\" \/>\n<meta property=\"article:modified_time\" content=\"2026-03-20T12:13:43+00:00\" \/>\n<meta property=\"og:image\" content=\"https:\/\/www.laruecavoladora.com\/wp-content\/uploads\/2023\/04\/juego-nordico-saten-algodonorganico-laruecavoladora.jpg\" \/>\n\t<meta property=\"og:image:width\" content=\"1400\" \/>\n\t<meta property=\"og:image:height\" content=\"1875\" \/>\n\t<meta property=\"og:image:type\" content=\"image\/jpeg\" \/>\n<meta name=\"twitter:card\" content=\"summary_large_image\" \/>\n<meta name=\"twitter:label1\" content=\"Dur\u00e9e de lecture estim\u00e9e\" \/>\n\t<meta name=\"twitter:data1\" content=\"2 minutes\" \/>\n<script type=\"application\/ld+json\" class=\"yoast-schema-graph\">{\"@context\":\"https:\\\/\\\/schema.org\",\"@graph\":[{\"@type\":\"WebPage\",\"@id\":\"https:\\\/\\\/www.laruecavoladora.com\\\/fr\\\/producto\\\/housse-de-couette-en-flanelle-et-satin-copia\\\/\",\"url\":\"https:\\\/\\\/www.laruecavoladora.com\\\/fr\\\/producto\\\/housse-de-couette-en-flanelle-et-satin-copia\\\/\",\"name\":\"Housses de couette en coton bio Housses de couette, hiver et \u00e9t\u00e9.\",\"isPartOf\":{\"@id\":\"https:\\\/\\\/www.laruecavoladora.com\\\/fr\\\/#website\"},\"primaryImageOfPage\":{\"@id\":\"https:\\\/\\\/www.laruecavoladora.com\\\/fr\\\/producto\\\/housse-de-couette-en-flanelle-et-satin-copia\\\/#primaryimage\"},\"image\":{\"@id\":\"https:\\\/\\\/www.laruecavoladora.com\\\/fr\\\/producto\\\/housse-de-couette-en-flanelle-et-satin-copia\\\/#primaryimage\"},\"thumbnailUrl\":\"https:\\\/\\\/www.laruecavoladora.com\\\/wp-content\\\/uploads\\\/2023\\\/04\\\/juego-nordico-saten-algodonorganico-laruecavoladora.jpg\",\"datePublished\":\"2023-04-17T09:01:54+00:00\",\"dateModified\":\"2026-03-20T12:13:43+00:00\",\"description\":\"Housses de couette en flanelle et satin Housses de couette en coton biologique Housses de couette pour l'hiver et l'\u00e9t\u00e9.\",\"breadcrumb\":{\"@id\":\"https:\\\/\\\/www.laruecavoladora.com\\\/fr\\\/producto\\\/housse-de-couette-en-flanelle-et-satin-copia\\\/#breadcrumb\"},\"inLanguage\":\"fr-FR\",\"potentialAction\":[{\"@type\":\"ReadAction\",\"target\":[\"https:\\\/\\\/www.laruecavoladora.com\\\/fr\\\/producto\\\/housse-de-couette-en-flanelle-et-satin-copia\\\/\"]}]},{\"@type\":\"ImageObject\",\"inLanguage\":\"fr-FR\",\"@id\":\"https:\\\/\\\/www.laruecavoladora.com\\\/fr\\\/producto\\\/housse-de-couette-en-flanelle-et-satin-copia\\\/#primaryimage\",\"url\":\"https:\\\/\\\/www.laruecavoladora.com\\\/wp-content\\\/uploads\\\/2023\\\/04\\\/juego-nordico-saten-algodonorganico-laruecavoladora.jpg\",\"contentUrl\":\"https:\\\/\\\/www.laruecavoladora.com\\\/wp-content\\\/uploads\\\/2023\\\/04\\\/juego-nordico-saten-algodonorganico-laruecavoladora.jpg\",\"width\":1400,\"height\":1875,\"caption\":\"Alt=\u201dLiterie de luxe\u201d.\"},{\"@type\":\"BreadcrumbList\",\"@id\":\"https:\\\/\\\/www.laruecavoladora.com\\\/fr\\\/producto\\\/housse-de-couette-en-flanelle-et-satin-copia\\\/#breadcrumb\",\"itemListElement\":[{\"@type\":\"ListItem\",\"position\":1,\"name\":\"Portada\",\"item\":\"https:\\\/\\\/www.laruecavoladora.com\\\/fr\\\/accueil\\\/\"},{\"@type\":\"ListItem\",\"position\":2,\"name\":\"Boutique\",\"item\":\"https:\\\/\\\/www.laruecavoladora.com\\\/tienda\\\/\"},{\"@type\":\"ListItem\",\"position\":3,\"name\":\"Housse de couette en satin de coton biologique.\"}]},{\"@type\":\"WebSite\",\"@id\":\"https:\\\/\\\/www.laruecavoladora.com\\\/fr\\\/#website\",\"url\":\"https:\\\/\\\/www.laruecavoladora.com\\\/fr\\\/\",\"name\":\"La Rueca Voladora\",\"description\":\"Ropa del hogar de fibras Naturales\",\"potentialAction\":[{\"@type\":\"SearchAction\",\"target\":{\"@type\":\"EntryPoint\",\"urlTemplate\":\"https:\\\/\\\/www.laruecavoladora.com\\\/fr\\\/?s={search_term_string}\"},\"query-input\":{\"@type\":\"PropertyValueSpecification\",\"valueRequired\":true,\"valueName\":\"search_term_string\"}}],\"inLanguage\":\"fr-FR\"}]}<\/script>\n<!-- \/ Yoast SEO plugin. -->","yoast_head_json":{"title":"Housses de couette en coton bio Housses de couette, hiver et \u00e9t\u00e9.","description":"Housses de couette en flanelle et satin Housses de couette en coton biologique Housses de couette pour l'hiver et l'\u00e9t\u00e9.","robots":{"index":"index","follow":"follow","max-snippet":"max-snippet:-1","max-image-preview":"max-image-preview:large","max-video-preview":"max-video-preview:-1"},"canonical":"https:\/\/www.laruecavoladora.com\/fr\/producto\/housse-de-couette-en-flanelle-et-satin-copia\/","og_locale":"fr_FR","og_type":"article","og_title":"Housses de couette en coton bio Housses de couette, hiver et \u00e9t\u00e9.","og_description":"Housses de couette en flanelle et satin Housses de couette en coton biologique Housses de couette pour l'hiver et l'\u00e9t\u00e9.","og_url":"https:\/\/www.laruecavoladora.com\/fr\/producto\/housse-de-couette-en-flanelle-et-satin-copia\/","og_site_name":"La Rueca Voladora","article_modified_time":"2026-03-20T12:13:43+00:00","og_image":[{"width":1400,"height":1875,"url":"https:\/\/www.laruecavoladora.com\/wp-content\/uploads\/2023\/04\/juego-nordico-saten-algodonorganico-laruecavoladora.jpg","type":"image\/jpeg"}],"twitter_card":"summary_large_image","twitter_misc":{"Dur\u00e9e de lecture estim\u00e9e":"2 minutes"},"schema":{"@context":"https:\/\/schema.org","@graph":[{"@type":"WebPage","@id":"https:\/\/www.laruecavoladora.com\/fr\/producto\/housse-de-couette-en-flanelle-et-satin-copia\/","url":"https:\/\/www.laruecavoladora.com\/fr\/producto\/housse-de-couette-en-flanelle-et-satin-copia\/","name":"Housses de couette en coton bio Housses de couette, hiver et \u00e9t\u00e9.","isPartOf":{"@id":"https:\/\/www.laruecavoladora.com\/fr\/#website"},"primaryImageOfPage":{"@id":"https:\/\/www.laruecavoladora.com\/fr\/producto\/housse-de-couette-en-flanelle-et-satin-copia\/#primaryimage"},"image":{"@id":"https:\/\/www.laruecavoladora.com\/fr\/producto\/housse-de-couette-en-flanelle-et-satin-copia\/#primaryimage"},"thumbnailUrl":"https:\/\/www.laruecavoladora.com\/wp-content\/uploads\/2023\/04\/juego-nordico-saten-algodonorganico-laruecavoladora.jpg","datePublished":"2023-04-17T09:01:54+00:00","dateModified":"2026-03-20T12:13:43+00:00","description":"Housses de couette en flanelle et satin Housses de couette en coton biologique Housses de couette pour l'hiver et l'\u00e9t\u00e9.","breadcrumb":{"@id":"https:\/\/www.laruecavoladora.com\/fr\/producto\/housse-de-couette-en-flanelle-et-satin-copia\/#breadcrumb"},"inLanguage":"fr-FR","potentialAction":[{"@type":"ReadAction","target":["https:\/\/www.laruecavoladora.com\/fr\/producto\/housse-de-couette-en-flanelle-et-satin-copia\/"]}]},{"@type":"ImageObject","inLanguage":"fr-FR","@id":"https:\/\/www.laruecavoladora.com\/fr\/producto\/housse-de-couette-en-flanelle-et-satin-copia\/#primaryimage","url":"https:\/\/www.laruecavoladora.com\/wp-content\/uploads\/2023\/04\/juego-nordico-saten-algodonorganico-laruecavoladora.jpg","contentUrl":"https:\/\/www.laruecavoladora.com\/wp-content\/uploads\/2023\/04\/juego-nordico-saten-algodonorganico-laruecavoladora.jpg","width":1400,"height":1875,"caption":"Alt=\u201dLiterie de luxe\u201d."},{"@type":"BreadcrumbList","@id":"https:\/\/www.laruecavoladora.com\/fr\/producto\/housse-de-couette-en-flanelle-et-satin-copia\/#breadcrumb","itemListElement":[{"@type":"ListItem","position":1,"name":"Portada","item":"https:\/\/www.laruecavoladora.com\/fr\/accueil\/"},{"@type":"ListItem","position":2,"name":"Boutique","item":"https:\/\/www.laruecavoladora.com\/tienda\/"},{"@type":"ListItem","position":3,"name":"Housse de couette en satin de coton biologique."}]},{"@type":"WebSite","@id":"https:\/\/www.laruecavoladora.com\/fr\/#website","url":"https:\/\/www.laruecavoladora.com\/fr\/","name":"La Rueca Voladora","description":"Ropa del hogar de fibras Naturales","potentialAction":[{"@type":"SearchAction","target":{"@type":"EntryPoint","urlTemplate":"https:\/\/www.laruecavoladora.com\/fr\/?s={search_term_string}"},"query-input":{"@type":"PropertyValueSpecification","valueRequired":true,"valueName":"search_term_string"}}],"inLanguage":"fr-FR"}]}},"wcpa_form_fields":null,"_links":{"self":[{"href":"https:\/\/www.laruecavoladora.com\/fr\/wp-json\/wp\/v2\/product\/9759","targetHints":{"allow":["GET"]}}],"collection":[{"href":"https:\/\/www.laruecavoladora.com\/fr\/wp-json\/wp\/v2\/product"}],"about":[{"href":"https:\/\/www.laruecavoladora.com\/fr\/wp-json\/wp\/v2\/types\/product"}],"replies":[{"embeddable":true,"href":"https:\/\/www.laruecavoladora.com\/fr\/wp-json\/wp\/v2\/comments?post=9759"}],"wp:featuredmedia":[{"embeddable":true,"href":"https:\/\/www.laruecavoladora.com\/fr\/wp-json\/wp\/v2\/media\/9902"}],"wp:attachment":[{"href":"https:\/\/www.laruecavoladora.com\/fr\/wp-json\/wp\/v2\/media?parent=9759"}],"wp:term":[{"taxonomy":"product_brand","embeddable":true,"href":"https:\/\/www.laruecavoladora.com\/fr\/wp-json\/wp\/v2\/product_brand?post=9759"},{"taxonomy":"product_cat","embeddable":true,"href":"https:\/\/www.laruecavoladora.com\/fr\/wp-json\/wp\/v2\/product_cat?post=9759"},{"taxonomy":"product_tag","embeddable":true,"href":"https:\/\/www.laruecavoladora.com\/fr\/wp-json\/wp\/v2\/product_tag?post=9759"}],"curies":[{"name":"wp","href":"https:\/\/api.w.org\/{rel}","templated":true}]}}