{"id":9351,"date":"2022-05-03T13:20:30","date_gmt":"2022-05-03T11:20:30","guid":{"rendered":"https:\/\/www.laruecavoladora.com\/producto\/taies-doreiller-en-satin\/"},"modified":"2025-12-08T13:51:00","modified_gmt":"2025-12-08T12:51:00","slug":"taies-doreiller-en-coton-biologique-satin","status":"publish","type":"product","link":"https:\/\/www.laruecavoladora.com\/fr\/producto\/taies-doreiller-en-satin\/","title":{"rendered":"Taies D&#8217;oreiller en Coton Biologique Blanc"},"content":{"rendered":"<div class=\"wpb-content-wrapper\"><p>[vc_row][vc_column][vc_column_text css=&#8221;&#8221;]<\/p>\n<h1>Taies d&#8217;oreiller en coton biologique.<\/h1>\n<p><strong>Taies d&#8217;oreiller en satin<\/strong><\/p>\n<ul>\n<li><strong>Tissu certifi\u00e9 (GOTS).<\/strong><\/li>\n<li><strong>couleur blanche.<\/strong><\/li>\n<li><strong>300 fils<\/strong>.<\/li>\n<\/ul>\n<p><strong>Taies d&#8217;oreiller \u00e0 une ou deux bouches<\/strong> selon la taille du lit.<\/p>\n<p><strong>Les bouches de la taie d&#8217;oreiller<\/strong> ont une languette int\u00e9rieure et un rabat tout autour de la housse.<\/p>\n<p><strong>Les taies d&#8217;oreiller seront plus \u00e9l\u00e9gantes<\/strong> sur notre lit et emp\u00eacheront en m\u00eame temps l&#8217;oreiller de sortir ou d&#8217;\u00eatre vu.<br \/>\nPeu importe de quel c\u00f4t\u00e9 on le place.<\/p>\n<p>Nous vous apportons une petite vid\u00e9o afin que vous puissiez mieux le voir.<\/p>\n<p><iframe loading=\"lazy\" title=\"Funda doble leng\u00fceta mp4\" width=\"1170\" height=\"658\" src=\"https:\/\/www.youtube.com\/embed\/r_s-6TheXzY?feature=oembed\" frameborder=\"0\" allow=\"accelerometer; autoplay; clipboard-write; encrypted-media; gyroscope; picture-in-picture; web-share\" allowfullscreen><\/iframe><\/p>\n<p><strong>Il est important de laver les v\u00eatements avant de les mettre sur notre lit :<\/strong><\/p>\n<p>Les tissus de literie sont toujours fabriqu\u00e9s avec une taille de tissu plus grande. Ils resteront \u00e0 la bonne taille pour notre lit apr\u00e8s le lavage.<\/p>\n<p>&nbsp;<\/p>\n<h3>Nos draps sont d\u00e9j\u00e0 dans les meilleurs h\u00f4tels.<\/h3>\n<p><strong>Vous \u00eates un h\u00f4tel, une maison rurale&#8230; Demandez-nous un devis sans engagement<\/strong>.<a href=\"mailto:info@laruecavoladora.com\">info@laruecavoladora.com<\/a><\/p>\n<p>&nbsp;<\/p>\n<h3>Fabriqu\u00e9 en Espagne.<\/h3>\n<p><a href=\"https:\/\/www.laruecavoladora.com\/wp-content\/uploads\/2018\/02\/link-para-la-web.pdf\" target=\"_blank\" rel=\"noopener noreferrer\"><img loading=\"lazy\" decoding=\"async\" class=\"alignnone wp-image-1906\" src=\"https:\/\/www.laruecavoladora.com\/wp-content\/uploads\/2018\/01\/sello-2.jpg\" alt=\"\" width=\"135\" height=\"135\" srcset=\"https:\/\/www.laruecavoladora.com\/wp-content\/uploads\/2018\/01\/sello-2.jpg 180w, https:\/\/www.laruecavoladora.com\/wp-content\/uploads\/2018\/01\/sello-2-100x100.jpg 100w\" sizes=\"auto, (max-width: 135px) 100vw, 135px\" \/><\/a>\u00a0\u00a0\u00a0<a href=\"https:\/\/www.laruecavoladora.com\/wp-content\/uploads\/2018\/02\/link-para-la-web.pdf\" target=\"_blank\" rel=\"noopener noreferrer\"><img loading=\"lazy\" decoding=\"async\" class=\"alignnone wp-image-1908\" src=\"https:\/\/www.laruecavoladora.com\/wp-content\/uploads\/2018\/01\/sello-3.jpg\" alt=\"\" width=\"109\" height=\"121\" \/><\/a>[\/vc_column_text][\/vc_column][\/vc_row]<\/p>\n<\/div>","protected":false},"excerpt":{"rendered":"<h2>Taies d&#8217;oreiller en satin blanc.<\/h2>\n<p><strong>Taies d&#8217;oreiller en coton biologique.<\/strong><\/p>\n<ul>\n<li>300 fils.<\/li>\n<li>Couleur blanche.<\/li>\n<\/ul>\n<p><strong>L&#8217;ensemble comprend<\/strong> :<\/p>\n<p>L&#8217;ensemble contient 1 ou 2 taies d&#8217;oreiller (selon la taille du lit) :<\/p>\n<p>\u2022 1 taie d&#8217;oreiller \u00e0 2 cols (pour lits de 90 ou 105 cm) \/ 2 taies d&#8217;oreiller avec fermeture poche (pour lits de 135\/140 &#8211; 150\/160 &#8211; 180\/200 cm).<\/p>\n<ul>\n<li>Lit 90 cm &#8211; Taie d&#8217;oreiller 50&#215;110 cm (2 ouvertures).<\/li>\n<li>Lit 105 cm &#8211; Taie d&#8217;oreiller 50&#215;120 cm (2 ouvertures).<\/li>\n<li>Lit 135\/140 cm &#8211; Taies d&#8217;oreiller 50&#215;85 cm (1 ouverture).<\/li>\n<li>Lit 150\/160 cm &#8211; Taies d&#8217;oreiller 50&#215;90 cm (1ouverture).<\/li>\n<li>Lit 200 cm &#8211; Taies d&#8217;oreiller 50&#215;110 cm (1 ouverture).<\/li>\n<\/ul>\n<p><a href=\"https:\/\/www.laruecavoladora.com\/wp-content\/uploads\/2021\/11\/Guia-tallas-franelahttps:\/\/www.laruecavoladora.com\/wp-content\/uploads\/2022\/05\/Guia-tallas-saten-frances.pdf-y-saten.pdf\">Consultez notre guide des tailles<\/a><\/p>\n<p>Si vous avez des probl\u00e8mes de peau dus \u00e0 la literie. nous avons votre tissu, <a href=\"mailto:info@laruecavoladora.com\">demandez-nous<\/a><\/p>\n","protected":false},"featured_media":9285,"comment_status":"open","ping_status":"closed","template":"","meta":{"_glsr_average":0,"_glsr_ranking":0,"_glsr_reviews":0,"_joinchat":{"telephone":"+343676727604","message_text":"Como puedo ayudarte&#x1f60a;"}},"product_brand":[],"product_cat":[268,258],"product_tag":[],"class_list":{"0":"post-9351","1":"product","2":"type-product","3":"status-publish","4":"has-post-thumbnail","6":"product_cat-draps-fr","7":"product_cat-taies-doreiller-fr","9":"first","10":"instock","11":"taxable","12":"shipping-taxable","13":"purchasable","14":"product-type-variable"},"yoast_head":"<!-- This site is optimized with the Yoast SEO plugin v27.4 - https:\/\/yoast.com\/product\/yoast-seo-wordpress\/ -->\n<title>Taies d&#039;oreiller en satin Taies d&#039;oreiller en coton biologique.<\/title>\n<meta name=\"description\" content=\"Taies d&#039;oreiller en coton biologique blanc. Douces, respirantes et hypoallerg\u00e9niques. | 300 fils. Durables et \u00e9cologiques.\" \/>\n<meta name=\"robots\" content=\"index, follow, max-snippet:-1, max-image-preview:large, max-video-preview:-1\" \/>\n<link rel=\"canonical\" href=\"https:\/\/www.laruecavoladora.com\/fr\/producto\/taies-doreiller-en-satin\/\" \/>\n<meta property=\"og:locale\" content=\"fr_FR\" \/>\n<meta property=\"og:type\" content=\"article\" \/>\n<meta property=\"og:title\" content=\"Taies d&#039;oreiller en satin Taies d&#039;oreiller en coton biologique.\" \/>\n<meta property=\"og:description\" content=\"Taies d&#039;oreiller en coton biologique blanc. Douces, respirantes et hypoallerg\u00e9niques. | 300 fils. Durables et \u00e9cologiques.\" \/>\n<meta property=\"og:url\" content=\"https:\/\/www.laruecavoladora.com\/fr\/producto\/taies-doreiller-en-satin\/\" \/>\n<meta property=\"og:site_name\" content=\"La Rueca Voladora\" \/>\n<meta property=\"article:modified_time\" content=\"2025-12-08T12:51:00+00:00\" \/>\n<meta property=\"og:image\" content=\"https:\/\/www.laruecavoladora.com\/wp-content\/uploads\/2022\/05\/fundas-almohada-saten-algodon-organico-blancas-laruecavoladora.jpg\" \/>\n\t<meta property=\"og:image:width\" content=\"2048\" \/>\n\t<meta property=\"og:image:height\" content=\"1463\" \/>\n\t<meta property=\"og:image:type\" content=\"image\/jpeg\" \/>\n<meta name=\"twitter:card\" content=\"summary_large_image\" \/>\n<meta name=\"twitter:label1\" content=\"Dur\u00e9e de lecture estim\u00e9e\" \/>\n\t<meta name=\"twitter:data1\" content=\"2 minutes\" \/>\n<script type=\"application\/ld+json\" class=\"yoast-schema-graph\">{\"@context\":\"https:\\\/\\\/schema.org\",\"@graph\":[{\"@type\":\"WebPage\",\"@id\":\"https:\\\/\\\/www.laruecavoladora.com\\\/fr\\\/producto\\\/taies-doreiller-en-satin\\\/\",\"url\":\"https:\\\/\\\/www.laruecavoladora.com\\\/fr\\\/producto\\\/taies-doreiller-en-satin\\\/\",\"name\":\"Taies d'oreiller en satin Taies d'oreiller en coton biologique.\",\"isPartOf\":{\"@id\":\"https:\\\/\\\/www.laruecavoladora.com\\\/fr\\\/#website\"},\"primaryImageOfPage\":{\"@id\":\"https:\\\/\\\/www.laruecavoladora.com\\\/fr\\\/producto\\\/taies-doreiller-en-satin\\\/#primaryimage\"},\"image\":{\"@id\":\"https:\\\/\\\/www.laruecavoladora.com\\\/fr\\\/producto\\\/taies-doreiller-en-satin\\\/#primaryimage\"},\"thumbnailUrl\":\"https:\\\/\\\/www.laruecavoladora.com\\\/wp-content\\\/uploads\\\/2022\\\/05\\\/fundas-almohada-saten-algodon-organico-blancas-laruecavoladora.jpg\",\"datePublished\":\"2022-05-03T11:20:30+00:00\",\"dateModified\":\"2025-12-08T12:51:00+00:00\",\"description\":\"Taies d'oreiller en coton biologique blanc. Douces, respirantes et hypoallerg\u00e9niques. | 300 fils. Durables et \u00e9cologiques.\",\"breadcrumb\":{\"@id\":\"https:\\\/\\\/www.laruecavoladora.com\\\/fr\\\/producto\\\/taies-doreiller-en-satin\\\/#breadcrumb\"},\"inLanguage\":\"fr-FR\",\"potentialAction\":[{\"@type\":\"ReadAction\",\"target\":[\"https:\\\/\\\/www.laruecavoladora.com\\\/fr\\\/producto\\\/taies-doreiller-en-satin\\\/\"]}]},{\"@type\":\"ImageObject\",\"inLanguage\":\"fr-FR\",\"@id\":\"https:\\\/\\\/www.laruecavoladora.com\\\/fr\\\/producto\\\/taies-doreiller-en-satin\\\/#primaryimage\",\"url\":\"https:\\\/\\\/www.laruecavoladora.com\\\/wp-content\\\/uploads\\\/2022\\\/05\\\/fundas-almohada-saten-algodon-organico-blancas-laruecavoladora.jpg\",\"contentUrl\":\"https:\\\/\\\/www.laruecavoladora.com\\\/wp-content\\\/uploads\\\/2022\\\/05\\\/fundas-almohada-saten-algodon-organico-blancas-laruecavoladora.jpg\",\"width\":2048,\"height\":1463,\"caption\":\"Alt=\u201dTaies d'oreiller en coton bio\u201d.\"},{\"@type\":\"BreadcrumbList\",\"@id\":\"https:\\\/\\\/www.laruecavoladora.com\\\/fr\\\/producto\\\/taies-doreiller-en-satin\\\/#breadcrumb\",\"itemListElement\":[{\"@type\":\"ListItem\",\"position\":1,\"name\":\"Portada\",\"item\":\"https:\\\/\\\/www.laruecavoladora.com\\\/fr\\\/accueil\\\/\"},{\"@type\":\"ListItem\",\"position\":2,\"name\":\"Boutique\",\"item\":\"https:\\\/\\\/www.laruecavoladora.com\\\/tienda\\\/\"},{\"@type\":\"ListItem\",\"position\":3,\"name\":\"Taies D&#8217;oreiller en Coton Biologique Blanc\"}]},{\"@type\":\"WebSite\",\"@id\":\"https:\\\/\\\/www.laruecavoladora.com\\\/fr\\\/#website\",\"url\":\"https:\\\/\\\/www.laruecavoladora.com\\\/fr\\\/\",\"name\":\"La Rueca Voladora\",\"description\":\"Ropa del hogar de fibras Naturales\",\"potentialAction\":[{\"@type\":\"SearchAction\",\"target\":{\"@type\":\"EntryPoint\",\"urlTemplate\":\"https:\\\/\\\/www.laruecavoladora.com\\\/fr\\\/?s={search_term_string}\"},\"query-input\":{\"@type\":\"PropertyValueSpecification\",\"valueRequired\":true,\"valueName\":\"search_term_string\"}}],\"inLanguage\":\"fr-FR\"}]}<\/script>\n<!-- \/ Yoast SEO plugin. -->","yoast_head_json":{"title":"Taies d'oreiller en satin Taies d'oreiller en coton biologique.","description":"Taies d'oreiller en coton biologique blanc. Douces, respirantes et hypoallerg\u00e9niques. | 300 fils. Durables et \u00e9cologiques.","robots":{"index":"index","follow":"follow","max-snippet":"max-snippet:-1","max-image-preview":"max-image-preview:large","max-video-preview":"max-video-preview:-1"},"canonical":"https:\/\/www.laruecavoladora.com\/fr\/producto\/taies-doreiller-en-satin\/","og_locale":"fr_FR","og_type":"article","og_title":"Taies d'oreiller en satin Taies d'oreiller en coton biologique.","og_description":"Taies d'oreiller en coton biologique blanc. Douces, respirantes et hypoallerg\u00e9niques. | 300 fils. Durables et \u00e9cologiques.","og_url":"https:\/\/www.laruecavoladora.com\/fr\/producto\/taies-doreiller-en-satin\/","og_site_name":"La Rueca Voladora","article_modified_time":"2025-12-08T12:51:00+00:00","og_image":[{"width":2048,"height":1463,"url":"https:\/\/www.laruecavoladora.com\/wp-content\/uploads\/2022\/05\/fundas-almohada-saten-algodon-organico-blancas-laruecavoladora.jpg","type":"image\/jpeg"}],"twitter_card":"summary_large_image","twitter_misc":{"Dur\u00e9e de lecture estim\u00e9e":"2 minutes"},"schema":{"@context":"https:\/\/schema.org","@graph":[{"@type":"WebPage","@id":"https:\/\/www.laruecavoladora.com\/fr\/producto\/taies-doreiller-en-satin\/","url":"https:\/\/www.laruecavoladora.com\/fr\/producto\/taies-doreiller-en-satin\/","name":"Taies d'oreiller en satin Taies d'oreiller en coton biologique.","isPartOf":{"@id":"https:\/\/www.laruecavoladora.com\/fr\/#website"},"primaryImageOfPage":{"@id":"https:\/\/www.laruecavoladora.com\/fr\/producto\/taies-doreiller-en-satin\/#primaryimage"},"image":{"@id":"https:\/\/www.laruecavoladora.com\/fr\/producto\/taies-doreiller-en-satin\/#primaryimage"},"thumbnailUrl":"https:\/\/www.laruecavoladora.com\/wp-content\/uploads\/2022\/05\/fundas-almohada-saten-algodon-organico-blancas-laruecavoladora.jpg","datePublished":"2022-05-03T11:20:30+00:00","dateModified":"2025-12-08T12:51:00+00:00","description":"Taies d'oreiller en coton biologique blanc. Douces, respirantes et hypoallerg\u00e9niques. | 300 fils. Durables et \u00e9cologiques.","breadcrumb":{"@id":"https:\/\/www.laruecavoladora.com\/fr\/producto\/taies-doreiller-en-satin\/#breadcrumb"},"inLanguage":"fr-FR","potentialAction":[{"@type":"ReadAction","target":["https:\/\/www.laruecavoladora.com\/fr\/producto\/taies-doreiller-en-satin\/"]}]},{"@type":"ImageObject","inLanguage":"fr-FR","@id":"https:\/\/www.laruecavoladora.com\/fr\/producto\/taies-doreiller-en-satin\/#primaryimage","url":"https:\/\/www.laruecavoladora.com\/wp-content\/uploads\/2022\/05\/fundas-almohada-saten-algodon-organico-blancas-laruecavoladora.jpg","contentUrl":"https:\/\/www.laruecavoladora.com\/wp-content\/uploads\/2022\/05\/fundas-almohada-saten-algodon-organico-blancas-laruecavoladora.jpg","width":2048,"height":1463,"caption":"Alt=\u201dTaies d'oreiller en coton bio\u201d."},{"@type":"BreadcrumbList","@id":"https:\/\/www.laruecavoladora.com\/fr\/producto\/taies-doreiller-en-satin\/#breadcrumb","itemListElement":[{"@type":"ListItem","position":1,"name":"Portada","item":"https:\/\/www.laruecavoladora.com\/fr\/accueil\/"},{"@type":"ListItem","position":2,"name":"Boutique","item":"https:\/\/www.laruecavoladora.com\/tienda\/"},{"@type":"ListItem","position":3,"name":"Taies D&#8217;oreiller en Coton Biologique Blanc"}]},{"@type":"WebSite","@id":"https:\/\/www.laruecavoladora.com\/fr\/#website","url":"https:\/\/www.laruecavoladora.com\/fr\/","name":"La Rueca Voladora","description":"Ropa del hogar de fibras Naturales","potentialAction":[{"@type":"SearchAction","target":{"@type":"EntryPoint","urlTemplate":"https:\/\/www.laruecavoladora.com\/fr\/?s={search_term_string}"},"query-input":{"@type":"PropertyValueSpecification","valueRequired":true,"valueName":"search_term_string"}}],"inLanguage":"fr-FR"}]}},"wcpa_form_fields":null,"_links":{"self":[{"href":"https:\/\/www.laruecavoladora.com\/fr\/wp-json\/wp\/v2\/product\/9351","targetHints":{"allow":["GET"]}}],"collection":[{"href":"https:\/\/www.laruecavoladora.com\/fr\/wp-json\/wp\/v2\/product"}],"about":[{"href":"https:\/\/www.laruecavoladora.com\/fr\/wp-json\/wp\/v2\/types\/product"}],"replies":[{"embeddable":true,"href":"https:\/\/www.laruecavoladora.com\/fr\/wp-json\/wp\/v2\/comments?post=9351"}],"wp:featuredmedia":[{"embeddable":true,"href":"https:\/\/www.laruecavoladora.com\/fr\/wp-json\/wp\/v2\/media\/9285"}],"wp:attachment":[{"href":"https:\/\/www.laruecavoladora.com\/fr\/wp-json\/wp\/v2\/media?parent=9351"}],"wp:term":[{"taxonomy":"product_brand","embeddable":true,"href":"https:\/\/www.laruecavoladora.com\/fr\/wp-json\/wp\/v2\/product_brand?post=9351"},{"taxonomy":"product_cat","embeddable":true,"href":"https:\/\/www.laruecavoladora.com\/fr\/wp-json\/wp\/v2\/product_cat?post=9351"},{"taxonomy":"product_tag","embeddable":true,"href":"https:\/\/www.laruecavoladora.com\/fr\/wp-json\/wp\/v2\/product_tag?post=9351"}],"curies":[{"name":"wp","href":"https:\/\/api.w.org\/{rel}","templated":true}]}}