{"id":9336,"date":"2022-05-02T20:17:10","date_gmt":"2022-05-02T18:17:10","guid":{"rendered":"https:\/\/www.laruecavoladora.com\/producto\/draps-superieurs-en-satin\/"},"modified":"2026-03-22T15:58:41","modified_gmt":"2026-03-22T14:58:41","slug":"draps-de-dessus-en-coton-bio-satin","status":"publish","type":"product","link":"https:\/\/www.laruecavoladora.com\/fr\/producto\/draps-superieurs-en-satin\/","title":{"rendered":"Drap plat blanc en coton biologique"},"content":{"rendered":"<div class=\"wpb-content-wrapper\"><p>[vc_row][vc_column][vc_column_text css=&#8221;&#8221;]<\/p>\n<h1>Draps de dessus en coton biologique.<\/h1>\n<h2>Feuilles sup\u00e9rieures en satin.<\/h2>\n<ul>\n<li>Tissu certifi\u00e9 (GOTS).<\/li>\n<li>couleur blanche.<\/li>\n<li>300 fils.<\/li>\n<\/ul>\n<p><strong>Drap-housse en satin<\/strong> : fabriqu\u00e9 en coton peign\u00e9.<br \/>\nAlliez l\u00e9g\u00e8ret\u00e9 et douceur.<\/p>\n<ul>\n<li>La premi\u00e8re chose \u00e0 retenir est que \u00ab <strong>satin<\/strong> \u00bb ne fait pas r\u00e9f\u00e9rence \u00e0 la fibre ; se r\u00e9f\u00e9rer \u00e0 la trame du tissu.<\/li>\n<\/ul>\n<p><strong>Sateen<\/strong>&#8221; est fabriqu\u00e9 \u00e0 partir de coton biologique peign\u00e9 \u00e0 longues fibres (GOTS), n&#8217;est-il pas \u00e9tonnant que le coton puisse \u00eatre si doux et brillant ? Normalement, les fibres de coton utilis\u00e9es sont s\u00e9par\u00e9es, peign\u00e9es ou \u00e9tir\u00e9es pour atteindre ce niveau de &#8220;soyeux&#8221;. &#8221; &#8220;. Seules les meilleures vari\u00e9t\u00e9s de coton fournissent les fibres les plus longues, ce qui permet la cr\u00e9ation de fils tr\u00e8s fins et doux,<strong> mais en m\u00eame temps tr\u00e8s r\u00e9sistants<\/strong>.&#8221;<\/p>\n<p><strong>Il est important de laver les v\u00eatements avant de les mettre sur notre lit :<\/strong><\/p>\n<p>Les tissus de literie sont toujours fabriqu\u00e9s avec une taille de tissu plus grande. Ils resteront \u00e0 la bonne taille pour notre lit apr\u00e8s le lavage.<\/p>\n<p><strong>Coton, d&#8217;origine v\u00e9g\u00e9tale et naturelle<\/strong>. Vous avez plusieurs qualit\u00e9s qui font de vous un bon alli\u00e9 de notre repos.<\/p>\n<ul>\n<li>Respirant : permet \u00e0 notre peau de respirer.<\/li>\n<li>Il garantit un taux d&#8217;humidit\u00e9 optimal : il permet le juste \u00e9change d&#8217;humidit\u00e9 avec l&#8217;ext\u00e9rieur.<\/li>\n<li>Ne se charge pas avec de l&#8217;\u00e9lectricit\u00e9 statique : Il ne nous chasse pas pendant que nous dormons.<\/li>\n<li>Hypoallerg\u00e9nique et antibact\u00e9rien : synonyme de prendre soin de notre corps.<\/li>\n<li>Toucher doux et agr\u00e9able.<\/li>\n<\/ul>\n<p>&nbsp;<\/p>\n<p>Nous collaborons avec des ateliers de confection de la r\u00e9gion.<\/p>\n<h3>Nos draps sont d\u00e9j\u00e0 dans les meilleurs h\u00f4tels.<\/h3>\n<p>Vous \u00eates un h\u00f4tel, une maison rurale&#8230; Demandez-nous un devis sans engagement.<a href=\"mailto:info@laruecavoladora.com\">info@laruecavoladora.com<\/a><\/p>\n<p>&nbsp;<\/p>\n<h4>Drap de dessus en coton biologique italien de qualit\u00e9, fabriqu\u00e9 en Espagne.<\/h4>\n<h3><\/h3>\n<p><a href=\"https:\/\/www.laruecavoladora.com\/wp-content\/uploads\/2018\/02\/link-para-la-web.pdf\" target=\"_blank\" rel=\"noopener noreferrer\"><img loading=\"lazy\" decoding=\"async\" class=\"alignnone wp-image-1906\" src=\"https:\/\/www.laruecavoladora.com\/wp-content\/uploads\/2018\/01\/sello-2.jpg\" alt=\"\" width=\"135\" height=\"135\" srcset=\"https:\/\/www.laruecavoladora.com\/wp-content\/uploads\/2018\/01\/sello-2.jpg 180w, https:\/\/www.laruecavoladora.com\/wp-content\/uploads\/2018\/01\/sello-2-100x100.jpg 100w\" sizes=\"auto, (max-width: 135px) 100vw, 135px\" \/><\/a>\u00a0\u00a0\u00a0<a href=\"https:\/\/www.laruecavoladora.com\/wp-content\/uploads\/2018\/02\/link-para-la-web.pdf\" target=\"_blank\" rel=\"noopener noreferrer\"><img loading=\"lazy\" decoding=\"async\" class=\"alignnone wp-image-1908\" src=\"https:\/\/www.laruecavoladora.com\/wp-content\/uploads\/2018\/01\/sello-3.jpg\" alt=\"\" width=\"109\" height=\"121\" \/><\/a>[\/vc_column_text][\/vc_column][\/vc_row]<\/p>\n<\/div>","protected":false},"excerpt":{"rendered":"<h2>Draps de dessus en coton biologique.<\/h2>\n<ul>\n<li><strong>Draps blancs.<\/strong><\/li>\n<li><strong>300 fils.<\/strong><\/li>\n<\/ul>\n<p><a style=\"font-size: 12px;\" href=\"https:\/\/www.laruecavoladora.com\/wp-content\/uploads\/2022\/05\/Guia-tallas-saten-frances.pdf\" target=\"_blank\" rel=\"noopener noreferrer\">Consulta nuestra gu\u00eda de tallas<\/a><\/p>\n<ul>\n<li>\n<h4>\u00cates-vous un h\u00f4tel ?<\/h4>\n<\/li>\n<li>\n<h4>Une maison rurale.<\/h4>\n<\/li>\n<\/ul>\n<p>Nous faisons sous budget.<\/p>\n<p><a href=\"mailto:info@laruecavoladora.com\">info@laruecavoladora.com<\/a><\/p>\n<p>&nbsp;<\/p>\n<p>Si vous avez des probl\u00e8mes de peau dus \u00e0 la literie. nous avons votre tissu, <a href=\"mailto:info@laruecavoladora.com\">demandez-nous.<\/a><\/p>\n","protected":false},"featured_media":9270,"comment_status":"open","ping_status":"closed","template":"","meta":{"_glsr_average":0,"_glsr_ranking":0,"_glsr_reviews":0,"_joinchat":{"message_text":"En que podemos ayudarte&#x1f60a;"}},"product_brand":[],"product_cat":[268,757],"product_tag":[],"class_list":{"0":"post-9336","1":"product","2":"type-product","3":"status-publish","4":"has-post-thumbnail","6":"product_cat-draps-fr","7":"product_cat-draps-de-lit","9":"first","10":"instock","11":"taxable","12":"shipping-taxable","13":"purchasable","14":"product-type-variable"},"yoast_head":"<!-- This site is optimized with the Yoast SEO plugin v27.4 - https:\/\/yoast.com\/product\/yoast-seo-wordpress\/ -->\n<title>Draps de dessus en satin blanc. Coton organique.<\/title>\n<meta name=\"description\" content=\"Draps en coton bio. Draps en coton blanc | 400 fils au pouce. Draps en satin Design et qualit\u00e9 dans la literie.\" \/>\n<meta name=\"robots\" content=\"index, follow, max-snippet:-1, max-image-preview:large, max-video-preview:-1\" \/>\n<link rel=\"canonical\" href=\"https:\/\/www.laruecavoladora.com\/fr\/producto\/draps-superieurs-en-satin\/\" \/>\n<meta property=\"og:locale\" content=\"fr_FR\" \/>\n<meta property=\"og:type\" content=\"article\" \/>\n<meta property=\"og:title\" content=\"Draps de dessus en satin blanc. Coton organique.\" \/>\n<meta property=\"og:description\" content=\"Draps en coton bio. Draps en coton blanc | 400 fils au pouce. Draps en satin Design et qualit\u00e9 dans la literie.\" \/>\n<meta property=\"og:url\" content=\"https:\/\/www.laruecavoladora.com\/fr\/producto\/draps-superieurs-en-satin\/\" \/>\n<meta property=\"og:site_name\" content=\"La Rueca Voladora\" \/>\n<meta property=\"article:modified_time\" content=\"2026-03-22T14:58:41+00:00\" \/>\n<meta property=\"og:image\" content=\"https:\/\/www.laruecavoladora.com\/wp-content\/uploads\/2022\/05\/sabanas-encimeras-algodonorganico-alergias-hotel.jpg\" \/>\n\t<meta property=\"og:image:width\" content=\"2048\" \/>\n\t<meta property=\"og:image:height\" content=\"1463\" \/>\n\t<meta property=\"og:image:type\" content=\"image\/jpeg\" \/>\n<meta name=\"twitter:card\" content=\"summary_large_image\" \/>\n<meta name=\"twitter:label1\" content=\"Dur\u00e9e de lecture estim\u00e9e\" \/>\n\t<meta name=\"twitter:data1\" content=\"2 minutes\" \/>\n<script type=\"application\/ld+json\" class=\"yoast-schema-graph\">{\"@context\":\"https:\\\/\\\/schema.org\",\"@graph\":[{\"@type\":\"WebPage\",\"@id\":\"https:\\\/\\\/www.laruecavoladora.com\\\/fr\\\/producto\\\/draps-superieurs-en-satin\\\/\",\"url\":\"https:\\\/\\\/www.laruecavoladora.com\\\/fr\\\/producto\\\/draps-superieurs-en-satin\\\/\",\"name\":\"Draps de dessus en satin blanc. Coton organique.\",\"isPartOf\":{\"@id\":\"https:\\\/\\\/www.laruecavoladora.com\\\/fr\\\/#website\"},\"primaryImageOfPage\":{\"@id\":\"https:\\\/\\\/www.laruecavoladora.com\\\/fr\\\/producto\\\/draps-superieurs-en-satin\\\/#primaryimage\"},\"image\":{\"@id\":\"https:\\\/\\\/www.laruecavoladora.com\\\/fr\\\/producto\\\/draps-superieurs-en-satin\\\/#primaryimage\"},\"thumbnailUrl\":\"https:\\\/\\\/www.laruecavoladora.com\\\/wp-content\\\/uploads\\\/2022\\\/05\\\/sabanas-encimeras-algodonorganico-alergias-hotel.jpg\",\"datePublished\":\"2022-05-02T18:17:10+00:00\",\"dateModified\":\"2026-03-22T14:58:41+00:00\",\"description\":\"Draps en coton bio. Draps en coton blanc | 400 fils au pouce. Draps en satin Design et qualit\u00e9 dans la literie.\",\"breadcrumb\":{\"@id\":\"https:\\\/\\\/www.laruecavoladora.com\\\/fr\\\/producto\\\/draps-superieurs-en-satin\\\/#breadcrumb\"},\"inLanguage\":\"fr-FR\",\"potentialAction\":[{\"@type\":\"ReadAction\",\"target\":[\"https:\\\/\\\/www.laruecavoladora.com\\\/fr\\\/producto\\\/draps-superieurs-en-satin\\\/\"]}]},{\"@type\":\"ImageObject\",\"inLanguage\":\"fr-FR\",\"@id\":\"https:\\\/\\\/www.laruecavoladora.com\\\/fr\\\/producto\\\/draps-superieurs-en-satin\\\/#primaryimage\",\"url\":\"https:\\\/\\\/www.laruecavoladora.com\\\/wp-content\\\/uploads\\\/2022\\\/05\\\/sabanas-encimeras-algodonorganico-alergias-hotel.jpg\",\"contentUrl\":\"https:\\\/\\\/www.laruecavoladora.com\\\/wp-content\\\/uploads\\\/2022\\\/05\\\/sabanas-encimeras-algodonorganico-alergias-hotel.jpg\",\"width\":2048,\"height\":1463,\"caption\":\"Alt=\u201dfeuilles de comptoir blanches\u201d.\"},{\"@type\":\"BreadcrumbList\",\"@id\":\"https:\\\/\\\/www.laruecavoladora.com\\\/fr\\\/producto\\\/draps-superieurs-en-satin\\\/#breadcrumb\",\"itemListElement\":[{\"@type\":\"ListItem\",\"position\":1,\"name\":\"Portada\",\"item\":\"https:\\\/\\\/www.laruecavoladora.com\\\/fr\\\/accueil\\\/\"},{\"@type\":\"ListItem\",\"position\":2,\"name\":\"Boutique\",\"item\":\"https:\\\/\\\/www.laruecavoladora.com\\\/tienda\\\/\"},{\"@type\":\"ListItem\",\"position\":3,\"name\":\"Drap plat blanc en coton biologique\"}]},{\"@type\":\"WebSite\",\"@id\":\"https:\\\/\\\/www.laruecavoladora.com\\\/fr\\\/#website\",\"url\":\"https:\\\/\\\/www.laruecavoladora.com\\\/fr\\\/\",\"name\":\"La Rueca Voladora\",\"description\":\"Ropa del hogar de fibras Naturales\",\"potentialAction\":[{\"@type\":\"SearchAction\",\"target\":{\"@type\":\"EntryPoint\",\"urlTemplate\":\"https:\\\/\\\/www.laruecavoladora.com\\\/fr\\\/?s={search_term_string}\"},\"query-input\":{\"@type\":\"PropertyValueSpecification\",\"valueRequired\":true,\"valueName\":\"search_term_string\"}}],\"inLanguage\":\"fr-FR\"}]}<\/script>\n<!-- \/ Yoast SEO plugin. -->","yoast_head_json":{"title":"Draps de dessus en satin blanc. Coton organique.","description":"Draps en coton bio. Draps en coton blanc | 400 fils au pouce. Draps en satin Design et qualit\u00e9 dans la literie.","robots":{"index":"index","follow":"follow","max-snippet":"max-snippet:-1","max-image-preview":"max-image-preview:large","max-video-preview":"max-video-preview:-1"},"canonical":"https:\/\/www.laruecavoladora.com\/fr\/producto\/draps-superieurs-en-satin\/","og_locale":"fr_FR","og_type":"article","og_title":"Draps de dessus en satin blanc. Coton organique.","og_description":"Draps en coton bio. Draps en coton blanc | 400 fils au pouce. Draps en satin Design et qualit\u00e9 dans la literie.","og_url":"https:\/\/www.laruecavoladora.com\/fr\/producto\/draps-superieurs-en-satin\/","og_site_name":"La Rueca Voladora","article_modified_time":"2026-03-22T14:58:41+00:00","og_image":[{"width":2048,"height":1463,"url":"https:\/\/www.laruecavoladora.com\/wp-content\/uploads\/2022\/05\/sabanas-encimeras-algodonorganico-alergias-hotel.jpg","type":"image\/jpeg"}],"twitter_card":"summary_large_image","twitter_misc":{"Dur\u00e9e de lecture estim\u00e9e":"2 minutes"},"schema":{"@context":"https:\/\/schema.org","@graph":[{"@type":"WebPage","@id":"https:\/\/www.laruecavoladora.com\/fr\/producto\/draps-superieurs-en-satin\/","url":"https:\/\/www.laruecavoladora.com\/fr\/producto\/draps-superieurs-en-satin\/","name":"Draps de dessus en satin blanc. Coton organique.","isPartOf":{"@id":"https:\/\/www.laruecavoladora.com\/fr\/#website"},"primaryImageOfPage":{"@id":"https:\/\/www.laruecavoladora.com\/fr\/producto\/draps-superieurs-en-satin\/#primaryimage"},"image":{"@id":"https:\/\/www.laruecavoladora.com\/fr\/producto\/draps-superieurs-en-satin\/#primaryimage"},"thumbnailUrl":"https:\/\/www.laruecavoladora.com\/wp-content\/uploads\/2022\/05\/sabanas-encimeras-algodonorganico-alergias-hotel.jpg","datePublished":"2022-05-02T18:17:10+00:00","dateModified":"2026-03-22T14:58:41+00:00","description":"Draps en coton bio. Draps en coton blanc | 400 fils au pouce. Draps en satin Design et qualit\u00e9 dans la literie.","breadcrumb":{"@id":"https:\/\/www.laruecavoladora.com\/fr\/producto\/draps-superieurs-en-satin\/#breadcrumb"},"inLanguage":"fr-FR","potentialAction":[{"@type":"ReadAction","target":["https:\/\/www.laruecavoladora.com\/fr\/producto\/draps-superieurs-en-satin\/"]}]},{"@type":"ImageObject","inLanguage":"fr-FR","@id":"https:\/\/www.laruecavoladora.com\/fr\/producto\/draps-superieurs-en-satin\/#primaryimage","url":"https:\/\/www.laruecavoladora.com\/wp-content\/uploads\/2022\/05\/sabanas-encimeras-algodonorganico-alergias-hotel.jpg","contentUrl":"https:\/\/www.laruecavoladora.com\/wp-content\/uploads\/2022\/05\/sabanas-encimeras-algodonorganico-alergias-hotel.jpg","width":2048,"height":1463,"caption":"Alt=\u201dfeuilles de comptoir blanches\u201d."},{"@type":"BreadcrumbList","@id":"https:\/\/www.laruecavoladora.com\/fr\/producto\/draps-superieurs-en-satin\/#breadcrumb","itemListElement":[{"@type":"ListItem","position":1,"name":"Portada","item":"https:\/\/www.laruecavoladora.com\/fr\/accueil\/"},{"@type":"ListItem","position":2,"name":"Boutique","item":"https:\/\/www.laruecavoladora.com\/tienda\/"},{"@type":"ListItem","position":3,"name":"Drap plat blanc en coton biologique"}]},{"@type":"WebSite","@id":"https:\/\/www.laruecavoladora.com\/fr\/#website","url":"https:\/\/www.laruecavoladora.com\/fr\/","name":"La Rueca Voladora","description":"Ropa del hogar de fibras Naturales","potentialAction":[{"@type":"SearchAction","target":{"@type":"EntryPoint","urlTemplate":"https:\/\/www.laruecavoladora.com\/fr\/?s={search_term_string}"},"query-input":{"@type":"PropertyValueSpecification","valueRequired":true,"valueName":"search_term_string"}}],"inLanguage":"fr-FR"}]}},"wcpa_form_fields":null,"_links":{"self":[{"href":"https:\/\/www.laruecavoladora.com\/fr\/wp-json\/wp\/v2\/product\/9336","targetHints":{"allow":["GET"]}}],"collection":[{"href":"https:\/\/www.laruecavoladora.com\/fr\/wp-json\/wp\/v2\/product"}],"about":[{"href":"https:\/\/www.laruecavoladora.com\/fr\/wp-json\/wp\/v2\/types\/product"}],"replies":[{"embeddable":true,"href":"https:\/\/www.laruecavoladora.com\/fr\/wp-json\/wp\/v2\/comments?post=9336"}],"wp:featuredmedia":[{"embeddable":true,"href":"https:\/\/www.laruecavoladora.com\/fr\/wp-json\/wp\/v2\/media\/9270"}],"wp:attachment":[{"href":"https:\/\/www.laruecavoladora.com\/fr\/wp-json\/wp\/v2\/media?parent=9336"}],"wp:term":[{"taxonomy":"product_brand","embeddable":true,"href":"https:\/\/www.laruecavoladora.com\/fr\/wp-json\/wp\/v2\/product_brand?post=9336"},{"taxonomy":"product_cat","embeddable":true,"href":"https:\/\/www.laruecavoladora.com\/fr\/wp-json\/wp\/v2\/product_cat?post=9336"},{"taxonomy":"product_tag","embeddable":true,"href":"https:\/\/www.laruecavoladora.com\/fr\/wp-json\/wp\/v2\/product_tag?post=9336"}],"curies":[{"name":"wp","href":"https:\/\/api.w.org\/{rel}","templated":true}]}}