{"id":9034,"date":"2022-02-23T19:51:45","date_gmt":"2022-02-23T18:51:45","guid":{"rendered":"https:\/\/www.laruecavoladora.com\/producto\/serviette-de-toilette\/"},"modified":"2025-12-09T15:40:40","modified_gmt":"2025-12-09T14:40:40","slug":"serviette-de-toilette","status":"publish","type":"product","link":"https:\/\/www.laruecavoladora.com\/fr\/producto\/serviette-de-toilette\/","title":{"rendered":"Serviette Invit\u00e9 &#038; Double Terry"},"content":{"rendered":"<div class=\"wpb-content-wrapper\"><p>[vc_row][vc_column][vc_column_text css=&#8221;&#8221;]<\/p>\n<h1>Serviettes d&#8217;invit\u00e9s.<\/h1>\n<h3>Serviette de toilette en coton bio 600gr\/m2.<\/h3>\n<p>Design, coton \u00e9ponge c\u00f4tel\u00e9 des deux c\u00f4t\u00e9s, surmont\u00e9 d&#8217;une belle finition simple et \u00e9l\u00e9gante.<\/p>\n<h3>Serviette de bain en bambou et coton 600gr\/m2.<\/h3>\n<p>Serviette en bambou et coton.<\/p>\n<p>&nbsp;<\/p>\n<ul>\n<li><strong>Mesures 30&#215;50 cm.<\/strong><\/li>\n<li><strong>Couleur blanche.<\/strong><\/li>\n<\/ul>\n<p>&nbsp;<\/p>\n<p>&nbsp;<\/p>\n<p><strong>Appr\u00e9ciez le toucher moelleux<\/strong> de cette conception de 600 gr\/m2, qui garantit une grande douceur et durabilit\u00e9 lavage apr\u00e8s lavage.<\/p>\n<p><strong>TU SAVAIS QUE<\/strong><\/p>\n<p><strong>Les fibres naturelles<\/strong> sont les meilleures alli\u00e9es pour garantir capacit\u00e9 d&#8217;absorption, douceur et facilit\u00e9 de s\u00e9chage, car elles permettent \u00e0 l&#8217;air de circuler entre leurs fibres, lib\u00e9rant l&#8217;humidit\u00e9 et lui permettant de s\u00e9cher rapidement. Des qualit\u00e9s auxquelles s&#8217;ajoute le confort suppl\u00e9mentaire apport\u00e9 par son grammage (600 gr\/m2) et qui en font un textile de salle de bain particuli\u00e8rement doux et moelleux.<\/p>\n<p>&nbsp;<\/p>\n<h2>Qu&#8217;est-ce qu&#8217;une serviette de toilette ?<\/h2>\n<p>Serviettes de toilettes ou d&#8217;invit\u00e9s. \u00c0 l&#8217;origine, il s&#8217;agissait de petites serviettes qui restaient sur la coiffeuse. Ils \u00e9taient autrefois offerts comme articles de toilette personnels aux invit\u00e9s ou aux invit\u00e9s. Ils ont tendance \u00e0 \u00eatre \u00e0 usage unique, ils ont donc toujours laiss\u00e9 un petit tas de ces lingettes.<\/p>\n<p>&nbsp;<\/p>\n<ul>\n<li>Fabriqu\u00e9 en Espagne.<\/li>\n<\/ul>\n<p><a href=\"https:\/\/www.laruecavoladora.com\/producto\/toalla-cero-torsion\/attachment\/cuc-logo-copy\/\" rel=\"attachment wp-att-4231\"><img loading=\"lazy\" decoding=\"async\" class=\"alignnone wp-image-4233 size-thumbnail\" src=\"https:\/\/www.laruecavoladora.com\/wp-content\/uploads\/2018\/05\/cuc-logo-copy.png\" alt=\"Alt=\u201dcertificado europeo\u201d\" width=\"150\" height=\"150\" \/><\/a>[\/vc_column_text][\/vc_column][\/vc_row]<\/p>\n<\/div>","protected":false},"excerpt":{"rendered":"<h1>Serviette de Toilette<\/h1>\n<p>Serviette en coton bio 600gr\/m2.<\/p>\n<h2>Serviette en bambou 600gr\/m2.<\/h2>\n<p>Mesures: 30x50cm<\/p>\n<p>Vous pouvez choisir entre :<\/p>\n<ul>\n<li><a href=\"https:\/\/www.laruecavoladora.com\/wp-content\/uploads\/2022\/02\/toalla-tocador-de-bambu-1.jpg\">Serviette de toilette en bambou.<\/a><\/li>\n<li><a href=\"https:\/\/www.laruecavoladora.com\/wp-content\/uploads\/2022\/02\/toalla-tocador-la-rueca-voladora-1.jpg\">Serviette en coton bio.<\/a><\/li>\n<\/ul>\n<p><strong>Pack de\u00a0:<\/strong><\/p>\n<ul>\n<li>2 serviettes.<\/li>\n<\/ul>\n","protected":false},"featured_media":9039,"comment_status":"open","ping_status":"closed","template":"","meta":{"_glsr_average":0,"_glsr_ranking":0,"_glsr_reviews":0,"_joinchat":{"message_text":"Hola, Podemos ayudarte?&#x1f60a;"}},"product_brand":[],"product_cat":[391,845],"product_tag":[],"class_list":{"0":"post-9034","1":"product","2":"type-product","3":"status-publish","4":"has-post-thumbnail","6":"product_cat-bain","7":"product_cat-serviettes-de-toilette","8":"wcpa_has_options","10":"first","11":"instock","12":"taxable","13":"shipping-taxable","14":"purchasable","15":"product-type-variable"},"yoast_head":"<!-- This site is optimized with the Yoast SEO plugin v27.4 - https:\/\/yoast.com\/product\/yoast-seo-wordpress\/ -->\n<title>Comprar Serviette Invit\u00e9 &amp; Double Terry online - Bain, serviettes d&#039;invit\u00e9s<\/title>\n<meta name=\"description\" content=\"Comprar online Serviette Invit\u00e9 &amp; Double Terry en nuestra tienda de ropa de hogar ecol\u00f3gica. Venta de ropa Bain, serviettes d&#039;invit\u00e9s al mejor precio.\" \/>\n<meta name=\"robots\" content=\"index, follow, max-snippet:-1, max-image-preview:large, max-video-preview:-1\" \/>\n<link rel=\"canonical\" href=\"https:\/\/www.laruecavoladora.com\/fr\/producto\/serviette-de-toilette\/\" \/>\n<meta property=\"og:locale\" content=\"fr_FR\" \/>\n<meta property=\"og:type\" content=\"article\" \/>\n<meta property=\"og:title\" content=\"Comprar Serviette Invit\u00e9 &amp; Double Terry online - Bain, serviettes d&#039;invit\u00e9s\" \/>\n<meta property=\"og:description\" content=\"Comprar online Serviette Invit\u00e9 &amp; Double Terry en nuestra tienda de ropa de hogar ecol\u00f3gica. Venta de ropa Bain, serviettes d&#039;invit\u00e9s al mejor precio.\" \/>\n<meta property=\"og:url\" content=\"https:\/\/www.laruecavoladora.com\/fr\/producto\/serviette-de-toilette\/\" \/>\n<meta property=\"og:site_name\" content=\"La Rueca Voladora\" \/>\n<meta property=\"article:modified_time\" content=\"2025-12-09T14:40:40+00:00\" \/>\n<meta property=\"og:image\" content=\"https:\/\/www.laruecavoladora.com\/wp-content\/uploads\/2022\/03\/toallas-tocador-laruecavoladora-fibrasnaturales-toalllas-bano.jpg\" \/>\n\t<meta property=\"og:image:width\" content=\"672\" \/>\n\t<meta property=\"og:image:height\" content=\"800\" \/>\n\t<meta property=\"og:image:type\" content=\"image\/jpeg\" \/>\n<meta name=\"twitter:card\" content=\"summary_large_image\" \/>\n<meta name=\"twitter:label1\" content=\"Dur\u00e9e de lecture estim\u00e9e\" \/>\n\t<meta name=\"twitter:data1\" content=\"2 minutes\" \/>\n<script type=\"application\/ld+json\" class=\"yoast-schema-graph\">{\"@context\":\"https:\\\/\\\/schema.org\",\"@graph\":[{\"@type\":\"WebPage\",\"@id\":\"https:\\\/\\\/www.laruecavoladora.com\\\/fr\\\/producto\\\/serviette-de-toilette\\\/\",\"url\":\"https:\\\/\\\/www.laruecavoladora.com\\\/fr\\\/producto\\\/serviette-de-toilette\\\/\",\"name\":\"Comprar Serviette Invit\u00e9 & Double Terry online - Bain, serviettes d'invit\u00e9s\",\"isPartOf\":{\"@id\":\"https:\\\/\\\/www.laruecavoladora.com\\\/fr\\\/#website\"},\"primaryImageOfPage\":{\"@id\":\"https:\\\/\\\/www.laruecavoladora.com\\\/fr\\\/producto\\\/serviette-de-toilette\\\/#primaryimage\"},\"image\":{\"@id\":\"https:\\\/\\\/www.laruecavoladora.com\\\/fr\\\/producto\\\/serviette-de-toilette\\\/#primaryimage\"},\"thumbnailUrl\":\"https:\\\/\\\/www.laruecavoladora.com\\\/wp-content\\\/uploads\\\/2022\\\/03\\\/toallas-tocador-laruecavoladora-fibrasnaturales-toalllas-bano.jpg\",\"datePublished\":\"2022-02-23T18:51:45+00:00\",\"dateModified\":\"2025-12-09T14:40:40+00:00\",\"description\":\"Comprar online Serviette Invit\u00e9 & Double Terry en nuestra tienda de ropa de hogar ecol\u00f3gica. Venta de ropa Bain, serviettes d'invit\u00e9s al mejor precio.\",\"breadcrumb\":{\"@id\":\"https:\\\/\\\/www.laruecavoladora.com\\\/fr\\\/producto\\\/serviette-de-toilette\\\/#breadcrumb\"},\"inLanguage\":\"fr-FR\",\"potentialAction\":[{\"@type\":\"ReadAction\",\"target\":[\"https:\\\/\\\/www.laruecavoladora.com\\\/fr\\\/producto\\\/serviette-de-toilette\\\/\"]}]},{\"@type\":\"ImageObject\",\"inLanguage\":\"fr-FR\",\"@id\":\"https:\\\/\\\/www.laruecavoladora.com\\\/fr\\\/producto\\\/serviette-de-toilette\\\/#primaryimage\",\"url\":\"https:\\\/\\\/www.laruecavoladora.com\\\/wp-content\\\/uploads\\\/2022\\\/03\\\/toallas-tocador-laruecavoladora-fibrasnaturales-toalllas-bano.jpg\",\"contentUrl\":\"https:\\\/\\\/www.laruecavoladora.com\\\/wp-content\\\/uploads\\\/2022\\\/03\\\/toallas-tocador-laruecavoladora-fibrasnaturales-toalllas-bano.jpg\",\"width\":672,\"height\":800,\"caption\":\"Alt=\u201dServiette de toilette d'h\u00f4tel\u201d.\"},{\"@type\":\"BreadcrumbList\",\"@id\":\"https:\\\/\\\/www.laruecavoladora.com\\\/fr\\\/producto\\\/serviette-de-toilette\\\/#breadcrumb\",\"itemListElement\":[{\"@type\":\"ListItem\",\"position\":1,\"name\":\"Portada\",\"item\":\"https:\\\/\\\/www.laruecavoladora.com\\\/fr\\\/accueil\\\/\"},{\"@type\":\"ListItem\",\"position\":2,\"name\":\"Boutique\",\"item\":\"https:\\\/\\\/www.laruecavoladora.com\\\/tienda\\\/\"},{\"@type\":\"ListItem\",\"position\":3,\"name\":\"Serviette Invit\u00e9 &#038; Double Terry\"}]},{\"@type\":\"WebSite\",\"@id\":\"https:\\\/\\\/www.laruecavoladora.com\\\/fr\\\/#website\",\"url\":\"https:\\\/\\\/www.laruecavoladora.com\\\/fr\\\/\",\"name\":\"La Rueca Voladora\",\"description\":\"Ropa del hogar de fibras Naturales\",\"potentialAction\":[{\"@type\":\"SearchAction\",\"target\":{\"@type\":\"EntryPoint\",\"urlTemplate\":\"https:\\\/\\\/www.laruecavoladora.com\\\/fr\\\/?s={search_term_string}\"},\"query-input\":{\"@type\":\"PropertyValueSpecification\",\"valueRequired\":true,\"valueName\":\"search_term_string\"}}],\"inLanguage\":\"fr-FR\"}]}<\/script>\n<!-- \/ Yoast SEO plugin. -->","yoast_head_json":{"title":"Comprar Serviette Invit\u00e9 & Double Terry online - Bain, serviettes d'invit\u00e9s","description":"Comprar online Serviette Invit\u00e9 & Double Terry en nuestra tienda de ropa de hogar ecol\u00f3gica. Venta de ropa Bain, serviettes d'invit\u00e9s al mejor precio.","robots":{"index":"index","follow":"follow","max-snippet":"max-snippet:-1","max-image-preview":"max-image-preview:large","max-video-preview":"max-video-preview:-1"},"canonical":"https:\/\/www.laruecavoladora.com\/fr\/producto\/serviette-de-toilette\/","og_locale":"fr_FR","og_type":"article","og_title":"Comprar Serviette Invit\u00e9 & Double Terry online - Bain, serviettes d'invit\u00e9s","og_description":"Comprar online Serviette Invit\u00e9 & Double Terry en nuestra tienda de ropa de hogar ecol\u00f3gica. Venta de ropa Bain, serviettes d'invit\u00e9s al mejor precio.","og_url":"https:\/\/www.laruecavoladora.com\/fr\/producto\/serviette-de-toilette\/","og_site_name":"La Rueca Voladora","article_modified_time":"2025-12-09T14:40:40+00:00","og_image":[{"width":672,"height":800,"url":"https:\/\/www.laruecavoladora.com\/wp-content\/uploads\/2022\/03\/toallas-tocador-laruecavoladora-fibrasnaturales-toalllas-bano.jpg","type":"image\/jpeg"}],"twitter_card":"summary_large_image","twitter_misc":{"Dur\u00e9e de lecture estim\u00e9e":"2 minutes"},"schema":{"@context":"https:\/\/schema.org","@graph":[{"@type":"WebPage","@id":"https:\/\/www.laruecavoladora.com\/fr\/producto\/serviette-de-toilette\/","url":"https:\/\/www.laruecavoladora.com\/fr\/producto\/serviette-de-toilette\/","name":"Comprar Serviette Invit\u00e9 & Double Terry online - Bain, serviettes d'invit\u00e9s","isPartOf":{"@id":"https:\/\/www.laruecavoladora.com\/fr\/#website"},"primaryImageOfPage":{"@id":"https:\/\/www.laruecavoladora.com\/fr\/producto\/serviette-de-toilette\/#primaryimage"},"image":{"@id":"https:\/\/www.laruecavoladora.com\/fr\/producto\/serviette-de-toilette\/#primaryimage"},"thumbnailUrl":"https:\/\/www.laruecavoladora.com\/wp-content\/uploads\/2022\/03\/toallas-tocador-laruecavoladora-fibrasnaturales-toalllas-bano.jpg","datePublished":"2022-02-23T18:51:45+00:00","dateModified":"2025-12-09T14:40:40+00:00","description":"Comprar online Serviette Invit\u00e9 & Double Terry en nuestra tienda de ropa de hogar ecol\u00f3gica. Venta de ropa Bain, serviettes d'invit\u00e9s al mejor precio.","breadcrumb":{"@id":"https:\/\/www.laruecavoladora.com\/fr\/producto\/serviette-de-toilette\/#breadcrumb"},"inLanguage":"fr-FR","potentialAction":[{"@type":"ReadAction","target":["https:\/\/www.laruecavoladora.com\/fr\/producto\/serviette-de-toilette\/"]}]},{"@type":"ImageObject","inLanguage":"fr-FR","@id":"https:\/\/www.laruecavoladora.com\/fr\/producto\/serviette-de-toilette\/#primaryimage","url":"https:\/\/www.laruecavoladora.com\/wp-content\/uploads\/2022\/03\/toallas-tocador-laruecavoladora-fibrasnaturales-toalllas-bano.jpg","contentUrl":"https:\/\/www.laruecavoladora.com\/wp-content\/uploads\/2022\/03\/toallas-tocador-laruecavoladora-fibrasnaturales-toalllas-bano.jpg","width":672,"height":800,"caption":"Alt=\u201dServiette de toilette d'h\u00f4tel\u201d."},{"@type":"BreadcrumbList","@id":"https:\/\/www.laruecavoladora.com\/fr\/producto\/serviette-de-toilette\/#breadcrumb","itemListElement":[{"@type":"ListItem","position":1,"name":"Portada","item":"https:\/\/www.laruecavoladora.com\/fr\/accueil\/"},{"@type":"ListItem","position":2,"name":"Boutique","item":"https:\/\/www.laruecavoladora.com\/tienda\/"},{"@type":"ListItem","position":3,"name":"Serviette Invit\u00e9 &#038; Double Terry"}]},{"@type":"WebSite","@id":"https:\/\/www.laruecavoladora.com\/fr\/#website","url":"https:\/\/www.laruecavoladora.com\/fr\/","name":"La Rueca Voladora","description":"Ropa del hogar de fibras Naturales","potentialAction":[{"@type":"SearchAction","target":{"@type":"EntryPoint","urlTemplate":"https:\/\/www.laruecavoladora.com\/fr\/?s={search_term_string}"},"query-input":{"@type":"PropertyValueSpecification","valueRequired":true,"valueName":"search_term_string"}}],"inLanguage":"fr-FR"}]}},"wcpa_form_fields":null,"_links":{"self":[{"href":"https:\/\/www.laruecavoladora.com\/fr\/wp-json\/wp\/v2\/product\/9034","targetHints":{"allow":["GET"]}}],"collection":[{"href":"https:\/\/www.laruecavoladora.com\/fr\/wp-json\/wp\/v2\/product"}],"about":[{"href":"https:\/\/www.laruecavoladora.com\/fr\/wp-json\/wp\/v2\/types\/product"}],"replies":[{"embeddable":true,"href":"https:\/\/www.laruecavoladora.com\/fr\/wp-json\/wp\/v2\/comments?post=9034"}],"wp:featuredmedia":[{"embeddable":true,"href":"https:\/\/www.laruecavoladora.com\/fr\/wp-json\/wp\/v2\/media\/9039"}],"wp:attachment":[{"href":"https:\/\/www.laruecavoladora.com\/fr\/wp-json\/wp\/v2\/media?parent=9034"}],"wp:term":[{"taxonomy":"product_brand","embeddable":true,"href":"https:\/\/www.laruecavoladora.com\/fr\/wp-json\/wp\/v2\/product_brand?post=9034"},{"taxonomy":"product_cat","embeddable":true,"href":"https:\/\/www.laruecavoladora.com\/fr\/wp-json\/wp\/v2\/product_cat?post=9034"},{"taxonomy":"product_tag","embeddable":true,"href":"https:\/\/www.laruecavoladora.com\/fr\/wp-json\/wp\/v2\/product_tag?post=9034"}],"curies":[{"name":"wp","href":"https:\/\/api.w.org\/{rel}","templated":true}]}}