{"id":8577,"date":"2021-05-06T11:57:29","date_gmt":"2021-05-06T09:57:29","guid":{"rendered":"https:\/\/www.laruecavoladora.com\/producto\/serviette-a-cheveux\/"},"modified":"2026-04-23T13:00:18","modified_gmt":"2026-04-23T11:00:18","slug":"serviette-a-cheveux","status":"publish","type":"product","link":"https:\/\/www.laruecavoladora.com\/fr\/producto\/serviette-a-cheveux\/","title":{"rendered":"Serviette \u00e0 cheveux"},"content":{"rendered":"","protected":false},"excerpt":{"rendered":"<h2 class=\"a-size-large a-spacing-none\"><span class=\"a-size-large product-title-word-break\">Cheveux Serviette pour Cheveux Super Absorbant en C<\/span>oton Bio.<span id=\"productTitle\" class=\"a-size-large product-title-word-break\">Taille Universelle (Blanc).<\/span><\/h2>\n<p>Produit id\u00e9al pour aider les cheveux \u00e0 s\u00e9cher &#8220;naturellement et rapidement&#8221; sans casse.<\/p>\n<p>\u2022 Il convient aux cheveux longs ou courts.<br \/>\n\u2022 Le turban pratique est disponible en<strong> couleur\u00a0 blanc.<\/strong><br \/>\n\u2022 <strong>Mesures approximatives de 75 cm de long.<\/strong><br \/>\n\u2022 La densit\u00e9 du tissu est de 600 g \/ m\u00b2.<br \/>\n\u2022 Vous <strong>pouvez achete<\/strong>r une unit\u00e9 ou un pack de deux unit\u00e9s.<\/p>\n<p>Nous faisons sur mesure, nous consulter \u00e0 <a href=\"mailto:Info@laruecavolaodra.com\">Info@laruecavolaodra.com<\/a><\/p>\n","protected":false},"featured_media":8564,"comment_status":"open","ping_status":"closed","template":"","meta":{"_glsr_average":0,"_glsr_ranking":0,"_glsr_reviews":0,"_joinchat":{"message_text":"Hola!. En que podemos ayudarte.&#x1f60a;"}},"product_brand":[],"product_cat":[391,785,1050],"product_tag":[],"class_list":{"0":"post-8577","1":"product","2":"type-product","3":"status-publish","4":"has-post-thumbnail","6":"product_cat-bain","7":"product_cat-serviette-a-cheveux","8":"product_cat-serviettes","9":"wcpa_has_options","11":"first","12":"instock","13":"taxable","14":"shipping-taxable","15":"purchasable","16":"product-type-variable"},"yoast_head":"<!-- This site is optimized with the Yoast SEO plugin v27.4 - https:\/\/yoast.com\/product\/yoast-seo-wordpress\/ -->\n<title>Serviette \u00e0 cheveux s\u00e9chage rapideBain, Serviette \u00e0 cheveux, Serviettes<\/title>\n<meta name=\"description\" content=\"Serviette de s\u00e9chage en tissu \u00e9ponge de coton biologique Turban Serviette pour cheveux longs et courts Serviette pour cheveux \u00e0 s\u00e9chage rapide\" \/>\n<meta name=\"robots\" content=\"index, follow, max-snippet:-1, max-image-preview:large, max-video-preview:-1\" \/>\n<link rel=\"canonical\" href=\"https:\/\/www.laruecavoladora.com\/fr\/producto\/serviette-a-cheveux\/\" \/>\n<meta property=\"og:locale\" content=\"fr_FR\" \/>\n<meta property=\"og:type\" content=\"article\" \/>\n<meta property=\"og:title\" content=\"Serviette \u00e0 cheveux s\u00e9chage rapideBain, Serviette \u00e0 cheveux, Serviettes\" \/>\n<meta property=\"og:description\" content=\"Serviette de s\u00e9chage en tissu \u00e9ponge de coton biologique Turban Serviette pour cheveux longs et courts Serviette pour cheveux \u00e0 s\u00e9chage rapide\" \/>\n<meta property=\"og:url\" content=\"https:\/\/www.laruecavoladora.com\/fr\/producto\/serviette-a-cheveux\/\" \/>\n<meta property=\"og:site_name\" content=\"La Rueca Voladora\" \/>\n<meta property=\"article:modified_time\" content=\"2026-04-23T11:00:18+00:00\" \/>\n<meta property=\"og:image\" content=\"https:\/\/www.laruecavoladora.com\/wp-content\/uploads\/2021\/05\/Toalla-pelo-algododon-organico.jpg\" \/>\n\t<meta property=\"og:image:width\" content=\"462\" \/>\n\t<meta property=\"og:image:height\" content=\"531\" \/>\n\t<meta property=\"og:image:type\" content=\"image\/jpeg\" \/>\n<meta name=\"twitter:card\" content=\"summary_large_image\" \/>\n<meta name=\"twitter:label1\" content=\"Dur\u00e9e de lecture estim\u00e9e\" \/>\n\t<meta name=\"twitter:data1\" content=\"1 minute\" \/>\n<script type=\"application\/ld+json\" class=\"yoast-schema-graph\">{\"@context\":\"https:\\\/\\\/schema.org\",\"@graph\":[{\"@type\":\"WebPage\",\"@id\":\"https:\\\/\\\/www.laruecavoladora.com\\\/fr\\\/producto\\\/serviette-a-cheveux\\\/\",\"url\":\"https:\\\/\\\/www.laruecavoladora.com\\\/fr\\\/producto\\\/serviette-a-cheveux\\\/\",\"name\":\"Serviette \u00e0 cheveux s\u00e9chage rapideBain, Serviette \u00e0 cheveux, Serviettes\",\"isPartOf\":{\"@id\":\"https:\\\/\\\/www.laruecavoladora.com\\\/fr\\\/#website\"},\"primaryImageOfPage\":{\"@id\":\"https:\\\/\\\/www.laruecavoladora.com\\\/fr\\\/producto\\\/serviette-a-cheveux\\\/#primaryimage\"},\"image\":{\"@id\":\"https:\\\/\\\/www.laruecavoladora.com\\\/fr\\\/producto\\\/serviette-a-cheveux\\\/#primaryimage\"},\"thumbnailUrl\":\"https:\\\/\\\/www.laruecavoladora.com\\\/wp-content\\\/uploads\\\/2021\\\/05\\\/Toalla-pelo-algododon-organico.jpg\",\"datePublished\":\"2021-05-06T09:57:29+00:00\",\"dateModified\":\"2026-04-23T11:00:18+00:00\",\"description\":\"Serviette de s\u00e9chage en tissu \u00e9ponge de coton biologique Turban Serviette pour cheveux longs et courts Serviette pour cheveux \u00e0 s\u00e9chage rapide\",\"breadcrumb\":{\"@id\":\"https:\\\/\\\/www.laruecavoladora.com\\\/fr\\\/producto\\\/serviette-a-cheveux\\\/#breadcrumb\"},\"inLanguage\":\"fr-FR\",\"potentialAction\":[{\"@type\":\"ReadAction\",\"target\":[\"https:\\\/\\\/www.laruecavoladora.com\\\/fr\\\/producto\\\/serviette-a-cheveux\\\/\"]}]},{\"@type\":\"ImageObject\",\"inLanguage\":\"fr-FR\",\"@id\":\"https:\\\/\\\/www.laruecavoladora.com\\\/fr\\\/producto\\\/serviette-a-cheveux\\\/#primaryimage\",\"url\":\"https:\\\/\\\/www.laruecavoladora.com\\\/wp-content\\\/uploads\\\/2021\\\/05\\\/Toalla-pelo-algododon-organico.jpg\",\"contentUrl\":\"https:\\\/\\\/www.laruecavoladora.com\\\/wp-content\\\/uploads\\\/2021\\\/05\\\/Toalla-pelo-algododon-organico.jpg\",\"width\":462,\"height\":531,\"caption\":\"Alt=\u201dServiette \u00e0 cheveux\u201d\"},{\"@type\":\"BreadcrumbList\",\"@id\":\"https:\\\/\\\/www.laruecavoladora.com\\\/fr\\\/producto\\\/serviette-a-cheveux\\\/#breadcrumb\",\"itemListElement\":[{\"@type\":\"ListItem\",\"position\":1,\"name\":\"Portada\",\"item\":\"https:\\\/\\\/www.laruecavoladora.com\\\/fr\\\/accueil\\\/\"},{\"@type\":\"ListItem\",\"position\":2,\"name\":\"Boutique\",\"item\":\"https:\\\/\\\/www.laruecavoladora.com\\\/tienda\\\/\"},{\"@type\":\"ListItem\",\"position\":3,\"name\":\"Serviette \u00e0 cheveux\"}]},{\"@type\":\"WebSite\",\"@id\":\"https:\\\/\\\/www.laruecavoladora.com\\\/fr\\\/#website\",\"url\":\"https:\\\/\\\/www.laruecavoladora.com\\\/fr\\\/\",\"name\":\"La Rueca Voladora\",\"description\":\"Ropa del hogar de fibras Naturales\",\"potentialAction\":[{\"@type\":\"SearchAction\",\"target\":{\"@type\":\"EntryPoint\",\"urlTemplate\":\"https:\\\/\\\/www.laruecavoladora.com\\\/fr\\\/?s={search_term_string}\"},\"query-input\":{\"@type\":\"PropertyValueSpecification\",\"valueRequired\":true,\"valueName\":\"search_term_string\"}}],\"inLanguage\":\"fr-FR\"}]}<\/script>\n<!-- \/ Yoast SEO plugin. -->","yoast_head_json":{"title":"Serviette \u00e0 cheveux s\u00e9chage rapideBain, Serviette \u00e0 cheveux, Serviettes","description":"Serviette de s\u00e9chage en tissu \u00e9ponge de coton biologique Turban Serviette pour cheveux longs et courts Serviette pour cheveux \u00e0 s\u00e9chage rapide","robots":{"index":"index","follow":"follow","max-snippet":"max-snippet:-1","max-image-preview":"max-image-preview:large","max-video-preview":"max-video-preview:-1"},"canonical":"https:\/\/www.laruecavoladora.com\/fr\/producto\/serviette-a-cheveux\/","og_locale":"fr_FR","og_type":"article","og_title":"Serviette \u00e0 cheveux s\u00e9chage rapideBain, Serviette \u00e0 cheveux, Serviettes","og_description":"Serviette de s\u00e9chage en tissu \u00e9ponge de coton biologique Turban Serviette pour cheveux longs et courts Serviette pour cheveux \u00e0 s\u00e9chage rapide","og_url":"https:\/\/www.laruecavoladora.com\/fr\/producto\/serviette-a-cheveux\/","og_site_name":"La Rueca Voladora","article_modified_time":"2026-04-23T11:00:18+00:00","og_image":[{"width":462,"height":531,"url":"https:\/\/www.laruecavoladora.com\/wp-content\/uploads\/2021\/05\/Toalla-pelo-algododon-organico.jpg","type":"image\/jpeg"}],"twitter_card":"summary_large_image","twitter_misc":{"Dur\u00e9e de lecture estim\u00e9e":"1 minute"},"schema":{"@context":"https:\/\/schema.org","@graph":[{"@type":"WebPage","@id":"https:\/\/www.laruecavoladora.com\/fr\/producto\/serviette-a-cheveux\/","url":"https:\/\/www.laruecavoladora.com\/fr\/producto\/serviette-a-cheveux\/","name":"Serviette \u00e0 cheveux s\u00e9chage rapideBain, Serviette \u00e0 cheveux, Serviettes","isPartOf":{"@id":"https:\/\/www.laruecavoladora.com\/fr\/#website"},"primaryImageOfPage":{"@id":"https:\/\/www.laruecavoladora.com\/fr\/producto\/serviette-a-cheveux\/#primaryimage"},"image":{"@id":"https:\/\/www.laruecavoladora.com\/fr\/producto\/serviette-a-cheveux\/#primaryimage"},"thumbnailUrl":"https:\/\/www.laruecavoladora.com\/wp-content\/uploads\/2021\/05\/Toalla-pelo-algododon-organico.jpg","datePublished":"2021-05-06T09:57:29+00:00","dateModified":"2026-04-23T11:00:18+00:00","description":"Serviette de s\u00e9chage en tissu \u00e9ponge de coton biologique Turban Serviette pour cheveux longs et courts Serviette pour cheveux \u00e0 s\u00e9chage rapide","breadcrumb":{"@id":"https:\/\/www.laruecavoladora.com\/fr\/producto\/serviette-a-cheveux\/#breadcrumb"},"inLanguage":"fr-FR","potentialAction":[{"@type":"ReadAction","target":["https:\/\/www.laruecavoladora.com\/fr\/producto\/serviette-a-cheveux\/"]}]},{"@type":"ImageObject","inLanguage":"fr-FR","@id":"https:\/\/www.laruecavoladora.com\/fr\/producto\/serviette-a-cheveux\/#primaryimage","url":"https:\/\/www.laruecavoladora.com\/wp-content\/uploads\/2021\/05\/Toalla-pelo-algododon-organico.jpg","contentUrl":"https:\/\/www.laruecavoladora.com\/wp-content\/uploads\/2021\/05\/Toalla-pelo-algododon-organico.jpg","width":462,"height":531,"caption":"Alt=\u201dServiette \u00e0 cheveux\u201d"},{"@type":"BreadcrumbList","@id":"https:\/\/www.laruecavoladora.com\/fr\/producto\/serviette-a-cheveux\/#breadcrumb","itemListElement":[{"@type":"ListItem","position":1,"name":"Portada","item":"https:\/\/www.laruecavoladora.com\/fr\/accueil\/"},{"@type":"ListItem","position":2,"name":"Boutique","item":"https:\/\/www.laruecavoladora.com\/tienda\/"},{"@type":"ListItem","position":3,"name":"Serviette \u00e0 cheveux"}]},{"@type":"WebSite","@id":"https:\/\/www.laruecavoladora.com\/fr\/#website","url":"https:\/\/www.laruecavoladora.com\/fr\/","name":"La Rueca Voladora","description":"Ropa del hogar de fibras Naturales","potentialAction":[{"@type":"SearchAction","target":{"@type":"EntryPoint","urlTemplate":"https:\/\/www.laruecavoladora.com\/fr\/?s={search_term_string}"},"query-input":{"@type":"PropertyValueSpecification","valueRequired":true,"valueName":"search_term_string"}}],"inLanguage":"fr-FR"}]}},"wcpa_form_fields":null,"_links":{"self":[{"href":"https:\/\/www.laruecavoladora.com\/fr\/wp-json\/wp\/v2\/product\/8577","targetHints":{"allow":["GET"]}}],"collection":[{"href":"https:\/\/www.laruecavoladora.com\/fr\/wp-json\/wp\/v2\/product"}],"about":[{"href":"https:\/\/www.laruecavoladora.com\/fr\/wp-json\/wp\/v2\/types\/product"}],"replies":[{"embeddable":true,"href":"https:\/\/www.laruecavoladora.com\/fr\/wp-json\/wp\/v2\/comments?post=8577"}],"wp:featuredmedia":[{"embeddable":true,"href":"https:\/\/www.laruecavoladora.com\/fr\/wp-json\/wp\/v2\/media\/8564"}],"wp:attachment":[{"href":"https:\/\/www.laruecavoladora.com\/fr\/wp-json\/wp\/v2\/media?parent=8577"}],"wp:term":[{"taxonomy":"product_brand","embeddable":true,"href":"https:\/\/www.laruecavoladora.com\/fr\/wp-json\/wp\/v2\/product_brand?post=8577"},{"taxonomy":"product_cat","embeddable":true,"href":"https:\/\/www.laruecavoladora.com\/fr\/wp-json\/wp\/v2\/product_cat?post=8577"},{"taxonomy":"product_tag","embeddable":true,"href":"https:\/\/www.laruecavoladora.com\/fr\/wp-json\/wp\/v2\/product_tag?post=8577"}],"curies":[{"name":"wp","href":"https:\/\/api.w.org\/{rel}","templated":true}]}}