{"id":8073,"date":"2021-02-09T09:20:42","date_gmt":"2021-02-09T08:20:42","guid":{"rendered":"https:\/\/www.laruecavoladora.com\/producto\/mitaine-en-bambou\/"},"modified":"2026-02-19T08:04:36","modified_gmt":"2026-02-19T07:04:36","slug":"mitaine-en-bambou","status":"publish","type":"product","link":"https:\/\/www.laruecavoladora.com\/fr\/producto\/mitaine-en-bambou\/","title":{"rendered":"Mitaine en bambou"},"content":{"rendered":"<div class=\"wpb-content-wrapper\"><p>[vc_row][vc_column][vc_column_text css=&#8221;&#8221;]<\/p>\n<h2>Mitaines de bain en bambou.<\/h2>\n<p><strong>Gant de bain en bambou<\/strong>. Con\u00e7u pour \u00eatre plus confortable \u00e0 utiliser.<\/p>\n<p><strong>Cette moufle a \u00e9t\u00e9 fabriqu\u00e9e<\/strong> en fibre de bambou pour offrir un maximum de douceur et d&#8217;absorption.<\/p>\n<p>Ce <strong>gant de bain<\/strong> se combine avec les serviettes assorties de la collection.<\/p>\n<ul>\n<li>Mesures: 18 cm x 23 cm.<\/li>\n<li>Couleur: blanche.<\/li>\n<li>600 GR \/ M2<\/li>\n<\/ul>\n<p><strong>\u00a0 Le saviez-vous?<\/strong><\/p>\n<p><strong>Les mitaines \/ gants en bambou<\/strong> sont \u00e9cologiques, biod\u00e9gradables et ne polluent pas l&#8217;environnement. Ils sont tr\u00e8s r\u00e9sistants aux mauvaises odeurs.<\/p>\n<p><strong>La fibre de bambou<\/strong> a une excellente capacit\u00e9 d&#8217;absorption qui \u00e9limine une grande quantit\u00e9 d&#8217;humidit\u00e9 du corps lorsqu&#8217;elle s\u00e8che.<\/p>\n<p><strong>Fabriqu\u00e9 en Espagne<\/strong><\/p>\n<p><img loading=\"lazy\" decoding=\"async\" class=\"alignnone wp-image-1722 size-thumbnail\" src=\"https:\/\/www.laruecavoladora.com\/wp-content\/uploads\/2017\/11\/organic-textile-1.jpg\" alt=\"Alt=\u201dCertificaci\u00f3n-Gots.&quot;\" width=\"150\" height=\"150\" \/>[\/vc_column_text][\/vc_column][\/vc_row]<\/p>\n<\/div>","protected":false},"excerpt":{"rendered":"<h2>Mitaines de bain.<\/h2>\n<h3>Mitaines en bambou pour le bain.<\/h3>\n<p>Utilisation confortable. Aussi bien pour <strong>les adultes<\/strong> que pour <strong>le bain de votre \u00a0b\u00e9b\u00e9.<\/strong><\/p>\n<p>Con\u00e7u pour un bain relaxant.<\/p>\n<ul>\n<li>Mesures: 15&#215;21 cm.<\/li>\n<li>Couleur blanche.<\/li>\n<li>600 GR \/ M2<\/li>\n<\/ul>\n<p><strong>Le pack comprend deux, Mitaines de bain.<\/strong><\/p>\n<p>Nous fabriquons, \u00e0 votre mesure <a href=\"mailto:Info@laruecavoladora.com\">Info@laruecavoladora.com<\/a><\/p>\n<p>Regardez notre guide de broderie, <a href=\"https:\/\/www.laruecavoladora.com\/wp-content\/uploads\/2023\/06\/bordados-y-disenos.pdf\">ici<\/a><\/p>\n","protected":false},"featured_media":11263,"comment_status":"open","ping_status":"closed","template":"","meta":{"_glsr_average":0,"_glsr_ranking":0,"_glsr_reviews":0,"_joinchat":{"message_text":"Hola!. En que podemos ayudarte.&#x1f60a;"}},"product_brand":[],"product_cat":[391,720,803,627],"product_tag":[],"class_list":{"0":"post-8073","1":"product","2":"type-product","3":"status-publish","4":"has-post-thumbnail","6":"product_cat-bain","7":"product_cat-bebes-fr","8":"product_cat-mitaines-de-bain","9":"product_cat-vetements-bebe","10":"wcpa_has_options","12":"first","13":"instock","14":"taxable","15":"shipping-taxable","16":"purchasable","17":"product-type-simple"},"yoast_head":"<!-- This site is optimized with the Yoast SEO plugin v27.5 - https:\/\/yoast.com\/product\/yoast-seo-wordpress\/ -->\n<title>Achetez des gants de bain en bambou. les meilleures mitaines en bambou.<\/title>\n<meta name=\"description\" content=\"Gant de bain en bambou. Gant de bain pour b\u00e9b\u00e9. Mitaines en coton et bambou, douces et tr\u00e8s confortables \u00e0 utiliser.\" \/>\n<meta name=\"robots\" content=\"index, follow, max-snippet:-1, max-image-preview:large, max-video-preview:-1\" \/>\n<link rel=\"canonical\" href=\"https:\/\/www.laruecavoladora.com\/fr\/producto\/mitaine-en-bambou\/\" \/>\n<meta property=\"og:locale\" content=\"fr_FR\" \/>\n<meta property=\"og:type\" content=\"article\" \/>\n<meta property=\"og:title\" content=\"Achetez des gants de bain en bambou. les meilleures mitaines en bambou.\" \/>\n<meta property=\"og:description\" content=\"Gant de bain en bambou. Gant de bain pour b\u00e9b\u00e9. Mitaines en coton et bambou, douces et tr\u00e8s confortables \u00e0 utiliser.\" \/>\n<meta property=\"og:url\" content=\"https:\/\/www.laruecavoladora.com\/fr\/producto\/mitaine-en-bambou\/\" \/>\n<meta property=\"og:site_name\" content=\"La Rueca Voladora\" \/>\n<meta property=\"article:modified_time\" content=\"2026-02-19T07:04:36+00:00\" \/>\n<meta property=\"og:image\" content=\"https:\/\/www.laruecavoladora.com\/wp-content\/uploads\/2021\/02\/Manoplas-de-bambu-larueca-voladora.png\" \/>\n\t<meta property=\"og:image:width\" content=\"1098\" \/>\n\t<meta property=\"og:image:height\" content=\"753\" \/>\n\t<meta property=\"og:image:type\" content=\"image\/png\" \/>\n<meta name=\"twitter:card\" content=\"summary_large_image\" \/>\n<meta name=\"twitter:label1\" content=\"Dur\u00e9e de lecture estim\u00e9e\" \/>\n\t<meta name=\"twitter:data1\" content=\"1 minute\" \/>\n<script type=\"application\/ld+json\" class=\"yoast-schema-graph\">{\"@context\":\"https:\\\/\\\/schema.org\",\"@graph\":[{\"@type\":\"WebPage\",\"@id\":\"https:\\\/\\\/www.laruecavoladora.com\\\/fr\\\/producto\\\/mitaine-en-bambou\\\/\",\"url\":\"https:\\\/\\\/www.laruecavoladora.com\\\/fr\\\/producto\\\/mitaine-en-bambou\\\/\",\"name\":\"Achetez des gants de bain en bambou. les meilleures mitaines en bambou.\",\"isPartOf\":{\"@id\":\"https:\\\/\\\/www.laruecavoladora.com\\\/fr\\\/#website\"},\"primaryImageOfPage\":{\"@id\":\"https:\\\/\\\/www.laruecavoladora.com\\\/fr\\\/producto\\\/mitaine-en-bambou\\\/#primaryimage\"},\"image\":{\"@id\":\"https:\\\/\\\/www.laruecavoladora.com\\\/fr\\\/producto\\\/mitaine-en-bambou\\\/#primaryimage\"},\"thumbnailUrl\":\"https:\\\/\\\/www.laruecavoladora.com\\\/wp-content\\\/uploads\\\/2021\\\/02\\\/Manoplas-de-bambu-larueca-voladora.png\",\"datePublished\":\"2021-02-09T08:20:42+00:00\",\"dateModified\":\"2026-02-19T07:04:36+00:00\",\"description\":\"Gant de bain en bambou. Gant de bain pour b\u00e9b\u00e9. Mitaines en coton et bambou, douces et tr\u00e8s confortables \u00e0 utiliser.\",\"breadcrumb\":{\"@id\":\"https:\\\/\\\/www.laruecavoladora.com\\\/fr\\\/producto\\\/mitaine-en-bambou\\\/#breadcrumb\"},\"inLanguage\":\"fr-FR\",\"potentialAction\":[{\"@type\":\"ReadAction\",\"target\":[\"https:\\\/\\\/www.laruecavoladora.com\\\/fr\\\/producto\\\/mitaine-en-bambou\\\/\"]}]},{\"@type\":\"ImageObject\",\"inLanguage\":\"fr-FR\",\"@id\":\"https:\\\/\\\/www.laruecavoladora.com\\\/fr\\\/producto\\\/mitaine-en-bambou\\\/#primaryimage\",\"url\":\"https:\\\/\\\/www.laruecavoladora.com\\\/wp-content\\\/uploads\\\/2021\\\/02\\\/Manoplas-de-bambu-larueca-voladora.png\",\"contentUrl\":\"https:\\\/\\\/www.laruecavoladora.com\\\/wp-content\\\/uploads\\\/2021\\\/02\\\/Manoplas-de-bambu-larueca-voladora.png\",\"width\":1098,\"height\":753,\"caption\":\"Alt=\u201dManoplas de ba\u00f1o de Bamb\u00fa\u201d.\"},{\"@type\":\"BreadcrumbList\",\"@id\":\"https:\\\/\\\/www.laruecavoladora.com\\\/fr\\\/producto\\\/mitaine-en-bambou\\\/#breadcrumb\",\"itemListElement\":[{\"@type\":\"ListItem\",\"position\":1,\"name\":\"Portada\",\"item\":\"https:\\\/\\\/www.laruecavoladora.com\\\/fr\\\/accueil\\\/\"},{\"@type\":\"ListItem\",\"position\":2,\"name\":\"Boutique\",\"item\":\"https:\\\/\\\/www.laruecavoladora.com\\\/tienda\\\/\"},{\"@type\":\"ListItem\",\"position\":3,\"name\":\"Mitaine en bambou\"}]},{\"@type\":\"WebSite\",\"@id\":\"https:\\\/\\\/www.laruecavoladora.com\\\/fr\\\/#website\",\"url\":\"https:\\\/\\\/www.laruecavoladora.com\\\/fr\\\/\",\"name\":\"La Rueca Voladora\",\"description\":\"Ropa del hogar de fibras Naturales\",\"potentialAction\":[{\"@type\":\"SearchAction\",\"target\":{\"@type\":\"EntryPoint\",\"urlTemplate\":\"https:\\\/\\\/www.laruecavoladora.com\\\/fr\\\/?s={search_term_string}\"},\"query-input\":{\"@type\":\"PropertyValueSpecification\",\"valueRequired\":true,\"valueName\":\"search_term_string\"}}],\"inLanguage\":\"fr-FR\"}]}<\/script>\n<!-- \/ Yoast SEO plugin. -->","yoast_head_json":{"title":"Achetez des gants de bain en bambou. les meilleures mitaines en bambou.","description":"Gant de bain en bambou. Gant de bain pour b\u00e9b\u00e9. Mitaines en coton et bambou, douces et tr\u00e8s confortables \u00e0 utiliser.","robots":{"index":"index","follow":"follow","max-snippet":"max-snippet:-1","max-image-preview":"max-image-preview:large","max-video-preview":"max-video-preview:-1"},"canonical":"https:\/\/www.laruecavoladora.com\/fr\/producto\/mitaine-en-bambou\/","og_locale":"fr_FR","og_type":"article","og_title":"Achetez des gants de bain en bambou. les meilleures mitaines en bambou.","og_description":"Gant de bain en bambou. Gant de bain pour b\u00e9b\u00e9. Mitaines en coton et bambou, douces et tr\u00e8s confortables \u00e0 utiliser.","og_url":"https:\/\/www.laruecavoladora.com\/fr\/producto\/mitaine-en-bambou\/","og_site_name":"La Rueca Voladora","article_modified_time":"2026-02-19T07:04:36+00:00","og_image":[{"width":1098,"height":753,"url":"https:\/\/www.laruecavoladora.com\/wp-content\/uploads\/2021\/02\/Manoplas-de-bambu-larueca-voladora.png","type":"image\/png"}],"twitter_card":"summary_large_image","twitter_misc":{"Dur\u00e9e de lecture estim\u00e9e":"1 minute"},"schema":{"@context":"https:\/\/schema.org","@graph":[{"@type":"WebPage","@id":"https:\/\/www.laruecavoladora.com\/fr\/producto\/mitaine-en-bambou\/","url":"https:\/\/www.laruecavoladora.com\/fr\/producto\/mitaine-en-bambou\/","name":"Achetez des gants de bain en bambou. les meilleures mitaines en bambou.","isPartOf":{"@id":"https:\/\/www.laruecavoladora.com\/fr\/#website"},"primaryImageOfPage":{"@id":"https:\/\/www.laruecavoladora.com\/fr\/producto\/mitaine-en-bambou\/#primaryimage"},"image":{"@id":"https:\/\/www.laruecavoladora.com\/fr\/producto\/mitaine-en-bambou\/#primaryimage"},"thumbnailUrl":"https:\/\/www.laruecavoladora.com\/wp-content\/uploads\/2021\/02\/Manoplas-de-bambu-larueca-voladora.png","datePublished":"2021-02-09T08:20:42+00:00","dateModified":"2026-02-19T07:04:36+00:00","description":"Gant de bain en bambou. Gant de bain pour b\u00e9b\u00e9. Mitaines en coton et bambou, douces et tr\u00e8s confortables \u00e0 utiliser.","breadcrumb":{"@id":"https:\/\/www.laruecavoladora.com\/fr\/producto\/mitaine-en-bambou\/#breadcrumb"},"inLanguage":"fr-FR","potentialAction":[{"@type":"ReadAction","target":["https:\/\/www.laruecavoladora.com\/fr\/producto\/mitaine-en-bambou\/"]}]},{"@type":"ImageObject","inLanguage":"fr-FR","@id":"https:\/\/www.laruecavoladora.com\/fr\/producto\/mitaine-en-bambou\/#primaryimage","url":"https:\/\/www.laruecavoladora.com\/wp-content\/uploads\/2021\/02\/Manoplas-de-bambu-larueca-voladora.png","contentUrl":"https:\/\/www.laruecavoladora.com\/wp-content\/uploads\/2021\/02\/Manoplas-de-bambu-larueca-voladora.png","width":1098,"height":753,"caption":"Alt=\u201dManoplas de ba\u00f1o de Bamb\u00fa\u201d."},{"@type":"BreadcrumbList","@id":"https:\/\/www.laruecavoladora.com\/fr\/producto\/mitaine-en-bambou\/#breadcrumb","itemListElement":[{"@type":"ListItem","position":1,"name":"Portada","item":"https:\/\/www.laruecavoladora.com\/fr\/accueil\/"},{"@type":"ListItem","position":2,"name":"Boutique","item":"https:\/\/www.laruecavoladora.com\/tienda\/"},{"@type":"ListItem","position":3,"name":"Mitaine en bambou"}]},{"@type":"WebSite","@id":"https:\/\/www.laruecavoladora.com\/fr\/#website","url":"https:\/\/www.laruecavoladora.com\/fr\/","name":"La Rueca Voladora","description":"Ropa del hogar de fibras Naturales","potentialAction":[{"@type":"SearchAction","target":{"@type":"EntryPoint","urlTemplate":"https:\/\/www.laruecavoladora.com\/fr\/?s={search_term_string}"},"query-input":{"@type":"PropertyValueSpecification","valueRequired":true,"valueName":"search_term_string"}}],"inLanguage":"fr-FR"}]}},"wcpa_form_fields":null,"_links":{"self":[{"href":"https:\/\/www.laruecavoladora.com\/fr\/wp-json\/wp\/v2\/product\/8073","targetHints":{"allow":["GET"]}}],"collection":[{"href":"https:\/\/www.laruecavoladora.com\/fr\/wp-json\/wp\/v2\/product"}],"about":[{"href":"https:\/\/www.laruecavoladora.com\/fr\/wp-json\/wp\/v2\/types\/product"}],"replies":[{"embeddable":true,"href":"https:\/\/www.laruecavoladora.com\/fr\/wp-json\/wp\/v2\/comments?post=8073"}],"wp:featuredmedia":[{"embeddable":true,"href":"https:\/\/www.laruecavoladora.com\/fr\/wp-json\/wp\/v2\/media\/11263"}],"wp:attachment":[{"href":"https:\/\/www.laruecavoladora.com\/fr\/wp-json\/wp\/v2\/media?parent=8073"}],"wp:term":[{"taxonomy":"product_brand","embeddable":true,"href":"https:\/\/www.laruecavoladora.com\/fr\/wp-json\/wp\/v2\/product_brand?post=8073"},{"taxonomy":"product_cat","embeddable":true,"href":"https:\/\/www.laruecavoladora.com\/fr\/wp-json\/wp\/v2\/product_cat?post=8073"},{"taxonomy":"product_tag","embeddable":true,"href":"https:\/\/www.laruecavoladora.com\/fr\/wp-json\/wp\/v2\/product_tag?post=8073"}],"curies":[{"name":"wp","href":"https:\/\/api.w.org\/{rel}","templated":true}]}}