{"id":8062,"date":"2021-02-08T18:54:31","date_gmt":"2021-02-08T17:54:31","guid":{"rendered":"https:\/\/www.laruecavoladora.com\/producto\/bath-moufles\/"},"modified":"2025-12-07T19:32:11","modified_gmt":"2025-12-07T18:32:11","slug":"bath-moufles","status":"publish","type":"product","link":"https:\/\/www.laruecavoladora.com\/fr\/producto\/bath-moufles\/","title":{"rendered":"Mitaine en coton bio"},"content":{"rendered":"<div class=\"wpb-content-wrapper\"><p>[vc_row][vc_column][vc_column_text]<span style=\"vertical-align: inherit;\"><span style=\"vertical-align: inherit;\">[\/vc_column_text][\/vc_column][\/vc_row][vc_row][vc_column][vc_column_text css=&#8221;&#8221;]\u00a0<\/span><\/span><\/p>\n<h1>Gant de bain en coton biologique.<\/h1>\n<p><strong>Gant de bain luxueux<\/strong>. Con\u00e7u en forme de gant pour un confort optimal, il est dot\u00e9 d&#8217;un \u00e9lastique invisible qui s&#8217;adapte \u00e0 toutes les tailles de poignet. Ce gant est fabriqu\u00e9 en coton biologique pour une douceur et une absorption exceptionnelles.<\/p>\n<p>Il s&#8217;accorde parfaitement avec les serviettes de bain de la m\u00eame collection.<\/p>\n<ul>\n<li>Dimensions\u00a0: 18\u00a0cm x 23\u00a0cm<\/li>\n<li>Couleur\u00a0: Blanc<\/li>\n<li>Grammage\u00a0: 600\u00a0g\/m\u00b2<\/li>\n<\/ul>\n<p><strong>Fabriqu\u00e9 en Espagne.<\/strong><\/p>\n<h5><img loading=\"lazy\" decoding=\"async\" class=\"wp-image-1961 size-thumbnail alignleft\" src=\"https:\/\/www.laruecavoladora.com\/wp-content\/uploads\/2018\/02\/sellocalidad-150x150.jpg\" alt=\"Alt=\u201dcertificados-org\u00e1nicos-certificaci\u00f3n-gots\u201d\" width=\"150\" height=\"150\" srcset=\"https:\/\/www.laruecavoladora.com\/wp-content\/uploads\/2018\/02\/sellocalidad-150x150.jpg 150w, https:\/\/www.laruecavoladora.com\/wp-content\/uploads\/2018\/02\/sellocalidad-300x300.jpg 300w, https:\/\/www.laruecavoladora.com\/wp-content\/uploads\/2018\/02\/sellocalidad-100x100.jpg 100w, https:\/\/www.laruecavoladora.com\/wp-content\/uploads\/2018\/02\/sellocalidad.jpg 303w\" sizes=\"auto, (max-width: 150px) 100vw, 150px\" \/><\/h5>\n<p>[\/vc_column_text][\/vc_column][\/vc_row][vc_row][vc_column][vc_column_text][\/vc_column_text][\/vc_column][\/vc_row]<\/p>\n<\/div>","protected":false},"excerpt":{"rendered":"<h2><strong>Mitaines de bain en coton biologique.<\/strong><\/h2>\n<p>Utilisation confortable. Aussi bien pour les <strong>adultes<\/strong> que pour <strong>le bain de<\/strong> <strong>votre b\u00e9b\u00e9.<\/strong><\/p>\n<ul>\n<li>Con\u00e7u pour que vous puissiez mettre votre main et un compartiment pour le pouce.<\/li>\n<li>Bande \u00e9lastique invisible pour s&#8217;adapter au poignet.<\/li>\n<\/ul>\n<p><strong>Mesures: 18cm x 23 cm.<\/strong><\/p>\n<p><strong>Couleur: blanche.<\/strong><\/p>\n<p><strong>600 GR \/ M2<\/strong><\/p>\n<p><strong>Le pack comprend deux, Mitaines de bain en coton biologique.<\/strong><\/p>\n<ul>\n<li>Look at our Embroidery Guide, <a href=\"https:\/\/www.laruecavoladora.com\/wp-content\/uploads\/2023\/06\/bordados-y-disenos.pdf\">Here<\/a><\/li>\n<\/ul>\n","protected":false},"featured_media":11257,"comment_status":"open","ping_status":"closed","template":"","meta":{"_glsr_average":0,"_glsr_ranking":0,"_glsr_reviews":0,"_joinchat":{"message_text":"Te podemos Ayudarte.&#x1f60a;"}},"product_brand":[],"product_cat":[391,719,720,803,627],"product_tag":[],"class_list":{"0":"post-8062","1":"product","2":"type-product","3":"status-publish","4":"has-post-thumbnail","6":"product_cat-bain","7":"product_cat-bain-fr","8":"product_cat-bebes-fr","9":"product_cat-mitaines-de-bain","10":"product_cat-vetements-bebe","11":"wcpa_has_options","13":"first","14":"instock","15":"taxable","16":"shipping-taxable","17":"purchasable","18":"product-type-simple"},"yoast_head":"<!-- This site is optimized with the Yoast SEO plugin v27.5 - https:\/\/yoast.com\/product\/yoast-seo-wordpress\/ -->\n<title>Acheter, Bath moufles de bain, coton biologique. Mitaines de bain.<\/title>\n<meta name=\"description\" content=\"Gant de bain, coton bio Gant de bain pour b\u00e9b\u00e9. Mitaines en coton, douces et tr\u00e8s confortables \u00e0 utiliser.gants de bain pour se d\u00e9tendre\" \/>\n<meta name=\"robots\" content=\"index, follow, max-snippet:-1, max-image-preview:large, max-video-preview:-1\" \/>\n<link rel=\"canonical\" href=\"https:\/\/www.laruecavoladora.com\/fr\/producto\/bath-moufles\/\" \/>\n<meta property=\"og:locale\" content=\"fr_FR\" \/>\n<meta property=\"og:type\" content=\"article\" \/>\n<meta property=\"og:title\" content=\"Acheter, Bath moufles de bain, coton biologique. Mitaines de bain.\" \/>\n<meta property=\"og:description\" content=\"Gant de bain, coton bio Gant de bain pour b\u00e9b\u00e9. Mitaines en coton, douces et tr\u00e8s confortables \u00e0 utiliser.gants de bain pour se d\u00e9tendre\" \/>\n<meta property=\"og:url\" content=\"https:\/\/www.laruecavoladora.com\/fr\/producto\/bath-moufles\/\" \/>\n<meta property=\"og:site_name\" content=\"La Rueca Voladora\" \/>\n<meta property=\"article:modified_time\" content=\"2025-12-07T18:32:11+00:00\" \/>\n<meta property=\"og:image\" content=\"https:\/\/www.laruecavoladora.com\/wp-content\/uploads\/2021\/02\/manopla-de-bebe-algodon-organico-suaves-scaled.jpg\" \/>\n\t<meta property=\"og:image:width\" content=\"2560\" \/>\n\t<meta property=\"og:image:height\" content=\"1883\" \/>\n\t<meta property=\"og:image:type\" content=\"image\/jpeg\" \/>\n<meta name=\"twitter:card\" content=\"summary_large_image\" \/>\n<meta name=\"twitter:label1\" content=\"Dur\u00e9e de lecture estim\u00e9e\" \/>\n\t<meta name=\"twitter:data1\" content=\"1 minute\" \/>\n<script type=\"application\/ld+json\" class=\"yoast-schema-graph\">{\"@context\":\"https:\\\/\\\/schema.org\",\"@graph\":[{\"@type\":\"WebPage\",\"@id\":\"https:\\\/\\\/www.laruecavoladora.com\\\/fr\\\/producto\\\/bath-moufles\\\/\",\"url\":\"https:\\\/\\\/www.laruecavoladora.com\\\/fr\\\/producto\\\/bath-moufles\\\/\",\"name\":\"Acheter, Bath moufles de bain, coton biologique. Mitaines de bain.\",\"isPartOf\":{\"@id\":\"https:\\\/\\\/www.laruecavoladora.com\\\/fr\\\/#website\"},\"primaryImageOfPage\":{\"@id\":\"https:\\\/\\\/www.laruecavoladora.com\\\/fr\\\/producto\\\/bath-moufles\\\/#primaryimage\"},\"image\":{\"@id\":\"https:\\\/\\\/www.laruecavoladora.com\\\/fr\\\/producto\\\/bath-moufles\\\/#primaryimage\"},\"thumbnailUrl\":\"https:\\\/\\\/www.laruecavoladora.com\\\/wp-content\\\/uploads\\\/2021\\\/02\\\/Manopla-de-bano-de-algodon-organico-la-rueca-voladora.png\",\"datePublished\":\"2021-02-08T17:54:31+00:00\",\"dateModified\":\"2025-12-07T18:32:11+00:00\",\"description\":\"Gant de bain, coton bio Gant de bain pour b\u00e9b\u00e9. Mitaines en coton, douces et tr\u00e8s confortables \u00e0 utiliser.gants de bain pour se d\u00e9tendre\",\"breadcrumb\":{\"@id\":\"https:\\\/\\\/www.laruecavoladora.com\\\/fr\\\/producto\\\/bath-moufles\\\/#breadcrumb\"},\"inLanguage\":\"fr-FR\",\"potentialAction\":[{\"@type\":\"ReadAction\",\"target\":[\"https:\\\/\\\/www.laruecavoladora.com\\\/fr\\\/producto\\\/bath-moufles\\\/\"]}]},{\"@type\":\"ImageObject\",\"inLanguage\":\"fr-FR\",\"@id\":\"https:\\\/\\\/www.laruecavoladora.com\\\/fr\\\/producto\\\/bath-moufles\\\/#primaryimage\",\"url\":\"https:\\\/\\\/www.laruecavoladora.com\\\/wp-content\\\/uploads\\\/2021\\\/02\\\/Manopla-de-bano-de-algodon-organico-la-rueca-voladora.png\",\"contentUrl\":\"https:\\\/\\\/www.laruecavoladora.com\\\/wp-content\\\/uploads\\\/2021\\\/02\\\/Manopla-de-bano-de-algodon-organico-la-rueca-voladora.png\",\"width\":2304,\"height\":1856,\"caption\":\"Alt=\u201dManopla de Ba\u00f1o\u201d.\"},{\"@type\":\"BreadcrumbList\",\"@id\":\"https:\\\/\\\/www.laruecavoladora.com\\\/fr\\\/producto\\\/bath-moufles\\\/#breadcrumb\",\"itemListElement\":[{\"@type\":\"ListItem\",\"position\":1,\"name\":\"Portada\",\"item\":\"https:\\\/\\\/www.laruecavoladora.com\\\/fr\\\/accueil\\\/\"},{\"@type\":\"ListItem\",\"position\":2,\"name\":\"Boutique\",\"item\":\"https:\\\/\\\/www.laruecavoladora.com\\\/tienda\\\/\"},{\"@type\":\"ListItem\",\"position\":3,\"name\":\"Mitaine en coton bio\"}]},{\"@type\":\"WebSite\",\"@id\":\"https:\\\/\\\/www.laruecavoladora.com\\\/fr\\\/#website\",\"url\":\"https:\\\/\\\/www.laruecavoladora.com\\\/fr\\\/\",\"name\":\"La Rueca Voladora\",\"description\":\"Ropa del hogar de fibras Naturales\",\"potentialAction\":[{\"@type\":\"SearchAction\",\"target\":{\"@type\":\"EntryPoint\",\"urlTemplate\":\"https:\\\/\\\/www.laruecavoladora.com\\\/fr\\\/?s={search_term_string}\"},\"query-input\":{\"@type\":\"PropertyValueSpecification\",\"valueRequired\":true,\"valueName\":\"search_term_string\"}}],\"inLanguage\":\"fr-FR\"}]}<\/script>\n<!-- \/ Yoast SEO plugin. -->","yoast_head_json":{"title":"Acheter, Bath moufles de bain, coton biologique. Mitaines de bain.","description":"Gant de bain, coton bio Gant de bain pour b\u00e9b\u00e9. Mitaines en coton, douces et tr\u00e8s confortables \u00e0 utiliser.gants de bain pour se d\u00e9tendre","robots":{"index":"index","follow":"follow","max-snippet":"max-snippet:-1","max-image-preview":"max-image-preview:large","max-video-preview":"max-video-preview:-1"},"canonical":"https:\/\/www.laruecavoladora.com\/fr\/producto\/bath-moufles\/","og_locale":"fr_FR","og_type":"article","og_title":"Acheter, Bath moufles de bain, coton biologique. Mitaines de bain.","og_description":"Gant de bain, coton bio Gant de bain pour b\u00e9b\u00e9. Mitaines en coton, douces et tr\u00e8s confortables \u00e0 utiliser.gants de bain pour se d\u00e9tendre","og_url":"https:\/\/www.laruecavoladora.com\/fr\/producto\/bath-moufles\/","og_site_name":"La Rueca Voladora","article_modified_time":"2025-12-07T18:32:11+00:00","og_image":[{"width":2560,"height":1883,"url":"https:\/\/www.laruecavoladora.com\/wp-content\/uploads\/2021\/02\/manopla-de-bebe-algodon-organico-suaves-scaled.jpg","type":"image\/jpeg"}],"twitter_card":"summary_large_image","twitter_misc":{"Dur\u00e9e de lecture estim\u00e9e":"1 minute"},"schema":{"@context":"https:\/\/schema.org","@graph":[{"@type":"WebPage","@id":"https:\/\/www.laruecavoladora.com\/fr\/producto\/bath-moufles\/","url":"https:\/\/www.laruecavoladora.com\/fr\/producto\/bath-moufles\/","name":"Acheter, Bath moufles de bain, coton biologique. Mitaines de bain.","isPartOf":{"@id":"https:\/\/www.laruecavoladora.com\/fr\/#website"},"primaryImageOfPage":{"@id":"https:\/\/www.laruecavoladora.com\/fr\/producto\/bath-moufles\/#primaryimage"},"image":{"@id":"https:\/\/www.laruecavoladora.com\/fr\/producto\/bath-moufles\/#primaryimage"},"thumbnailUrl":"https:\/\/www.laruecavoladora.com\/wp-content\/uploads\/2021\/02\/Manopla-de-bano-de-algodon-organico-la-rueca-voladora.png","datePublished":"2021-02-08T17:54:31+00:00","dateModified":"2025-12-07T18:32:11+00:00","description":"Gant de bain, coton bio Gant de bain pour b\u00e9b\u00e9. Mitaines en coton, douces et tr\u00e8s confortables \u00e0 utiliser.gants de bain pour se d\u00e9tendre","breadcrumb":{"@id":"https:\/\/www.laruecavoladora.com\/fr\/producto\/bath-moufles\/#breadcrumb"},"inLanguage":"fr-FR","potentialAction":[{"@type":"ReadAction","target":["https:\/\/www.laruecavoladora.com\/fr\/producto\/bath-moufles\/"]}]},{"@type":"ImageObject","inLanguage":"fr-FR","@id":"https:\/\/www.laruecavoladora.com\/fr\/producto\/bath-moufles\/#primaryimage","url":"https:\/\/www.laruecavoladora.com\/wp-content\/uploads\/2021\/02\/Manopla-de-bano-de-algodon-organico-la-rueca-voladora.png","contentUrl":"https:\/\/www.laruecavoladora.com\/wp-content\/uploads\/2021\/02\/Manopla-de-bano-de-algodon-organico-la-rueca-voladora.png","width":2304,"height":1856,"caption":"Alt=\u201dManopla de Ba\u00f1o\u201d."},{"@type":"BreadcrumbList","@id":"https:\/\/www.laruecavoladora.com\/fr\/producto\/bath-moufles\/#breadcrumb","itemListElement":[{"@type":"ListItem","position":1,"name":"Portada","item":"https:\/\/www.laruecavoladora.com\/fr\/accueil\/"},{"@type":"ListItem","position":2,"name":"Boutique","item":"https:\/\/www.laruecavoladora.com\/tienda\/"},{"@type":"ListItem","position":3,"name":"Mitaine en coton bio"}]},{"@type":"WebSite","@id":"https:\/\/www.laruecavoladora.com\/fr\/#website","url":"https:\/\/www.laruecavoladora.com\/fr\/","name":"La Rueca Voladora","description":"Ropa del hogar de fibras Naturales","potentialAction":[{"@type":"SearchAction","target":{"@type":"EntryPoint","urlTemplate":"https:\/\/www.laruecavoladora.com\/fr\/?s={search_term_string}"},"query-input":{"@type":"PropertyValueSpecification","valueRequired":true,"valueName":"search_term_string"}}],"inLanguage":"fr-FR"}]}},"wcpa_form_fields":null,"_links":{"self":[{"href":"https:\/\/www.laruecavoladora.com\/fr\/wp-json\/wp\/v2\/product\/8062","targetHints":{"allow":["GET"]}}],"collection":[{"href":"https:\/\/www.laruecavoladora.com\/fr\/wp-json\/wp\/v2\/product"}],"about":[{"href":"https:\/\/www.laruecavoladora.com\/fr\/wp-json\/wp\/v2\/types\/product"}],"replies":[{"embeddable":true,"href":"https:\/\/www.laruecavoladora.com\/fr\/wp-json\/wp\/v2\/comments?post=8062"}],"wp:featuredmedia":[{"embeddable":true,"href":"https:\/\/www.laruecavoladora.com\/fr\/wp-json\/wp\/v2\/media\/11257"}],"wp:attachment":[{"href":"https:\/\/www.laruecavoladora.com\/fr\/wp-json\/wp\/v2\/media?parent=8062"}],"wp:term":[{"taxonomy":"product_brand","embeddable":true,"href":"https:\/\/www.laruecavoladora.com\/fr\/wp-json\/wp\/v2\/product_brand?post=8062"},{"taxonomy":"product_cat","embeddable":true,"href":"https:\/\/www.laruecavoladora.com\/fr\/wp-json\/wp\/v2\/product_cat?post=8062"},{"taxonomy":"product_tag","embeddable":true,"href":"https:\/\/www.laruecavoladora.com\/fr\/wp-json\/wp\/v2\/product_tag?post=8062"}],"curies":[{"name":"wp","href":"https:\/\/api.w.org\/{rel}","templated":true}]}}