{"id":8050,"date":"2021-02-08T12:44:29","date_gmt":"2021-02-08T11:44:29","guid":{"rendered":"https:\/\/www.laruecavoladora.com\/producto\/plaids-pour-les-lits\/"},"modified":"2026-03-17T14:39:44","modified_gmt":"2026-03-17T13:39:44","slug":"couverture-decorative","status":"publish","type":"product","link":"https:\/\/www.laruecavoladora.com\/fr\/producto\/plaids-pour-les-lits\/","title":{"rendered":"Couverture D\u00e9corative"},"content":{"rendered":"<div class=\"wpb-content-wrapper\"><p>[vc_row][vc_column][vc_column_text css=&#8221;&#8221;]<\/p>\n<h1>Couverture en alpaga.<\/h1>\n<h2>Couverture D\u00e9corative.<\/h2>\n<h2>Couverture en alpaga bicolore.<\/h2>\n<p><strong>Dimensions<\/strong> : 150 x 200 cm.<\/p>\n<ul>\n<li><strong>100 % b\u00e9b\u00e9 alpaga \u00e9cologique<\/strong>, naturel surmont\u00e9 d&#8217;une \u00e9l\u00e9gante bordure en fil d&#8217;alpaga blanc.<\/li>\n<li><strong>Couverture r\u00e9versible<\/strong>. D&#8217;un c\u00f4t\u00e9 de la couverture, couleur \u00e9cru naturel. De l&#8217;autre c\u00f4t\u00e9, une couleur plus fonc\u00e9e, le marron.<\/li>\n<\/ul>\n<p>L\u00e9ger et respirant.<\/p>\n<p>Toucher tr\u00e8s doux et soyeux.<\/p>\n<p><strong>Baby alpaga du P\u00e9rou.<\/strong><br \/>\nEn introduisant l&#8217;alpaga dans le tissu 100% naturel, il donne une touche de luxe, de douceur et de moelleux \u00e0 la literie. L&#8217;\u00e2ge est l&#8217;un des \u00e9l\u00e9ments qui influencent le plus la qualit\u00e9, le fameux baby alpaga du P\u00e9rou est issu de la premi\u00e8re tonte, tonte ou taille qui est donn\u00e9e \u00e0 ces animaux lorsqu&#8217;ils ont atteint l&#8217;\u00e2ge adulte et qui produit la laine la meilleure et la plus douce <strong>Les alpagas ne sont jamais<\/strong> <strong>abattus pour la laine<\/strong>. Au contraire, ils vivent en troupeaux libres et sont tondus une fois par an, co\u00efncidant avec la saison la plus chaude. La couleur la plus courante dans les troupeaux d&#8217;alpaga est l&#8217;\u00e9cru naturel, cependant il existe de nombreuses nuances qui vont du gris, du marron et du marron.<\/p>\n<p>C&#8217;est une laine qui ne provoque pas d&#8217;allergies, est isolante, thermique et absorbe l&#8217;humidit\u00e9 de l&#8217;environnement dans lequel elle se trouve. Il ne gratte pas, bien au contraire, il est tr\u00e8s doux et moelleux. Il est chaud, soyeux, brillant, \u00e9lastique et ignifuge, tr\u00e8s difficile \u00e0 br\u00fbler.<\/p>\n<p><strong>Couvertures du P\u00e9rou.<\/strong><\/p>\n<p>[\/vc_column_text][\/vc_column][\/vc_row]<\/p>\n<\/div>","protected":false},"excerpt":{"rendered":"<p>D\u00e9corez votre lit, avec nos <strong>plaids<\/strong> en poil de chameau, <strong>brod\u00e9s.<\/strong><\/p>\n<h2>Plaids de lit.<\/h2>\n<h3>Couverture de lit\u00a0 en alpaga.<\/h3>\n<ul>\n<li><strong>Dimensions<\/strong> : 150 x 200 cm.<br \/>\n100 % b\u00e9b\u00e9 alpaga \u00e9cologique, naturel surmont\u00e9 d&#8217;une \u00e9l\u00e9gante bordure en fil d&#8217;alpaga blanc.<\/li>\n<li><strong>Couverture r\u00e9versible<\/strong>. Pour un visage de couleur brute naturelle. De l&#8217;autre une couleur plus fonc\u00e9e, le marron.<\/li>\n<li><strong>Poids<\/strong>\u00a0: 1\u00a0370\u00a0kg<\/li>\n<\/ul>\n<p><strong>L\u00e9ger et respirant.<\/strong><\/p>\n<p><strong>Toucher tr\u00e8s doux et soyeux.<\/strong><\/p>\n","protected":false},"featured_media":9886,"comment_status":"open","ping_status":"closed","template":"","meta":{"_glsr_average":0,"_glsr_ranking":0,"_glsr_reviews":0,"_joinchat":{"message_text":"En que podemos ayudarte.&#x1f60a;"}},"product_brand":[],"product_cat":[231,545],"product_tag":[],"class_list":{"0":"post-8050","1":"product","2":"type-product","3":"status-publish","4":"has-post-thumbnail","6":"product_cat-couvertures","7":"product_cat-plaids","9":"first","10":"instock","11":"taxable","12":"shipping-taxable","13":"purchasable","14":"product-type-variable"},"yoast_head":"<!-- This site is optimized with the Yoast SEO plugin v27.5 - https:\/\/yoast.com\/product\/yoast-seo-wordpress\/ -->\n<title>Couverture D\u00e9corative<\/title>\n<meta name=\"description\" content=\"Plaids poils de chameau. Couverture de canap\u00e9 ou de lit r\u00e9versible Couverture 100% alpaga. La laine d&#039;alpaga est consid\u00e9r\u00e9e comme &quot;l&#039;or des Andes&quot;\" \/>\n<meta name=\"robots\" content=\"index, follow, max-snippet:-1, max-image-preview:large, max-video-preview:-1\" \/>\n<link rel=\"canonical\" href=\"https:\/\/www.laruecavoladora.com\/fr\/producto\/plaids-pour-les-lits\/\" \/>\n<meta property=\"og:locale\" content=\"fr_FR\" \/>\n<meta property=\"og:type\" content=\"article\" \/>\n<meta property=\"og:title\" content=\"Couverture D\u00e9corative\" \/>\n<meta property=\"og:description\" content=\"Plaids poils de chameau. Couverture de canap\u00e9 ou de lit r\u00e9versible Couverture 100% alpaga. La laine d&#039;alpaga est consid\u00e9r\u00e9e comme &quot;l&#039;or des Andes&quot;\" \/>\n<meta property=\"og:url\" content=\"https:\/\/www.laruecavoladora.com\/fr\/producto\/plaids-pour-les-lits\/\" \/>\n<meta property=\"og:site_name\" content=\"La Rueca Voladora\" \/>\n<meta property=\"article:modified_time\" content=\"2026-03-17T13:39:44+00:00\" \/>\n<meta property=\"og:image\" content=\"https:\/\/www.laruecavoladora.com\/wp-content\/uploads\/2021\/02\/manta-de-camello-para-cama-135-140.jpg\" \/>\n\t<meta property=\"og:image:width\" content=\"1080\" \/>\n\t<meta property=\"og:image:height\" content=\"900\" \/>\n\t<meta property=\"og:image:type\" content=\"image\/jpeg\" \/>\n<meta name=\"twitter:card\" content=\"summary_large_image\" \/>\n<meta name=\"twitter:label1\" content=\"Dur\u00e9e de lecture estim\u00e9e\" \/>\n\t<meta name=\"twitter:data1\" content=\"2 minutes\" \/>\n<script type=\"application\/ld+json\" class=\"yoast-schema-graph\">{\"@context\":\"https:\\\/\\\/schema.org\",\"@graph\":[{\"@type\":\"WebPage\",\"@id\":\"https:\\\/\\\/www.laruecavoladora.com\\\/fr\\\/producto\\\/plaids-pour-les-lits\\\/\",\"url\":\"https:\\\/\\\/www.laruecavoladora.com\\\/fr\\\/producto\\\/plaids-pour-les-lits\\\/\",\"name\":\"Couverture D\u00e9corative\",\"isPartOf\":{\"@id\":\"https:\\\/\\\/www.laruecavoladora.com\\\/fr\\\/#website\"},\"primaryImageOfPage\":{\"@id\":\"https:\\\/\\\/www.laruecavoladora.com\\\/fr\\\/producto\\\/plaids-pour-les-lits\\\/#primaryimage\"},\"image\":{\"@id\":\"https:\\\/\\\/www.laruecavoladora.com\\\/fr\\\/producto\\\/plaids-pour-les-lits\\\/#primaryimage\"},\"thumbnailUrl\":\"https:\\\/\\\/www.laruecavoladora.com\\\/wp-content\\\/uploads\\\/2021\\\/02\\\/manta-de-camello-para-cama-135-140.jpg\",\"datePublished\":\"2021-02-08T11:44:29+00:00\",\"dateModified\":\"2026-03-17T13:39:44+00:00\",\"description\":\"Plaids poils de chameau. Couverture de canap\u00e9 ou de lit r\u00e9versible Couverture 100% alpaga. La laine d'alpaga est consid\u00e9r\u00e9e comme \\\"l'or des Andes\\\"\",\"breadcrumb\":{\"@id\":\"https:\\\/\\\/www.laruecavoladora.com\\\/fr\\\/producto\\\/plaids-pour-les-lits\\\/#breadcrumb\"},\"inLanguage\":\"fr-FR\",\"potentialAction\":[{\"@type\":\"ReadAction\",\"target\":[\"https:\\\/\\\/www.laruecavoladora.com\\\/fr\\\/producto\\\/plaids-pour-les-lits\\\/\"]}]},{\"@type\":\"ImageObject\",\"inLanguage\":\"fr-FR\",\"@id\":\"https:\\\/\\\/www.laruecavoladora.com\\\/fr\\\/producto\\\/plaids-pour-les-lits\\\/#primaryimage\",\"url\":\"https:\\\/\\\/www.laruecavoladora.com\\\/wp-content\\\/uploads\\\/2021\\\/02\\\/manta-de-camello-para-cama-135-140.jpg\",\"contentUrl\":\"https:\\\/\\\/www.laruecavoladora.com\\\/wp-content\\\/uploads\\\/2021\\\/02\\\/manta-de-camello-para-cama-135-140.jpg\",\"width\":1080,\"height\":900,\"caption\":\"Alt=\u201dPlaid poil de chameau, b\u00e9b\u00e9\u201d.\"},{\"@type\":\"BreadcrumbList\",\"@id\":\"https:\\\/\\\/www.laruecavoladora.com\\\/fr\\\/producto\\\/plaids-pour-les-lits\\\/#breadcrumb\",\"itemListElement\":[{\"@type\":\"ListItem\",\"position\":1,\"name\":\"Portada\",\"item\":\"https:\\\/\\\/www.laruecavoladora.com\\\/fr\\\/accueil\\\/\"},{\"@type\":\"ListItem\",\"position\":2,\"name\":\"Boutique\",\"item\":\"https:\\\/\\\/www.laruecavoladora.com\\\/tienda\\\/\"},{\"@type\":\"ListItem\",\"position\":3,\"name\":\"Couverture D\u00e9corative\"}]},{\"@type\":\"WebSite\",\"@id\":\"https:\\\/\\\/www.laruecavoladora.com\\\/fr\\\/#website\",\"url\":\"https:\\\/\\\/www.laruecavoladora.com\\\/fr\\\/\",\"name\":\"La Rueca Voladora\",\"description\":\"Ropa del hogar de fibras Naturales\",\"potentialAction\":[{\"@type\":\"SearchAction\",\"target\":{\"@type\":\"EntryPoint\",\"urlTemplate\":\"https:\\\/\\\/www.laruecavoladora.com\\\/fr\\\/?s={search_term_string}\"},\"query-input\":{\"@type\":\"PropertyValueSpecification\",\"valueRequired\":true,\"valueName\":\"search_term_string\"}}],\"inLanguage\":\"fr-FR\"}]}<\/script>\n<!-- \/ Yoast SEO plugin. -->","yoast_head_json":{"title":"Couverture D\u00e9corative","description":"Plaids poils de chameau. Couverture de canap\u00e9 ou de lit r\u00e9versible Couverture 100% alpaga. La laine d'alpaga est consid\u00e9r\u00e9e comme \"l'or des Andes\"","robots":{"index":"index","follow":"follow","max-snippet":"max-snippet:-1","max-image-preview":"max-image-preview:large","max-video-preview":"max-video-preview:-1"},"canonical":"https:\/\/www.laruecavoladora.com\/fr\/producto\/plaids-pour-les-lits\/","og_locale":"fr_FR","og_type":"article","og_title":"Couverture D\u00e9corative","og_description":"Plaids poils de chameau. Couverture de canap\u00e9 ou de lit r\u00e9versible Couverture 100% alpaga. La laine d'alpaga est consid\u00e9r\u00e9e comme \"l'or des Andes\"","og_url":"https:\/\/www.laruecavoladora.com\/fr\/producto\/plaids-pour-les-lits\/","og_site_name":"La Rueca Voladora","article_modified_time":"2026-03-17T13:39:44+00:00","og_image":[{"width":1080,"height":900,"url":"https:\/\/www.laruecavoladora.com\/wp-content\/uploads\/2021\/02\/manta-de-camello-para-cama-135-140.jpg","type":"image\/jpeg"}],"twitter_card":"summary_large_image","twitter_misc":{"Dur\u00e9e de lecture estim\u00e9e":"2 minutes"},"schema":{"@context":"https:\/\/schema.org","@graph":[{"@type":"WebPage","@id":"https:\/\/www.laruecavoladora.com\/fr\/producto\/plaids-pour-les-lits\/","url":"https:\/\/www.laruecavoladora.com\/fr\/producto\/plaids-pour-les-lits\/","name":"Couverture D\u00e9corative","isPartOf":{"@id":"https:\/\/www.laruecavoladora.com\/fr\/#website"},"primaryImageOfPage":{"@id":"https:\/\/www.laruecavoladora.com\/fr\/producto\/plaids-pour-les-lits\/#primaryimage"},"image":{"@id":"https:\/\/www.laruecavoladora.com\/fr\/producto\/plaids-pour-les-lits\/#primaryimage"},"thumbnailUrl":"https:\/\/www.laruecavoladora.com\/wp-content\/uploads\/2021\/02\/manta-de-camello-para-cama-135-140.jpg","datePublished":"2021-02-08T11:44:29+00:00","dateModified":"2026-03-17T13:39:44+00:00","description":"Plaids poils de chameau. Couverture de canap\u00e9 ou de lit r\u00e9versible Couverture 100% alpaga. La laine d'alpaga est consid\u00e9r\u00e9e comme \"l'or des Andes\"","breadcrumb":{"@id":"https:\/\/www.laruecavoladora.com\/fr\/producto\/plaids-pour-les-lits\/#breadcrumb"},"inLanguage":"fr-FR","potentialAction":[{"@type":"ReadAction","target":["https:\/\/www.laruecavoladora.com\/fr\/producto\/plaids-pour-les-lits\/"]}]},{"@type":"ImageObject","inLanguage":"fr-FR","@id":"https:\/\/www.laruecavoladora.com\/fr\/producto\/plaids-pour-les-lits\/#primaryimage","url":"https:\/\/www.laruecavoladora.com\/wp-content\/uploads\/2021\/02\/manta-de-camello-para-cama-135-140.jpg","contentUrl":"https:\/\/www.laruecavoladora.com\/wp-content\/uploads\/2021\/02\/manta-de-camello-para-cama-135-140.jpg","width":1080,"height":900,"caption":"Alt=\u201dPlaid poil de chameau, b\u00e9b\u00e9\u201d."},{"@type":"BreadcrumbList","@id":"https:\/\/www.laruecavoladora.com\/fr\/producto\/plaids-pour-les-lits\/#breadcrumb","itemListElement":[{"@type":"ListItem","position":1,"name":"Portada","item":"https:\/\/www.laruecavoladora.com\/fr\/accueil\/"},{"@type":"ListItem","position":2,"name":"Boutique","item":"https:\/\/www.laruecavoladora.com\/tienda\/"},{"@type":"ListItem","position":3,"name":"Couverture D\u00e9corative"}]},{"@type":"WebSite","@id":"https:\/\/www.laruecavoladora.com\/fr\/#website","url":"https:\/\/www.laruecavoladora.com\/fr\/","name":"La Rueca Voladora","description":"Ropa del hogar de fibras Naturales","potentialAction":[{"@type":"SearchAction","target":{"@type":"EntryPoint","urlTemplate":"https:\/\/www.laruecavoladora.com\/fr\/?s={search_term_string}"},"query-input":{"@type":"PropertyValueSpecification","valueRequired":true,"valueName":"search_term_string"}}],"inLanguage":"fr-FR"}]}},"wcpa_form_fields":null,"_links":{"self":[{"href":"https:\/\/www.laruecavoladora.com\/fr\/wp-json\/wp\/v2\/product\/8050","targetHints":{"allow":["GET"]}}],"collection":[{"href":"https:\/\/www.laruecavoladora.com\/fr\/wp-json\/wp\/v2\/product"}],"about":[{"href":"https:\/\/www.laruecavoladora.com\/fr\/wp-json\/wp\/v2\/types\/product"}],"replies":[{"embeddable":true,"href":"https:\/\/www.laruecavoladora.com\/fr\/wp-json\/wp\/v2\/comments?post=8050"}],"wp:featuredmedia":[{"embeddable":true,"href":"https:\/\/www.laruecavoladora.com\/fr\/wp-json\/wp\/v2\/media\/9886"}],"wp:attachment":[{"href":"https:\/\/www.laruecavoladora.com\/fr\/wp-json\/wp\/v2\/media?parent=8050"}],"wp:term":[{"taxonomy":"product_brand","embeddable":true,"href":"https:\/\/www.laruecavoladora.com\/fr\/wp-json\/wp\/v2\/product_brand?post=8050"},{"taxonomy":"product_cat","embeddable":true,"href":"https:\/\/www.laruecavoladora.com\/fr\/wp-json\/wp\/v2\/product_cat?post=8050"},{"taxonomy":"product_tag","embeddable":true,"href":"https:\/\/www.laruecavoladora.com\/fr\/wp-json\/wp\/v2\/product_tag?post=8050"}],"curies":[{"name":"wp","href":"https:\/\/api.w.org\/{rel}","templated":true}]}}