{"id":7990,"date":"2019-07-19T13:39:27","date_gmt":"2019-07-19T11:39:27","guid":{"rendered":"https:\/\/www.laruecavoladora.com\/producto\/trousse-de-toilette-en-edition-limitee\/"},"modified":"2024-12-13T18:14:15","modified_gmt":"2024-12-13T17:14:15","slug":"trousse-de-toilette-en-edition-limitee","status":"publish","type":"product","link":"https:\/\/www.laruecavoladora.com\/fr\/produit\/trousse-de-toilette-en-edition-limitee\/","title":{"rendered":"Trousse de toilette en \u00e9dition limit\u00e9e"},"content":{"rendered":"<div class=\"wpb-content-wrapper\"><p>[vc_row][vc_column][vc_column_text css=&#8221;&#8221;]<br \/>\n<strong>Sac de voyage \u00e9cologique, lavable.<\/strong><\/p>\n<p>\u00c9l\u00e9gant et moderne.<\/p>\n<p>Trousse de toilette avec fermeture zipp\u00e9e et poign\u00e9es.<\/p>\n<p><strong>Poche int\u00e9rieure<\/strong> 20&#215;15 cm.<\/p>\n<p><strong>Tissu de doublure<\/strong> imperm\u00e9able.<\/p>\n<p>Il s&#8217;agit d&#8217;un tissu plastique fin, translucide, souple et tr\u00e8s agr\u00e9able au toucher. Il est con\u00e7u pour r\u00e9pondre aux normes \u00e9cologiques les plus \u00e9lev\u00e9es, minimisant ainsi l&#8217;impact environnemental.<\/p>\n<p><strong>Il est biod\u00e9gradable,<\/strong> \u00e9cologique, respectueux de l&#8217;environnement et ne d\u00e9gage aucun type de toxique pouvant nuire \u00e0 notre sant\u00e9.<\/p>\n<ul>\n<li>\u00c9tant en tissu, c&#8217;est une trousse d<strong>e toilette tr\u00e8s flexible<\/strong>.<br \/>\nIl s&#8217;adapte \u00e0 n&#8217;importe <strong>quel espace de notre valise.<\/strong><\/li>\n<\/ul>\n<p><strong>Mesures:<\/strong> 26x20x11 cm<\/p>\n<p><strong>Fabriqu\u00e9 en Espagne.<\/strong>[\/vc_column_text][\/vc_column][\/vc_row]<\/p>\n<\/div>","protected":false},"excerpt":{"rendered":"<p><strong>Sac de voyage. \u00c9dition limit\u00e9e.<\/strong><\/p>\n<ul>\n<li>Assorti \u00e0 votre serviette en bambou.<\/li>\n<\/ul>\n<p><strong>Trousse de toilette en coton biologique<\/strong>, lavable et tr\u00e8s souple.<\/p>\n<p><strong>Fermeture zipp\u00e9e sur le dessus<\/strong>, poche int\u00e9rieure, doublure imperm\u00e9able.<\/p>\n<p><strong>Des mesures:<\/strong><\/p>\n<ul>\n<li>26 cm de large.<br \/>\n20 cm de hauteur.<br \/>\n11 cm de profondeur.<br \/>\nAnse de 18 cm.<\/li>\n<\/ul>\n<p>Un \u00e9v\u00e9nement sp\u00e9cial, un cadeau unique? Nous le recherchons pour vous, <strong>\u00e9crivez-nous<\/strong> \u00e0 info@laruecavoladora.com.<\/p>\n","protected":false},"featured_media":7645,"comment_status":"open","ping_status":"closed","template":"","meta":{"_glsr_average":0,"_glsr_ranking":0,"_glsr_reviews":0,"_joinchat":[]},"product_brand":[],"product_cat":[864,391,775],"product_tag":[],"class_list":{"0":"post-7990","1":"product","2":"type-product","3":"status-publish","4":"has-post-thumbnail","6":"product_cat-accessoires-fr","7":"product_cat-bain","8":"product_cat-sacs-de-toilette","9":"wcpa_has_options","11":"first","12":"instock","13":"taxable","14":"shipping-taxable","15":"purchasable","16":"product-type-simple"},"yoast_head":"<!-- This site is optimized with the Yoast SEO plugin v27.5 - https:\/\/yoast.com\/product\/yoast-seo-wordpress\/ -->\n<title>acheter un sac de voyage, \u00e9l\u00e9gant et moderne en coton biologique.<\/title>\n<meta name=\"description\" content=\"Sac de voyage, \u00e9l\u00e9gant et moderne Sac de marque personnalis\u00e9 Sac de voyage en coton biologique Ecologique.\" \/>\n<meta name=\"robots\" content=\"index, follow, max-snippet:-1, max-image-preview:large, max-video-preview:-1\" \/>\n<link rel=\"canonical\" href=\"https:\/\/www.laruecavoladora.com\/fr\/produit\/trousse-de-toilette-en-edition-limitee\/\" \/>\n<meta property=\"og:locale\" content=\"fr_FR\" \/>\n<meta property=\"og:type\" content=\"article\" \/>\n<meta property=\"og:title\" content=\"acheter un sac de voyage, \u00e9l\u00e9gant et moderne en coton biologique.\" \/>\n<meta property=\"og:description\" content=\"Sac de voyage, \u00e9l\u00e9gant et moderne Sac de marque personnalis\u00e9 Sac de voyage en coton biologique Ecologique.\" \/>\n<meta property=\"og:url\" content=\"https:\/\/www.laruecavoladora.com\/fr\/produit\/trousse-de-toilette-en-edition-limitee\/\" \/>\n<meta property=\"og:site_name\" content=\"La Rueca Voladora\" \/>\n<meta property=\"article:modified_time\" content=\"2024-12-13T17:14:15+00:00\" \/>\n<meta property=\"og:image\" content=\"https:\/\/www.laruecavoladora.com\/wp-content\/uploads\/2019\/07\/neceser-mujer-elegante-1-scaled.jpg\" \/>\n\t<meta property=\"og:image:width\" content=\"2560\" \/>\n\t<meta property=\"og:image:height\" content=\"1920\" \/>\n\t<meta property=\"og:image:type\" content=\"image\/jpeg\" \/>\n<meta name=\"twitter:card\" content=\"summary_large_image\" \/>\n<meta name=\"twitter:label1\" content=\"Dur\u00e9e de lecture estim\u00e9e\" \/>\n\t<meta name=\"twitter:data1\" content=\"1 minute\" \/>\n<script type=\"application\/ld+json\" class=\"yoast-schema-graph\">{\"@context\":\"https:\\\/\\\/schema.org\",\"@graph\":[{\"@type\":\"WebPage\",\"@id\":\"https:\\\/\\\/www.laruecavoladora.com\\\/fr\\\/produit\\\/trousse-de-toilette-en-edition-limitee\\\/\",\"url\":\"https:\\\/\\\/www.laruecavoladora.com\\\/fr\\\/produit\\\/trousse-de-toilette-en-edition-limitee\\\/\",\"name\":\"acheter un sac de voyage, \u00e9l\u00e9gant et moderne en coton biologique.\",\"isPartOf\":{\"@id\":\"https:\\\/\\\/www.laruecavoladora.com\\\/fr\\\/#website\"},\"primaryImageOfPage\":{\"@id\":\"https:\\\/\\\/www.laruecavoladora.com\\\/fr\\\/produit\\\/trousse-de-toilette-en-edition-limitee\\\/#primaryimage\"},\"image\":{\"@id\":\"https:\\\/\\\/www.laruecavoladora.com\\\/fr\\\/produit\\\/trousse-de-toilette-en-edition-limitee\\\/#primaryimage\"},\"thumbnailUrl\":\"https:\\\/\\\/www.laruecavoladora.com\\\/wp-content\\\/uploads\\\/2019\\\/07\\\/neceser-mujer-elegante-1-scaled.jpg\",\"datePublished\":\"2019-07-19T11:39:27+00:00\",\"dateModified\":\"2024-12-13T17:14:15+00:00\",\"description\":\"Sac de voyage, \u00e9l\u00e9gant et moderne Sac de marque personnalis\u00e9 Sac de voyage en coton biologique Ecologique.\",\"breadcrumb\":{\"@id\":\"https:\\\/\\\/www.laruecavoladora.com\\\/fr\\\/produit\\\/trousse-de-toilette-en-edition-limitee\\\/#breadcrumb\"},\"inLanguage\":\"fr-FR\",\"potentialAction\":[{\"@type\":\"ReadAction\",\"target\":[\"https:\\\/\\\/www.laruecavoladora.com\\\/fr\\\/produit\\\/trousse-de-toilette-en-edition-limitee\\\/\"]}]},{\"@type\":\"ImageObject\",\"inLanguage\":\"fr-FR\",\"@id\":\"https:\\\/\\\/www.laruecavoladora.com\\\/fr\\\/produit\\\/trousse-de-toilette-en-edition-limitee\\\/#primaryimage\",\"url\":\"https:\\\/\\\/www.laruecavoladora.com\\\/wp-content\\\/uploads\\\/2019\\\/07\\\/neceser-mujer-elegante-1-scaled.jpg\",\"contentUrl\":\"https:\\\/\\\/www.laruecavoladora.com\\\/wp-content\\\/uploads\\\/2019\\\/07\\\/neceser-mujer-elegante-1-scaled.jpg\",\"width\":2560,\"height\":1920,\"caption\":\"ALT=\\\"Trousse de toilette en tissu de bambou\\\"\"},{\"@type\":\"BreadcrumbList\",\"@id\":\"https:\\\/\\\/www.laruecavoladora.com\\\/fr\\\/produit\\\/trousse-de-toilette-en-edition-limitee\\\/#breadcrumb\",\"itemListElement\":[{\"@type\":\"ListItem\",\"position\":1,\"name\":\"Portada\",\"item\":\"https:\\\/\\\/www.laruecavoladora.com\\\/fr\\\/accueil\\\/\"},{\"@type\":\"ListItem\",\"position\":2,\"name\":\"Boutique\",\"item\":\"https:\\\/\\\/www.laruecavoladora.com\\\/tienda\\\/\"},{\"@type\":\"ListItem\",\"position\":3,\"name\":\"Trousse de toilette en \u00e9dition limit\u00e9e\"}]},{\"@type\":\"WebSite\",\"@id\":\"https:\\\/\\\/www.laruecavoladora.com\\\/fr\\\/#website\",\"url\":\"https:\\\/\\\/www.laruecavoladora.com\\\/fr\\\/\",\"name\":\"La Rueca Voladora\",\"description\":\"Ropa del hogar de fibras Naturales\",\"potentialAction\":[{\"@type\":\"SearchAction\",\"target\":{\"@type\":\"EntryPoint\",\"urlTemplate\":\"https:\\\/\\\/www.laruecavoladora.com\\\/fr\\\/?s={search_term_string}\"},\"query-input\":{\"@type\":\"PropertyValueSpecification\",\"valueRequired\":true,\"valueName\":\"search_term_string\"}}],\"inLanguage\":\"fr-FR\"}]}<\/script>\n<!-- \/ Yoast SEO plugin. -->","yoast_head_json":{"title":"acheter un sac de voyage, \u00e9l\u00e9gant et moderne en coton biologique.","description":"Sac de voyage, \u00e9l\u00e9gant et moderne Sac de marque personnalis\u00e9 Sac de voyage en coton biologique Ecologique.","robots":{"index":"index","follow":"follow","max-snippet":"max-snippet:-1","max-image-preview":"max-image-preview:large","max-video-preview":"max-video-preview:-1"},"canonical":"https:\/\/www.laruecavoladora.com\/fr\/produit\/trousse-de-toilette-en-edition-limitee\/","og_locale":"fr_FR","og_type":"article","og_title":"acheter un sac de voyage, \u00e9l\u00e9gant et moderne en coton biologique.","og_description":"Sac de voyage, \u00e9l\u00e9gant et moderne Sac de marque personnalis\u00e9 Sac de voyage en coton biologique Ecologique.","og_url":"https:\/\/www.laruecavoladora.com\/fr\/produit\/trousse-de-toilette-en-edition-limitee\/","og_site_name":"La Rueca Voladora","article_modified_time":"2024-12-13T17:14:15+00:00","og_image":[{"width":2560,"height":1920,"url":"https:\/\/www.laruecavoladora.com\/wp-content\/uploads\/2019\/07\/neceser-mujer-elegante-1-scaled.jpg","type":"image\/jpeg"}],"twitter_card":"summary_large_image","twitter_misc":{"Dur\u00e9e de lecture estim\u00e9e":"1 minute"},"schema":{"@context":"https:\/\/schema.org","@graph":[{"@type":"WebPage","@id":"https:\/\/www.laruecavoladora.com\/fr\/produit\/trousse-de-toilette-en-edition-limitee\/","url":"https:\/\/www.laruecavoladora.com\/fr\/produit\/trousse-de-toilette-en-edition-limitee\/","name":"acheter un sac de voyage, \u00e9l\u00e9gant et moderne en coton biologique.","isPartOf":{"@id":"https:\/\/www.laruecavoladora.com\/fr\/#website"},"primaryImageOfPage":{"@id":"https:\/\/www.laruecavoladora.com\/fr\/produit\/trousse-de-toilette-en-edition-limitee\/#primaryimage"},"image":{"@id":"https:\/\/www.laruecavoladora.com\/fr\/produit\/trousse-de-toilette-en-edition-limitee\/#primaryimage"},"thumbnailUrl":"https:\/\/www.laruecavoladora.com\/wp-content\/uploads\/2019\/07\/neceser-mujer-elegante-1-scaled.jpg","datePublished":"2019-07-19T11:39:27+00:00","dateModified":"2024-12-13T17:14:15+00:00","description":"Sac de voyage, \u00e9l\u00e9gant et moderne Sac de marque personnalis\u00e9 Sac de voyage en coton biologique Ecologique.","breadcrumb":{"@id":"https:\/\/www.laruecavoladora.com\/fr\/produit\/trousse-de-toilette-en-edition-limitee\/#breadcrumb"},"inLanguage":"fr-FR","potentialAction":[{"@type":"ReadAction","target":["https:\/\/www.laruecavoladora.com\/fr\/produit\/trousse-de-toilette-en-edition-limitee\/"]}]},{"@type":"ImageObject","inLanguage":"fr-FR","@id":"https:\/\/www.laruecavoladora.com\/fr\/produit\/trousse-de-toilette-en-edition-limitee\/#primaryimage","url":"https:\/\/www.laruecavoladora.com\/wp-content\/uploads\/2019\/07\/neceser-mujer-elegante-1-scaled.jpg","contentUrl":"https:\/\/www.laruecavoladora.com\/wp-content\/uploads\/2019\/07\/neceser-mujer-elegante-1-scaled.jpg","width":2560,"height":1920,"caption":"ALT=\"Trousse de toilette en tissu de bambou\""},{"@type":"BreadcrumbList","@id":"https:\/\/www.laruecavoladora.com\/fr\/produit\/trousse-de-toilette-en-edition-limitee\/#breadcrumb","itemListElement":[{"@type":"ListItem","position":1,"name":"Portada","item":"https:\/\/www.laruecavoladora.com\/fr\/accueil\/"},{"@type":"ListItem","position":2,"name":"Boutique","item":"https:\/\/www.laruecavoladora.com\/tienda\/"},{"@type":"ListItem","position":3,"name":"Trousse de toilette en \u00e9dition limit\u00e9e"}]},{"@type":"WebSite","@id":"https:\/\/www.laruecavoladora.com\/fr\/#website","url":"https:\/\/www.laruecavoladora.com\/fr\/","name":"La Rueca Voladora","description":"Ropa del hogar de fibras Naturales","potentialAction":[{"@type":"SearchAction","target":{"@type":"EntryPoint","urlTemplate":"https:\/\/www.laruecavoladora.com\/fr\/?s={search_term_string}"},"query-input":{"@type":"PropertyValueSpecification","valueRequired":true,"valueName":"search_term_string"}}],"inLanguage":"fr-FR"}]}},"wcpa_form_fields":null,"_links":{"self":[{"href":"https:\/\/www.laruecavoladora.com\/fr\/wp-json\/wp\/v2\/product\/7990","targetHints":{"allow":["GET"]}}],"collection":[{"href":"https:\/\/www.laruecavoladora.com\/fr\/wp-json\/wp\/v2\/product"}],"about":[{"href":"https:\/\/www.laruecavoladora.com\/fr\/wp-json\/wp\/v2\/types\/product"}],"replies":[{"embeddable":true,"href":"https:\/\/www.laruecavoladora.com\/fr\/wp-json\/wp\/v2\/comments?post=7990"}],"wp:featuredmedia":[{"embeddable":true,"href":"https:\/\/www.laruecavoladora.com\/fr\/wp-json\/wp\/v2\/media\/7645"}],"wp:attachment":[{"href":"https:\/\/www.laruecavoladora.com\/fr\/wp-json\/wp\/v2\/media?parent=7990"}],"wp:term":[{"taxonomy":"product_brand","embeddable":true,"href":"https:\/\/www.laruecavoladora.com\/fr\/wp-json\/wp\/v2\/product_brand?post=7990"},{"taxonomy":"product_cat","embeddable":true,"href":"https:\/\/www.laruecavoladora.com\/fr\/wp-json\/wp\/v2\/product_cat?post=7990"},{"taxonomy":"product_tag","embeddable":true,"href":"https:\/\/www.laruecavoladora.com\/fr\/wp-json\/wp\/v2\/product_tag?post=7990"}],"curies":[{"name":"wp","href":"https:\/\/api.w.org\/{rel}","templated":true}]}}