{"id":7928,"date":"2020-10-11T20:41:34","date_gmt":"2020-10-11T18:41:34","guid":{"rendered":"https:\/\/www.laruecavoladora.com\/producto\/couvertures-de-lit-bebe\/"},"modified":"2024-10-29T21:05:39","modified_gmt":"2024-10-29T20:05:39","slug":"couvertures-de-lit-bebe","status":"publish","type":"product","link":"https:\/\/www.laruecavoladora.com\/fr\/producto\/couvertures-de-lit-bebe\/","title":{"rendered":"Couvertures de lit b\u00e9b\u00e9"},"content":{"rendered":"<div class=\"wpb-content-wrapper\"><p>[vc_row][vc_column][vc_column_text]<\/p>\n<h1>Couvertures b\u00e9b\u00e9.<\/h1>\n<p>Couverture de berceau en velours, finie avec un biais fin.<\/p>\n<p><strong>Couverture b\u00e9b\u00e9 pour berceau en velours<\/strong>, coton biologique certifi\u00e9.<\/p>\n<p>Il peut \u00eatre utilis\u00e9 d\u00e8s <strong>le premier jour de la naissance du b\u00e9b\u00e9.<\/strong><\/p>\n<p><strong>Il ne perd pas les cheveux<\/strong>, il est tr\u00e8s doux et l\u00e9ger.<\/p>\n<p><strong>Couverture pour lit de b\u00e9b\u00e9 tr\u00e8s polyvalente et durable.<\/strong><\/p>\n<p>Couverture lit b\u00e9b\u00e9 double face en velours de coton bio \u00e9cru.<\/p>\n<p><strong>La texture velours est tr\u00e8s caract\u00e9ristique pour son aspect ?<\/strong> poilu. les fils sont r\u00e9partis de mani\u00e8re tr\u00e8s uniforme, avec un poil court et dense, lui donnant une sensation douce au toucher et obtenant une couverture l\u00e9g\u00e8re et chaude.<\/p>\n<p><strong>\u00c9tant un fil de coton biologique 100% naturel GOTS<\/strong>, ce velours ne brille pas.<\/p>\n<p><strong>C&#8217;est un tissu hypoallerg\u00e9nique qui ne provoque pas d&#8217;allergies ni d&#8217;inconfort<\/strong> pour la peau, car il est tr\u00e8s doux au toucher.<\/p>\n<p>La culture du coton biologique et la filature du tissu sont r\u00e9alis\u00e9es de mani\u00e8re durable avec un faible impact environnemental.<\/p>\n<h2>couvertures de lit de b\u00e9b\u00e9.<\/h2>\n<p>Fabriqu\u00e9 en Espagne[\/vc_column_text][\/vc_column][\/vc_row]<\/p>\n<\/div>","protected":false},"excerpt":{"rendered":"<h2>Couverture de lit de b\u00e9b\u00e9 en coton biologique.<\/h2>\n<p><strong> Termin\u00e9<\/strong> avec un beau biais.<\/p>\n<p><strong>Tissu en velours de coton bio<\/strong> non blanchi, doux, \u00e9l\u00e9gant, chaud et l\u00e9ger.<\/p>\n<p>Il ne perd pas les cheveux ni aucun type de peluche.<br \/>\nFacile \u00e0 laver et \u00e0 s\u00e9cher.<br \/>\n\u00c9tant un fil 100% coton biologique GOTS naturel, ce velours ne brille pas.<br \/>\nC&#8217;est un tissu hypoallerg\u00e9nique qui ne provoque pas d&#8217;allergies ni d&#8217;inconfort pour la peau.<\/p>\n<p>Couverture double r\u00e9versible.<br \/>\n<strong>Mesures:<\/strong> 80 cm x 120 cm.<br \/>\n<strong>Couleur:<\/strong> Natural Raw<br \/>\nFini avec un biais fin<br \/>\n<strong>Poids:<\/strong> 280 gr \/ m2<br \/>\n<strong>Nous pouvons choisir<\/strong> entre trois couleurs:<\/p>\n<ul>\n<li><a href=\"https:\/\/www.laruecavoladora.com\/wp-content\/uploads\/2020\/10\/Manta-cuna-manta-doble-recien-nacido-algodon-organico-crudo.jpg\">\u00c9cru.<\/a><br \/>\n<a href=\"https:\/\/www.laruecavoladora.com\/wp-content\/uploads\/2020\/10\/manta-recien-nacido-cuna-regalo-color-rosa-algodon-organico.jpg\">Rose.<\/a><br \/>\n<a href=\"https:\/\/www.laruecavoladora.com\/wp-content\/uploads\/2020\/10\/mantas-cuna-color-azul-bebe-manta-especial-recien-nacido-algodon-organico.jpg\">Bleu.<\/a><\/li>\n<\/ul>\n<p>AGRICULTURE \u00c9COLOGIQUE, SANS OGM NI PRODUITS CHIMIQUES.<\/p>\n<p><strong>Couvertures de lit d&#8217;enfant, coton biologique<\/strong> certifi\u00e9.<\/p>\n<ul>\n<li><strong><span class=\"caps\">\u00a0<a href=\"https:\/\/www.laruecavoladora.com\/certificados\/\">Naturtextil<\/a><\/span><\/strong><\/li>\n<li><span class=\"caps\"><a href=\"https:\/\/www.laruecavoladora.com\/certificados\/\">\u00a0<strong>Certificaci\u00f3n Gots<\/strong><\/a><\/span><\/li>\n<\/ul>\n","protected":false},"featured_media":7920,"comment_status":"open","ping_status":"closed","template":"","meta":{"_glsr_average":0,"_glsr_ranking":0,"_glsr_reviews":0,"_joinchat":{"message_text":"Hola. En que podemos Ayudarte&#x1f60a;"}},"product_brand":[],"product_cat":[720,702,627],"product_tag":[],"class_list":{"0":"post-7928","1":"product","2":"type-product","3":"status-publish","4":"has-post-thumbnail","6":"product_cat-bebes-fr","7":"product_cat-couvertures-de-berceau","8":"product_cat-vetements-bebe","9":"wcpa_has_options","11":"first","12":"instock","13":"taxable","14":"shipping-taxable","15":"purchasable","16":"product-type-variable"},"yoast_head":"<!-- This site is optimized with the Yoast SEO plugin v27.5 - https:\/\/yoast.com\/product\/yoast-seo-wordpress\/ -->\n<title>Couvertures pour lit de b\u00e9b\u00e9 en coton bio<\/title>\n<meta name=\"description\" content=\"Les meilleures couvertures de berceau pour votre b\u00e9b\u00e9. Couvertures en coton biologique certifi\u00e9. Couvertures de berceau douces et l\u00e9g\u00e8res. couvertures chaudes\" \/>\n<meta name=\"robots\" content=\"index, follow, max-snippet:-1, max-image-preview:large, max-video-preview:-1\" \/>\n<link rel=\"canonical\" href=\"https:\/\/www.laruecavoladora.com\/fr\/producto\/couvertures-de-lit-bebe\/\" \/>\n<meta property=\"og:locale\" content=\"fr_FR\" \/>\n<meta property=\"og:type\" content=\"article\" \/>\n<meta property=\"og:title\" content=\"Couvertures pour lit de b\u00e9b\u00e9 en coton bio\" \/>\n<meta property=\"og:description\" content=\"Les meilleures couvertures de berceau pour votre b\u00e9b\u00e9. Couvertures en coton biologique certifi\u00e9. Couvertures de berceau douces et l\u00e9g\u00e8res. couvertures chaudes\" \/>\n<meta property=\"og:url\" content=\"https:\/\/www.laruecavoladora.com\/fr\/producto\/couvertures-de-lit-bebe\/\" \/>\n<meta property=\"og:site_name\" content=\"La Rueca Voladora\" \/>\n<meta property=\"article:modified_time\" content=\"2024-10-29T20:05:39+00:00\" \/>\n<meta property=\"og:image\" content=\"https:\/\/www.laruecavoladora.com\/wp-content\/uploads\/2020\/10\/Manta-cuna-manta-doble-recien-nacido-algodon-organico-crudo.jpg\" \/>\n\t<meta property=\"og:image:width\" content=\"800\" \/>\n\t<meta property=\"og:image:height\" content=\"553\" \/>\n\t<meta property=\"og:image:type\" content=\"image\/jpeg\" \/>\n<meta name=\"twitter:card\" content=\"summary_large_image\" \/>\n<meta name=\"twitter:label1\" content=\"Dur\u00e9e de lecture estim\u00e9e\" \/>\n\t<meta name=\"twitter:data1\" content=\"1 minute\" \/>\n<script type=\"application\/ld+json\" class=\"yoast-schema-graph\">{\"@context\":\"https:\\\/\\\/schema.org\",\"@graph\":[{\"@type\":\"WebPage\",\"@id\":\"https:\\\/\\\/www.laruecavoladora.com\\\/fr\\\/producto\\\/couvertures-de-lit-bebe\\\/\",\"url\":\"https:\\\/\\\/www.laruecavoladora.com\\\/fr\\\/producto\\\/couvertures-de-lit-bebe\\\/\",\"name\":\"Couvertures pour lit de b\u00e9b\u00e9 en coton bio\",\"isPartOf\":{\"@id\":\"https:\\\/\\\/www.laruecavoladora.com\\\/fr\\\/#website\"},\"primaryImageOfPage\":{\"@id\":\"https:\\\/\\\/www.laruecavoladora.com\\\/fr\\\/producto\\\/couvertures-de-lit-bebe\\\/#primaryimage\"},\"image\":{\"@id\":\"https:\\\/\\\/www.laruecavoladora.com\\\/fr\\\/producto\\\/couvertures-de-lit-bebe\\\/#primaryimage\"},\"thumbnailUrl\":\"https:\\\/\\\/www.laruecavoladora.com\\\/wp-content\\\/uploads\\\/2020\\\/10\\\/Manta-cuna-manta-doble-recien-nacido-algodon-organico-crudo.jpg\",\"datePublished\":\"2020-10-11T18:41:34+00:00\",\"dateModified\":\"2024-10-29T20:05:39+00:00\",\"description\":\"Les meilleures couvertures de berceau pour votre b\u00e9b\u00e9. Couvertures en coton biologique certifi\u00e9. Couvertures de berceau douces et l\u00e9g\u00e8res. couvertures chaudes\",\"breadcrumb\":{\"@id\":\"https:\\\/\\\/www.laruecavoladora.com\\\/fr\\\/producto\\\/couvertures-de-lit-bebe\\\/#breadcrumb\"},\"inLanguage\":\"fr-FR\",\"potentialAction\":[{\"@type\":\"ReadAction\",\"target\":[\"https:\\\/\\\/www.laruecavoladora.com\\\/fr\\\/producto\\\/couvertures-de-lit-bebe\\\/\"]}]},{\"@type\":\"ImageObject\",\"inLanguage\":\"fr-FR\",\"@id\":\"https:\\\/\\\/www.laruecavoladora.com\\\/fr\\\/producto\\\/couvertures-de-lit-bebe\\\/#primaryimage\",\"url\":\"https:\\\/\\\/www.laruecavoladora.com\\\/wp-content\\\/uploads\\\/2020\\\/10\\\/Manta-cuna-manta-doble-recien-nacido-algodon-organico-crudo.jpg\",\"contentUrl\":\"https:\\\/\\\/www.laruecavoladora.com\\\/wp-content\\\/uploads\\\/2020\\\/10\\\/Manta-cuna-manta-doble-recien-nacido-algodon-organico-crudo.jpg\",\"width\":800,\"height\":553,\"caption\":\"ALT=\\\"Couvertures-berceau-diverses-couleurs\\\"\"},{\"@type\":\"BreadcrumbList\",\"@id\":\"https:\\\/\\\/www.laruecavoladora.com\\\/fr\\\/producto\\\/couvertures-de-lit-bebe\\\/#breadcrumb\",\"itemListElement\":[{\"@type\":\"ListItem\",\"position\":1,\"name\":\"Portada\",\"item\":\"https:\\\/\\\/www.laruecavoladora.com\\\/fr\\\/accueil\\\/\"},{\"@type\":\"ListItem\",\"position\":2,\"name\":\"Boutique\",\"item\":\"https:\\\/\\\/www.laruecavoladora.com\\\/tienda\\\/\"},{\"@type\":\"ListItem\",\"position\":3,\"name\":\"Couvertures de lit b\u00e9b\u00e9\"}]},{\"@type\":\"WebSite\",\"@id\":\"https:\\\/\\\/www.laruecavoladora.com\\\/fr\\\/#website\",\"url\":\"https:\\\/\\\/www.laruecavoladora.com\\\/fr\\\/\",\"name\":\"La Rueca Voladora\",\"description\":\"Ropa del hogar de fibras Naturales\",\"potentialAction\":[{\"@type\":\"SearchAction\",\"target\":{\"@type\":\"EntryPoint\",\"urlTemplate\":\"https:\\\/\\\/www.laruecavoladora.com\\\/fr\\\/?s={search_term_string}\"},\"query-input\":{\"@type\":\"PropertyValueSpecification\",\"valueRequired\":true,\"valueName\":\"search_term_string\"}}],\"inLanguage\":\"fr-FR\"}]}<\/script>\n<!-- \/ Yoast SEO plugin. -->","yoast_head_json":{"title":"Couvertures pour lit de b\u00e9b\u00e9 en coton bio","description":"Les meilleures couvertures de berceau pour votre b\u00e9b\u00e9. Couvertures en coton biologique certifi\u00e9. Couvertures de berceau douces et l\u00e9g\u00e8res. couvertures chaudes","robots":{"index":"index","follow":"follow","max-snippet":"max-snippet:-1","max-image-preview":"max-image-preview:large","max-video-preview":"max-video-preview:-1"},"canonical":"https:\/\/www.laruecavoladora.com\/fr\/producto\/couvertures-de-lit-bebe\/","og_locale":"fr_FR","og_type":"article","og_title":"Couvertures pour lit de b\u00e9b\u00e9 en coton bio","og_description":"Les meilleures couvertures de berceau pour votre b\u00e9b\u00e9. Couvertures en coton biologique certifi\u00e9. Couvertures de berceau douces et l\u00e9g\u00e8res. couvertures chaudes","og_url":"https:\/\/www.laruecavoladora.com\/fr\/producto\/couvertures-de-lit-bebe\/","og_site_name":"La Rueca Voladora","article_modified_time":"2024-10-29T20:05:39+00:00","og_image":[{"width":800,"height":553,"url":"https:\/\/www.laruecavoladora.com\/wp-content\/uploads\/2020\/10\/Manta-cuna-manta-doble-recien-nacido-algodon-organico-crudo.jpg","type":"image\/jpeg"}],"twitter_card":"summary_large_image","twitter_misc":{"Dur\u00e9e de lecture estim\u00e9e":"1 minute"},"schema":{"@context":"https:\/\/schema.org","@graph":[{"@type":"WebPage","@id":"https:\/\/www.laruecavoladora.com\/fr\/producto\/couvertures-de-lit-bebe\/","url":"https:\/\/www.laruecavoladora.com\/fr\/producto\/couvertures-de-lit-bebe\/","name":"Couvertures pour lit de b\u00e9b\u00e9 en coton bio","isPartOf":{"@id":"https:\/\/www.laruecavoladora.com\/fr\/#website"},"primaryImageOfPage":{"@id":"https:\/\/www.laruecavoladora.com\/fr\/producto\/couvertures-de-lit-bebe\/#primaryimage"},"image":{"@id":"https:\/\/www.laruecavoladora.com\/fr\/producto\/couvertures-de-lit-bebe\/#primaryimage"},"thumbnailUrl":"https:\/\/www.laruecavoladora.com\/wp-content\/uploads\/2020\/10\/Manta-cuna-manta-doble-recien-nacido-algodon-organico-crudo.jpg","datePublished":"2020-10-11T18:41:34+00:00","dateModified":"2024-10-29T20:05:39+00:00","description":"Les meilleures couvertures de berceau pour votre b\u00e9b\u00e9. Couvertures en coton biologique certifi\u00e9. Couvertures de berceau douces et l\u00e9g\u00e8res. couvertures chaudes","breadcrumb":{"@id":"https:\/\/www.laruecavoladora.com\/fr\/producto\/couvertures-de-lit-bebe\/#breadcrumb"},"inLanguage":"fr-FR","potentialAction":[{"@type":"ReadAction","target":["https:\/\/www.laruecavoladora.com\/fr\/producto\/couvertures-de-lit-bebe\/"]}]},{"@type":"ImageObject","inLanguage":"fr-FR","@id":"https:\/\/www.laruecavoladora.com\/fr\/producto\/couvertures-de-lit-bebe\/#primaryimage","url":"https:\/\/www.laruecavoladora.com\/wp-content\/uploads\/2020\/10\/Manta-cuna-manta-doble-recien-nacido-algodon-organico-crudo.jpg","contentUrl":"https:\/\/www.laruecavoladora.com\/wp-content\/uploads\/2020\/10\/Manta-cuna-manta-doble-recien-nacido-algodon-organico-crudo.jpg","width":800,"height":553,"caption":"ALT=\"Couvertures-berceau-diverses-couleurs\""},{"@type":"BreadcrumbList","@id":"https:\/\/www.laruecavoladora.com\/fr\/producto\/couvertures-de-lit-bebe\/#breadcrumb","itemListElement":[{"@type":"ListItem","position":1,"name":"Portada","item":"https:\/\/www.laruecavoladora.com\/fr\/accueil\/"},{"@type":"ListItem","position":2,"name":"Boutique","item":"https:\/\/www.laruecavoladora.com\/tienda\/"},{"@type":"ListItem","position":3,"name":"Couvertures de lit b\u00e9b\u00e9"}]},{"@type":"WebSite","@id":"https:\/\/www.laruecavoladora.com\/fr\/#website","url":"https:\/\/www.laruecavoladora.com\/fr\/","name":"La Rueca Voladora","description":"Ropa del hogar de fibras Naturales","potentialAction":[{"@type":"SearchAction","target":{"@type":"EntryPoint","urlTemplate":"https:\/\/www.laruecavoladora.com\/fr\/?s={search_term_string}"},"query-input":{"@type":"PropertyValueSpecification","valueRequired":true,"valueName":"search_term_string"}}],"inLanguage":"fr-FR"}]}},"wcpa_form_fields":null,"_links":{"self":[{"href":"https:\/\/www.laruecavoladora.com\/fr\/wp-json\/wp\/v2\/product\/7928","targetHints":{"allow":["GET"]}}],"collection":[{"href":"https:\/\/www.laruecavoladora.com\/fr\/wp-json\/wp\/v2\/product"}],"about":[{"href":"https:\/\/www.laruecavoladora.com\/fr\/wp-json\/wp\/v2\/types\/product"}],"replies":[{"embeddable":true,"href":"https:\/\/www.laruecavoladora.com\/fr\/wp-json\/wp\/v2\/comments?post=7928"}],"wp:featuredmedia":[{"embeddable":true,"href":"https:\/\/www.laruecavoladora.com\/fr\/wp-json\/wp\/v2\/media\/7920"}],"wp:attachment":[{"href":"https:\/\/www.laruecavoladora.com\/fr\/wp-json\/wp\/v2\/media?parent=7928"}],"wp:term":[{"taxonomy":"product_brand","embeddable":true,"href":"https:\/\/www.laruecavoladora.com\/fr\/wp-json\/wp\/v2\/product_brand?post=7928"},{"taxonomy":"product_cat","embeddable":true,"href":"https:\/\/www.laruecavoladora.com\/fr\/wp-json\/wp\/v2\/product_cat?post=7928"},{"taxonomy":"product_tag","embeddable":true,"href":"https:\/\/www.laruecavoladora.com\/fr\/wp-json\/wp\/v2\/product_tag?post=7928"}],"curies":[{"name":"wp","href":"https:\/\/api.w.org\/{rel}","templated":true}]}}