{"id":7162,"date":"2019-09-06T10:57:02","date_gmt":"2019-09-06T08:57:02","guid":{"rendered":"https:\/\/www.laruecavoladora.com\/producto\/serviette-avec-capuche\/"},"modified":"2026-04-27T14:00:23","modified_gmt":"2026-04-27T12:00:23","slug":"serviette-avec-capuche","status":"publish","type":"product","link":"https:\/\/www.laruecavoladora.com\/fr\/producto\/serviette-avec-capuche\/","title":{"rendered":"Serviette avec capuche"},"content":{"rendered":"<div class=\"wpb-content-wrapper\"><p>[vc_row][vc_column][vc_column_text css=&#8221;&#8221;]<\/p>\n<h1 data-start=\"1189\" data-end=\"1323\">Serviette de bain \u00e0 capuche en coton biologique 600 g\/m\u00b2.<\/h1>\n<p data-start=\"1189\" data-end=\"1323\">Con\u00e7ue pour offrir un maximum de confort et de soin de la peau au quotidien.<\/p>\n<p data-start=\"1325\" data-end=\"1454\">Son design avec capuche permet de la suspendre facilement, ce qui facilite le s\u00e9chage et le rangement apr\u00e8s le bain ou la douche.<\/p>\n<p data-start=\"1456\" data-end=\"1599\">Le tissu c\u00f4tel\u00e9 en fibres de coton naturelles procure une agr\u00e9able sensation de massage sur la peau tout en s\u00e9chant efficacement et en douceur.<\/p>\n<p data-start=\"1601\" data-end=\"1735\">Elle se distingue par sa grande capacit\u00e9 d\u2019absorption, sa douceur exceptionnelle et son confort, id\u00e9ale m\u00eame pour les peaux sensibles.<\/p>\n<h3 data-start=\"1737\" data-end=\"1800\">Fabriqu\u00e9e en Espagne selon des standards textiles de confiance.<\/h3>\n<p>[\/vc_column_text][\/vc_column][\/vc_row]<\/p>\n<\/div>","protected":false},"excerpt":{"rendered":"<h2 data-start=\"1830\" data-end=\"1963\">Serviette de bain \u00e0 capuche en coton biologique.<\/h2>\n<p data-start=\"1830\" data-end=\"1963\">Douce et tr\u00e8s absorbante, id\u00e9ale pour un usage quotidien apr\u00e8s la douche ou le bain.<\/p>\n<p data-start=\"1965\" data-end=\"2062\">Elle permet de s\u00e9cher le corps et la t\u00eate avec une seule serviette, offrant confort et praticit\u00e9.<\/p>\n<p data-start=\"2064\" data-end=\"2162\">Parfaite pour un usage quotidien ou comme cadeau. Douce au toucher avec une excellente absorption.<\/p>\n<p data-start=\"2164\" data-end=\"2186\"><strong data-start=\"2164\" data-end=\"2186\">Caract\u00e9ristiques :<\/strong><\/p>\n<ul data-start=\"2187\" data-end=\"2311\">\n<li data-section-id=\"1ct7crt\" data-start=\"2187\" data-end=\"2199\">600 g\/m\u00b2<\/li>\n<li data-section-id=\"18c5q5j\" data-start=\"2200\" data-end=\"2219\">Couleur : blanc<\/li>\n<li data-section-id=\"1qr0na8\" data-start=\"2220\" data-end=\"2265\">Dimensions : 100 \u00d7 150 cm + capuche 45 cm<\/li>\n<li data-section-id=\"h9fxa1\" data-start=\"2266\" data-end=\"2286\">Coton biologique<\/li>\n<li data-section-id=\"12ggq9q\" data-start=\"2287\" data-end=\"2311\">Fabriqu\u00e9e en Espagne<\/li>\n<\/ul>\n","protected":false},"featured_media":6293,"comment_status":"open","ping_status":"closed","template":"","meta":{"_glsr_average":0,"_glsr_ranking":0,"_glsr_reviews":0,"_joinchat":[]},"product_brand":[],"product_cat":[391,493,634,1050],"product_tag":[],"class_list":{"0":"post-7162","1":"product","2":"type-product","3":"status-publish","4":"has-post-thumbnail","6":"product_cat-bain","7":"product_cat-linge-de-toilette","8":"product_cat-serviette-avec-capuche","9":"product_cat-serviettes","10":"wcpa_has_options","12":"first","13":"instock","14":"taxable","15":"shipping-taxable","16":"purchasable","17":"product-type-simple"},"yoast_head":"<!-- This site is optimized with the Yoast SEO plugin v27.5 - https:\/\/yoast.com\/product\/yoast-seo-wordpress\/ -->\n<title>Serviettes de bain \u00e0 capuche en coton bio.<\/title>\n<meta name=\"description\" content=\"Drap de bain \u00e0 capuche en coton bio. Cela rendra votre douche quotidienne plus confortable et agr\u00e9able. Les meilleures serviettes en coton bio\" \/>\n<meta name=\"robots\" content=\"index, follow, max-snippet:-1, max-image-preview:large, max-video-preview:-1\" \/>\n<link rel=\"canonical\" href=\"https:\/\/www.laruecavoladora.com\/fr\/producto\/serviette-avec-capuche\/\" \/>\n<meta property=\"og:locale\" content=\"fr_FR\" \/>\n<meta property=\"og:type\" content=\"article\" \/>\n<meta property=\"og:title\" content=\"Serviettes de bain \u00e0 capuche en coton bio.\" \/>\n<meta property=\"og:description\" content=\"Drap de bain \u00e0 capuche en coton bio. Cela rendra votre douche quotidienne plus confortable et agr\u00e9able. Les meilleures serviettes en coton bio\" \/>\n<meta property=\"og:url\" content=\"https:\/\/www.laruecavoladora.com\/fr\/producto\/serviette-avec-capuche\/\" \/>\n<meta property=\"og:site_name\" content=\"La Rueca Voladora\" \/>\n<meta property=\"article:modified_time\" content=\"2026-04-27T12:00:23+00:00\" \/>\n<meta property=\"og:image\" content=\"https:\/\/www.laruecavoladora.com\/wp-content\/uploads\/2019\/09\/rueca-voladora-32.jpg\" \/>\n\t<meta property=\"og:image:width\" content=\"1080\" \/>\n\t<meta property=\"og:image:height\" content=\"872\" \/>\n\t<meta property=\"og:image:type\" content=\"image\/jpeg\" \/>\n<meta name=\"twitter:card\" content=\"summary_large_image\" \/>\n<meta name=\"twitter:label1\" content=\"Dur\u00e9e de lecture estim\u00e9e\" \/>\n\t<meta name=\"twitter:data1\" content=\"1 minute\" \/>\n<script type=\"application\/ld+json\" class=\"yoast-schema-graph\">{\"@context\":\"https:\\\/\\\/schema.org\",\"@graph\":[{\"@type\":\"WebPage\",\"@id\":\"https:\\\/\\\/www.laruecavoladora.com\\\/fr\\\/producto\\\/serviette-avec-capuche\\\/\",\"url\":\"https:\\\/\\\/www.laruecavoladora.com\\\/fr\\\/producto\\\/serviette-avec-capuche\\\/\",\"name\":\"Serviettes de bain \u00e0 capuche en coton bio.\",\"isPartOf\":{\"@id\":\"https:\\\/\\\/www.laruecavoladora.com\\\/fr\\\/#website\"},\"primaryImageOfPage\":{\"@id\":\"https:\\\/\\\/www.laruecavoladora.com\\\/fr\\\/producto\\\/serviette-avec-capuche\\\/#primaryimage\"},\"image\":{\"@id\":\"https:\\\/\\\/www.laruecavoladora.com\\\/fr\\\/producto\\\/serviette-avec-capuche\\\/#primaryimage\"},\"thumbnailUrl\":\"https:\\\/\\\/www.laruecavoladora.com\\\/wp-content\\\/uploads\\\/2019\\\/09\\\/rueca-voladora-32.jpg\",\"datePublished\":\"2019-09-06T08:57:02+00:00\",\"dateModified\":\"2026-04-27T12:00:23+00:00\",\"description\":\"Drap de bain \u00e0 capuche en coton bio. Cela rendra votre douche quotidienne plus confortable et agr\u00e9able. Les meilleures serviettes en coton bio\",\"breadcrumb\":{\"@id\":\"https:\\\/\\\/www.laruecavoladora.com\\\/fr\\\/producto\\\/serviette-avec-capuche\\\/#breadcrumb\"},\"inLanguage\":\"fr-FR\",\"potentialAction\":[{\"@type\":\"ReadAction\",\"target\":[\"https:\\\/\\\/www.laruecavoladora.com\\\/fr\\\/producto\\\/serviette-avec-capuche\\\/\"]}]},{\"@type\":\"ImageObject\",\"inLanguage\":\"fr-FR\",\"@id\":\"https:\\\/\\\/www.laruecavoladora.com\\\/fr\\\/producto\\\/serviette-avec-capuche\\\/#primaryimage\",\"url\":\"https:\\\/\\\/www.laruecavoladora.com\\\/wp-content\\\/uploads\\\/2019\\\/09\\\/rueca-voladora-32.jpg\",\"contentUrl\":\"https:\\\/\\\/www.laruecavoladora.com\\\/wp-content\\\/uploads\\\/2019\\\/09\\\/rueca-voladora-32.jpg\",\"width\":1080,\"height\":872,\"caption\":\"serviette de bain avec capuche\"},{\"@type\":\"BreadcrumbList\",\"@id\":\"https:\\\/\\\/www.laruecavoladora.com\\\/fr\\\/producto\\\/serviette-avec-capuche\\\/#breadcrumb\",\"itemListElement\":[{\"@type\":\"ListItem\",\"position\":1,\"name\":\"Portada\",\"item\":\"https:\\\/\\\/www.laruecavoladora.com\\\/fr\\\/accueil\\\/\"},{\"@type\":\"ListItem\",\"position\":2,\"name\":\"Boutique\",\"item\":\"https:\\\/\\\/www.laruecavoladora.com\\\/tienda\\\/\"},{\"@type\":\"ListItem\",\"position\":3,\"name\":\"Serviette avec capuche\"}]},{\"@type\":\"WebSite\",\"@id\":\"https:\\\/\\\/www.laruecavoladora.com\\\/fr\\\/#website\",\"url\":\"https:\\\/\\\/www.laruecavoladora.com\\\/fr\\\/\",\"name\":\"La Rueca Voladora\",\"description\":\"Ropa del hogar de fibras Naturales\",\"potentialAction\":[{\"@type\":\"SearchAction\",\"target\":{\"@type\":\"EntryPoint\",\"urlTemplate\":\"https:\\\/\\\/www.laruecavoladora.com\\\/fr\\\/?s={search_term_string}\"},\"query-input\":{\"@type\":\"PropertyValueSpecification\",\"valueRequired\":true,\"valueName\":\"search_term_string\"}}],\"inLanguage\":\"fr-FR\"}]}<\/script>\n<!-- \/ Yoast SEO plugin. -->","yoast_head_json":{"title":"Serviettes de bain \u00e0 capuche en coton bio.","description":"Drap de bain \u00e0 capuche en coton bio. Cela rendra votre douche quotidienne plus confortable et agr\u00e9able. Les meilleures serviettes en coton bio","robots":{"index":"index","follow":"follow","max-snippet":"max-snippet:-1","max-image-preview":"max-image-preview:large","max-video-preview":"max-video-preview:-1"},"canonical":"https:\/\/www.laruecavoladora.com\/fr\/producto\/serviette-avec-capuche\/","og_locale":"fr_FR","og_type":"article","og_title":"Serviettes de bain \u00e0 capuche en coton bio.","og_description":"Drap de bain \u00e0 capuche en coton bio. Cela rendra votre douche quotidienne plus confortable et agr\u00e9able. Les meilleures serviettes en coton bio","og_url":"https:\/\/www.laruecavoladora.com\/fr\/producto\/serviette-avec-capuche\/","og_site_name":"La Rueca Voladora","article_modified_time":"2026-04-27T12:00:23+00:00","og_image":[{"width":1080,"height":872,"url":"https:\/\/www.laruecavoladora.com\/wp-content\/uploads\/2019\/09\/rueca-voladora-32.jpg","type":"image\/jpeg"}],"twitter_card":"summary_large_image","twitter_misc":{"Dur\u00e9e de lecture estim\u00e9e":"1 minute"},"schema":{"@context":"https:\/\/schema.org","@graph":[{"@type":"WebPage","@id":"https:\/\/www.laruecavoladora.com\/fr\/producto\/serviette-avec-capuche\/","url":"https:\/\/www.laruecavoladora.com\/fr\/producto\/serviette-avec-capuche\/","name":"Serviettes de bain \u00e0 capuche en coton bio.","isPartOf":{"@id":"https:\/\/www.laruecavoladora.com\/fr\/#website"},"primaryImageOfPage":{"@id":"https:\/\/www.laruecavoladora.com\/fr\/producto\/serviette-avec-capuche\/#primaryimage"},"image":{"@id":"https:\/\/www.laruecavoladora.com\/fr\/producto\/serviette-avec-capuche\/#primaryimage"},"thumbnailUrl":"https:\/\/www.laruecavoladora.com\/wp-content\/uploads\/2019\/09\/rueca-voladora-32.jpg","datePublished":"2019-09-06T08:57:02+00:00","dateModified":"2026-04-27T12:00:23+00:00","description":"Drap de bain \u00e0 capuche en coton bio. Cela rendra votre douche quotidienne plus confortable et agr\u00e9able. Les meilleures serviettes en coton bio","breadcrumb":{"@id":"https:\/\/www.laruecavoladora.com\/fr\/producto\/serviette-avec-capuche\/#breadcrumb"},"inLanguage":"fr-FR","potentialAction":[{"@type":"ReadAction","target":["https:\/\/www.laruecavoladora.com\/fr\/producto\/serviette-avec-capuche\/"]}]},{"@type":"ImageObject","inLanguage":"fr-FR","@id":"https:\/\/www.laruecavoladora.com\/fr\/producto\/serviette-avec-capuche\/#primaryimage","url":"https:\/\/www.laruecavoladora.com\/wp-content\/uploads\/2019\/09\/rueca-voladora-32.jpg","contentUrl":"https:\/\/www.laruecavoladora.com\/wp-content\/uploads\/2019\/09\/rueca-voladora-32.jpg","width":1080,"height":872,"caption":"serviette de bain avec capuche"},{"@type":"BreadcrumbList","@id":"https:\/\/www.laruecavoladora.com\/fr\/producto\/serviette-avec-capuche\/#breadcrumb","itemListElement":[{"@type":"ListItem","position":1,"name":"Portada","item":"https:\/\/www.laruecavoladora.com\/fr\/accueil\/"},{"@type":"ListItem","position":2,"name":"Boutique","item":"https:\/\/www.laruecavoladora.com\/tienda\/"},{"@type":"ListItem","position":3,"name":"Serviette avec capuche"}]},{"@type":"WebSite","@id":"https:\/\/www.laruecavoladora.com\/fr\/#website","url":"https:\/\/www.laruecavoladora.com\/fr\/","name":"La Rueca Voladora","description":"Ropa del hogar de fibras Naturales","potentialAction":[{"@type":"SearchAction","target":{"@type":"EntryPoint","urlTemplate":"https:\/\/www.laruecavoladora.com\/fr\/?s={search_term_string}"},"query-input":{"@type":"PropertyValueSpecification","valueRequired":true,"valueName":"search_term_string"}}],"inLanguage":"fr-FR"}]}},"wcpa_form_fields":null,"_links":{"self":[{"href":"https:\/\/www.laruecavoladora.com\/fr\/wp-json\/wp\/v2\/product\/7162","targetHints":{"allow":["GET"]}}],"collection":[{"href":"https:\/\/www.laruecavoladora.com\/fr\/wp-json\/wp\/v2\/product"}],"about":[{"href":"https:\/\/www.laruecavoladora.com\/fr\/wp-json\/wp\/v2\/types\/product"}],"replies":[{"embeddable":true,"href":"https:\/\/www.laruecavoladora.com\/fr\/wp-json\/wp\/v2\/comments?post=7162"}],"wp:featuredmedia":[{"embeddable":true,"href":"https:\/\/www.laruecavoladora.com\/fr\/wp-json\/wp\/v2\/media\/6293"}],"wp:attachment":[{"href":"https:\/\/www.laruecavoladora.com\/fr\/wp-json\/wp\/v2\/media?parent=7162"}],"wp:term":[{"taxonomy":"product_brand","embeddable":true,"href":"https:\/\/www.laruecavoladora.com\/fr\/wp-json\/wp\/v2\/product_brand?post=7162"},{"taxonomy":"product_cat","embeddable":true,"href":"https:\/\/www.laruecavoladora.com\/fr\/wp-json\/wp\/v2\/product_cat?post=7162"},{"taxonomy":"product_tag","embeddable":true,"href":"https:\/\/www.laruecavoladora.com\/fr\/wp-json\/wp\/v2\/product_tag?post=7162"}],"curies":[{"name":"wp","href":"https:\/\/api.w.org\/{rel}","templated":true}]}}