{"id":5722,"date":"2019-05-18T18:36:20","date_gmt":"2019-05-18T16:36:20","guid":{"rendered":"https:\/\/www.laruecavoladora.com\/?post_type=product&#038;p=5722"},"modified":"2020-09-27T13:20:16","modified_gmt":"2020-09-27T11:20:16","slug":"protege-matelas","status":"publish","type":"product","link":"https:\/\/www.laruecavoladora.com\/fr\/producto\/protege-matelas-copia\/","title":{"rendered":"Protege- Matelas"},"content":{"rendered":"<div class=\"wpb-content-wrapper\"><p>[vc_row][vc_column][vc_column_text]<\/p>\n<ul>\n<li><strong>Se adapta a cualquier grosor y altura de colch\u00f3n.<\/strong><\/li>\n<li><strong>C\u00f3modo<\/strong> de poner y quitar sobre nuestro colch\u00f3n<\/li>\n<li><strong>Absorbe toda la transpiraci\u00f3n<\/strong> que perdemos en la noche<\/li>\n<li><strong>Evita la sudoraci\u00f3n<\/strong> ofreciendo la <b>m\u00e1xima transpiraci\u00f3n. <\/b>contribuir a un descanso de calidad.<\/li>\n<li>Aseguramos una <strong>higiene<\/strong> perfecta.<\/li>\n<li><strong>lavado <\/strong>\u00a040\u00a0 grados<\/li>\n<\/ul>\n<p>&nbsp;<\/p>\n<p>Todas nuestras materias primas tienen el certificado de no haber sido tratadas qu\u00edmicamente, ni antes ni despu\u00e9s de la cosecha<strong> (sello Ecocert y EKO)<\/strong>.<\/p>\n<p>Adem\u00e1s, las telas no contienen productos qu\u00edmicos (sello \u00d6ko \u2013 Tex).<\/p>\n<ul>\n<li>Fabricado y terminado en Francia.<\/li>\n<\/ul>\n<p><img loading=\"lazy\" decoding=\"async\" class=\"alignnone size-medium wp-image-1961\" src=\"https:\/\/www.laruecavoladora.com\/wp-content\/uploads\/2018\/02\/sellocalidad-300x297.jpg\" alt=\"\" width=\"300\" height=\"297\" srcset=\"https:\/\/www.laruecavoladora.com\/wp-content\/uploads\/2018\/02\/sellocalidad-300x297.jpg 300w, https:\/\/www.laruecavoladora.com\/wp-content\/uploads\/2018\/02\/sellocalidad-100x100.jpg 100w, https:\/\/www.laruecavoladora.com\/wp-content\/uploads\/2018\/02\/sellocalidad-150x150.jpg 150w, https:\/\/www.laruecavoladora.com\/wp-content\/uploads\/2018\/02\/sellocalidad.jpg 303w\" sizes=\"auto, (max-width: 300px) 100vw, 300px\" \/>[\/vc_column_text][\/vc_column][\/vc_row]<\/p>\n<\/div>","protected":false},"excerpt":{"rendered":"<p><strong>Prot\u00e8ge-matelas, coton biologique, \u00e9cologique.<\/strong><\/p>\n<ul>\n<li>Prot\u00e9gez votre matelas plus longtemps.<\/li>\n<\/ul>\n<p>&nbsp;<\/p>\n","protected":false},"featured_media":5634,"comment_status":"open","ping_status":"closed","template":"","meta":{"_glsr_average":0,"_glsr_ranking":0,"_glsr_reviews":0,"_joinchat":[]},"product_brand":[],"product_cat":[222,476],"product_tag":[],"class_list":{"0":"post-5722","1":"product","2":"type-product","3":"status-publish","4":"has-post-thumbnail","6":"product_cat-chambre-a-coucher","7":"product_cat-protege-matelas","9":"first","10":"instock","11":"taxable","12":"shipping-taxable","13":"purchasable","14":"product-type-variable"},"yoast_head":"<!-- This site is optimized with the Yoast SEO plugin v27.6 - https:\/\/yoast.com\/product\/yoast-seo-wordpress\/ -->\n<title>Comprar Protege- Matelas online - Chambre \u00e0 coucher, protege-matelas<\/title>\n<meta name=\"description\" content=\"Comprar online Protege- Matelas en nuestra tienda de ropa de hogar ecol\u00f3gica. Venta de ropa Chambre \u00e0 coucher, protege-matelas al mejor precio.\" \/>\n<meta name=\"robots\" content=\"index, follow, max-snippet:-1, max-image-preview:large, max-video-preview:-1\" \/>\n<link rel=\"canonical\" href=\"https:\/\/www.laruecavoladora.com\/fr\/producto\/protege-matelas-copia\/\" \/>\n<meta property=\"og:locale\" content=\"fr_FR\" \/>\n<meta property=\"og:type\" content=\"article\" \/>\n<meta property=\"og:title\" content=\"Comprar Protege- Matelas online - Chambre \u00e0 coucher, protege-matelas\" \/>\n<meta property=\"og:description\" content=\"Comprar online Protege- Matelas en nuestra tienda de ropa de hogar ecol\u00f3gica. Venta de ropa Chambre \u00e0 coucher, protege-matelas al mejor precio.\" \/>\n<meta property=\"og:url\" content=\"https:\/\/www.laruecavoladora.com\/fr\/producto\/protege-matelas-copia\/\" \/>\n<meta property=\"og:site_name\" content=\"La Rueca Voladora\" \/>\n<meta property=\"article:modified_time\" content=\"2020-09-27T11:20:16+00:00\" \/>\n<meta property=\"og:image\" content=\"https:\/\/www.laruecavoladora.com\/wp-content\/uploads\/2019\/05\/Protector-cama-2.jpg\" \/>\n\t<meta property=\"og:image:width\" content=\"3648\" \/>\n\t<meta property=\"og:image:height\" content=\"2736\" \/>\n\t<meta property=\"og:image:type\" content=\"image\/jpeg\" \/>\n<meta name=\"twitter:card\" content=\"summary_large_image\" \/>\n<meta name=\"twitter:label1\" content=\"Dur\u00e9e de lecture estim\u00e9e\" \/>\n\t<meta name=\"twitter:data1\" content=\"1 minute\" \/>\n<script type=\"application\/ld+json\" class=\"yoast-schema-graph\">{\"@context\":\"https:\\\/\\\/schema.org\",\"@graph\":[{\"@type\":\"WebPage\",\"@id\":\"https:\\\/\\\/www.laruecavoladora.com\\\/fr\\\/producto\\\/protege-matelas-copia\\\/\",\"url\":\"https:\\\/\\\/www.laruecavoladora.com\\\/fr\\\/producto\\\/protege-matelas-copia\\\/\",\"name\":\"Comprar Protege- Matelas online - Chambre \u00e0 coucher, protege-matelas\",\"isPartOf\":{\"@id\":\"https:\\\/\\\/www.laruecavoladora.com\\\/fr\\\/#website\"},\"primaryImageOfPage\":{\"@id\":\"https:\\\/\\\/www.laruecavoladora.com\\\/fr\\\/producto\\\/protege-matelas-copia\\\/#primaryimage\"},\"image\":{\"@id\":\"https:\\\/\\\/www.laruecavoladora.com\\\/fr\\\/producto\\\/protege-matelas-copia\\\/#primaryimage\"},\"thumbnailUrl\":\"https:\\\/\\\/www.laruecavoladora.com\\\/wp-content\\\/uploads\\\/2019\\\/05\\\/Protector-cama-2-scaled.jpg\",\"datePublished\":\"2019-05-18T16:36:20+00:00\",\"dateModified\":\"2020-09-27T11:20:16+00:00\",\"description\":\"Comprar online Protege- Matelas en nuestra tienda de ropa de hogar ecol\u00f3gica. Venta de ropa Chambre \u00e0 coucher, protege-matelas al mejor precio.\",\"breadcrumb\":{\"@id\":\"https:\\\/\\\/www.laruecavoladora.com\\\/fr\\\/producto\\\/protege-matelas-copia\\\/#breadcrumb\"},\"inLanguage\":\"fr-FR\",\"potentialAction\":[{\"@type\":\"ReadAction\",\"target\":[\"https:\\\/\\\/www.laruecavoladora.com\\\/fr\\\/producto\\\/protege-matelas-copia\\\/\"]}]},{\"@type\":\"ImageObject\",\"inLanguage\":\"fr-FR\",\"@id\":\"https:\\\/\\\/www.laruecavoladora.com\\\/fr\\\/producto\\\/protege-matelas-copia\\\/#primaryimage\",\"url\":\"https:\\\/\\\/www.laruecavoladora.com\\\/wp-content\\\/uploads\\\/2019\\\/05\\\/Protector-cama-2-scaled.jpg\",\"contentUrl\":\"https:\\\/\\\/www.laruecavoladora.com\\\/wp-content\\\/uploads\\\/2019\\\/05\\\/Protector-cama-2-scaled.jpg\",\"width\":2560,\"height\":1920},{\"@type\":\"BreadcrumbList\",\"@id\":\"https:\\\/\\\/www.laruecavoladora.com\\\/fr\\\/producto\\\/protege-matelas-copia\\\/#breadcrumb\",\"itemListElement\":[{\"@type\":\"ListItem\",\"position\":1,\"name\":\"Portada\",\"item\":\"https:\\\/\\\/www.laruecavoladora.com\\\/fr\\\/accueil\\\/\"},{\"@type\":\"ListItem\",\"position\":2,\"name\":\"Boutique\",\"item\":\"https:\\\/\\\/www.laruecavoladora.com\\\/tienda\\\/\"},{\"@type\":\"ListItem\",\"position\":3,\"name\":\"Protege- Matelas\"}]},{\"@type\":\"WebSite\",\"@id\":\"https:\\\/\\\/www.laruecavoladora.com\\\/fr\\\/#website\",\"url\":\"https:\\\/\\\/www.laruecavoladora.com\\\/fr\\\/\",\"name\":\"La Rueca Voladora\",\"description\":\"Ropa del hogar de fibras Naturales\",\"potentialAction\":[{\"@type\":\"SearchAction\",\"target\":{\"@type\":\"EntryPoint\",\"urlTemplate\":\"https:\\\/\\\/www.laruecavoladora.com\\\/fr\\\/?s={search_term_string}\"},\"query-input\":{\"@type\":\"PropertyValueSpecification\",\"valueRequired\":true,\"valueName\":\"search_term_string\"}}],\"inLanguage\":\"fr-FR\"}]}<\/script>\n<!-- \/ Yoast SEO plugin. -->","yoast_head_json":{"title":"Comprar Protege- Matelas online - Chambre \u00e0 coucher, protege-matelas","description":"Comprar online Protege- Matelas en nuestra tienda de ropa de hogar ecol\u00f3gica. Venta de ropa Chambre \u00e0 coucher, protege-matelas al mejor precio.","robots":{"index":"index","follow":"follow","max-snippet":"max-snippet:-1","max-image-preview":"max-image-preview:large","max-video-preview":"max-video-preview:-1"},"canonical":"https:\/\/www.laruecavoladora.com\/fr\/producto\/protege-matelas-copia\/","og_locale":"fr_FR","og_type":"article","og_title":"Comprar Protege- Matelas online - Chambre \u00e0 coucher, protege-matelas","og_description":"Comprar online Protege- Matelas en nuestra tienda de ropa de hogar ecol\u00f3gica. Venta de ropa Chambre \u00e0 coucher, protege-matelas al mejor precio.","og_url":"https:\/\/www.laruecavoladora.com\/fr\/producto\/protege-matelas-copia\/","og_site_name":"La Rueca Voladora","article_modified_time":"2020-09-27T11:20:16+00:00","og_image":[{"width":3648,"height":2736,"url":"https:\/\/www.laruecavoladora.com\/wp-content\/uploads\/2019\/05\/Protector-cama-2.jpg","type":"image\/jpeg"}],"twitter_card":"summary_large_image","twitter_misc":{"Dur\u00e9e de lecture estim\u00e9e":"1 minute"},"schema":{"@context":"https:\/\/schema.org","@graph":[{"@type":"WebPage","@id":"https:\/\/www.laruecavoladora.com\/fr\/producto\/protege-matelas-copia\/","url":"https:\/\/www.laruecavoladora.com\/fr\/producto\/protege-matelas-copia\/","name":"Comprar Protege- Matelas online - Chambre \u00e0 coucher, protege-matelas","isPartOf":{"@id":"https:\/\/www.laruecavoladora.com\/fr\/#website"},"primaryImageOfPage":{"@id":"https:\/\/www.laruecavoladora.com\/fr\/producto\/protege-matelas-copia\/#primaryimage"},"image":{"@id":"https:\/\/www.laruecavoladora.com\/fr\/producto\/protege-matelas-copia\/#primaryimage"},"thumbnailUrl":"https:\/\/www.laruecavoladora.com\/wp-content\/uploads\/2019\/05\/Protector-cama-2-scaled.jpg","datePublished":"2019-05-18T16:36:20+00:00","dateModified":"2020-09-27T11:20:16+00:00","description":"Comprar online Protege- Matelas en nuestra tienda de ropa de hogar ecol\u00f3gica. Venta de ropa Chambre \u00e0 coucher, protege-matelas al mejor precio.","breadcrumb":{"@id":"https:\/\/www.laruecavoladora.com\/fr\/producto\/protege-matelas-copia\/#breadcrumb"},"inLanguage":"fr-FR","potentialAction":[{"@type":"ReadAction","target":["https:\/\/www.laruecavoladora.com\/fr\/producto\/protege-matelas-copia\/"]}]},{"@type":"ImageObject","inLanguage":"fr-FR","@id":"https:\/\/www.laruecavoladora.com\/fr\/producto\/protege-matelas-copia\/#primaryimage","url":"https:\/\/www.laruecavoladora.com\/wp-content\/uploads\/2019\/05\/Protector-cama-2-scaled.jpg","contentUrl":"https:\/\/www.laruecavoladora.com\/wp-content\/uploads\/2019\/05\/Protector-cama-2-scaled.jpg","width":2560,"height":1920},{"@type":"BreadcrumbList","@id":"https:\/\/www.laruecavoladora.com\/fr\/producto\/protege-matelas-copia\/#breadcrumb","itemListElement":[{"@type":"ListItem","position":1,"name":"Portada","item":"https:\/\/www.laruecavoladora.com\/fr\/accueil\/"},{"@type":"ListItem","position":2,"name":"Boutique","item":"https:\/\/www.laruecavoladora.com\/tienda\/"},{"@type":"ListItem","position":3,"name":"Protege- Matelas"}]},{"@type":"WebSite","@id":"https:\/\/www.laruecavoladora.com\/fr\/#website","url":"https:\/\/www.laruecavoladora.com\/fr\/","name":"La Rueca Voladora","description":"Ropa del hogar de fibras Naturales","potentialAction":[{"@type":"SearchAction","target":{"@type":"EntryPoint","urlTemplate":"https:\/\/www.laruecavoladora.com\/fr\/?s={search_term_string}"},"query-input":{"@type":"PropertyValueSpecification","valueRequired":true,"valueName":"search_term_string"}}],"inLanguage":"fr-FR"}]}},"wcpa_form_fields":null,"_links":{"self":[{"href":"https:\/\/www.laruecavoladora.com\/fr\/wp-json\/wp\/v2\/product\/5722","targetHints":{"allow":["GET"]}}],"collection":[{"href":"https:\/\/www.laruecavoladora.com\/fr\/wp-json\/wp\/v2\/product"}],"about":[{"href":"https:\/\/www.laruecavoladora.com\/fr\/wp-json\/wp\/v2\/types\/product"}],"replies":[{"embeddable":true,"href":"https:\/\/www.laruecavoladora.com\/fr\/wp-json\/wp\/v2\/comments?post=5722"}],"wp:featuredmedia":[{"embeddable":true,"href":"https:\/\/www.laruecavoladora.com\/fr\/wp-json\/wp\/v2\/media\/5634"}],"wp:attachment":[{"href":"https:\/\/www.laruecavoladora.com\/fr\/wp-json\/wp\/v2\/media?parent=5722"}],"wp:term":[{"taxonomy":"product_brand","embeddable":true,"href":"https:\/\/www.laruecavoladora.com\/fr\/wp-json\/wp\/v2\/product_brand?post=5722"},{"taxonomy":"product_cat","embeddable":true,"href":"https:\/\/www.laruecavoladora.com\/fr\/wp-json\/wp\/v2\/product_cat?post=5722"},{"taxonomy":"product_tag","embeddable":true,"href":"https:\/\/www.laruecavoladora.com\/fr\/wp-json\/wp\/v2\/product_tag?post=5722"}],"curies":[{"name":"wp","href":"https:\/\/api.w.org\/{rel}","templated":true}]}}