{"id":4355,"date":"2018-05-24T14:49:08","date_gmt":"2018-05-24T14:49:08","guid":{"rendered":"https:\/\/www.laruecavoladora.com\/producto\/bambou-serviette\/"},"modified":"2026-04-23T12:03:17","modified_gmt":"2026-04-23T10:03:17","slug":"bambou-serviette","status":"publish","type":"product","link":"https:\/\/www.laruecavoladora.com\/fr\/producto\/bambou-serviette\/","title":{"rendered":"Serviette de bambou"},"content":{"rendered":"<div class=\"wpb-content-wrapper\"><p>[vc_row][vc_column][vc_column_text]<\/p>\n<h1>Serviettes en bambou.<\/h1>\n<ul>\n<li>Serviette de couleur blanche en fibre de bambou et en coton.<\/li>\n<li>D\u2019un c\u00f4t\u00e9, elle a un rebord fait avec des fils multicolores.<\/li>\n<li>De l\u2019autre elle est bord\u00e9e par un \u00e9l\u00e9gant rebord en fil de coton.<\/li>\n<\/ul>\n<h2>Serviettes de bain en bambou .<\/h2>\n<p>Serviette en bambou, extr\u00eamement l\u00e9g\u00e8re, douce et absorbante<\/p>\n<p><strong><u>Saviez-vous que:<\/u><\/strong><\/p>\n<p>Les serviettes en bambou conf\u00e8rent une sensation douce et confortable au toucher et qu\u2019elles ont une excellente fonction d\u2019absorption de l\u2019humidit\u00e9. La fonction d\u2019antibiose naturelle du bambou maintient les bact\u00e9ries \u00e9loign\u00e9es, ce qui \u00e9vite les mauvaises odeurs.<br \/>\nLa fibre de bambou permet\u00a0 \u00e0 la peau de respirer librement. Gr\u00e2ce au fait que la section transversale de la fibre de bambou est pleine de micro-perforations, elle permet une grande absorption de l\u2019humidit\u00e9 et se ventile plus facilement.<\/p>\n<p>Gr\u00e2ce \u00e0 cette microstructure sans pair, les tissus en fibre de bambou peuvent absorber et \u00e9vaporer la sueur humaine en une fraction de seconde.<\/p>\n<ul>\n<li><u>Cette <\/u><u>serviette<\/u> <u>est<\/u><u> disponible <\/u><u>pour<\/u><u> le lavabo et le <\/u><u>bain<\/u>.<\/li>\n<\/ul>\n<p><u>\u00c0 <\/u><u>retenir<\/u><\/p>\n<p>Le grammage nous indique le poids par m\u00e8tre carr\u00e9 de serviette, c\u2019est \u00e0 dire la quantit\u00e9 de fil contenu dans un m\u00e8tre carr\u00e9. Plus le grammage est haut et plus la serviette est douce et spongieuse. Plus le grammage est bas et plus la serviette est fine et moins douce.<\/p>\n<p><b>Il <\/b><b>est<\/b> <b>important<\/b><b> de <\/b><b>toujours<\/b> <b>laver<\/b><b> le <\/b><b>linge<\/b> <b>avant<\/b> <b>sa<\/b> <b>premi\u00e8re<\/b> <b>utilisation<\/b><b>.<\/b><\/p>\n<ul>\n<li>Confectionn\u00e9e et finie au Portugal.<\/li>\n<\/ul>\n<h4><strong>CONFIANCE TEXTILE<\/strong><\/h4>\n<h3><strong><img loading=\"lazy\" decoding=\"async\" class=\"wp-image-4233 alignleft\" src=\"https:\/\/www.laruecavoladora.com\/wp-content\/uploads\/2018\/05\/cuc-logo-copy.png\" alt=\"\" width=\"92\" height=\"93\" srcset=\"https:\/\/www.laruecavoladora.com\/wp-content\/uploads\/2018\/05\/cuc-logo-copy.png 281w, https:\/\/www.laruecavoladora.com\/wp-content\/uploads\/2018\/05\/cuc-logo-copy-100x100.png 100w\" sizes=\"auto, (max-width: 92px) 100vw, 92px\" \/><\/strong><\/h3>\n<p><img loading=\"lazy\" decoding=\"async\" class=\"alignleft wp-image-3814\" src=\"https:\/\/www.laruecavoladora.com\/wp-content\/uploads\/2018\/01\/sello-2.jpg\" alt=\"\" width=\"91\" height=\"91\" srcset=\"https:\/\/www.laruecavoladora.com\/wp-content\/uploads\/2018\/01\/sello-2.jpg 180w, https:\/\/www.laruecavoladora.com\/wp-content\/uploads\/2018\/01\/sello-2-100x100.jpg 100w\" sizes=\"auto, (max-width: 91px) 100vw, 91px\" \/>[\/vc_column_text][\/vc_column][\/vc_row]<\/p>\n<\/div>","protected":false},"excerpt":{"rendered":"<h2>Serviettes en Bambou, 600gr\/m2.<\/h2>\n<p><strong>vous pouvez acheter:<\/strong><\/p>\n<ul>\n<li>1 ou 2 serviettes de toilette (50 x 100 cm).<\/li>\n<li>1 ou 2 serviettes de bain (100 x 150 cm).<\/li>\n<\/ul>\n<p>&nbsp;<\/p>\n<p><a href=\"https:\/\/www.laruecavoladora.com\/wp-content\/uploads\/2018\/06\/Guia-tallas-Toallas-frances.pdf\" target=\"_blank\" rel=\"noopener noreferrer\">Consultez notre guide de tailles<\/a><\/p>\n<p>&nbsp;<\/p>\n","protected":false},"featured_media":5290,"comment_status":"open","ping_status":"closed","template":"","meta":{"rs_blank_template":"","rs_page_bg_color":"","slide_template_v7":"","_glsr_average":0,"_glsr_ranking":0,"_glsr_reviews":0,"_joinchat":{"message_text":"Hola!. En que podemos ayudarte.&#x1f60a;"}},"product_brand":[],"product_cat":[391,408,1050],"product_tag":[],"class_list":{"0":"post-4355","1":"product","2":"type-product","3":"status-publish","4":"has-post-thumbnail","6":"product_cat-bain","7":"product_cat-serviette-de-bambou","8":"product_cat-serviettes","9":"wcpa_has_options","11":"first","12":"instock","13":"taxable","14":"shipping-taxable","15":"purchasable","16":"product-type-variable"},"yoast_head":"<!-- This site is optimized with the Yoast SEO plugin v27.6 - https:\/\/yoast.com\/product\/yoast-seo-wordpress\/ -->\n<title>Acheter une serviette en bambou en ligne - Serviettes de bambou et coton<\/title>\n<meta name=\"description\" content=\"Vente en ligne de serviettes en bambou pour lavabo et salle de bain. Le meilleur prix sur les serviettes en coton et fibre de bambou fabriqu\u00e9es au Portugal\" \/>\n<meta name=\"robots\" content=\"index, follow, max-snippet:-1, max-image-preview:large, max-video-preview:-1\" \/>\n<link rel=\"canonical\" href=\"https:\/\/www.laruecavoladora.com\/fr\/producto\/bambou-serviette\/\" \/>\n<meta property=\"og:locale\" content=\"fr_FR\" \/>\n<meta property=\"og:type\" content=\"article\" \/>\n<meta property=\"og:title\" content=\"Acheter une serviette en bambou en ligne - Serviettes de bambou et coton\" \/>\n<meta property=\"og:description\" content=\"Vente en ligne de serviettes en bambou pour lavabo et salle de bain. Le meilleur prix sur les serviettes en coton et fibre de bambou fabriqu\u00e9es au Portugal\" \/>\n<meta property=\"og:url\" content=\"https:\/\/www.laruecavoladora.com\/fr\/producto\/bambou-serviette\/\" \/>\n<meta property=\"og:site_name\" content=\"La Rueca Voladora\" \/>\n<meta property=\"article:modified_time\" content=\"2026-04-23T10:03:17+00:00\" \/>\n<meta property=\"og:image\" content=\"https:\/\/www.laruecavoladora.com\/wp-content\/uploads\/2018\/05\/bamb\u00fa-principal-scaled.jpg\" \/>\n\t<meta property=\"og:image:width\" content=\"2560\" \/>\n\t<meta property=\"og:image:height\" content=\"1920\" \/>\n\t<meta property=\"og:image:type\" content=\"image\/jpeg\" \/>\n<meta name=\"twitter:card\" content=\"summary_large_image\" \/>\n<meta name=\"twitter:label1\" content=\"Dur\u00e9e de lecture estim\u00e9e\" \/>\n\t<meta name=\"twitter:data1\" content=\"1 minute\" \/>\n<script type=\"application\/ld+json\" class=\"yoast-schema-graph\">{\"@context\":\"https:\\\/\\\/schema.org\",\"@graph\":[{\"@type\":\"WebPage\",\"@id\":\"https:\\\/\\\/www.laruecavoladora.com\\\/fr\\\/producto\\\/bambou-serviette\\\/\",\"url\":\"https:\\\/\\\/www.laruecavoladora.com\\\/fr\\\/producto\\\/bambou-serviette\\\/\",\"name\":\"Acheter une serviette en bambou en ligne - Serviettes de bambou et coton\",\"isPartOf\":{\"@id\":\"https:\\\/\\\/www.laruecavoladora.com\\\/fr\\\/#website\"},\"primaryImageOfPage\":{\"@id\":\"https:\\\/\\\/www.laruecavoladora.com\\\/fr\\\/producto\\\/bambou-serviette\\\/#primaryimage\"},\"image\":{\"@id\":\"https:\\\/\\\/www.laruecavoladora.com\\\/fr\\\/producto\\\/bambou-serviette\\\/#primaryimage\"},\"thumbnailUrl\":\"https:\\\/\\\/www.laruecavoladora.com\\\/wp-content\\\/uploads\\\/2018\\\/05\\\/bamb\u00fa-principal-scaled.jpg\",\"datePublished\":\"2018-05-24T14:49:08+00:00\",\"dateModified\":\"2026-04-23T10:03:17+00:00\",\"description\":\"Vente en ligne de serviettes en bambou pour lavabo et salle de bain. Le meilleur prix sur les serviettes en coton et fibre de bambou fabriqu\u00e9es au Portugal\",\"breadcrumb\":{\"@id\":\"https:\\\/\\\/www.laruecavoladora.com\\\/fr\\\/producto\\\/bambou-serviette\\\/#breadcrumb\"},\"inLanguage\":\"fr-FR\",\"potentialAction\":[{\"@type\":\"ReadAction\",\"target\":[\"https:\\\/\\\/www.laruecavoladora.com\\\/fr\\\/producto\\\/bambou-serviette\\\/\"]}]},{\"@type\":\"ImageObject\",\"inLanguage\":\"fr-FR\",\"@id\":\"https:\\\/\\\/www.laruecavoladora.com\\\/fr\\\/producto\\\/bambou-serviette\\\/#primaryimage\",\"url\":\"https:\\\/\\\/www.laruecavoladora.com\\\/wp-content\\\/uploads\\\/2018\\\/05\\\/bamb\u00fa-principal-scaled.jpg\",\"contentUrl\":\"https:\\\/\\\/www.laruecavoladora.com\\\/wp-content\\\/uploads\\\/2018\\\/05\\\/bamb\u00fa-principal-scaled.jpg\",\"width\":2560,\"height\":1920,\"caption\":\"Alt=\u201dServiettes en bambou\u201d\"},{\"@type\":\"BreadcrumbList\",\"@id\":\"https:\\\/\\\/www.laruecavoladora.com\\\/fr\\\/producto\\\/bambou-serviette\\\/#breadcrumb\",\"itemListElement\":[{\"@type\":\"ListItem\",\"position\":1,\"name\":\"Portada\",\"item\":\"https:\\\/\\\/www.laruecavoladora.com\\\/fr\\\/accueil\\\/\"},{\"@type\":\"ListItem\",\"position\":2,\"name\":\"Boutique\",\"item\":\"https:\\\/\\\/www.laruecavoladora.com\\\/tienda\\\/\"},{\"@type\":\"ListItem\",\"position\":3,\"name\":\"Serviette de bambou\"}]},{\"@type\":\"WebSite\",\"@id\":\"https:\\\/\\\/www.laruecavoladora.com\\\/fr\\\/#website\",\"url\":\"https:\\\/\\\/www.laruecavoladora.com\\\/fr\\\/\",\"name\":\"La Rueca Voladora\",\"description\":\"Ropa del hogar de fibras Naturales\",\"potentialAction\":[{\"@type\":\"SearchAction\",\"target\":{\"@type\":\"EntryPoint\",\"urlTemplate\":\"https:\\\/\\\/www.laruecavoladora.com\\\/fr\\\/?s={search_term_string}\"},\"query-input\":{\"@type\":\"PropertyValueSpecification\",\"valueRequired\":true,\"valueName\":\"search_term_string\"}}],\"inLanguage\":\"fr-FR\"}]}<\/script>\n<!-- \/ Yoast SEO plugin. -->","yoast_head_json":{"title":"Acheter une serviette en bambou en ligne - Serviettes de bambou et coton","description":"Vente en ligne de serviettes en bambou pour lavabo et salle de bain. Le meilleur prix sur les serviettes en coton et fibre de bambou fabriqu\u00e9es au Portugal","robots":{"index":"index","follow":"follow","max-snippet":"max-snippet:-1","max-image-preview":"max-image-preview:large","max-video-preview":"max-video-preview:-1"},"canonical":"https:\/\/www.laruecavoladora.com\/fr\/producto\/bambou-serviette\/","og_locale":"fr_FR","og_type":"article","og_title":"Acheter une serviette en bambou en ligne - Serviettes de bambou et coton","og_description":"Vente en ligne de serviettes en bambou pour lavabo et salle de bain. Le meilleur prix sur les serviettes en coton et fibre de bambou fabriqu\u00e9es au Portugal","og_url":"https:\/\/www.laruecavoladora.com\/fr\/producto\/bambou-serviette\/","og_site_name":"La Rueca Voladora","article_modified_time":"2026-04-23T10:03:17+00:00","og_image":[{"width":2560,"height":1920,"url":"https:\/\/www.laruecavoladora.com\/wp-content\/uploads\/2018\/05\/bamb\u00fa-principal-scaled.jpg","type":"image\/jpeg"}],"twitter_card":"summary_large_image","twitter_misc":{"Dur\u00e9e de lecture estim\u00e9e":"1 minute"},"schema":{"@context":"https:\/\/schema.org","@graph":[{"@type":"WebPage","@id":"https:\/\/www.laruecavoladora.com\/fr\/producto\/bambou-serviette\/","url":"https:\/\/www.laruecavoladora.com\/fr\/producto\/bambou-serviette\/","name":"Acheter une serviette en bambou en ligne - Serviettes de bambou et coton","isPartOf":{"@id":"https:\/\/www.laruecavoladora.com\/fr\/#website"},"primaryImageOfPage":{"@id":"https:\/\/www.laruecavoladora.com\/fr\/producto\/bambou-serviette\/#primaryimage"},"image":{"@id":"https:\/\/www.laruecavoladora.com\/fr\/producto\/bambou-serviette\/#primaryimage"},"thumbnailUrl":"https:\/\/www.laruecavoladora.com\/wp-content\/uploads\/2018\/05\/bamb\u00fa-principal-scaled.jpg","datePublished":"2018-05-24T14:49:08+00:00","dateModified":"2026-04-23T10:03:17+00:00","description":"Vente en ligne de serviettes en bambou pour lavabo et salle de bain. Le meilleur prix sur les serviettes en coton et fibre de bambou fabriqu\u00e9es au Portugal","breadcrumb":{"@id":"https:\/\/www.laruecavoladora.com\/fr\/producto\/bambou-serviette\/#breadcrumb"},"inLanguage":"fr-FR","potentialAction":[{"@type":"ReadAction","target":["https:\/\/www.laruecavoladora.com\/fr\/producto\/bambou-serviette\/"]}]},{"@type":"ImageObject","inLanguage":"fr-FR","@id":"https:\/\/www.laruecavoladora.com\/fr\/producto\/bambou-serviette\/#primaryimage","url":"https:\/\/www.laruecavoladora.com\/wp-content\/uploads\/2018\/05\/bamb\u00fa-principal-scaled.jpg","contentUrl":"https:\/\/www.laruecavoladora.com\/wp-content\/uploads\/2018\/05\/bamb\u00fa-principal-scaled.jpg","width":2560,"height":1920,"caption":"Alt=\u201dServiettes en bambou\u201d"},{"@type":"BreadcrumbList","@id":"https:\/\/www.laruecavoladora.com\/fr\/producto\/bambou-serviette\/#breadcrumb","itemListElement":[{"@type":"ListItem","position":1,"name":"Portada","item":"https:\/\/www.laruecavoladora.com\/fr\/accueil\/"},{"@type":"ListItem","position":2,"name":"Boutique","item":"https:\/\/www.laruecavoladora.com\/tienda\/"},{"@type":"ListItem","position":3,"name":"Serviette de bambou"}]},{"@type":"WebSite","@id":"https:\/\/www.laruecavoladora.com\/fr\/#website","url":"https:\/\/www.laruecavoladora.com\/fr\/","name":"La Rueca Voladora","description":"Ropa del hogar de fibras Naturales","potentialAction":[{"@type":"SearchAction","target":{"@type":"EntryPoint","urlTemplate":"https:\/\/www.laruecavoladora.com\/fr\/?s={search_term_string}"},"query-input":{"@type":"PropertyValueSpecification","valueRequired":true,"valueName":"search_term_string"}}],"inLanguage":"fr-FR"}]}},"wcpa_form_fields":null,"_links":{"self":[{"href":"https:\/\/www.laruecavoladora.com\/fr\/wp-json\/wp\/v2\/product\/4355","targetHints":{"allow":["GET"]}}],"collection":[{"href":"https:\/\/www.laruecavoladora.com\/fr\/wp-json\/wp\/v2\/product"}],"about":[{"href":"https:\/\/www.laruecavoladora.com\/fr\/wp-json\/wp\/v2\/types\/product"}],"replies":[{"embeddable":true,"href":"https:\/\/www.laruecavoladora.com\/fr\/wp-json\/wp\/v2\/comments?post=4355"}],"wp:featuredmedia":[{"embeddable":true,"href":"https:\/\/www.laruecavoladora.com\/fr\/wp-json\/wp\/v2\/media\/5290"}],"wp:attachment":[{"href":"https:\/\/www.laruecavoladora.com\/fr\/wp-json\/wp\/v2\/media?parent=4355"}],"wp:term":[{"taxonomy":"product_brand","embeddable":true,"href":"https:\/\/www.laruecavoladora.com\/fr\/wp-json\/wp\/v2\/product_brand?post=4355"},{"taxonomy":"product_cat","embeddable":true,"href":"https:\/\/www.laruecavoladora.com\/fr\/wp-json\/wp\/v2\/product_cat?post=4355"},{"taxonomy":"product_tag","embeddable":true,"href":"https:\/\/www.laruecavoladora.com\/fr\/wp-json\/wp\/v2\/product_tag?post=4355"}],"curies":[{"name":"wp","href":"https:\/\/api.w.org\/{rel}","templated":true}]}}