{"id":4326,"date":"2018-05-15T12:54:04","date_gmt":"2018-05-15T12:54:04","guid":{"rendered":"https:\/\/www.laruecavoladora.com\/producto\/serviette-coton-organique\/"},"modified":"2026-04-23T09:50:42","modified_gmt":"2026-04-23T07:50:42","slug":"serviette-coton-organique","status":"publish","type":"product","link":"https:\/\/www.laruecavoladora.com\/fr\/producto\/serviette-coton-organique\/","title":{"rendered":"Serviette Coton Organique"},"content":{"rendered":"<h1>Serviette en coton biologique.<\/h1>\n<p>Serviette 100% coton organique,&nbsp; blanc, \u00e0 boucle c\u00f4tel\u00e9e, et finition simple et \u00e9l\u00e9gante.<\/p>\n<h2><strong>serviette douce, absorbante et r\u00e9sistante.<\/strong><\/h2>\n<p><strong><u><i>Les fibres naturelles <\/i><\/u>sont<\/strong> des alli\u00e9es merveilleuses pour garantir une haute capacit\u00e9 d\u2019absorption, beaucoup de douceur et un s\u00e9chage rapide, du fait que l\u2019air circule entres les fibres, ce qui lib\u00e8re l\u2019humidit\u00e9 et permet un s\u00e9chage rapide. Ces qualit\u00e9s s\u2019unissent au confort suppl\u00e9mentaire conf\u00e9r\u00e9 par <u>son grammage (600 gr\/m2<\/u>) qui en fait un tissu de bain sp\u00e9cialement doux et spongieux.<\/p>\n<ul>\n<li>Cette serviette est disponible pour le lavabo et le bain.<\/li>\n<\/ul>\n<p><u>Saviez-vous<\/u><u> que<\/u><\/p>\n<p>Le grammage nous indique le poids par m\u00e8tre carr\u00e9 de serviette, c\u2019est \u00e0 dire la quantit\u00e9 de fil contenu dans un m\u00e8tre carr\u00e9. Plus le grammage est haut et plus la serviette est douce et spongieuse. Plus le grammage est bas et plus la serviette est fine et moins douce.<\/p>\n<p><b>&nbsp;<\/b><b>Il <\/b><b>est<\/b> <b>important<\/b><b> de <\/b><b>toujours<\/b> <b>laver<\/b><b> le <\/b><b>linge<\/b> <b>avant<\/b> <b>sa<\/b> <b>premi\u00e8re<\/b> <b>utilisation<\/b><b>.<\/b><\/p>\n<ul>\n<li>Confectionn\u00e9e et finie au Portugal.<\/li>\n<\/ul>\n<h4><strong>CONFIANCE TEXTILE<\/strong><\/h4>\n<p><strong><img loading=\"lazy\" decoding=\"async\" class=\"alignleft wp-image-4233\" src=\"https:\/\/www.laruecavoladora.com\/wp-content\/uploads\/2018\/05\/cuc-logo-copy.png\" alt=\"\" width=\"90\" height=\"91\" data-mce-src=\"https:\/\/www.laruecavoladora.com\/wp-content\/uploads\/2018\/05\/cuc-logo-copy.png\" srcset=\"https:\/\/www.laruecavoladora.com\/wp-content\/uploads\/2018\/05\/cuc-logo-copy.png 281w, https:\/\/www.laruecavoladora.com\/wp-content\/uploads\/2018\/05\/cuc-logo-copy-100x100.png 100w\" sizes=\"auto, (max-width: 90px) 100vw, 90px\" \/><\/strong><\/p>\n<p><img loading=\"lazy\" decoding=\"async\" class=\"alignleft wp-image-3814\" src=\"https:\/\/www.laruecavoladora.com\/wp-content\/uploads\/2018\/01\/sello-2.jpg\" alt=\"\" width=\"92\" height=\"92\" data-mce-src=\"https:\/\/www.laruecavoladora.com\/wp-content\/uploads\/2018\/01\/sello-2.jpg\" srcset=\"https:\/\/www.laruecavoladora.com\/wp-content\/uploads\/2018\/01\/sello-2.jpg 180w, https:\/\/www.laruecavoladora.com\/wp-content\/uploads\/2018\/01\/sello-2-100x100.jpg 100w\" sizes=\"auto, (max-width: 92px) 100vw, 92px\" \/><\/p>\n","protected":false},"excerpt":{"rendered":"<h2><strong>Serviette de bain en coton bio. &#8211; 600GR\/M2<\/strong><\/h2>\n<p><strong>Vous pouvez acheter:<\/strong><\/p>\n<ul>\n<li>1 ou 2 serviettes de toilette (50 x 100 cm).<\/li>\n<li>1 ou 2 serviettes de bain (100 x 150 cm)<\/li>\n<\/ul>\n<p><a href=\"https:\/\/www.laruecavoladora.com\/wp-content\/uploads\/2018\/06\/Guia-tallas-Toallas-frances.pdf\" target=\"_blank\" rel=\"noopener noreferrer\" data-mce-href=\"https:\/\/www.laruecavoladora.com\/wp-content\/uploads\/2018\/06\/Guia-tallas-Toallas-frances.pdf\">Consultez notre guide de tailles<\/a><\/p>\n<p><\/p>\n","protected":false},"featured_media":5278,"comment_status":"open","ping_status":"closed","template":"","meta":{"_glsr_average":0,"_glsr_ranking":0,"_glsr_reviews":0,"_joinchat":[]},"product_brand":[],"product_cat":[391,414,1050],"product_tag":[],"class_list":{"0":"post-4326","1":"product","2":"type-product","3":"status-publish","4":"has-post-thumbnail","6":"product_cat-bain","7":"product_cat-serviette-coton-organique","8":"product_cat-serviettes","9":"wcpa_has_options","11":"first","12":"instock","13":"taxable","14":"shipping-taxable","15":"purchasable","16":"product-type-variable"},"yoast_head":"<!-- This site is optimized with the Yoast SEO plugin v27.5 - https:\/\/yoast.com\/product\/yoast-seo-wordpress\/ -->\n<title>Acheter serviette en coton bio - Serviettes en fibres naturelles en ligne<\/title>\n<meta name=\"description\" content=\"Serviettes en coton biologique. Ensemble de serviettes en coton. Serviettes de bain et de douche blanches. Les meilleures serviettes de bain et de douche\" \/>\n<meta name=\"robots\" content=\"index, follow, max-snippet:-1, max-image-preview:large, max-video-preview:-1\" \/>\n<link rel=\"canonical\" href=\"https:\/\/www.laruecavoladora.com\/fr\/producto\/serviette-coton-organique\/\" \/>\n<meta property=\"og:locale\" content=\"fr_FR\" \/>\n<meta property=\"og:type\" content=\"article\" \/>\n<meta property=\"og:title\" content=\"Acheter serviette en coton bio - Serviettes en fibres naturelles en ligne\" \/>\n<meta property=\"og:description\" content=\"Serviettes en coton biologique. Ensemble de serviettes en coton. Serviettes de bain et de douche blanches. Les meilleures serviettes de bain et de douche\" \/>\n<meta property=\"og:url\" content=\"https:\/\/www.laruecavoladora.com\/fr\/producto\/serviette-coton-organique\/\" \/>\n<meta property=\"og:site_name\" content=\"La Rueca Voladora\" \/>\n<meta property=\"article:modified_time\" content=\"2026-04-23T07:50:42+00:00\" \/>\n<meta property=\"og:image\" content=\"https:\/\/www.laruecavoladora.com\/wp-content\/uploads\/2018\/05\/w-toalla-organica-sobre-la-flores.jpg\" \/>\n\t<meta property=\"og:image:width\" content=\"1000\" \/>\n\t<meta property=\"og:image:height\" content=\"750\" \/>\n\t<meta property=\"og:image:type\" content=\"image\/jpeg\" \/>\n<meta name=\"twitter:card\" content=\"summary_large_image\" \/>\n<meta name=\"twitter:label1\" content=\"Dur\u00e9e de lecture estim\u00e9e\" \/>\n\t<meta name=\"twitter:data1\" content=\"2 minutes\" \/>\n<script type=\"application\/ld+json\" class=\"yoast-schema-graph\">{\"@context\":\"https:\\\/\\\/schema.org\",\"@graph\":[{\"@type\":\"WebPage\",\"@id\":\"https:\\\/\\\/www.laruecavoladora.com\\\/fr\\\/producto\\\/serviette-coton-organique\\\/\",\"url\":\"https:\\\/\\\/www.laruecavoladora.com\\\/fr\\\/producto\\\/serviette-coton-organique\\\/\",\"name\":\"Acheter serviette en coton bio - Serviettes en fibres naturelles en ligne\",\"isPartOf\":{\"@id\":\"https:\\\/\\\/www.laruecavoladora.com\\\/fr\\\/#website\"},\"primaryImageOfPage\":{\"@id\":\"https:\\\/\\\/www.laruecavoladora.com\\\/fr\\\/producto\\\/serviette-coton-organique\\\/#primaryimage\"},\"image\":{\"@id\":\"https:\\\/\\\/www.laruecavoladora.com\\\/fr\\\/producto\\\/serviette-coton-organique\\\/#primaryimage\"},\"thumbnailUrl\":\"https:\\\/\\\/www.laruecavoladora.com\\\/wp-content\\\/uploads\\\/2018\\\/05\\\/w-toalla-organica-sobre-la-flores.jpg\",\"datePublished\":\"2018-05-15T12:54:04+00:00\",\"dateModified\":\"2026-04-23T07:50:42+00:00\",\"description\":\"Serviettes en coton biologique. Ensemble de serviettes en coton. Serviettes de bain et de douche blanches. Les meilleures serviettes de bain et de douche\",\"breadcrumb\":{\"@id\":\"https:\\\/\\\/www.laruecavoladora.com\\\/fr\\\/producto\\\/serviette-coton-organique\\\/#breadcrumb\"},\"inLanguage\":\"fr-FR\",\"potentialAction\":[{\"@type\":\"ReadAction\",\"target\":[\"https:\\\/\\\/www.laruecavoladora.com\\\/fr\\\/producto\\\/serviette-coton-organique\\\/\"]}]},{\"@type\":\"ImageObject\",\"inLanguage\":\"fr-FR\",\"@id\":\"https:\\\/\\\/www.laruecavoladora.com\\\/fr\\\/producto\\\/serviette-coton-organique\\\/#primaryimage\",\"url\":\"https:\\\/\\\/www.laruecavoladora.com\\\/wp-content\\\/uploads\\\/2018\\\/05\\\/w-toalla-organica-sobre-la-flores.jpg\",\"contentUrl\":\"https:\\\/\\\/www.laruecavoladora.com\\\/wp-content\\\/uploads\\\/2018\\\/05\\\/w-toalla-organica-sobre-la-flores.jpg\",\"width\":1000,\"height\":750,\"caption\":\"Alt=\u201dServiettes en coton bio\u201d\"},{\"@type\":\"BreadcrumbList\",\"@id\":\"https:\\\/\\\/www.laruecavoladora.com\\\/fr\\\/producto\\\/serviette-coton-organique\\\/#breadcrumb\",\"itemListElement\":[{\"@type\":\"ListItem\",\"position\":1,\"name\":\"Portada\",\"item\":\"https:\\\/\\\/www.laruecavoladora.com\\\/fr\\\/accueil\\\/\"},{\"@type\":\"ListItem\",\"position\":2,\"name\":\"Boutique\",\"item\":\"https:\\\/\\\/www.laruecavoladora.com\\\/tienda\\\/\"},{\"@type\":\"ListItem\",\"position\":3,\"name\":\"Serviette Coton Organique\"}]},{\"@type\":\"WebSite\",\"@id\":\"https:\\\/\\\/www.laruecavoladora.com\\\/fr\\\/#website\",\"url\":\"https:\\\/\\\/www.laruecavoladora.com\\\/fr\\\/\",\"name\":\"La Rueca Voladora\",\"description\":\"Ropa del hogar de fibras Naturales\",\"potentialAction\":[{\"@type\":\"SearchAction\",\"target\":{\"@type\":\"EntryPoint\",\"urlTemplate\":\"https:\\\/\\\/www.laruecavoladora.com\\\/fr\\\/?s={search_term_string}\"},\"query-input\":{\"@type\":\"PropertyValueSpecification\",\"valueRequired\":true,\"valueName\":\"search_term_string\"}}],\"inLanguage\":\"fr-FR\"}]}<\/script>\n<!-- \/ Yoast SEO plugin. -->","yoast_head_json":{"title":"Acheter serviette en coton bio - Serviettes en fibres naturelles en ligne","description":"Serviettes en coton biologique. Ensemble de serviettes en coton. Serviettes de bain et de douche blanches. Les meilleures serviettes de bain et de douche","robots":{"index":"index","follow":"follow","max-snippet":"max-snippet:-1","max-image-preview":"max-image-preview:large","max-video-preview":"max-video-preview:-1"},"canonical":"https:\/\/www.laruecavoladora.com\/fr\/producto\/serviette-coton-organique\/","og_locale":"fr_FR","og_type":"article","og_title":"Acheter serviette en coton bio - Serviettes en fibres naturelles en ligne","og_description":"Serviettes en coton biologique. Ensemble de serviettes en coton. Serviettes de bain et de douche blanches. Les meilleures serviettes de bain et de douche","og_url":"https:\/\/www.laruecavoladora.com\/fr\/producto\/serviette-coton-organique\/","og_site_name":"La Rueca Voladora","article_modified_time":"2026-04-23T07:50:42+00:00","og_image":[{"width":1000,"height":750,"url":"https:\/\/www.laruecavoladora.com\/wp-content\/uploads\/2018\/05\/w-toalla-organica-sobre-la-flores.jpg","type":"image\/jpeg"}],"twitter_card":"summary_large_image","twitter_misc":{"Dur\u00e9e de lecture estim\u00e9e":"2 minutes"},"schema":{"@context":"https:\/\/schema.org","@graph":[{"@type":"WebPage","@id":"https:\/\/www.laruecavoladora.com\/fr\/producto\/serviette-coton-organique\/","url":"https:\/\/www.laruecavoladora.com\/fr\/producto\/serviette-coton-organique\/","name":"Acheter serviette en coton bio - Serviettes en fibres naturelles en ligne","isPartOf":{"@id":"https:\/\/www.laruecavoladora.com\/fr\/#website"},"primaryImageOfPage":{"@id":"https:\/\/www.laruecavoladora.com\/fr\/producto\/serviette-coton-organique\/#primaryimage"},"image":{"@id":"https:\/\/www.laruecavoladora.com\/fr\/producto\/serviette-coton-organique\/#primaryimage"},"thumbnailUrl":"https:\/\/www.laruecavoladora.com\/wp-content\/uploads\/2018\/05\/w-toalla-organica-sobre-la-flores.jpg","datePublished":"2018-05-15T12:54:04+00:00","dateModified":"2026-04-23T07:50:42+00:00","description":"Serviettes en coton biologique. Ensemble de serviettes en coton. Serviettes de bain et de douche blanches. Les meilleures serviettes de bain et de douche","breadcrumb":{"@id":"https:\/\/www.laruecavoladora.com\/fr\/producto\/serviette-coton-organique\/#breadcrumb"},"inLanguage":"fr-FR","potentialAction":[{"@type":"ReadAction","target":["https:\/\/www.laruecavoladora.com\/fr\/producto\/serviette-coton-organique\/"]}]},{"@type":"ImageObject","inLanguage":"fr-FR","@id":"https:\/\/www.laruecavoladora.com\/fr\/producto\/serviette-coton-organique\/#primaryimage","url":"https:\/\/www.laruecavoladora.com\/wp-content\/uploads\/2018\/05\/w-toalla-organica-sobre-la-flores.jpg","contentUrl":"https:\/\/www.laruecavoladora.com\/wp-content\/uploads\/2018\/05\/w-toalla-organica-sobre-la-flores.jpg","width":1000,"height":750,"caption":"Alt=\u201dServiettes en coton bio\u201d"},{"@type":"BreadcrumbList","@id":"https:\/\/www.laruecavoladora.com\/fr\/producto\/serviette-coton-organique\/#breadcrumb","itemListElement":[{"@type":"ListItem","position":1,"name":"Portada","item":"https:\/\/www.laruecavoladora.com\/fr\/accueil\/"},{"@type":"ListItem","position":2,"name":"Boutique","item":"https:\/\/www.laruecavoladora.com\/tienda\/"},{"@type":"ListItem","position":3,"name":"Serviette Coton Organique"}]},{"@type":"WebSite","@id":"https:\/\/www.laruecavoladora.com\/fr\/#website","url":"https:\/\/www.laruecavoladora.com\/fr\/","name":"La Rueca Voladora","description":"Ropa del hogar de fibras Naturales","potentialAction":[{"@type":"SearchAction","target":{"@type":"EntryPoint","urlTemplate":"https:\/\/www.laruecavoladora.com\/fr\/?s={search_term_string}"},"query-input":{"@type":"PropertyValueSpecification","valueRequired":true,"valueName":"search_term_string"}}],"inLanguage":"fr-FR"}]}},"wcpa_form_fields":null,"_links":{"self":[{"href":"https:\/\/www.laruecavoladora.com\/fr\/wp-json\/wp\/v2\/product\/4326","targetHints":{"allow":["GET"]}}],"collection":[{"href":"https:\/\/www.laruecavoladora.com\/fr\/wp-json\/wp\/v2\/product"}],"about":[{"href":"https:\/\/www.laruecavoladora.com\/fr\/wp-json\/wp\/v2\/types\/product"}],"replies":[{"embeddable":true,"href":"https:\/\/www.laruecavoladora.com\/fr\/wp-json\/wp\/v2\/comments?post=4326"}],"wp:featuredmedia":[{"embeddable":true,"href":"https:\/\/www.laruecavoladora.com\/fr\/wp-json\/wp\/v2\/media\/5278"}],"wp:attachment":[{"href":"https:\/\/www.laruecavoladora.com\/fr\/wp-json\/wp\/v2\/media?parent=4326"}],"wp:term":[{"taxonomy":"product_brand","embeddable":true,"href":"https:\/\/www.laruecavoladora.com\/fr\/wp-json\/wp\/v2\/product_brand?post=4326"},{"taxonomy":"product_cat","embeddable":true,"href":"https:\/\/www.laruecavoladora.com\/fr\/wp-json\/wp\/v2\/product_cat?post=4326"},{"taxonomy":"product_tag","embeddable":true,"href":"https:\/\/www.laruecavoladora.com\/fr\/wp-json\/wp\/v2\/product_tag?post=4326"}],"curies":[{"name":"wp","href":"https:\/\/api.w.org\/{rel}","templated":true}]}}