{"id":2619,"date":"2017-11-14T15:49:47","date_gmt":"2017-11-14T15:49:47","guid":{"rendered":"https:\/\/www.laruecavoladora.com\/producto\/drap-de-dessous\/"},"modified":"2026-03-17T15:12:50","modified_gmt":"2026-03-17T14:12:50","slug":"drap-housse-en-flanelle","status":"publish","type":"product","link":"https:\/\/www.laruecavoladora.com\/fr\/producto\/drap-housse-en-flanelle\/","title":{"rendered":"Drap-housse en flanelle."},"content":{"rendered":"<h3>Drap-housse en flanelle.<\/h3>\n<ul>\n<li>Hauteur maximale du matelas 30 cm.<\/li>\n<li>Couleur naturelle.<\/li>\n<li>158gr\/m2.<\/li>\n<li>Tissu \u00e9cru.<\/li>\n<\/ul>\n<p><strong>Textures<\/strong> : <u>Flanelle<\/u> : elle est tiss\u00e9e avec une trame en coton peign\u00e9.<\/p>\n<p>Toujours de couleur \u00e9crue. Tissu l\u00e9ger, doux et chaud. Fini les lits froids au moment de se coucher.<\/p>\n<h5><strong>Il est important de laver les draps avant de les mettre sur notre lit :<\/strong><\/h5>\n<p>Les tissus des draps n&#8217;ont subi aucun traitement contre le resserrement ou le r\u00e9tr\u00e9cissement et ils peuvent donc nous para\u00eetre plus larges que longs. Ils retrouveront la taille de notre lit apr\u00e8s le lavage. Le coton, d&#8217;origine v\u00e9g\u00e9tale et naturelle. Plusieurs qualit\u00e9s en font un bon alli\u00e9 de notre sommeil.<\/p>\n<ul>\n<li>Respirant : il permet \u00e0 notre peau de respirer. Adieu les bouff\u00e9es de chaleur.<\/li>\n<li>Garantit un niveau optimal d&#8217;humidit\u00e9 qui permet l&#8217;\u00e9change id\u00e9al d&#8217;humidit\u00e9 avec l&#8217;ext\u00e9rieur.<\/li>\n<li>Il ne produit pas d&#8217;\u00e9lectricit\u00e9 statique : il ne se colle pas \u00e0 nous pendant notre sommeil.<\/li>\n<li>Hypoallerg\u00e9nique et antibact\u00e9rien : ce qui signifie qu&#8217;il prend soin de notre corps.<\/li>\n<li>Doux et agr\u00e9able au toucher.<\/li>\n<\/ul>\n<p>Toutes les mati\u00e8res premi\u00e8res poss\u00e8dent le certificat attestant de l&#8217;absence de traitements chimiques, que ce soit avant ou apr\u00e8s la r\u00e9colte (label Ecocert et EKO). Que les tissus ne contiennent pas de produits chimiques (label \u00d6ko \u2013 Tex).<\/p>\n<ul>\n<li><strong>Fabriqu\u00e9 en Espagne.<\/strong><\/li>\n<\/ul>\n<p><img loading=\"lazy\" decoding=\"async\" class=\"alignnone wp-image-1906\" src=\"https:\/\/www.laruecavoladora.com\/wp-content\/uploads\/2018\/01\/sello-2.jpg\" alt=\"\" width=\"135\" height=\"135\" srcset=\"https:\/\/www.laruecavoladora.com\/wp-content\/uploads\/2018\/01\/sello-2.jpg 180w, https:\/\/www.laruecavoladora.com\/wp-content\/uploads\/2018\/01\/sello-2-100x100.jpg 100w\" sizes=\"auto, (max-width: 135px) 100vw, 135px\" \/>\u00a0\u00a0<img loading=\"lazy\" decoding=\"async\" class=\"alignnone wp-image-1908\" src=\"https:\/\/www.laruecavoladora.com\/wp-content\/uploads\/2018\/01\/sello-3.jpg\" alt=\"\" width=\"109\" height=\"121\" \/><\/p>\n","protected":false},"excerpt":{"rendered":"<p><strong>Drap housse en flanelle<\/strong><\/p>\n<ul>\n<li>Hauteur maximale du matelas 30 cm.<\/li>\n<li>Couleur naturelle.<\/li>\n<li>158gr\/m2.<\/li>\n<li>Tissu \u00e9cru.<\/li>\n<\/ul>\n<p><a style=\"font-size: 12px;\" href=\"https:\/\/www.laruecavoladora.com\/wp-content\/uploads\/2021\/11\/guia-tallas-Franela-saten-FRANCES-1.pdf\" target=\"_blank\" rel=\"noopener noreferrer\">Consultez notre guide de tailles<\/a><\/p>\n<p>&nbsp;<\/p>\n","protected":false},"featured_media":1636,"comment_status":"open","ping_status":"closed","template":"","meta":{"_glsr_average":0,"_glsr_ranking":0,"_glsr_reviews":0,"_joinchat":[]},"product_brand":[],"product_cat":[268,762],"product_tag":[],"class_list":{"0":"post-2619","1":"product","2":"type-product","3":"status-publish","4":"has-post-thumbnail","6":"product_cat-draps-fr","7":"product_cat-draps-housses","9":"first","10":"instock","11":"taxable","12":"shipping-taxable","13":"purchasable","14":"product-type-variable","15":"has-default-attributes"},"yoast_head":"<!-- This site is optimized with the Yoast SEO plugin v27.4 - https:\/\/yoast.com\/product\/yoast-seo-wordpress\/ -->\n<title>Achetez Drap-housse en flanelle. en ligne - Draps, Draps housses<\/title>\n<meta name=\"description\" content=\"Achetez en ligne Drap-housse en flanelle. dans notre magasin de v\u00eatements \u00e9cologiques. V\u00eatements \u00e0 vendre Draps, Draps housses au meilleur prix.\" \/>\n<meta name=\"robots\" content=\"index, follow, max-snippet:-1, max-image-preview:large, max-video-preview:-1\" \/>\n<link rel=\"canonical\" href=\"https:\/\/www.laruecavoladora.com\/fr\/producto\/drap-housse-en-flanelle\/\" \/>\n<meta property=\"og:locale\" content=\"fr_FR\" \/>\n<meta property=\"og:type\" content=\"article\" \/>\n<meta property=\"og:title\" content=\"Achetez Drap-housse en flanelle. en ligne - Draps, Draps housses\" \/>\n<meta property=\"og:description\" content=\"Achetez en ligne Drap-housse en flanelle. dans notre magasin de v\u00eatements \u00e9cologiques. V\u00eatements \u00e0 vendre Draps, Draps housses au meilleur prix.\" \/>\n<meta property=\"og:url\" content=\"https:\/\/www.laruecavoladora.com\/fr\/producto\/drap-housse-en-flanelle\/\" \/>\n<meta property=\"og:site_name\" content=\"La Rueca Voladora\" \/>\n<meta property=\"article:modified_time\" content=\"2026-03-17T14:12:50+00:00\" \/>\n<meta property=\"og:image\" content=\"https:\/\/www.laruecavoladora.com\/wp-content\/uploads\/2017\/11\/DSC0763.jpg\" \/>\n\t<meta property=\"og:image:width\" content=\"2008\" \/>\n\t<meta property=\"og:image:height\" content=\"1130\" \/>\n\t<meta property=\"og:image:type\" content=\"image\/jpeg\" \/>\n<meta name=\"twitter:card\" content=\"summary_large_image\" \/>\n<meta name=\"twitter:label1\" content=\"Dur\u00e9e de lecture estim\u00e9e\" \/>\n\t<meta name=\"twitter:data1\" content=\"2 minutes\" \/>\n<script type=\"application\/ld+json\" class=\"yoast-schema-graph\">{\"@context\":\"https:\\\/\\\/schema.org\",\"@graph\":[{\"@type\":\"WebPage\",\"@id\":\"https:\\\/\\\/www.laruecavoladora.com\\\/fr\\\/producto\\\/drap-housse-en-flanelle\\\/\",\"url\":\"https:\\\/\\\/www.laruecavoladora.com\\\/fr\\\/producto\\\/drap-housse-en-flanelle\\\/\",\"name\":\"Achetez Drap-housse en flanelle. en ligne - Draps, Draps housses\",\"isPartOf\":{\"@id\":\"https:\\\/\\\/www.laruecavoladora.com\\\/fr\\\/#website\"},\"primaryImageOfPage\":{\"@id\":\"https:\\\/\\\/www.laruecavoladora.com\\\/fr\\\/producto\\\/drap-housse-en-flanelle\\\/#primaryimage\"},\"image\":{\"@id\":\"https:\\\/\\\/www.laruecavoladora.com\\\/fr\\\/producto\\\/drap-housse-en-flanelle\\\/#primaryimage\"},\"thumbnailUrl\":\"https:\\\/\\\/www.laruecavoladora.com\\\/wp-content\\\/uploads\\\/2017\\\/11\\\/DSC0763.jpg\",\"datePublished\":\"2017-11-14T15:49:47+00:00\",\"dateModified\":\"2026-03-17T14:12:50+00:00\",\"description\":\"Achetez en ligne Drap-housse en flanelle. dans notre magasin de v\u00eatements \u00e9cologiques. V\u00eatements \u00e0 vendre Draps, Draps housses au meilleur prix.\",\"breadcrumb\":{\"@id\":\"https:\\\/\\\/www.laruecavoladora.com\\\/fr\\\/producto\\\/drap-housse-en-flanelle\\\/#breadcrumb\"},\"inLanguage\":\"fr-FR\",\"potentialAction\":[{\"@type\":\"ReadAction\",\"target\":[\"https:\\\/\\\/www.laruecavoladora.com\\\/fr\\\/producto\\\/drap-housse-en-flanelle\\\/\"]}]},{\"@type\":\"ImageObject\",\"inLanguage\":\"fr-FR\",\"@id\":\"https:\\\/\\\/www.laruecavoladora.com\\\/fr\\\/producto\\\/drap-housse-en-flanelle\\\/#primaryimage\",\"url\":\"https:\\\/\\\/www.laruecavoladora.com\\\/wp-content\\\/uploads\\\/2017\\\/11\\\/DSC0763.jpg\",\"contentUrl\":\"https:\\\/\\\/www.laruecavoladora.com\\\/wp-content\\\/uploads\\\/2017\\\/11\\\/DSC0763.jpg\",\"width\":2008,\"height\":1130,\"caption\":\"draps flanelle-thermo-organiques.\"},{\"@type\":\"BreadcrumbList\",\"@id\":\"https:\\\/\\\/www.laruecavoladora.com\\\/fr\\\/producto\\\/drap-housse-en-flanelle\\\/#breadcrumb\",\"itemListElement\":[{\"@type\":\"ListItem\",\"position\":1,\"name\":\"Portada\",\"item\":\"https:\\\/\\\/www.laruecavoladora.com\\\/fr\\\/accueil\\\/\"},{\"@type\":\"ListItem\",\"position\":2,\"name\":\"Boutique\",\"item\":\"https:\\\/\\\/www.laruecavoladora.com\\\/tienda\\\/\"},{\"@type\":\"ListItem\",\"position\":3,\"name\":\"Drap-housse en flanelle.\"}]},{\"@type\":\"WebSite\",\"@id\":\"https:\\\/\\\/www.laruecavoladora.com\\\/fr\\\/#website\",\"url\":\"https:\\\/\\\/www.laruecavoladora.com\\\/fr\\\/\",\"name\":\"La Rueca Voladora\",\"description\":\"Ropa del hogar de fibras Naturales\",\"potentialAction\":[{\"@type\":\"SearchAction\",\"target\":{\"@type\":\"EntryPoint\",\"urlTemplate\":\"https:\\\/\\\/www.laruecavoladora.com\\\/fr\\\/?s={search_term_string}\"},\"query-input\":{\"@type\":\"PropertyValueSpecification\",\"valueRequired\":true,\"valueName\":\"search_term_string\"}}],\"inLanguage\":\"fr-FR\"}]}<\/script>\n<!-- \/ Yoast SEO plugin. -->","yoast_head_json":{"title":"Achetez Drap-housse en flanelle. en ligne - Draps, Draps housses","description":"Achetez en ligne Drap-housse en flanelle. dans notre magasin de v\u00eatements \u00e9cologiques. V\u00eatements \u00e0 vendre Draps, Draps housses au meilleur prix.","robots":{"index":"index","follow":"follow","max-snippet":"max-snippet:-1","max-image-preview":"max-image-preview:large","max-video-preview":"max-video-preview:-1"},"canonical":"https:\/\/www.laruecavoladora.com\/fr\/producto\/drap-housse-en-flanelle\/","og_locale":"fr_FR","og_type":"article","og_title":"Achetez Drap-housse en flanelle. en ligne - Draps, Draps housses","og_description":"Achetez en ligne Drap-housse en flanelle. dans notre magasin de v\u00eatements \u00e9cologiques. V\u00eatements \u00e0 vendre Draps, Draps housses au meilleur prix.","og_url":"https:\/\/www.laruecavoladora.com\/fr\/producto\/drap-housse-en-flanelle\/","og_site_name":"La Rueca Voladora","article_modified_time":"2026-03-17T14:12:50+00:00","og_image":[{"width":2008,"height":1130,"url":"https:\/\/www.laruecavoladora.com\/wp-content\/uploads\/2017\/11\/DSC0763.jpg","type":"image\/jpeg"}],"twitter_card":"summary_large_image","twitter_misc":{"Dur\u00e9e de lecture estim\u00e9e":"2 minutes"},"schema":{"@context":"https:\/\/schema.org","@graph":[{"@type":"WebPage","@id":"https:\/\/www.laruecavoladora.com\/fr\/producto\/drap-housse-en-flanelle\/","url":"https:\/\/www.laruecavoladora.com\/fr\/producto\/drap-housse-en-flanelle\/","name":"Achetez Drap-housse en flanelle. en ligne - Draps, Draps housses","isPartOf":{"@id":"https:\/\/www.laruecavoladora.com\/fr\/#website"},"primaryImageOfPage":{"@id":"https:\/\/www.laruecavoladora.com\/fr\/producto\/drap-housse-en-flanelle\/#primaryimage"},"image":{"@id":"https:\/\/www.laruecavoladora.com\/fr\/producto\/drap-housse-en-flanelle\/#primaryimage"},"thumbnailUrl":"https:\/\/www.laruecavoladora.com\/wp-content\/uploads\/2017\/11\/DSC0763.jpg","datePublished":"2017-11-14T15:49:47+00:00","dateModified":"2026-03-17T14:12:50+00:00","description":"Achetez en ligne Drap-housse en flanelle. dans notre magasin de v\u00eatements \u00e9cologiques. V\u00eatements \u00e0 vendre Draps, Draps housses au meilleur prix.","breadcrumb":{"@id":"https:\/\/www.laruecavoladora.com\/fr\/producto\/drap-housse-en-flanelle\/#breadcrumb"},"inLanguage":"fr-FR","potentialAction":[{"@type":"ReadAction","target":["https:\/\/www.laruecavoladora.com\/fr\/producto\/drap-housse-en-flanelle\/"]}]},{"@type":"ImageObject","inLanguage":"fr-FR","@id":"https:\/\/www.laruecavoladora.com\/fr\/producto\/drap-housse-en-flanelle\/#primaryimage","url":"https:\/\/www.laruecavoladora.com\/wp-content\/uploads\/2017\/11\/DSC0763.jpg","contentUrl":"https:\/\/www.laruecavoladora.com\/wp-content\/uploads\/2017\/11\/DSC0763.jpg","width":2008,"height":1130,"caption":"draps flanelle-thermo-organiques."},{"@type":"BreadcrumbList","@id":"https:\/\/www.laruecavoladora.com\/fr\/producto\/drap-housse-en-flanelle\/#breadcrumb","itemListElement":[{"@type":"ListItem","position":1,"name":"Portada","item":"https:\/\/www.laruecavoladora.com\/fr\/accueil\/"},{"@type":"ListItem","position":2,"name":"Boutique","item":"https:\/\/www.laruecavoladora.com\/tienda\/"},{"@type":"ListItem","position":3,"name":"Drap-housse en flanelle."}]},{"@type":"WebSite","@id":"https:\/\/www.laruecavoladora.com\/fr\/#website","url":"https:\/\/www.laruecavoladora.com\/fr\/","name":"La Rueca Voladora","description":"Ropa del hogar de fibras Naturales","potentialAction":[{"@type":"SearchAction","target":{"@type":"EntryPoint","urlTemplate":"https:\/\/www.laruecavoladora.com\/fr\/?s={search_term_string}"},"query-input":{"@type":"PropertyValueSpecification","valueRequired":true,"valueName":"search_term_string"}}],"inLanguage":"fr-FR"}]}},"wcpa_form_fields":null,"_links":{"self":[{"href":"https:\/\/www.laruecavoladora.com\/fr\/wp-json\/wp\/v2\/product\/2619","targetHints":{"allow":["GET"]}}],"collection":[{"href":"https:\/\/www.laruecavoladora.com\/fr\/wp-json\/wp\/v2\/product"}],"about":[{"href":"https:\/\/www.laruecavoladora.com\/fr\/wp-json\/wp\/v2\/types\/product"}],"replies":[{"embeddable":true,"href":"https:\/\/www.laruecavoladora.com\/fr\/wp-json\/wp\/v2\/comments?post=2619"}],"wp:featuredmedia":[{"embeddable":true,"href":"https:\/\/www.laruecavoladora.com\/fr\/wp-json\/wp\/v2\/media\/1636"}],"wp:attachment":[{"href":"https:\/\/www.laruecavoladora.com\/fr\/wp-json\/wp\/v2\/media?parent=2619"}],"wp:term":[{"taxonomy":"product_brand","embeddable":true,"href":"https:\/\/www.laruecavoladora.com\/fr\/wp-json\/wp\/v2\/product_brand?post=2619"},{"taxonomy":"product_cat","embeddable":true,"href":"https:\/\/www.laruecavoladora.com\/fr\/wp-json\/wp\/v2\/product_cat?post=2619"},{"taxonomy":"product_tag","embeddable":true,"href":"https:\/\/www.laruecavoladora.com\/fr\/wp-json\/wp\/v2\/product_tag?post=2619"}],"curies":[{"name":"wp","href":"https:\/\/api.w.org\/{rel}","templated":true}]}}