{"id":2594,"date":"2017-12-22T08:40:49","date_gmt":"2017-12-22T08:40:49","guid":{"rendered":"https:\/\/www.laruecavoladora.com\/producto\/nappe-jaune\/"},"modified":"2025-07-22T10:22:51","modified_gmt":"2025-07-22T08:22:51","slug":"nappe-jaune-et-noir","status":"publish","type":"product","link":"https:\/\/www.laruecavoladora.com\/fr\/producto\/nappe-jaune-et-noir\/","title":{"rendered":"Nappe jaune"},"content":{"rendered":"<h1>Nappes en lin.<\/h1>\n<p><strong>Motif Jacquard deux couleurs.<\/strong><\/p>\n<p>Un dessin \u00e9l\u00e9gant est plac\u00e9 au centre de la nappe. Et s&#8217;ach\u00e8ve par un drap\u00e9 de part et d&#8217;autre d&#8217;une frise fleurie, m\u00e9langeant ainsi le noir et le jaune.<\/p>\n<p>La nappe est diff\u00e9rente sur chacune des deux faces. Sur les deux faces les plus longues, les fleurs jaunes ressortent sur le fond noir et sur les deux faces les plus courtes, les fleurs blanches ressortent sur le fond noir.<\/p>\n<p>Elle s&#8217;ach\u00e8ve par un d\u00e9licat ourlet assorti au centre de la nappe.<\/p>\n<p>Serviettes de table carr\u00e9es (45 x 45 cm) en jaune et noir qui rappellent le motif de la nappe.<\/p>\n<ul>\n<li>Tiss\u00e9 et fini au Portugal.<\/li>\n<\/ul>\n<p><strong><em>Cette nappe apportera sobri\u00e9t\u00e9 et \u00e9l\u00e9gance \u00e0 notre table.<\/em><\/strong><\/p>\n","protected":false},"excerpt":{"rendered":"<h2>Nappe 100% lin.<\/h2>\n<h5>\nRectangulaire en jaune et noir.<\/h5>\n<p><a style=\"font-size: 12px;\" href=\"https:\/\/www.laruecavoladora.com\/wp-content\/uploads\/2018\/03\/guia-tallas-MANTEL-FRANCES.pdf\" target=\"_blank\" rel=\"noopener noreferrer\">Consultez notre guide de tailles<\/a><\/p>\n","protected":false},"featured_media":5326,"comment_status":"open","ping_status":"closed","template":"","meta":{"_glsr_average":0,"_glsr_ranking":0,"_glsr_reviews":0,"_joinchat":[]},"product_brand":[],"product_cat":[300,237,238],"product_tag":[],"class_list":{"0":"post-2594","1":"product","2":"type-product","3":"status-publish","4":"has-post-thumbnail","6":"product_cat-cuisine","7":"product_cat-nappes-en-lin","8":"product_cat-serviettes-en-lin","10":"first","11":"instock","12":"taxable","13":"shipping-taxable","14":"purchasable","15":"product-type-variable","16":"has-default-attributes"},"yoast_head":"<!-- This site is optimized with the Yoast SEO plugin v27.5 - https:\/\/yoast.com\/product\/yoast-seo-wordpress\/ -->\n<title>Acheter nappe en lin, jaune et noir - Linge en ligne Nappes<\/title>\n<meta name=\"description\" content=\"Achetez des nappes en lin jaune et noir en ligne. Nappe rectangulaire 100% lin aux couleurs noir et jaune. Vente de nappes en lin du Portugal au meilleur prix.\" \/>\n<meta name=\"robots\" content=\"index, follow, max-snippet:-1, max-image-preview:large, max-video-preview:-1\" \/>\n<link rel=\"canonical\" href=\"https:\/\/www.laruecavoladora.com\/fr\/producto\/nappe-jaune-et-noir\/\" \/>\n<meta property=\"og:locale\" content=\"fr_FR\" \/>\n<meta property=\"og:type\" content=\"article\" \/>\n<meta property=\"og:title\" content=\"Acheter nappe en lin, jaune et noir - Linge en ligne Nappes\" \/>\n<meta property=\"og:description\" content=\"Achetez des nappes en lin jaune et noir en ligne. Nappe rectangulaire 100% lin aux couleurs noir et jaune. Vente de nappes en lin du Portugal au meilleur prix.\" \/>\n<meta property=\"og:url\" content=\"https:\/\/www.laruecavoladora.com\/fr\/producto\/nappe-jaune-et-noir\/\" \/>\n<meta property=\"og:site_name\" content=\"La Rueca Voladora\" \/>\n<meta property=\"article:modified_time\" content=\"2025-07-22T08:22:51+00:00\" \/>\n<meta property=\"og:image\" content=\"https:\/\/www.laruecavoladora.com\/wp-content\/uploads\/2017\/12\/w-Mantel-de-lino-amarillo-y-negro.jpg\" \/>\n\t<meta property=\"og:image:width\" content=\"1000\" \/>\n\t<meta property=\"og:image:height\" content=\"717\" \/>\n\t<meta property=\"og:image:type\" content=\"image\/jpeg\" \/>\n<meta name=\"twitter:card\" content=\"summary_large_image\" \/>\n<meta name=\"twitter:label1\" content=\"Dur\u00e9e de lecture estim\u00e9e\" \/>\n\t<meta name=\"twitter:data1\" content=\"1 minute\" \/>\n<script type=\"application\/ld+json\" class=\"yoast-schema-graph\">{\"@context\":\"https:\\\/\\\/schema.org\",\"@graph\":[{\"@type\":\"WebPage\",\"@id\":\"https:\\\/\\\/www.laruecavoladora.com\\\/fr\\\/producto\\\/nappe-jaune-et-noir\\\/\",\"url\":\"https:\\\/\\\/www.laruecavoladora.com\\\/fr\\\/producto\\\/nappe-jaune-et-noir\\\/\",\"name\":\"Acheter nappe en lin, jaune et noir - Linge en ligne Nappes\",\"isPartOf\":{\"@id\":\"https:\\\/\\\/www.laruecavoladora.com\\\/fr\\\/#website\"},\"primaryImageOfPage\":{\"@id\":\"https:\\\/\\\/www.laruecavoladora.com\\\/fr\\\/producto\\\/nappe-jaune-et-noir\\\/#primaryimage\"},\"image\":{\"@id\":\"https:\\\/\\\/www.laruecavoladora.com\\\/fr\\\/producto\\\/nappe-jaune-et-noir\\\/#primaryimage\"},\"thumbnailUrl\":\"https:\\\/\\\/www.laruecavoladora.com\\\/wp-content\\\/uploads\\\/2017\\\/12\\\/w-Mantel-de-lino-amarillo-y-negro.jpg\",\"datePublished\":\"2017-12-22T08:40:49+00:00\",\"dateModified\":\"2025-07-22T08:22:51+00:00\",\"description\":\"Achetez des nappes en lin jaune et noir en ligne. Nappe rectangulaire 100% lin aux couleurs noir et jaune. Vente de nappes en lin du Portugal au meilleur prix.\",\"breadcrumb\":{\"@id\":\"https:\\\/\\\/www.laruecavoladora.com\\\/fr\\\/producto\\\/nappe-jaune-et-noir\\\/#breadcrumb\"},\"inLanguage\":\"fr-FR\",\"potentialAction\":[{\"@type\":\"ReadAction\",\"target\":[\"https:\\\/\\\/www.laruecavoladora.com\\\/fr\\\/producto\\\/nappe-jaune-et-noir\\\/\"]}]},{\"@type\":\"ImageObject\",\"inLanguage\":\"fr-FR\",\"@id\":\"https:\\\/\\\/www.laruecavoladora.com\\\/fr\\\/producto\\\/nappe-jaune-et-noir\\\/#primaryimage\",\"url\":\"https:\\\/\\\/www.laruecavoladora.com\\\/wp-content\\\/uploads\\\/2017\\\/12\\\/w-Mantel-de-lino-amarillo-y-negro.jpg\",\"contentUrl\":\"https:\\\/\\\/www.laruecavoladora.com\\\/wp-content\\\/uploads\\\/2017\\\/12\\\/w-Mantel-de-lino-amarillo-y-negro.jpg\",\"width\":1000,\"height\":717,\"caption\":\"Alt=\u201dnappe en lin europ\u00e9en\u201d\"},{\"@type\":\"BreadcrumbList\",\"@id\":\"https:\\\/\\\/www.laruecavoladora.com\\\/fr\\\/producto\\\/nappe-jaune-et-noir\\\/#breadcrumb\",\"itemListElement\":[{\"@type\":\"ListItem\",\"position\":1,\"name\":\"Portada\",\"item\":\"https:\\\/\\\/www.laruecavoladora.com\\\/fr\\\/accueil\\\/\"},{\"@type\":\"ListItem\",\"position\":2,\"name\":\"Boutique\",\"item\":\"https:\\\/\\\/www.laruecavoladora.com\\\/tienda\\\/\"},{\"@type\":\"ListItem\",\"position\":3,\"name\":\"Nappe jaune\"}]},{\"@type\":\"WebSite\",\"@id\":\"https:\\\/\\\/www.laruecavoladora.com\\\/fr\\\/#website\",\"url\":\"https:\\\/\\\/www.laruecavoladora.com\\\/fr\\\/\",\"name\":\"La Rueca Voladora\",\"description\":\"Ropa del hogar de fibras Naturales\",\"potentialAction\":[{\"@type\":\"SearchAction\",\"target\":{\"@type\":\"EntryPoint\",\"urlTemplate\":\"https:\\\/\\\/www.laruecavoladora.com\\\/fr\\\/?s={search_term_string}\"},\"query-input\":{\"@type\":\"PropertyValueSpecification\",\"valueRequired\":true,\"valueName\":\"search_term_string\"}}],\"inLanguage\":\"fr-FR\"}]}<\/script>\n<!-- \/ Yoast SEO plugin. -->","yoast_head_json":{"title":"Acheter nappe en lin, jaune et noir - Linge en ligne Nappes","description":"Achetez des nappes en lin jaune et noir en ligne. Nappe rectangulaire 100% lin aux couleurs noir et jaune. Vente de nappes en lin du Portugal au meilleur prix.","robots":{"index":"index","follow":"follow","max-snippet":"max-snippet:-1","max-image-preview":"max-image-preview:large","max-video-preview":"max-video-preview:-1"},"canonical":"https:\/\/www.laruecavoladora.com\/fr\/producto\/nappe-jaune-et-noir\/","og_locale":"fr_FR","og_type":"article","og_title":"Acheter nappe en lin, jaune et noir - Linge en ligne Nappes","og_description":"Achetez des nappes en lin jaune et noir en ligne. Nappe rectangulaire 100% lin aux couleurs noir et jaune. Vente de nappes en lin du Portugal au meilleur prix.","og_url":"https:\/\/www.laruecavoladora.com\/fr\/producto\/nappe-jaune-et-noir\/","og_site_name":"La Rueca Voladora","article_modified_time":"2025-07-22T08:22:51+00:00","og_image":[{"width":1000,"height":717,"url":"https:\/\/www.laruecavoladora.com\/wp-content\/uploads\/2017\/12\/w-Mantel-de-lino-amarillo-y-negro.jpg","type":"image\/jpeg"}],"twitter_card":"summary_large_image","twitter_misc":{"Dur\u00e9e de lecture estim\u00e9e":"1 minute"},"schema":{"@context":"https:\/\/schema.org","@graph":[{"@type":"WebPage","@id":"https:\/\/www.laruecavoladora.com\/fr\/producto\/nappe-jaune-et-noir\/","url":"https:\/\/www.laruecavoladora.com\/fr\/producto\/nappe-jaune-et-noir\/","name":"Acheter nappe en lin, jaune et noir - Linge en ligne Nappes","isPartOf":{"@id":"https:\/\/www.laruecavoladora.com\/fr\/#website"},"primaryImageOfPage":{"@id":"https:\/\/www.laruecavoladora.com\/fr\/producto\/nappe-jaune-et-noir\/#primaryimage"},"image":{"@id":"https:\/\/www.laruecavoladora.com\/fr\/producto\/nappe-jaune-et-noir\/#primaryimage"},"thumbnailUrl":"https:\/\/www.laruecavoladora.com\/wp-content\/uploads\/2017\/12\/w-Mantel-de-lino-amarillo-y-negro.jpg","datePublished":"2017-12-22T08:40:49+00:00","dateModified":"2025-07-22T08:22:51+00:00","description":"Achetez des nappes en lin jaune et noir en ligne. Nappe rectangulaire 100% lin aux couleurs noir et jaune. Vente de nappes en lin du Portugal au meilleur prix.","breadcrumb":{"@id":"https:\/\/www.laruecavoladora.com\/fr\/producto\/nappe-jaune-et-noir\/#breadcrumb"},"inLanguage":"fr-FR","potentialAction":[{"@type":"ReadAction","target":["https:\/\/www.laruecavoladora.com\/fr\/producto\/nappe-jaune-et-noir\/"]}]},{"@type":"ImageObject","inLanguage":"fr-FR","@id":"https:\/\/www.laruecavoladora.com\/fr\/producto\/nappe-jaune-et-noir\/#primaryimage","url":"https:\/\/www.laruecavoladora.com\/wp-content\/uploads\/2017\/12\/w-Mantel-de-lino-amarillo-y-negro.jpg","contentUrl":"https:\/\/www.laruecavoladora.com\/wp-content\/uploads\/2017\/12\/w-Mantel-de-lino-amarillo-y-negro.jpg","width":1000,"height":717,"caption":"Alt=\u201dnappe en lin europ\u00e9en\u201d"},{"@type":"BreadcrumbList","@id":"https:\/\/www.laruecavoladora.com\/fr\/producto\/nappe-jaune-et-noir\/#breadcrumb","itemListElement":[{"@type":"ListItem","position":1,"name":"Portada","item":"https:\/\/www.laruecavoladora.com\/fr\/accueil\/"},{"@type":"ListItem","position":2,"name":"Boutique","item":"https:\/\/www.laruecavoladora.com\/tienda\/"},{"@type":"ListItem","position":3,"name":"Nappe jaune"}]},{"@type":"WebSite","@id":"https:\/\/www.laruecavoladora.com\/fr\/#website","url":"https:\/\/www.laruecavoladora.com\/fr\/","name":"La Rueca Voladora","description":"Ropa del hogar de fibras Naturales","potentialAction":[{"@type":"SearchAction","target":{"@type":"EntryPoint","urlTemplate":"https:\/\/www.laruecavoladora.com\/fr\/?s={search_term_string}"},"query-input":{"@type":"PropertyValueSpecification","valueRequired":true,"valueName":"search_term_string"}}],"inLanguage":"fr-FR"}]}},"wcpa_form_fields":null,"_links":{"self":[{"href":"https:\/\/www.laruecavoladora.com\/fr\/wp-json\/wp\/v2\/product\/2594","targetHints":{"allow":["GET"]}}],"collection":[{"href":"https:\/\/www.laruecavoladora.com\/fr\/wp-json\/wp\/v2\/product"}],"about":[{"href":"https:\/\/www.laruecavoladora.com\/fr\/wp-json\/wp\/v2\/types\/product"}],"replies":[{"embeddable":true,"href":"https:\/\/www.laruecavoladora.com\/fr\/wp-json\/wp\/v2\/comments?post=2594"}],"wp:featuredmedia":[{"embeddable":true,"href":"https:\/\/www.laruecavoladora.com\/fr\/wp-json\/wp\/v2\/media\/5326"}],"wp:attachment":[{"href":"https:\/\/www.laruecavoladora.com\/fr\/wp-json\/wp\/v2\/media?parent=2594"}],"wp:term":[{"taxonomy":"product_brand","embeddable":true,"href":"https:\/\/www.laruecavoladora.com\/fr\/wp-json\/wp\/v2\/product_brand?post=2594"},{"taxonomy":"product_cat","embeddable":true,"href":"https:\/\/www.laruecavoladora.com\/fr\/wp-json\/wp\/v2\/product_cat?post=2594"},{"taxonomy":"product_tag","embeddable":true,"href":"https:\/\/www.laruecavoladora.com\/fr\/wp-json\/wp\/v2\/product_tag?post=2594"}],"curies":[{"name":"wp","href":"https:\/\/api.w.org\/{rel}","templated":true}]}}