{"id":10075,"date":"2023-06-19T10:35:46","date_gmt":"2023-06-19T08:35:46","guid":{"rendered":"https:\/\/www.laruecavoladora.com\/?post_type=product&#038;p=10075"},"modified":"2025-12-09T15:34:49","modified_gmt":"2025-12-09T14:34:49","slug":"serviette-invite-double-terry","status":"publish","type":"product","link":"https:\/\/www.laruecavoladora.com\/fr\/producto\/serviette-invite-double-terry\/","title":{"rendered":"Serviette Invit\u00e9 &#038; Double Terry"},"content":{"rendered":"<div class=\"wpb-content-wrapper\"><p>[vc_row][vc_column][vc_column_text css=&#8221;&#8221;]<\/p>\n<h2>Serviettes d&#8217;invit\u00e9s.<\/h2>\n<h3>Coton biologique 450 gr\/m2.<\/h3>\n<p>La nouvelle collection de serviettes de toilette. Fabriqu\u00e9 en coton biologique double \u00e9ponge (\u00e9ponge des deux c\u00f4t\u00e9s).<\/p>\n<p><strong>Couleur<\/strong> : serviette biologique, couleur naturelle.<\/p>\n<p><strong>Composition du tissu<\/strong> : 100% coton biologique GOTS<\/p>\n<p><strong>Poids<\/strong> : 450 gr\/m2.<\/p>\n<p><strong>Dimension<\/strong>s : Serviette d&#8217;invit\u00e9s: 30 x 50 cm.<\/p>\n<ul>\n<li>Lot de 2 serviettes d&#8217;invit\u00e9s.<\/li>\n<\/ul>\n<p><strong>Serviette de bain biologique<\/strong>, fabriqu\u00e9e sans agents de blanchiment ni produits chimiques.<\/p>\n<p><strong>Il est r\u00e9alis\u00e9 en tissu<\/strong> \u00e9ponge long et tr\u00e8s \u00e9pais des deux c\u00f4t\u00e9s, d&#8217;une grande qualit\u00e9 et douceur.<\/p>\n<p><strong>Il est hypoallerg\u00e9nique<\/strong> et ne provoque ni allergies ni inconfort pour la peau, car il est tr\u00e8s doux et absorbant gr\u00e2ce au tissu \u00e9ponge des deux c\u00f4t\u00e9s.<\/p>\n<p><strong>Cette nouvelle collection<\/strong> de serviettes est con\u00e7ue pour que rien ne g\u00eane la peau. Fini avec un passepoil \u00e9l\u00e9gant tout autour. Il a une image \u00e9pur\u00e9e et contemporaine, qui s\u2019adapte \u00e0 tous les styles d\u2019int\u00e9rieur.<\/p>\n<ul>\n<li>Serviettes pour maisons et h\u00f4tels de luxe.<\/li>\n<\/ul>\n<p>&nbsp;<\/p>\n<p><strong>Fabriqu\u00e9 en Espagne.<\/strong><\/p>\n<p><img decoding=\"async\" src=\"https:\/\/www.laruecavoladora.com\/wp-content\/uploads\/2017\/11\/organic-textile-1.jpg\" \/><\/p>\n<p>[\/vc_column_text][\/vc_column][\/vc_row]<\/p>\n<\/div>","protected":false},"excerpt":{"rendered":"<h1>Serviettes d&#8217;invit\u00e9s.<\/h1>\n<ul>\n<li>Serviette en coton biologique de couleur naturelle.<\/li>\n<li>Pas de produits chimiques nocifs pour la sant\u00e9.<\/li>\n<\/ul>\n<h3>Serviette en coton bio 450gr\/m2.<\/h3>\n<p>Mesures: 30x50cm.<\/p>\n<p>Couleur naturelle.<\/p>\n<p>&nbsp;<\/p>\n<p><strong>lot de :<\/strong><\/p>\n<ul>\n<li>Lot de 2 serviettes d&#8217;invit\u00e9s.<\/li>\n<\/ul>\n","protected":false},"featured_media":10053,"comment_status":"open","ping_status":"closed","template":"","meta":{"_glsr_average":0,"_glsr_ranking":0,"_glsr_reviews":0,"_joinchat":{"message_text":"Hola, Podemos ayudarte?&#x1f60a;"}},"product_brand":[],"product_cat":[391,845],"product_tag":[],"class_list":{"0":"post-10075","1":"product","2":"type-product","3":"status-publish","4":"has-post-thumbnail","6":"product_cat-bain","7":"product_cat-serviettes-de-toilette","8":"wcpa_has_options","10":"first","11":"instock","12":"taxable","13":"shipping-taxable","14":"purchasable","15":"product-type-simple"},"yoast_head":"<!-- This site is optimized with the Yoast SEO plugin v27.4 - https:\/\/yoast.com\/product\/yoast-seo-wordpress\/ -->\n<title>Serviette Invit\u00e9 &amp; Double Terry Bain, serviettes d&#039;invit\u00e9s<\/title>\n<meta name=\"description\" content=\"Serviette Invit\u00e9 &amp; Double Terry Dans notre magasin de v\u00eatements en coton bio. serviettes hypoallerg\u00e9niquesBain, serviettes d&#039;invit\u00e9s Serviettes d&#039;invit\u00e9s de qualit\u00e9.\" \/>\n<meta name=\"robots\" content=\"index, follow, max-snippet:-1, max-image-preview:large, max-video-preview:-1\" \/>\n<link rel=\"canonical\" href=\"https:\/\/www.laruecavoladora.com\/fr\/producto\/serviette-invite-double-terry\/\" \/>\n<meta property=\"og:locale\" content=\"fr_FR\" \/>\n<meta property=\"og:type\" content=\"article\" \/>\n<meta property=\"og:title\" content=\"Serviette Invit\u00e9 &amp; Double Terry Bain, serviettes d&#039;invit\u00e9s\" \/>\n<meta property=\"og:description\" content=\"Serviette Invit\u00e9 &amp; Double Terry Dans notre magasin de v\u00eatements en coton bio. serviettes hypoallerg\u00e9niquesBain, serviettes d&#039;invit\u00e9s Serviettes d&#039;invit\u00e9s de qualit\u00e9.\" \/>\n<meta property=\"og:url\" content=\"https:\/\/www.laruecavoladora.com\/fr\/producto\/serviette-invite-double-terry\/\" \/>\n<meta property=\"og:site_name\" content=\"La Rueca Voladora\" \/>\n<meta property=\"article:modified_time\" content=\"2025-12-09T14:34:49+00:00\" \/>\n<meta property=\"og:image\" content=\"https:\/\/www.laruecavoladora.com\/wp-content\/uploads\/2023\/06\/toallas-tocador-algodon-organico.jpg\" \/>\n\t<meta property=\"og:image:width\" content=\"1350\" \/>\n\t<meta property=\"og:image:height\" content=\"1914\" \/>\n\t<meta property=\"og:image:type\" content=\"image\/jpeg\" \/>\n<meta name=\"twitter:card\" content=\"summary_large_image\" \/>\n<meta name=\"twitter:label1\" content=\"Dur\u00e9e de lecture estim\u00e9e\" \/>\n\t<meta name=\"twitter:data1\" content=\"2 minutes\" \/>\n<script type=\"application\/ld+json\" class=\"yoast-schema-graph\">{\"@context\":\"https:\\\/\\\/schema.org\",\"@graph\":[{\"@type\":\"WebPage\",\"@id\":\"https:\\\/\\\/www.laruecavoladora.com\\\/fr\\\/producto\\\/serviette-invite-double-terry\\\/\",\"url\":\"https:\\\/\\\/www.laruecavoladora.com\\\/fr\\\/producto\\\/serviette-invite-double-terry\\\/\",\"name\":\"Serviette Invit\u00e9 & Double Terry Bain, serviettes d'invit\u00e9s\",\"isPartOf\":{\"@id\":\"https:\\\/\\\/www.laruecavoladora.com\\\/fr\\\/#website\"},\"primaryImageOfPage\":{\"@id\":\"https:\\\/\\\/www.laruecavoladora.com\\\/fr\\\/producto\\\/serviette-invite-double-terry\\\/#primaryimage\"},\"image\":{\"@id\":\"https:\\\/\\\/www.laruecavoladora.com\\\/fr\\\/producto\\\/serviette-invite-double-terry\\\/#primaryimage\"},\"thumbnailUrl\":\"https:\\\/\\\/www.laruecavoladora.com\\\/wp-content\\\/uploads\\\/2023\\\/06\\\/toallas-tocador-algodon-organico.jpg\",\"datePublished\":\"2023-06-19T08:35:46+00:00\",\"dateModified\":\"2025-12-09T14:34:49+00:00\",\"description\":\"Serviette Invit\u00e9 & Double Terry Dans notre magasin de v\u00eatements en coton bio. serviettes hypoallerg\u00e9niquesBain, serviettes d'invit\u00e9s Serviettes d'invit\u00e9s de qualit\u00e9.\",\"breadcrumb\":{\"@id\":\"https:\\\/\\\/www.laruecavoladora.com\\\/fr\\\/producto\\\/serviette-invite-double-terry\\\/#breadcrumb\"},\"inLanguage\":\"fr-FR\",\"potentialAction\":[{\"@type\":\"ReadAction\",\"target\":[\"https:\\\/\\\/www.laruecavoladora.com\\\/fr\\\/producto\\\/serviette-invite-double-terry\\\/\"]}]},{\"@type\":\"ImageObject\",\"inLanguage\":\"fr-FR\",\"@id\":\"https:\\\/\\\/www.laruecavoladora.com\\\/fr\\\/producto\\\/serviette-invite-double-terry\\\/#primaryimage\",\"url\":\"https:\\\/\\\/www.laruecavoladora.com\\\/wp-content\\\/uploads\\\/2023\\\/06\\\/toallas-tocador-algodon-organico.jpg\",\"contentUrl\":\"https:\\\/\\\/www.laruecavoladora.com\\\/wp-content\\\/uploads\\\/2023\\\/06\\\/toallas-tocador-algodon-organico.jpg\",\"width\":1350,\"height\":1914,\"caption\":\"Alt=\u201dserviettes d'invit\u00e9s\u201d.\"},{\"@type\":\"BreadcrumbList\",\"@id\":\"https:\\\/\\\/www.laruecavoladora.com\\\/fr\\\/producto\\\/serviette-invite-double-terry\\\/#breadcrumb\",\"itemListElement\":[{\"@type\":\"ListItem\",\"position\":1,\"name\":\"Portada\",\"item\":\"https:\\\/\\\/www.laruecavoladora.com\\\/fr\\\/accueil\\\/\"},{\"@type\":\"ListItem\",\"position\":2,\"name\":\"Boutique\",\"item\":\"https:\\\/\\\/www.laruecavoladora.com\\\/tienda\\\/\"},{\"@type\":\"ListItem\",\"position\":3,\"name\":\"Serviette Invit\u00e9 &#038; Double Terry\"}]},{\"@type\":\"WebSite\",\"@id\":\"https:\\\/\\\/www.laruecavoladora.com\\\/fr\\\/#website\",\"url\":\"https:\\\/\\\/www.laruecavoladora.com\\\/fr\\\/\",\"name\":\"La Rueca Voladora\",\"description\":\"Ropa del hogar de fibras Naturales\",\"potentialAction\":[{\"@type\":\"SearchAction\",\"target\":{\"@type\":\"EntryPoint\",\"urlTemplate\":\"https:\\\/\\\/www.laruecavoladora.com\\\/fr\\\/?s={search_term_string}\"},\"query-input\":{\"@type\":\"PropertyValueSpecification\",\"valueRequired\":true,\"valueName\":\"search_term_string\"}}],\"inLanguage\":\"fr-FR\"}]}<\/script>\n<!-- \/ Yoast SEO plugin. -->","yoast_head_json":{"title":"Serviette Invit\u00e9 & Double Terry Bain, serviettes d'invit\u00e9s","description":"Serviette Invit\u00e9 & Double Terry Dans notre magasin de v\u00eatements en coton bio. serviettes hypoallerg\u00e9niquesBain, serviettes d'invit\u00e9s Serviettes d'invit\u00e9s de qualit\u00e9.","robots":{"index":"index","follow":"follow","max-snippet":"max-snippet:-1","max-image-preview":"max-image-preview:large","max-video-preview":"max-video-preview:-1"},"canonical":"https:\/\/www.laruecavoladora.com\/fr\/producto\/serviette-invite-double-terry\/","og_locale":"fr_FR","og_type":"article","og_title":"Serviette Invit\u00e9 & Double Terry Bain, serviettes d'invit\u00e9s","og_description":"Serviette Invit\u00e9 & Double Terry Dans notre magasin de v\u00eatements en coton bio. serviettes hypoallerg\u00e9niquesBain, serviettes d'invit\u00e9s Serviettes d'invit\u00e9s de qualit\u00e9.","og_url":"https:\/\/www.laruecavoladora.com\/fr\/producto\/serviette-invite-double-terry\/","og_site_name":"La Rueca Voladora","article_modified_time":"2025-12-09T14:34:49+00:00","og_image":[{"width":1350,"height":1914,"url":"https:\/\/www.laruecavoladora.com\/wp-content\/uploads\/2023\/06\/toallas-tocador-algodon-organico.jpg","type":"image\/jpeg"}],"twitter_card":"summary_large_image","twitter_misc":{"Dur\u00e9e de lecture estim\u00e9e":"2 minutes"},"schema":{"@context":"https:\/\/schema.org","@graph":[{"@type":"WebPage","@id":"https:\/\/www.laruecavoladora.com\/fr\/producto\/serviette-invite-double-terry\/","url":"https:\/\/www.laruecavoladora.com\/fr\/producto\/serviette-invite-double-terry\/","name":"Serviette Invit\u00e9 & Double Terry Bain, serviettes d'invit\u00e9s","isPartOf":{"@id":"https:\/\/www.laruecavoladora.com\/fr\/#website"},"primaryImageOfPage":{"@id":"https:\/\/www.laruecavoladora.com\/fr\/producto\/serviette-invite-double-terry\/#primaryimage"},"image":{"@id":"https:\/\/www.laruecavoladora.com\/fr\/producto\/serviette-invite-double-terry\/#primaryimage"},"thumbnailUrl":"https:\/\/www.laruecavoladora.com\/wp-content\/uploads\/2023\/06\/toallas-tocador-algodon-organico.jpg","datePublished":"2023-06-19T08:35:46+00:00","dateModified":"2025-12-09T14:34:49+00:00","description":"Serviette Invit\u00e9 & Double Terry Dans notre magasin de v\u00eatements en coton bio. serviettes hypoallerg\u00e9niquesBain, serviettes d'invit\u00e9s Serviettes d'invit\u00e9s de qualit\u00e9.","breadcrumb":{"@id":"https:\/\/www.laruecavoladora.com\/fr\/producto\/serviette-invite-double-terry\/#breadcrumb"},"inLanguage":"fr-FR","potentialAction":[{"@type":"ReadAction","target":["https:\/\/www.laruecavoladora.com\/fr\/producto\/serviette-invite-double-terry\/"]}]},{"@type":"ImageObject","inLanguage":"fr-FR","@id":"https:\/\/www.laruecavoladora.com\/fr\/producto\/serviette-invite-double-terry\/#primaryimage","url":"https:\/\/www.laruecavoladora.com\/wp-content\/uploads\/2023\/06\/toallas-tocador-algodon-organico.jpg","contentUrl":"https:\/\/www.laruecavoladora.com\/wp-content\/uploads\/2023\/06\/toallas-tocador-algodon-organico.jpg","width":1350,"height":1914,"caption":"Alt=\u201dserviettes d'invit\u00e9s\u201d."},{"@type":"BreadcrumbList","@id":"https:\/\/www.laruecavoladora.com\/fr\/producto\/serviette-invite-double-terry\/#breadcrumb","itemListElement":[{"@type":"ListItem","position":1,"name":"Portada","item":"https:\/\/www.laruecavoladora.com\/fr\/accueil\/"},{"@type":"ListItem","position":2,"name":"Boutique","item":"https:\/\/www.laruecavoladora.com\/tienda\/"},{"@type":"ListItem","position":3,"name":"Serviette Invit\u00e9 &#038; Double Terry"}]},{"@type":"WebSite","@id":"https:\/\/www.laruecavoladora.com\/fr\/#website","url":"https:\/\/www.laruecavoladora.com\/fr\/","name":"La Rueca Voladora","description":"Ropa del hogar de fibras Naturales","potentialAction":[{"@type":"SearchAction","target":{"@type":"EntryPoint","urlTemplate":"https:\/\/www.laruecavoladora.com\/fr\/?s={search_term_string}"},"query-input":{"@type":"PropertyValueSpecification","valueRequired":true,"valueName":"search_term_string"}}],"inLanguage":"fr-FR"}]}},"wcpa_form_fields":null,"_links":{"self":[{"href":"https:\/\/www.laruecavoladora.com\/fr\/wp-json\/wp\/v2\/product\/10075","targetHints":{"allow":["GET"]}}],"collection":[{"href":"https:\/\/www.laruecavoladora.com\/fr\/wp-json\/wp\/v2\/product"}],"about":[{"href":"https:\/\/www.laruecavoladora.com\/fr\/wp-json\/wp\/v2\/types\/product"}],"replies":[{"embeddable":true,"href":"https:\/\/www.laruecavoladora.com\/fr\/wp-json\/wp\/v2\/comments?post=10075"}],"wp:featuredmedia":[{"embeddable":true,"href":"https:\/\/www.laruecavoladora.com\/fr\/wp-json\/wp\/v2\/media\/10053"}],"wp:attachment":[{"href":"https:\/\/www.laruecavoladora.com\/fr\/wp-json\/wp\/v2\/media?parent=10075"}],"wp:term":[{"taxonomy":"product_brand","embeddable":true,"href":"https:\/\/www.laruecavoladora.com\/fr\/wp-json\/wp\/v2\/product_brand?post=10075"},{"taxonomy":"product_cat","embeddable":true,"href":"https:\/\/www.laruecavoladora.com\/fr\/wp-json\/wp\/v2\/product_cat?post=10075"},{"taxonomy":"product_tag","embeddable":true,"href":"https:\/\/www.laruecavoladora.com\/fr\/wp-json\/wp\/v2\/product_tag?post=10075"}],"curies":[{"name":"wp","href":"https:\/\/api.w.org\/{rel}","templated":true}]}}