{"id":10063,"date":"2023-06-13T15:47:30","date_gmt":"2023-06-13T13:47:30","guid":{"rendered":"https:\/\/www.laruecavoladora.com\/producto\/10063\/"},"modified":"2026-02-05T09:40:42","modified_gmt":"2026-02-05T08:40:42","slug":"grandes-serviettes-de-bain-serviettes-biologiques-double-curl","status":"publish","type":"product","link":"https:\/\/www.laruecavoladora.com\/fr\/producto\/grandes-serviettes-de-bain-serviettes-biologiques-double-curl\/","title":{"rendered":"Serviettes \u00e9ponge bio"},"content":{"rendered":"<div class=\"wpb-content-wrapper\"><p>[vc_row][vc_column][vc_column_text css=&#8221;&#8221;]<\/p>\n<h1>Serviettes de bain naturelles. grandes serviettes de bain.<\/h1>\n<p>La nouvelle collection de serviettes de bain. Coton biologique double boucle (boucle des deux c\u00f4t\u00e9s).<\/p>\n<h3>Serviettes g\u00e9antes.<\/h3>\n<p><strong>Couleur<\/strong>: Serviette organique, naturelle<\/p>\n<p><strong>Composition du tissu<\/strong> : 100% coton biologique GOTS<\/p>\n<p><strong>Poids<\/strong> : 450 gr\/m2.<\/p>\n<p><strong>Tailles:<\/strong><\/p>\n<ul>\n<li>Serviette de bain : 100 x 180 cm.<\/li>\n<li>Serviette de bain : 100 x 150 cm.<\/li>\n<li>Serviette de toilette : 50 x 90 cm.<\/li>\n<\/ul>\n<p><strong>Serviette de bain bio,<\/strong> elle est fabriqu\u00e9e sans javel ni produits chimiques.<\/p>\n<p>Il est fait de tissu \u00e9ponge long et tr\u00e8s \u00e9pais des deux c\u00f4t\u00e9s, de haute qualit\u00e9 et douceur.<\/p>\n<p>Il est hypoallerg\u00e9nique et ne provoque pas d&#8217;allergies ni d&#8217;inconfort pour la peau, car il est tr\u00e8s doux et absorbant gr\u00e2ce au tissu \u00e9ponge des deux c\u00f4t\u00e9s.<\/p>\n<p><strong>Cette nouvelle collection Serviettes de bain, <\/strong>est con\u00e7ue pour que rien ne g\u00eane la peau. Terminez avec une bordure \u00e9l\u00e9gante tout autour. Il a une image propre et contemporaine, qui s&#8217;adapte \u00e0 tout style de maison.<\/p>\n<h4>Ensemble de serviettes de bain de luxe en coton biologique.<\/h4>\n<p><strong>Fabriqu\u00e9 en Espagne.<\/strong><\/p>\n<p><a href=\"https:\/\/www.laruecavoladora.com\/producto\/saquito-de-algodon-organico\/attachment\/organic-textile-2\/\" rel=\"attachment wp-att-1043\"><img loading=\"lazy\" decoding=\"async\" class=\"alignleft wp-image-1043 size-thumbnail\" src=\"https:\/\/www.laruecavoladora.com\/wp-content\/uploads\/2017\/11\/organic-textile-1.jpg\" alt=\"Alt=\u201dCertificaci\u00f3n-Gots.&quot;\" width=\"150\" height=\"150\" srcset=\"https:\/\/www.laruecavoladora.com\/wp-content\/uploads\/2017\/11\/organic-textile-1-100x100.jpg 100w, https:\/\/www.laruecavoladora.com\/wp-content\/uploads\/2017\/11\/organic-textile-1-150x150.jpg 150w\" sizes=\"auto, (max-width: 150px) 100vw, 150px\" \/><\/a>[\/vc_column_text][\/vc_column][\/vc_row]<\/p>\n<\/div>","protected":false},"excerpt":{"rendered":"<h2>Serviettes en coton biologique.<\/h2>\n<h3>serviettes de bain g\u00e9antes.<\/h3>\n<h4>Ensemble de serviettes de bain.<\/h4>\n<p><strong>Couleur:<\/strong> Serviette organique, naturelle.<\/p>\n<p><strong>Composition du tissu<\/strong> : 100% coton biologique GOTS.<\/p>\n<p><strong>Poids<\/strong> : 450 gr\/m2.<\/p>\n<p><strong>Produits au choix :<\/strong><\/p>\n<ul>\n<li>Serviette de bain : 100 x 180 cm.<\/li>\n<li>Serviette de toilette : 50 x 90 cm.<\/li>\n<li>Ensemble 2 pi\u00e8ces ( 100 x 180 cm\/\/50 x 90 cm).<\/li>\n<li>Ensemble 2 pi\u00e8ces (100 x 150 cm\/\/50 x 90 cm ).<\/li>\n<\/ul>\n<p>Nous r\u00e9alisons sur mesure.<a href=\"mailto:info@laruecavoladora.com\"> info@laruecavoladora.com<\/a><\/p>\n","protected":false},"featured_media":10047,"comment_status":"open","ping_status":"closed","template":"","meta":{"_glsr_average":0,"_glsr_ranking":0,"_glsr_reviews":0,"_joinchat":{"message_text":"Hola!. En que podemos ayudarte?&#x1f60a;"}},"product_brand":[],"product_cat":[391,493,414],"product_tag":[],"class_list":{"0":"post-10063","1":"product","2":"type-product","3":"status-publish","4":"has-post-thumbnail","6":"product_cat-bain","7":"product_cat-linge-de-toilette","8":"product_cat-serviette-coton-organique","9":"wcpa_has_options","11":"first","12":"instock","13":"taxable","14":"shipping-taxable","15":"purchasable","16":"product-type-variable"},"yoast_head":"<!-- This site is optimized with the Yoast SEO plugin v27.4 - https:\/\/yoast.com\/product\/yoast-seo-wordpress\/ -->\n<title>Serviettes en coton bio, Naturel<\/title>\n<meta name=\"description\" content=\"Nouvelle collection de serviettes de bain, en coton biologique. Catalogue \u00e9tendu. Fabriqu\u00e9 en Espagne. Attention personnelle. Linge de bain de luxe.\" \/>\n<meta name=\"robots\" content=\"index, follow, max-snippet:-1, max-image-preview:large, max-video-preview:-1\" \/>\n<link rel=\"canonical\" href=\"https:\/\/www.laruecavoladora.com\/fr\/producto\/grandes-serviettes-de-bain-serviettes-biologiques-double-curl\/\" \/>\n<meta property=\"og:locale\" content=\"fr_FR\" \/>\n<meta property=\"og:type\" content=\"article\" \/>\n<meta property=\"og:title\" content=\"Serviettes en coton bio, Naturel\" \/>\n<meta property=\"og:description\" content=\"Nouvelle collection de serviettes de bain, en coton biologique. Catalogue \u00e9tendu. Fabriqu\u00e9 en Espagne. Attention personnelle. Linge de bain de luxe.\" \/>\n<meta property=\"og:url\" content=\"https:\/\/www.laruecavoladora.com\/fr\/producto\/grandes-serviettes-de-bain-serviettes-biologiques-double-curl\/\" \/>\n<meta property=\"og:site_name\" content=\"La Rueca Voladora\" \/>\n<meta property=\"article:modified_time\" content=\"2026-02-05T08:40:42+00:00\" \/>\n<meta property=\"og:image\" content=\"https:\/\/www.laruecavoladora.com\/wp-content\/uploads\/2023\/06\/juego-tollas-bano-algodon-organico.jpg\" \/>\n\t<meta property=\"og:image:width\" content=\"1350\" \/>\n\t<meta property=\"og:image:height\" content=\"1066\" \/>\n\t<meta property=\"og:image:type\" content=\"image\/jpeg\" \/>\n<meta name=\"twitter:card\" content=\"summary_large_image\" \/>\n<meta name=\"twitter:label1\" content=\"Dur\u00e9e de lecture estim\u00e9e\" \/>\n\t<meta name=\"twitter:data1\" content=\"2 minutes\" \/>\n<script type=\"application\/ld+json\" class=\"yoast-schema-graph\">{\"@context\":\"https:\\\/\\\/schema.org\",\"@graph\":[{\"@type\":\"WebPage\",\"@id\":\"https:\\\/\\\/www.laruecavoladora.com\\\/fr\\\/producto\\\/grandes-serviettes-de-bain-serviettes-biologiques-double-curl\\\/\",\"url\":\"https:\\\/\\\/www.laruecavoladora.com\\\/fr\\\/producto\\\/grandes-serviettes-de-bain-serviettes-biologiques-double-curl\\\/\",\"name\":\"Serviettes en coton bio, Naturel\",\"isPartOf\":{\"@id\":\"https:\\\/\\\/www.laruecavoladora.com\\\/fr\\\/#website\"},\"primaryImageOfPage\":{\"@id\":\"https:\\\/\\\/www.laruecavoladora.com\\\/fr\\\/producto\\\/grandes-serviettes-de-bain-serviettes-biologiques-double-curl\\\/#primaryimage\"},\"image\":{\"@id\":\"https:\\\/\\\/www.laruecavoladora.com\\\/fr\\\/producto\\\/grandes-serviettes-de-bain-serviettes-biologiques-double-curl\\\/#primaryimage\"},\"thumbnailUrl\":\"https:\\\/\\\/www.laruecavoladora.com\\\/wp-content\\\/uploads\\\/2023\\\/06\\\/juego-tollas-bano-algodon-organico.jpg\",\"datePublished\":\"2023-06-13T13:47:30+00:00\",\"dateModified\":\"2026-02-05T08:40:42+00:00\",\"description\":\"Nouvelle collection de serviettes de bain, en coton biologique. Catalogue \u00e9tendu. Fabriqu\u00e9 en Espagne. Attention personnelle. Linge de bain de luxe.\",\"breadcrumb\":{\"@id\":\"https:\\\/\\\/www.laruecavoladora.com\\\/fr\\\/producto\\\/grandes-serviettes-de-bain-serviettes-biologiques-double-curl\\\/#breadcrumb\"},\"inLanguage\":\"fr-FR\",\"potentialAction\":[{\"@type\":\"ReadAction\",\"target\":[\"https:\\\/\\\/www.laruecavoladora.com\\\/fr\\\/producto\\\/grandes-serviettes-de-bain-serviettes-biologiques-double-curl\\\/\"]}]},{\"@type\":\"ImageObject\",\"inLanguage\":\"fr-FR\",\"@id\":\"https:\\\/\\\/www.laruecavoladora.com\\\/fr\\\/producto\\\/grandes-serviettes-de-bain-serviettes-biologiques-double-curl\\\/#primaryimage\",\"url\":\"https:\\\/\\\/www.laruecavoladora.com\\\/wp-content\\\/uploads\\\/2023\\\/06\\\/juego-tollas-bano-algodon-organico.jpg\",\"contentUrl\":\"https:\\\/\\\/www.laruecavoladora.com\\\/wp-content\\\/uploads\\\/2023\\\/06\\\/juego-tollas-bano-algodon-organico.jpg\",\"width\":1350,\"height\":1066,\"caption\":\"Alt=\u201dServiettes de bain de luxe\u201d.\"},{\"@type\":\"BreadcrumbList\",\"@id\":\"https:\\\/\\\/www.laruecavoladora.com\\\/fr\\\/producto\\\/grandes-serviettes-de-bain-serviettes-biologiques-double-curl\\\/#breadcrumb\",\"itemListElement\":[{\"@type\":\"ListItem\",\"position\":1,\"name\":\"Portada\",\"item\":\"https:\\\/\\\/www.laruecavoladora.com\\\/fr\\\/accueil\\\/\"},{\"@type\":\"ListItem\",\"position\":2,\"name\":\"Boutique\",\"item\":\"https:\\\/\\\/www.laruecavoladora.com\\\/tienda\\\/\"},{\"@type\":\"ListItem\",\"position\":3,\"name\":\"Serviettes \u00e9ponge bio\"}]},{\"@type\":\"WebSite\",\"@id\":\"https:\\\/\\\/www.laruecavoladora.com\\\/fr\\\/#website\",\"url\":\"https:\\\/\\\/www.laruecavoladora.com\\\/fr\\\/\",\"name\":\"La Rueca Voladora\",\"description\":\"Ropa del hogar de fibras Naturales\",\"potentialAction\":[{\"@type\":\"SearchAction\",\"target\":{\"@type\":\"EntryPoint\",\"urlTemplate\":\"https:\\\/\\\/www.laruecavoladora.com\\\/fr\\\/?s={search_term_string}\"},\"query-input\":{\"@type\":\"PropertyValueSpecification\",\"valueRequired\":true,\"valueName\":\"search_term_string\"}}],\"inLanguage\":\"fr-FR\"}]}<\/script>\n<!-- \/ Yoast SEO plugin. -->","yoast_head_json":{"title":"Serviettes en coton bio, Naturel","description":"Nouvelle collection de serviettes de bain, en coton biologique. Catalogue \u00e9tendu. Fabriqu\u00e9 en Espagne. Attention personnelle. Linge de bain de luxe.","robots":{"index":"index","follow":"follow","max-snippet":"max-snippet:-1","max-image-preview":"max-image-preview:large","max-video-preview":"max-video-preview:-1"},"canonical":"https:\/\/www.laruecavoladora.com\/fr\/producto\/grandes-serviettes-de-bain-serviettes-biologiques-double-curl\/","og_locale":"fr_FR","og_type":"article","og_title":"Serviettes en coton bio, Naturel","og_description":"Nouvelle collection de serviettes de bain, en coton biologique. Catalogue \u00e9tendu. Fabriqu\u00e9 en Espagne. Attention personnelle. Linge de bain de luxe.","og_url":"https:\/\/www.laruecavoladora.com\/fr\/producto\/grandes-serviettes-de-bain-serviettes-biologiques-double-curl\/","og_site_name":"La Rueca Voladora","article_modified_time":"2026-02-05T08:40:42+00:00","og_image":[{"width":1350,"height":1066,"url":"https:\/\/www.laruecavoladora.com\/wp-content\/uploads\/2023\/06\/juego-tollas-bano-algodon-organico.jpg","type":"image\/jpeg"}],"twitter_card":"summary_large_image","twitter_misc":{"Dur\u00e9e de lecture estim\u00e9e":"2 minutes"},"schema":{"@context":"https:\/\/schema.org","@graph":[{"@type":"WebPage","@id":"https:\/\/www.laruecavoladora.com\/fr\/producto\/grandes-serviettes-de-bain-serviettes-biologiques-double-curl\/","url":"https:\/\/www.laruecavoladora.com\/fr\/producto\/grandes-serviettes-de-bain-serviettes-biologiques-double-curl\/","name":"Serviettes en coton bio, Naturel","isPartOf":{"@id":"https:\/\/www.laruecavoladora.com\/fr\/#website"},"primaryImageOfPage":{"@id":"https:\/\/www.laruecavoladora.com\/fr\/producto\/grandes-serviettes-de-bain-serviettes-biologiques-double-curl\/#primaryimage"},"image":{"@id":"https:\/\/www.laruecavoladora.com\/fr\/producto\/grandes-serviettes-de-bain-serviettes-biologiques-double-curl\/#primaryimage"},"thumbnailUrl":"https:\/\/www.laruecavoladora.com\/wp-content\/uploads\/2023\/06\/juego-tollas-bano-algodon-organico.jpg","datePublished":"2023-06-13T13:47:30+00:00","dateModified":"2026-02-05T08:40:42+00:00","description":"Nouvelle collection de serviettes de bain, en coton biologique. Catalogue \u00e9tendu. Fabriqu\u00e9 en Espagne. Attention personnelle. Linge de bain de luxe.","breadcrumb":{"@id":"https:\/\/www.laruecavoladora.com\/fr\/producto\/grandes-serviettes-de-bain-serviettes-biologiques-double-curl\/#breadcrumb"},"inLanguage":"fr-FR","potentialAction":[{"@type":"ReadAction","target":["https:\/\/www.laruecavoladora.com\/fr\/producto\/grandes-serviettes-de-bain-serviettes-biologiques-double-curl\/"]}]},{"@type":"ImageObject","inLanguage":"fr-FR","@id":"https:\/\/www.laruecavoladora.com\/fr\/producto\/grandes-serviettes-de-bain-serviettes-biologiques-double-curl\/#primaryimage","url":"https:\/\/www.laruecavoladora.com\/wp-content\/uploads\/2023\/06\/juego-tollas-bano-algodon-organico.jpg","contentUrl":"https:\/\/www.laruecavoladora.com\/wp-content\/uploads\/2023\/06\/juego-tollas-bano-algodon-organico.jpg","width":1350,"height":1066,"caption":"Alt=\u201dServiettes de bain de luxe\u201d."},{"@type":"BreadcrumbList","@id":"https:\/\/www.laruecavoladora.com\/fr\/producto\/grandes-serviettes-de-bain-serviettes-biologiques-double-curl\/#breadcrumb","itemListElement":[{"@type":"ListItem","position":1,"name":"Portada","item":"https:\/\/www.laruecavoladora.com\/fr\/accueil\/"},{"@type":"ListItem","position":2,"name":"Boutique","item":"https:\/\/www.laruecavoladora.com\/tienda\/"},{"@type":"ListItem","position":3,"name":"Serviettes \u00e9ponge bio"}]},{"@type":"WebSite","@id":"https:\/\/www.laruecavoladora.com\/fr\/#website","url":"https:\/\/www.laruecavoladora.com\/fr\/","name":"La Rueca Voladora","description":"Ropa del hogar de fibras Naturales","potentialAction":[{"@type":"SearchAction","target":{"@type":"EntryPoint","urlTemplate":"https:\/\/www.laruecavoladora.com\/fr\/?s={search_term_string}"},"query-input":{"@type":"PropertyValueSpecification","valueRequired":true,"valueName":"search_term_string"}}],"inLanguage":"fr-FR"}]}},"wcpa_form_fields":null,"_links":{"self":[{"href":"https:\/\/www.laruecavoladora.com\/fr\/wp-json\/wp\/v2\/product\/10063","targetHints":{"allow":["GET"]}}],"collection":[{"href":"https:\/\/www.laruecavoladora.com\/fr\/wp-json\/wp\/v2\/product"}],"about":[{"href":"https:\/\/www.laruecavoladora.com\/fr\/wp-json\/wp\/v2\/types\/product"}],"replies":[{"embeddable":true,"href":"https:\/\/www.laruecavoladora.com\/fr\/wp-json\/wp\/v2\/comments?post=10063"}],"wp:featuredmedia":[{"embeddable":true,"href":"https:\/\/www.laruecavoladora.com\/fr\/wp-json\/wp\/v2\/media\/10047"}],"wp:attachment":[{"href":"https:\/\/www.laruecavoladora.com\/fr\/wp-json\/wp\/v2\/media?parent=10063"}],"wp:term":[{"taxonomy":"product_brand","embeddable":true,"href":"https:\/\/www.laruecavoladora.com\/fr\/wp-json\/wp\/v2\/product_brand?post=10063"},{"taxonomy":"product_cat","embeddable":true,"href":"https:\/\/www.laruecavoladora.com\/fr\/wp-json\/wp\/v2\/product_cat?post=10063"},{"taxonomy":"product_tag","embeddable":true,"href":"https:\/\/www.laruecavoladora.com\/fr\/wp-json\/wp\/v2\/product_tag?post=10063"}],"curies":[{"name":"wp","href":"https:\/\/api.w.org\/{rel}","templated":true}]}}