{"id":7879,"date":"2020-11-25T11:18:39","date_gmt":"2020-11-25T10:18:39","guid":{"rendered":"https:\/\/www.laruecavoladora.com\/tirage-de-noel\/"},"modified":"2021-01-12T20:35:07","modified_gmt":"2021-01-12T19:35:07","slug":"tirage-de-noel","status":"publish","type":"page","link":"https:\/\/www.laruecavoladora.com\/fr\/tirage-de-noel\/","title":{"rendered":"Tirage de No\u00ebl"},"content":{"rendered":"<p><strong>TIRAGE DE LA LOTERIE NATIONALE POUR LA SAINT-VALENTIN 2021<\/strong><\/p>\n<p><strong>La date de fin de participation sera le <\/strong>14\/02\/2021.<\/p>\n<p><span style=\"color: #ff0000;\">Il sera r\u00e9gi par les m\u00eames clauses du tirage au sort de No\u00ebl, f\u00eate des enfants 2020.<\/span><\/p>\n<p><strong>Gagnant:<\/strong><\/p>\n<p>Ce sera la personne qui aura en sa possession l&#8217;inscription gagnante, dans laquelle les deux derniers num\u00e9ros de sa participation.<\/p>\n<p>Faites correspondre les deux derniers chiffres du premier prix<\/p>\n<p>tirage au sort national pour la Saint-Valentin 2021<\/p>\n<p><strong>Qui est c\u00e9l\u00e9br\u00e9 le<\/strong> 14 f\u00e9vrier 2021 (16\/02\/2021).<\/p>\n<p>&nbsp;<\/p>\n<p><span style=\"color: #ff0000;\">Comme il n&#8217;y a pas eu de gagnant dans les participations de No\u00ebl, ils compteront pour ce prochain tirage. &#8220;Tirage de la loterie de la Saint-Valentin 2021&#8221;<\/span><\/p>\n<p><strong>Bonne chance.<\/strong><\/p>\n<p><span style=\"color: #ff0000;\">&#8212;&#8212;&#8212;&#8212;&#8212;&#8212;&#8212;&#8212;&#8212;&#8212;&#8212;&#8212;&#8212;&#8212;&#8212;&#8212;&#8212;<\/span><\/p>\n<p><strong>Tirage de No\u00ebl<\/strong> du 26\/11 \/2020 au 06\/01\/2021.<\/p>\n<p><strong>Conditions d&#8217;achat<\/strong> pour pouvoir participer au Tirage de No\u00ebl de la Rueca Voladora:<\/p>\n<ul>\n<li>Il est n\u00e9cessaire d&#8217;effectuer un achat au moins (du 26\/11\/2020 au 06\/01\/2021) pour pouvoir participer au tirage au sort.<\/li>\n<li>Avec chaque achat effectu\u00e9 \u00e0 La Rueca voladora, vous recevrez une participation num\u00e9rot\u00e9e.<\/li>\n<li>Vous ne recevrez qu&#8217;une seule participation \u00e0 la tombola, pour chaque achat effectu\u00e9, quel que soit le nombre d&#8217;articles achet\u00e9s.<\/li>\n<li>Il n&#8217;y a pas de montant minimum d&#8217;achat.<\/li>\n<\/ul>\n<p><strong>Date de d\u00e9but<\/strong>: 26\/11\/2020.<\/p>\n<p><strong>Date de fin<\/strong>: 06\/01\/2021.<\/p>\n<p><strong>R\u00e9compense<\/strong>: une couverture en poil de chameau. Pour choisir entre les mesures suivantes de la couverture:<\/p>\n<ul>\n<li>Couverture de canap\u00e9: 140 x 200 d&#8217;une valeur de 190 \u20ac.<\/li>\n<li>Lit 135\/140: 240 x 220 cm d&#8217;une valeur de 330 \u20ac.<\/li>\n<li>Lit 150\/160: 240 x 260 cm d&#8217;une valeur de 400 \u20ac.<\/li>\n<li>Lit 180\/200: 240 x280 cm d&#8217;une valeur de 450 \u20ac.<\/li>\n<\/ul>\n<p><strong>Date du tirage de No\u00ebl<\/strong>: 07\/01\/2021.<\/p>\n<p><strong>100 entr\u00e9es seront tir\u00e9es au sort:<\/strong><\/p>\n<p>Le premier chiffre est <strong>00000.<\/strong><br \/>\nLe dernier num\u00e9ro est <strong>00099.<\/strong><\/p>\n<p><strong>Gagnant:<\/strong><\/p>\n<p>Ce sera la personne qui aura en sa possession l&#8217;inscription gagnante, dans laquelle les deux derniers num\u00e9ros de sa participation.<\/p>\n<p>Faites correspondre les deux derniers num\u00e9ros du premier prix de loterie de l&#8217;enfant.<\/p>\n<p><strong>Ce qui est c\u00e9l\u00e9br\u00e9\u00a0 le 6 janvier 2021<\/strong> (01\/06\/2021).<\/p>\n<p><strong>Notification au gagnan<\/strong>t:<\/p>\n<p><strong>Le gagnant<\/strong> du tirage au sort de No\u00ebl pourra avec\u00a0 \u00a0La Rueca Voladora au sort dans les 48 heures.<br \/>\n<a href=\"mailto:Info@laruecavoladora.com\">Info@laruecavoladora.com<\/a><\/p>\n<p>t\u00e9l\u00e9phone ou wasap: +34 676727604<\/p>\n<p><strong>La Rueca Voladora<\/strong>, pourra contacter avec le gagnant du tirage au sort dans les 48 heures.<br \/>\nEn utilisant les moyens \u00e9mis par le client lors de son achat.<\/p>\n<p><strong>La date limite pour demander le prix sera de 30 jours civils<\/strong>.<\/p>\n<p>Un d\u00e9lai de 30 jours calendaires est \u00e9tabli qui commence le 08\/01\/2021 et se termine le 08\/02\/2021.<br \/>\nSi personne ne semble r\u00e9clamer le prix dans ce d\u00e9lai (30 jours civils). Celui-ci deviendra vacant et expirera.<\/p>\n<p>Les r\u00e8gles du tirage au sort sont d\u00e9pos\u00e9es aupr\u00e8s d&#8217;un notaire.<\/p>\n<p><strong>Notaire de Haro &#8211; La Rioja.<\/strong><\/p>\n<p>&nbsp;<\/p>\n<p>Toute l&#8217;\u00e9quipe de La Rueca voladora, vous souhaite bonne sant\u00e9 et joie pour f<strong>\u00eater ce No\u00ebl 2020.<\/strong><\/p>\n<p><strong>Bonne chance \u00e0 toi.<\/strong><\/p>\n","protected":false},"excerpt":{"rendered":"<p>TIRAGE DE LA LOTERIE NATIONALE POUR LA SAINT-VALENTIN 2021 La date de fin de participation sera le 14\/02\/2021. Il sera r\u00e9gi par les m\u00eames clauses du tirage au sort de No\u00ebl, f\u00eate des enfants 2020. Gagnant: Ce sera la personne qui aura en sa possession l&#8217;inscription gagnante, dans laquelle les&#8230;<\/p>\n","protected":false},"author":2,"featured_media":0,"parent":0,"menu_order":0,"comment_status":"closed","ping_status":"closed","template":"","meta":{"_glsr_average":0,"_glsr_ranking":0,"_glsr_reviews":0,"_joinchat":[],"footnotes":""},"class_list":["post-7879","page","type-page","status-publish","hentry"],"yoast_head":"<!-- This site is optimized with the Yoast SEO plugin v27.5 - https:\/\/yoast.com\/product\/yoast-seo-wordpress\/ -->\n<title>Tirage de No\u00eblCouverture de chameau - La Rueca Voladora<\/title>\n<meta name=\"description\" content=\"Tirage de No\u00ebl, d&#039;une couverture d&#039;alpaga.Tirage de No\u00ebl, La Rueca voladora.Couverture de chameau..Couverture chameau et couverture d&#039;alpaga.\" \/>\n<meta name=\"robots\" content=\"index, follow, max-snippet:-1, max-image-preview:large, max-video-preview:-1\" \/>\n<link rel=\"canonical\" href=\"https:\/\/www.laruecavoladora.com\/fr\/tirage-de-noel\/\" \/>\n<meta property=\"og:locale\" content=\"fr_FR\" \/>\n<meta property=\"og:type\" content=\"article\" \/>\n<meta property=\"og:title\" content=\"Tirage de No\u00eblCouverture de chameau - La Rueca Voladora\" \/>\n<meta property=\"og:description\" content=\"Tirage de No\u00ebl, d&#039;une couverture d&#039;alpaga.Tirage de No\u00ebl, La Rueca voladora.Couverture de chameau..Couverture chameau et couverture d&#039;alpaga.\" \/>\n<meta property=\"og:url\" content=\"https:\/\/www.laruecavoladora.com\/fr\/tirage-de-noel\/\" \/>\n<meta property=\"og:site_name\" content=\"La Rueca Voladora\" \/>\n<meta property=\"article:modified_time\" content=\"2021-01-12T19:35:07+00:00\" \/>\n<meta name=\"twitter:card\" content=\"summary_large_image\" \/>\n<meta name=\"twitter:label1\" content=\"Dur\u00e9e de lecture estim\u00e9e\" \/>\n\t<meta name=\"twitter:data1\" content=\"2 minutes\" \/>\n<script type=\"application\/ld+json\" class=\"yoast-schema-graph\">{\"@context\":\"https:\\\/\\\/schema.org\",\"@graph\":[{\"@type\":\"WebPage\",\"@id\":\"https:\\\/\\\/www.laruecavoladora.com\\\/fr\\\/tirage-de-noel\\\/\",\"url\":\"https:\\\/\\\/www.laruecavoladora.com\\\/fr\\\/tirage-de-noel\\\/\",\"name\":\"Tirage de No\u00eblCouverture de chameau - La Rueca Voladora\",\"isPartOf\":{\"@id\":\"https:\\\/\\\/www.laruecavoladora.com\\\/fr\\\/#website\"},\"datePublished\":\"2020-11-25T10:18:39+00:00\",\"dateModified\":\"2021-01-12T19:35:07+00:00\",\"description\":\"Tirage de No\u00ebl, d'une couverture d'alpaga.Tirage de No\u00ebl, La Rueca voladora.Couverture de chameau..Couverture chameau et couverture d'alpaga.\",\"breadcrumb\":{\"@id\":\"https:\\\/\\\/www.laruecavoladora.com\\\/fr\\\/tirage-de-noel\\\/#breadcrumb\"},\"inLanguage\":\"fr-FR\",\"potentialAction\":[{\"@type\":\"ReadAction\",\"target\":[\"https:\\\/\\\/www.laruecavoladora.com\\\/fr\\\/tirage-de-noel\\\/\"]}]},{\"@type\":\"BreadcrumbList\",\"@id\":\"https:\\\/\\\/www.laruecavoladora.com\\\/fr\\\/tirage-de-noel\\\/#breadcrumb\",\"itemListElement\":[{\"@type\":\"ListItem\",\"position\":1,\"name\":\"Portada\",\"item\":\"https:\\\/\\\/www.laruecavoladora.com\\\/fr\\\/accueil\\\/\"},{\"@type\":\"ListItem\",\"position\":2,\"name\":\"Tirage de No\u00ebl\"}]},{\"@type\":\"WebSite\",\"@id\":\"https:\\\/\\\/www.laruecavoladora.com\\\/fr\\\/#website\",\"url\":\"https:\\\/\\\/www.laruecavoladora.com\\\/fr\\\/\",\"name\":\"La Rueca Voladora\",\"description\":\"Ropa del hogar de fibras Naturales\",\"potentialAction\":[{\"@type\":\"SearchAction\",\"target\":{\"@type\":\"EntryPoint\",\"urlTemplate\":\"https:\\\/\\\/www.laruecavoladora.com\\\/fr\\\/?s={search_term_string}\"},\"query-input\":{\"@type\":\"PropertyValueSpecification\",\"valueRequired\":true,\"valueName\":\"search_term_string\"}}],\"inLanguage\":\"fr-FR\"}]}<\/script>\n<!-- \/ Yoast SEO plugin. -->","yoast_head_json":{"title":"Tirage de No\u00eblCouverture de chameau - La Rueca Voladora","description":"Tirage de No\u00ebl, d'une couverture d'alpaga.Tirage de No\u00ebl, La Rueca voladora.Couverture de chameau..Couverture chameau et couverture d'alpaga.","robots":{"index":"index","follow":"follow","max-snippet":"max-snippet:-1","max-image-preview":"max-image-preview:large","max-video-preview":"max-video-preview:-1"},"canonical":"https:\/\/www.laruecavoladora.com\/fr\/tirage-de-noel\/","og_locale":"fr_FR","og_type":"article","og_title":"Tirage de No\u00eblCouverture de chameau - La Rueca Voladora","og_description":"Tirage de No\u00ebl, d'une couverture d'alpaga.Tirage de No\u00ebl, La Rueca voladora.Couverture de chameau..Couverture chameau et couverture d'alpaga.","og_url":"https:\/\/www.laruecavoladora.com\/fr\/tirage-de-noel\/","og_site_name":"La Rueca Voladora","article_modified_time":"2021-01-12T19:35:07+00:00","twitter_card":"summary_large_image","twitter_misc":{"Dur\u00e9e de lecture estim\u00e9e":"2 minutes"},"schema":{"@context":"https:\/\/schema.org","@graph":[{"@type":"WebPage","@id":"https:\/\/www.laruecavoladora.com\/fr\/tirage-de-noel\/","url":"https:\/\/www.laruecavoladora.com\/fr\/tirage-de-noel\/","name":"Tirage de No\u00eblCouverture de chameau - La Rueca Voladora","isPartOf":{"@id":"https:\/\/www.laruecavoladora.com\/fr\/#website"},"datePublished":"2020-11-25T10:18:39+00:00","dateModified":"2021-01-12T19:35:07+00:00","description":"Tirage de No\u00ebl, d'une couverture d'alpaga.Tirage de No\u00ebl, La Rueca voladora.Couverture de chameau..Couverture chameau et couverture d'alpaga.","breadcrumb":{"@id":"https:\/\/www.laruecavoladora.com\/fr\/tirage-de-noel\/#breadcrumb"},"inLanguage":"fr-FR","potentialAction":[{"@type":"ReadAction","target":["https:\/\/www.laruecavoladora.com\/fr\/tirage-de-noel\/"]}]},{"@type":"BreadcrumbList","@id":"https:\/\/www.laruecavoladora.com\/fr\/tirage-de-noel\/#breadcrumb","itemListElement":[{"@type":"ListItem","position":1,"name":"Portada","item":"https:\/\/www.laruecavoladora.com\/fr\/accueil\/"},{"@type":"ListItem","position":2,"name":"Tirage de No\u00ebl"}]},{"@type":"WebSite","@id":"https:\/\/www.laruecavoladora.com\/fr\/#website","url":"https:\/\/www.laruecavoladora.com\/fr\/","name":"La Rueca Voladora","description":"Ropa del hogar de fibras Naturales","potentialAction":[{"@type":"SearchAction","target":{"@type":"EntryPoint","urlTemplate":"https:\/\/www.laruecavoladora.com\/fr\/?s={search_term_string}"},"query-input":{"@type":"PropertyValueSpecification","valueRequired":true,"valueName":"search_term_string"}}],"inLanguage":"fr-FR"}]}},"_links":{"self":[{"href":"https:\/\/www.laruecavoladora.com\/fr\/wp-json\/wp\/v2\/pages\/7879","targetHints":{"allow":["GET"]}}],"collection":[{"href":"https:\/\/www.laruecavoladora.com\/fr\/wp-json\/wp\/v2\/pages"}],"about":[{"href":"https:\/\/www.laruecavoladora.com\/fr\/wp-json\/wp\/v2\/types\/page"}],"author":[{"embeddable":true,"href":"https:\/\/www.laruecavoladora.com\/fr\/wp-json\/wp\/v2\/users\/2"}],"replies":[{"embeddable":true,"href":"https:\/\/www.laruecavoladora.com\/fr\/wp-json\/wp\/v2\/comments?post=7879"}],"version-history":[{"count":0,"href":"https:\/\/www.laruecavoladora.com\/fr\/wp-json\/wp\/v2\/pages\/7879\/revisions"}],"wp:attachment":[{"href":"https:\/\/www.laruecavoladora.com\/fr\/wp-json\/wp\/v2\/media?parent=7879"}],"curies":[{"name":"wp","href":"https:\/\/api.w.org\/{rel}","templated":true}]}}