{"id":7115,"date":"2020-05-08T09:26:23","date_gmt":"2020-05-08T07:26:23","guid":{"rendered":"https:\/\/www.laruecavoladora.com\/nous-habillons-votre-maison\/"},"modified":"2020-08-27T21:46:56","modified_gmt":"2020-08-27T19:46:56","slug":"nous-habillons-votre-maison","status":"publish","type":"page","link":"https:\/\/www.laruecavoladora.com\/fr\/nous-habillons-votre-maison\/","title":{"rendered":"Nous habillons Votre Maison"},"content":{"rendered":"<div class=\"wpb-content-wrapper\"><p>[vc_row][vc_column][vc_column_text]<img loading=\"lazy\" decoding=\"async\" class=\"aligncenter wp-image-7107 size-full\" src=\"https:\/\/www.laruecavoladora.com\/wp-content\/uploads\/2020\/05\/ABG3898.jpg\" alt=\"vestimos-tu-casa\" width=\"1920\" height=\"1536\" srcset=\"https:\/\/www.laruecavoladora.com\/wp-content\/uploads\/2020\/05\/ABG3898.jpg 1920w, https:\/\/www.laruecavoladora.com\/wp-content\/uploads\/2020\/05\/ABG3898-600x480.jpg 600w, https:\/\/www.laruecavoladora.com\/wp-content\/uploads\/2020\/05\/ABG3898-300x240.jpg 300w, https:\/\/www.laruecavoladora.com\/wp-content\/uploads\/2020\/05\/ABG3898-1024x819.jpg 1024w, https:\/\/www.laruecavoladora.com\/wp-content\/uploads\/2020\/05\/ABG3898-768x614.jpg 768w, https:\/\/www.laruecavoladora.com\/wp-content\/uploads\/2020\/05\/ABG3898-1536x1229.jpg 1536w\" sizes=\"auto, (max-width: 1920px) 100vw, 1920px\" \/><\/p>\n<p><strong>Nous habillons votre maison sans quitter votre bureau<\/strong><\/p>\n<p>Parce que nous savons que <strong>votre temps est important.<\/strong><\/p>\n<p>Car, vous <strong>n&#8217;avez pas le temp<\/strong>s, de visiter chaque endroit, de trouver votre <strong>tissu<\/strong>, votre design <strong>ou votre meuble pr\u00e9f\u00e9r\u00e9.<\/strong><\/p>\n<p><strong>Nous le faisons pour vous.<\/strong><\/p>\n<ul>\n<li>On vous ram\u00e8ne \u00e0 la maison.<\/li>\n<li>Sur mesure<\/li>\n<\/ul>\n<p>Merci au fait que nous avons<strong> une grande \u00e9quipe de collaborateurs,<\/strong> des ateliers de v\u00eatements aux <strong>designers<\/strong><strong>.<\/strong><\/p>\n<p>Des designers, avec une<strong> vision diff\u00e9rente,<\/strong> o\u00f9 ils laissent libre cours \u00e0 leur imagination en utilisant <strong>le design<\/strong> comme valeur principale.<\/p>\n<p>o\u00f9 nous travaillons avec deux outils essentiels; <strong>R\u00e9utilisation<\/strong> et <strong>design d&#8217;int\u00e9rieur.<\/strong><\/p>\n<ul>\n<li>Il vous suffit <strong>de remplir ce formulaire.<\/strong><\/li>\n<li><strong>T\u00e9l\u00e9chargez une photo<\/strong> si vous le souhaitez.<\/li>\n<li><strong>Dites-nous votre votre id\u00e9e.<\/strong><\/li>\n<\/ul>\n<p>Nous vous contacterons.[\/vc_column_text][\/vc_column][\/vc_row][vc_row][vc_column]\n<div class=\"wpcf7 no-js\" id=\"wpcf7-f5230-o1\" lang=\"es-ES\" dir=\"ltr\" data-wpcf7-id=\"5230\">\n<div class=\"screen-reader-response\"><p role=\"status\" aria-live=\"polite\" aria-atomic=\"true\"><\/p> <ul><\/ul><\/div>\n<form action=\"\/fr\/wp-json\/wp\/v2\/pages\/7115#wpcf7-f5230-o1\" method=\"post\" class=\"wpcf7-form init\" aria-label=\"Formulario de contacto\" enctype=\"multipart\/form-data\" novalidate=\"novalidate\" data-status=\"init\">\n<fieldset class=\"hidden-fields-container\"><input type=\"hidden\" name=\"_wpcf7\" value=\"5230\" \/><input type=\"hidden\" name=\"_wpcf7_version\" value=\"6.1.5\" \/><input type=\"hidden\" name=\"_wpcf7_locale\" value=\"es_ES\" \/><input type=\"hidden\" name=\"_wpcf7_unit_tag\" value=\"wpcf7-f5230-o1\" \/><input type=\"hidden\" name=\"_wpcf7_container_post\" value=\"0\" \/><input type=\"hidden\" name=\"_wpcf7_posted_data_hash\" value=\"\" \/><input type=\"hidden\" name=\"_wpcf7_recaptcha_response\" value=\"\" \/>\n<\/fieldset>\n<p><label> Nombre (requerido)<br \/>\n<span class=\"wpcf7-form-control-wrap\" data-name=\"your-name\"><input size=\"40\" maxlength=\"400\" class=\"wpcf7-form-control wpcf7-text wpcf7-validates-as-required\" aria-required=\"true\" aria-invalid=\"false\" value=\"\" type=\"text\" name=\"your-name\" \/><\/span> <\/label>\n<\/p>\n<p><label> Tu correo electr\u00f3nico (requerido)<br \/>\n<span class=\"wpcf7-form-control-wrap\" data-name=\"your-email\"><input size=\"40\" maxlength=\"400\" class=\"wpcf7-form-control wpcf7-email wpcf7-validates-as-required wpcf7-text wpcf7-validates-as-email\" aria-required=\"true\" aria-invalid=\"false\" value=\"\" type=\"email\" name=\"your-email\" \/><\/span> <\/label>\n<\/p>\n<p><label> Tel\u00e9fono (requerido)<br \/>\n<span class=\"wpcf7-form-control-wrap\" data-name=\"tel-231\"><input size=\"40\" maxlength=\"400\" class=\"wpcf7-form-control wpcf7-tel wpcf7-validates-as-required wpcf7-text wpcf7-validates-as-tel\" aria-required=\"true\" aria-invalid=\"false\" value=\"\" type=\"tel\" name=\"tel-231\" \/><\/span> <\/label>\n<\/p>\n<p><label> Envianos tus preguntas<br \/>\n<span class=\"wpcf7-form-control-wrap\" data-name=\"your-message\"><textarea cols=\"40\" rows=\"10\" maxlength=\"2000\" class=\"wpcf7-form-control wpcf7-textarea\" aria-invalid=\"false\" name=\"your-message\"><\/textarea><\/span> <\/label>\n<\/p>\n<p><span class=\"wpcf7-form-control-wrap\" data-name=\"file-990\"><input size=\"40\" class=\"wpcf7-form-control wpcf7-file\" accept=\".docx,.pdf,.zip,.jpg,.mp3\" aria-invalid=\"false\" type=\"file\" name=\"file-990\" \/><\/span>\n<\/p>\n<p><span class=\"wpcf7-form-control-wrap\" data-name=\"Privacidad\"><span class=\"wpcf7-form-control wpcf7-acceptance\"><span class=\"wpcf7-list-item\"><label><input type=\"checkbox\" name=\"Privacidad\" value=\"1\" aria-invalid=\"false\" \/><span class=\"wpcf7-list-item-label\">He le\u00eddo y acepto la <a rel=\"nofollow\" href=\"\/politica-de-privacidad\/\">Pol\u00edtica de Privacidad<\/a>.<\/span><\/label><\/span><\/span><\/span>\n<\/p>\n<p><input class=\"wpcf7-form-control wpcf7-submit has-spinner\" type=\"submit\" value=\"Enviar\" \/>\n<\/p><input type='hidden' class='wpcf7-pum' value='{\"closepopup\":false,\"closedelay\":0,\"openpopup\":false,\"openpopup_id\":0}' \/><div class=\"wpcf7-response-output\" aria-hidden=\"true\"><\/div>\n<\/form>\n<\/div>\n[\/vc_column][\/vc_row]<\/p>\n<\/div>","protected":false},"excerpt":{"rendered":"<p>[vc_row][vc_column][vc_column_text] Nous habillons votre maison sans quitter votre bureau Parce que nous savons que votre temps est important. Car, vous n&#8217;avez pas le temps, de visiter chaque endroit, de trouver votre tissu, votre design ou votre meuble pr\u00e9f\u00e9r\u00e9. Nous le faisons pour vous. On vous ram\u00e8ne \u00e0 la maison. Sur&#8230;<\/p>\n","protected":false},"author":2,"featured_media":0,"parent":0,"menu_order":0,"comment_status":"closed","ping_status":"closed","template":"","meta":{"_glsr_average":0,"_glsr_ranking":0,"_glsr_reviews":0,"_joinchat":[],"footnotes":""},"class_list":["post-7115","page","type-page","status-publish","hentry"],"yoast_head":"<!-- This site is optimized with the Yoast SEO plugin v27.5 - https:\/\/yoast.com\/product\/yoast-seo-wordpress\/ -->\n<title>Nous habillons Votre Maison - La Rueca Voladora<\/title>\n<meta name=\"description\" content=\"Nous habillons votre maison. D\u00e9corez votre maison. Confort en ligne. V\u00eatements d&#039;int\u00e9rieur en fibres naturelles. Nous l&#039;emportons \u00e0 la maison. Nous recherchons ce dont vous avez besoin. V\u00eatements et meubles\" \/>\n<meta name=\"robots\" content=\"index, follow, max-snippet:-1, max-image-preview:large, max-video-preview:-1\" \/>\n<link rel=\"canonical\" href=\"https:\/\/www.laruecavoladora.com\/fr\/nous-habillons-votre-maison\/\" \/>\n<meta property=\"og:locale\" content=\"fr_FR\" \/>\n<meta property=\"og:type\" content=\"article\" \/>\n<meta property=\"og:title\" content=\"Nous habillons Votre Maison - La Rueca Voladora\" \/>\n<meta property=\"og:description\" content=\"Nous habillons votre maison. D\u00e9corez votre maison. Confort en ligne. V\u00eatements d&#039;int\u00e9rieur en fibres naturelles. Nous l&#039;emportons \u00e0 la maison. Nous recherchons ce dont vous avez besoin. V\u00eatements et meubles\" \/>\n<meta property=\"og:url\" content=\"https:\/\/www.laruecavoladora.com\/fr\/nous-habillons-votre-maison\/\" \/>\n<meta property=\"og:site_name\" content=\"La Rueca Voladora\" \/>\n<meta property=\"article:modified_time\" content=\"2020-08-27T19:46:56+00:00\" \/>\n<meta property=\"og:image\" content=\"https:\/\/www.laruecavoladora.com\/wp-content\/uploads\/2020\/05\/ABG3898.jpg\" \/>\n<meta name=\"twitter:card\" content=\"summary_large_image\" \/>\n<meta name=\"twitter:label1\" content=\"Dur\u00e9e de lecture estim\u00e9e\" \/>\n\t<meta name=\"twitter:data1\" content=\"1 minute\" \/>\n<script type=\"application\/ld+json\" class=\"yoast-schema-graph\">{\"@context\":\"https:\\\/\\\/schema.org\",\"@graph\":[{\"@type\":\"WebPage\",\"@id\":\"https:\\\/\\\/www.laruecavoladora.com\\\/fr\\\/nous-habillons-votre-maison\\\/\",\"url\":\"https:\\\/\\\/www.laruecavoladora.com\\\/fr\\\/nous-habillons-votre-maison\\\/\",\"name\":\"Nous habillons Votre Maison - La Rueca Voladora\",\"isPartOf\":{\"@id\":\"https:\\\/\\\/www.laruecavoladora.com\\\/fr\\\/#website\"},\"primaryImageOfPage\":{\"@id\":\"https:\\\/\\\/www.laruecavoladora.com\\\/fr\\\/nous-habillons-votre-maison\\\/#primaryimage\"},\"image\":{\"@id\":\"https:\\\/\\\/www.laruecavoladora.com\\\/fr\\\/nous-habillons-votre-maison\\\/#primaryimage\"},\"thumbnailUrl\":\"https:\\\/\\\/www.laruecavoladora.com\\\/wp-content\\\/uploads\\\/2020\\\/05\\\/ABG3898.jpg\",\"datePublished\":\"2020-05-08T07:26:23+00:00\",\"dateModified\":\"2020-08-27T19:46:56+00:00\",\"description\":\"Nous habillons votre maison. D\u00e9corez votre maison. Confort en ligne. V\u00eatements d'int\u00e9rieur en fibres naturelles. Nous l'emportons \u00e0 la maison. Nous recherchons ce dont vous avez besoin. V\u00eatements et meubles\",\"breadcrumb\":{\"@id\":\"https:\\\/\\\/www.laruecavoladora.com\\\/fr\\\/nous-habillons-votre-maison\\\/#breadcrumb\"},\"inLanguage\":\"fr-FR\",\"potentialAction\":[{\"@type\":\"ReadAction\",\"target\":[\"https:\\\/\\\/www.laruecavoladora.com\\\/fr\\\/nous-habillons-votre-maison\\\/\"]}]},{\"@type\":\"ImageObject\",\"inLanguage\":\"fr-FR\",\"@id\":\"https:\\\/\\\/www.laruecavoladora.com\\\/fr\\\/nous-habillons-votre-maison\\\/#primaryimage\",\"url\":\"https:\\\/\\\/www.laruecavoladora.com\\\/wp-content\\\/uploads\\\/2020\\\/05\\\/ABG3898.jpg\",\"contentUrl\":\"https:\\\/\\\/www.laruecavoladora.com\\\/wp-content\\\/uploads\\\/2020\\\/05\\\/ABG3898.jpg\"},{\"@type\":\"BreadcrumbList\",\"@id\":\"https:\\\/\\\/www.laruecavoladora.com\\\/fr\\\/nous-habillons-votre-maison\\\/#breadcrumb\",\"itemListElement\":[{\"@type\":\"ListItem\",\"position\":1,\"name\":\"Portada\",\"item\":\"https:\\\/\\\/www.laruecavoladora.com\\\/fr\\\/accueil\\\/\"},{\"@type\":\"ListItem\",\"position\":2,\"name\":\"Nous habillons Votre Maison\"}]},{\"@type\":\"WebSite\",\"@id\":\"https:\\\/\\\/www.laruecavoladora.com\\\/fr\\\/#website\",\"url\":\"https:\\\/\\\/www.laruecavoladora.com\\\/fr\\\/\",\"name\":\"La Rueca Voladora\",\"description\":\"Ropa del hogar de fibras Naturales\",\"potentialAction\":[{\"@type\":\"SearchAction\",\"target\":{\"@type\":\"EntryPoint\",\"urlTemplate\":\"https:\\\/\\\/www.laruecavoladora.com\\\/fr\\\/?s={search_term_string}\"},\"query-input\":{\"@type\":\"PropertyValueSpecification\",\"valueRequired\":true,\"valueName\":\"search_term_string\"}}],\"inLanguage\":\"fr-FR\"}]}<\/script>\n<!-- \/ Yoast SEO plugin. -->","yoast_head_json":{"title":"Nous habillons Votre Maison - La Rueca Voladora","description":"Nous habillons votre maison. D\u00e9corez votre maison. Confort en ligne. V\u00eatements d'int\u00e9rieur en fibres naturelles. Nous l'emportons \u00e0 la maison. Nous recherchons ce dont vous avez besoin. V\u00eatements et meubles","robots":{"index":"index","follow":"follow","max-snippet":"max-snippet:-1","max-image-preview":"max-image-preview:large","max-video-preview":"max-video-preview:-1"},"canonical":"https:\/\/www.laruecavoladora.com\/fr\/nous-habillons-votre-maison\/","og_locale":"fr_FR","og_type":"article","og_title":"Nous habillons Votre Maison - La Rueca Voladora","og_description":"Nous habillons votre maison. D\u00e9corez votre maison. Confort en ligne. V\u00eatements d'int\u00e9rieur en fibres naturelles. Nous l'emportons \u00e0 la maison. Nous recherchons ce dont vous avez besoin. V\u00eatements et meubles","og_url":"https:\/\/www.laruecavoladora.com\/fr\/nous-habillons-votre-maison\/","og_site_name":"La Rueca Voladora","article_modified_time":"2020-08-27T19:46:56+00:00","og_image":[{"url":"https:\/\/www.laruecavoladora.com\/wp-content\/uploads\/2020\/05\/ABG3898.jpg","type":"","width":"","height":""}],"twitter_card":"summary_large_image","twitter_misc":{"Dur\u00e9e de lecture estim\u00e9e":"1 minute"},"schema":{"@context":"https:\/\/schema.org","@graph":[{"@type":"WebPage","@id":"https:\/\/www.laruecavoladora.com\/fr\/nous-habillons-votre-maison\/","url":"https:\/\/www.laruecavoladora.com\/fr\/nous-habillons-votre-maison\/","name":"Nous habillons Votre Maison - La Rueca Voladora","isPartOf":{"@id":"https:\/\/www.laruecavoladora.com\/fr\/#website"},"primaryImageOfPage":{"@id":"https:\/\/www.laruecavoladora.com\/fr\/nous-habillons-votre-maison\/#primaryimage"},"image":{"@id":"https:\/\/www.laruecavoladora.com\/fr\/nous-habillons-votre-maison\/#primaryimage"},"thumbnailUrl":"https:\/\/www.laruecavoladora.com\/wp-content\/uploads\/2020\/05\/ABG3898.jpg","datePublished":"2020-05-08T07:26:23+00:00","dateModified":"2020-08-27T19:46:56+00:00","description":"Nous habillons votre maison. D\u00e9corez votre maison. Confort en ligne. V\u00eatements d'int\u00e9rieur en fibres naturelles. Nous l'emportons \u00e0 la maison. Nous recherchons ce dont vous avez besoin. V\u00eatements et meubles","breadcrumb":{"@id":"https:\/\/www.laruecavoladora.com\/fr\/nous-habillons-votre-maison\/#breadcrumb"},"inLanguage":"fr-FR","potentialAction":[{"@type":"ReadAction","target":["https:\/\/www.laruecavoladora.com\/fr\/nous-habillons-votre-maison\/"]}]},{"@type":"ImageObject","inLanguage":"fr-FR","@id":"https:\/\/www.laruecavoladora.com\/fr\/nous-habillons-votre-maison\/#primaryimage","url":"https:\/\/www.laruecavoladora.com\/wp-content\/uploads\/2020\/05\/ABG3898.jpg","contentUrl":"https:\/\/www.laruecavoladora.com\/wp-content\/uploads\/2020\/05\/ABG3898.jpg"},{"@type":"BreadcrumbList","@id":"https:\/\/www.laruecavoladora.com\/fr\/nous-habillons-votre-maison\/#breadcrumb","itemListElement":[{"@type":"ListItem","position":1,"name":"Portada","item":"https:\/\/www.laruecavoladora.com\/fr\/accueil\/"},{"@type":"ListItem","position":2,"name":"Nous habillons Votre Maison"}]},{"@type":"WebSite","@id":"https:\/\/www.laruecavoladora.com\/fr\/#website","url":"https:\/\/www.laruecavoladora.com\/fr\/","name":"La Rueca Voladora","description":"Ropa del hogar de fibras Naturales","potentialAction":[{"@type":"SearchAction","target":{"@type":"EntryPoint","urlTemplate":"https:\/\/www.laruecavoladora.com\/fr\/?s={search_term_string}"},"query-input":{"@type":"PropertyValueSpecification","valueRequired":true,"valueName":"search_term_string"}}],"inLanguage":"fr-FR"}]}},"_links":{"self":[{"href":"https:\/\/www.laruecavoladora.com\/fr\/wp-json\/wp\/v2\/pages\/7115","targetHints":{"allow":["GET"]}}],"collection":[{"href":"https:\/\/www.laruecavoladora.com\/fr\/wp-json\/wp\/v2\/pages"}],"about":[{"href":"https:\/\/www.laruecavoladora.com\/fr\/wp-json\/wp\/v2\/types\/page"}],"author":[{"embeddable":true,"href":"https:\/\/www.laruecavoladora.com\/fr\/wp-json\/wp\/v2\/users\/2"}],"replies":[{"embeddable":true,"href":"https:\/\/www.laruecavoladora.com\/fr\/wp-json\/wp\/v2\/comments?post=7115"}],"version-history":[{"count":0,"href":"https:\/\/www.laruecavoladora.com\/fr\/wp-json\/wp\/v2\/pages\/7115\/revisions"}],"wp:attachment":[{"href":"https:\/\/www.laruecavoladora.com\/fr\/wp-json\/wp\/v2\/media?parent=7115"}],"curies":[{"name":"wp","href":"https:\/\/api.w.org\/{rel}","templated":true}]}}