{"id":4317,"date":"2018-05-31T16:03:21","date_gmt":"2018-05-31T16:03:21","guid":{"rendered":"https:\/\/www.laruecavoladora.com\/?page_id=4317"},"modified":"2018-05-31T16:03:21","modified_gmt":"2018-05-31T16:03:21","slug":"avis-legal","status":"publish","type":"page","link":"https:\/\/www.laruecavoladora.com\/fr\/avis-legal\/","title":{"rendered":"Avis L\u00e9gal"},"content":{"rendered":"<h3><strong><u>AVIS L\u00c9GAL<\/u><\/strong><\/h3>\n<p>&nbsp;<\/p>\n<p><strong><u>CONDITIONS G\u00c9N\u00c9RALES D\u2019UTILISATION DE <\/u><\/strong><strong><u>www.laruecavoladora.com<\/u><\/strong><\/p>\n<p>L\u2019acc\u00e8s aux contenus des sections de notre site Web se r\u00e9alise conform\u00e9ment \u00e0 la politique \u00e9tablie par l\u2019entit\u00e9. En outre, LA RUECA VOLADORA, S.L., pourra modifier \u00e0 tout moment, et sans pr\u00e9avis, l\u2019information contenue sur le site web et, par cons\u00e9quent, l\u2019entit\u00e9 ne se porte par responsable de la mise \u00e0 jour de ladite information.<\/p>\n<p>&nbsp;<\/p>\n<p><strong><u>RESPONSABILIT\u00c9 DE LA RUECA VOLADORA, S.L.<\/u><\/strong><\/p>\n<p>Tant l\u2019acc\u00e8s \u00e0 ce site Web que l\u2019utilisation qui pourrait \u00eatre faite de l\u2019information qui s\u2019y trouve sont faits sous la responsabilit\u00e9 exclusive de la personne les r\u00e9alisant.<\/p>\n<p>LA RUECA VOLADORA, S.L. n\u2019assumera en aucun cas les dommages ou pr\u00e9judices qui pourraient d\u00e9couler dudit acc\u00e8s ou de ladite utilisation de l\u2019information. LA RUECA VOLADORA, S.L. ne se porte responsable ni des erreurs de s\u00e9curit\u00e9 potentielles qui pourraient survenir, ni des dommages que ceux-ci pourraient causer au syst\u00e8me informatique de l\u2019utilisateur (hardware et logiciel), aux fichiers ou documents qui y seraient stock\u00e9s, suite \u00e0 la pr\u00e9sence de virus dans l\u2019ordinateur de l\u2019utilisateur utilis\u00e9 pour la connexion aux services et aux contenus du site Web, d\u2019un mauvais fonctionnement du navigateur, ou de l\u2019utilisation de versions non mises \u00e0 jour.<\/p>\n<p>Par cons\u00e9quent, l\u2019utilisateur accepte, express\u00e9ment et sans la moindre r\u00e9serve, que l\u2019acc\u00e8s et l\u2019utilisation du portail, sont r\u00e9alis\u00e9s sous sa responsabilit\u00e9 exclusive.<\/p>\n<p>En vertu de la Loi 34\/2002 du 11 juillet des Services de la Soci\u00e9t\u00e9 de l\u2019Information et du Commerce \u00c9lectronique, tout diff\u00e9rend qui pourrait surgir devra \u00eatre trait\u00e9 en fonction de la l\u00e9gislation espagnole. L\u2019utilisateur est responsable, dans tous les cas, de la v\u00e9racit\u00e9 des donn\u00e9es remises, et LA RUECA VOLADORA, S.L. se r\u00e9serve le droit d\u2019exclure des services enregistr\u00e9s tout utilisateur qui aurait remis des donn\u00e9es fausses, sans pr\u00e9judice de toute autre action pertinente en droit.<\/p>\n<p>&nbsp;<\/p>\n<p><strong><u>PROPRI\u00c9T\u00c9 INTELECTUELLE<\/u><\/strong><\/p>\n<p>LA RUECA VOLADORA, S.L. est la propri\u00e9taire de, et\/ou titulaire de la licence sur, toute l\u2019information contenue sur ce portail, de sa conception graphique, de ses images, bases de donn\u00e9es, index, codes source, marques et logotypes, qui sont prot\u00e9g\u00e9s conform\u00e9ment aux dispositions de la Loi de Propri\u00e9t\u00e9 Intellectuelle et de la Loi des Marques.<\/p>\n<p>Sa mise \u00e0 disposition et utilisation, ne pr\u00e9suppose en aucun cas qu\u2019il y ait cession de sa propri\u00e9t\u00e9 ou concession d\u2019un droit d\u2019utilisation en faveur de l\u2019Utilisateur\u00a0; par cons\u00e9quent, toute reproduction, copie, distribution totale ou partielle, ou commercialisation, exigera l\u2019autorisation pr\u00e9alable et \u00e9crite de LA RUECA VOLADORA, S.L., et l\u2019entit\u00e9 se r\u00e9serve le droit, en cas d\u2019utilisation illicite du site Web, d\u2019entamer toutes les poursuites l\u00e9gales n\u00e9cessaires pour obtenir la compensation des dommages et pr\u00e9judices caus\u00e9s\u00a0; en outre, l\u2019utilisateur s\u2019engage \u00e0 indemniser l\u2019entit\u00e9 pout tout dommage ou pr\u00e9judice qu\u2019il aurait pu causer au travers de l\u2019utilisation de ce site Web, en enfreignant ces conditions g\u00e9n\u00e9rales et\/ou les lois en vigueur.<\/p>\n<p><strong><u>LINKS, BANNERS<\/u><\/strong><\/p>\n<p>L\u2019inclusion sur le portail <u>www.laruecavoladora.com<\/u> de links ou liens \u00e0 d\u2019autres portails, ne poursuit qu\u2019un objectif purement informatif et ne pr\u00e9suppose en rien que LA RUECA VOLADORA, S.L. recommande et\/ou garantisse lesdits portails, sur lesquels elle n\u2019exerce aucun contr\u00f4le, ni assume aucune responsabilit\u00e9 en relation \u00e0 leurs contenus.<\/p>\n<p><strong><u>BLOG<\/u><\/strong><\/p>\n<p>Ce portal contient une section appel\u00e9e Blog, qui a pour but la diffusion des diff\u00e9rents services offerts par LA RUECA VOLADORA, S.L.<\/p>\n<p>Pour permettre plus d\u2019interactions entre LA RUECA VOLADORA, S.L. et les utilisateurs, le portail permet aux utilisateurs invit\u00e9s de r\u00e9aliser des commentaires au sujet des posts publi\u00e9s.\u00a0 Cependant, le titulaire du site web ne se porte pas responsable des opinions des utilisateurs, et il se r\u00e9serve le droit d\u2019effacer les commentaires qui pourraient paraitre offensifs ou d\u00e9nigrants et de bloquer les commentaires futurs provenant des auteurs desdits commentaires.<\/p>\n<p><strong>LA RUECA VOLADORA, S.L.<\/strong><\/p>\n<p><strong>CIF : <\/strong>B-26548537<\/p>\n<p><strong>Adresse <\/strong>: C\/ Camino del Peral n\u00ba 8 nave 6.<\/p>\n<p><strong>C.P :<\/strong> 26220 <strong>Ville :<\/strong> Ollauri<\/p>\n<p><strong>Province :<\/strong> La Rioja<\/p>\n<p><strong>E-mail :<\/strong> info@laruecavoladora.com<\/p>\n<p><strong>N.\u00ba inscription au Registre du Commerce : <\/strong>inscrite au Registre du Commerce de La Rioja : Tome 826, Feuillet 22, Feuille LO-17586<\/p>\n","protected":false},"excerpt":{"rendered":"<p>AVIS L\u00c9GAL &nbsp; CONDITIONS G\u00c9N\u00c9RALES D\u2019UTILISATION DE www.laruecavoladora.com L\u2019acc\u00e8s aux contenus des sections de notre site Web se r\u00e9alise conform\u00e9ment \u00e0 la politique \u00e9tablie par l\u2019entit\u00e9. En outre, LA RUECA VOLADORA, S.L., pourra modifier \u00e0 tout moment, et sans pr\u00e9avis, l\u2019information contenue sur le site web et, par cons\u00e9quent, l\u2019entit\u00e9&#8230;<\/p>\n","protected":false},"author":2,"featured_media":0,"parent":0,"menu_order":0,"comment_status":"closed","ping_status":"closed","template":"","meta":{"_glsr_average":0,"_glsr_ranking":0,"_glsr_reviews":0,"_joinchat":[],"footnotes":""},"class_list":["post-4317","page","type-page","status-publish","hentry"],"yoast_head":"<!-- This site is optimized with the Yoast SEO plugin v27.5 - https:\/\/yoast.com\/product\/yoast-seo-wordpress\/ -->\n<title>Avis L\u00e9gal - La Rueca Voladora<\/title>\n<meta name=\"robots\" content=\"index, follow, max-snippet:-1, max-image-preview:large, max-video-preview:-1\" \/>\n<link rel=\"canonical\" href=\"https:\/\/www.laruecavoladora.com\/fr\/avis-legal\/\" \/>\n<meta property=\"og:locale\" content=\"fr_FR\" \/>\n<meta property=\"og:type\" content=\"article\" \/>\n<meta property=\"og:title\" content=\"Avis L\u00e9gal - La Rueca Voladora\" \/>\n<meta property=\"og:description\" content=\"AVIS L\u00c9GAL &nbsp; CONDITIONS G\u00c9N\u00c9RALES D\u2019UTILISATION DE www.laruecavoladora.com L\u2019acc\u00e8s aux contenus des sections de notre site Web se r\u00e9alise conform\u00e9ment \u00e0 la politique \u00e9tablie par l\u2019entit\u00e9. En outre, LA RUECA VOLADORA, S.L., pourra modifier \u00e0 tout moment, et sans pr\u00e9avis, l\u2019information contenue sur le site web et, par cons\u00e9quent, l\u2019entit\u00e9...\" \/>\n<meta property=\"og:url\" content=\"https:\/\/www.laruecavoladora.com\/fr\/avis-legal\/\" \/>\n<meta property=\"og:site_name\" content=\"La Rueca Voladora\" \/>\n<meta name=\"twitter:card\" content=\"summary_large_image\" \/>\n<meta name=\"twitter:label1\" content=\"Dur\u00e9e de lecture estim\u00e9e\" \/>\n\t<meta name=\"twitter:data1\" content=\"4 minutes\" \/>\n<script type=\"application\/ld+json\" class=\"yoast-schema-graph\">{\"@context\":\"https:\\\/\\\/schema.org\",\"@graph\":[{\"@type\":\"WebPage\",\"@id\":\"https:\\\/\\\/www.laruecavoladora.com\\\/fr\\\/avis-legal\\\/\",\"url\":\"https:\\\/\\\/www.laruecavoladora.com\\\/fr\\\/avis-legal\\\/\",\"name\":\"Avis L\u00e9gal - La Rueca Voladora\",\"isPartOf\":{\"@id\":\"https:\\\/\\\/www.laruecavoladora.com\\\/fr\\\/#website\"},\"datePublished\":\"2018-05-31T16:03:21+00:00\",\"breadcrumb\":{\"@id\":\"https:\\\/\\\/www.laruecavoladora.com\\\/fr\\\/avis-legal\\\/#breadcrumb\"},\"inLanguage\":\"fr-FR\",\"potentialAction\":[{\"@type\":\"ReadAction\",\"target\":[\"https:\\\/\\\/www.laruecavoladora.com\\\/fr\\\/avis-legal\\\/\"]}]},{\"@type\":\"BreadcrumbList\",\"@id\":\"https:\\\/\\\/www.laruecavoladora.com\\\/fr\\\/avis-legal\\\/#breadcrumb\",\"itemListElement\":[{\"@type\":\"ListItem\",\"position\":1,\"name\":\"Portada\",\"item\":\"https:\\\/\\\/www.laruecavoladora.com\\\/fr\\\/accueil\\\/\"},{\"@type\":\"ListItem\",\"position\":2,\"name\":\"Avis L\u00e9gal\"}]},{\"@type\":\"WebSite\",\"@id\":\"https:\\\/\\\/www.laruecavoladora.com\\\/fr\\\/#website\",\"url\":\"https:\\\/\\\/www.laruecavoladora.com\\\/fr\\\/\",\"name\":\"La Rueca Voladora\",\"description\":\"Ropa del hogar de fibras Naturales\",\"potentialAction\":[{\"@type\":\"SearchAction\",\"target\":{\"@type\":\"EntryPoint\",\"urlTemplate\":\"https:\\\/\\\/www.laruecavoladora.com\\\/fr\\\/?s={search_term_string}\"},\"query-input\":{\"@type\":\"PropertyValueSpecification\",\"valueRequired\":true,\"valueName\":\"search_term_string\"}}],\"inLanguage\":\"fr-FR\"}]}<\/script>\n<!-- \/ Yoast SEO plugin. -->","yoast_head_json":{"title":"Avis L\u00e9gal - La Rueca Voladora","robots":{"index":"index","follow":"follow","max-snippet":"max-snippet:-1","max-image-preview":"max-image-preview:large","max-video-preview":"max-video-preview:-1"},"canonical":"https:\/\/www.laruecavoladora.com\/fr\/avis-legal\/","og_locale":"fr_FR","og_type":"article","og_title":"Avis L\u00e9gal - La Rueca Voladora","og_description":"AVIS L\u00c9GAL &nbsp; CONDITIONS G\u00c9N\u00c9RALES D\u2019UTILISATION DE www.laruecavoladora.com L\u2019acc\u00e8s aux contenus des sections de notre site Web se r\u00e9alise conform\u00e9ment \u00e0 la politique \u00e9tablie par l\u2019entit\u00e9. En outre, LA RUECA VOLADORA, S.L., pourra modifier \u00e0 tout moment, et sans pr\u00e9avis, l\u2019information contenue sur le site web et, par cons\u00e9quent, l\u2019entit\u00e9...","og_url":"https:\/\/www.laruecavoladora.com\/fr\/avis-legal\/","og_site_name":"La Rueca Voladora","twitter_card":"summary_large_image","twitter_misc":{"Dur\u00e9e de lecture estim\u00e9e":"4 minutes"},"schema":{"@context":"https:\/\/schema.org","@graph":[{"@type":"WebPage","@id":"https:\/\/www.laruecavoladora.com\/fr\/avis-legal\/","url":"https:\/\/www.laruecavoladora.com\/fr\/avis-legal\/","name":"Avis L\u00e9gal - La Rueca Voladora","isPartOf":{"@id":"https:\/\/www.laruecavoladora.com\/fr\/#website"},"datePublished":"2018-05-31T16:03:21+00:00","breadcrumb":{"@id":"https:\/\/www.laruecavoladora.com\/fr\/avis-legal\/#breadcrumb"},"inLanguage":"fr-FR","potentialAction":[{"@type":"ReadAction","target":["https:\/\/www.laruecavoladora.com\/fr\/avis-legal\/"]}]},{"@type":"BreadcrumbList","@id":"https:\/\/www.laruecavoladora.com\/fr\/avis-legal\/#breadcrumb","itemListElement":[{"@type":"ListItem","position":1,"name":"Portada","item":"https:\/\/www.laruecavoladora.com\/fr\/accueil\/"},{"@type":"ListItem","position":2,"name":"Avis L\u00e9gal"}]},{"@type":"WebSite","@id":"https:\/\/www.laruecavoladora.com\/fr\/#website","url":"https:\/\/www.laruecavoladora.com\/fr\/","name":"La Rueca Voladora","description":"Ropa del hogar de fibras Naturales","potentialAction":[{"@type":"SearchAction","target":{"@type":"EntryPoint","urlTemplate":"https:\/\/www.laruecavoladora.com\/fr\/?s={search_term_string}"},"query-input":{"@type":"PropertyValueSpecification","valueRequired":true,"valueName":"search_term_string"}}],"inLanguage":"fr-FR"}]}},"_links":{"self":[{"href":"https:\/\/www.laruecavoladora.com\/fr\/wp-json\/wp\/v2\/pages\/4317","targetHints":{"allow":["GET"]}}],"collection":[{"href":"https:\/\/www.laruecavoladora.com\/fr\/wp-json\/wp\/v2\/pages"}],"about":[{"href":"https:\/\/www.laruecavoladora.com\/fr\/wp-json\/wp\/v2\/types\/page"}],"author":[{"embeddable":true,"href":"https:\/\/www.laruecavoladora.com\/fr\/wp-json\/wp\/v2\/users\/2"}],"replies":[{"embeddable":true,"href":"https:\/\/www.laruecavoladora.com\/fr\/wp-json\/wp\/v2\/comments?post=4317"}],"version-history":[{"count":0,"href":"https:\/\/www.laruecavoladora.com\/fr\/wp-json\/wp\/v2\/pages\/4317\/revisions"}],"wp:attachment":[{"href":"https:\/\/www.laruecavoladora.com\/fr\/wp-json\/wp\/v2\/media?parent=4317"}],"curies":[{"name":"wp","href":"https:\/\/api.w.org\/{rel}","templated":true}]}}