{"id":3268,"date":"2018-02-28T11:50:40","date_gmt":"2018-02-28T11:50:40","guid":{"rendered":"https:\/\/www.laruecavoladora.com\/certificats\/"},"modified":"2018-06-01T15:47:47","modified_gmt":"2018-06-01T13:47:47","slug":"certificats","status":"publish","type":"page","link":"https:\/\/www.laruecavoladora.com\/fr\/certificats\/","title":{"rendered":"Certificats"},"content":{"rendered":"<div class=\"wpb-content-wrapper\"><p>[vc_row][vc_column][vc_row_inner][vc_column_inner][vc_column_text]<\/p>\n<div style=\"text-align: center;\"><img loading=\"lazy\" decoding=\"async\" class=\"alignnone wp-image-1462\" src=\"https:\/\/www.laruecavoladora.com\/wp-content\/uploads\/2018\/01\/sello-2.jpg\" alt=\"\" width=\"156\" height=\"156\" srcset=\"https:\/\/www.laruecavoladora.com\/wp-content\/uploads\/2018\/01\/sello-2.jpg 180w, https:\/\/www.laruecavoladora.com\/wp-content\/uploads\/2018\/01\/sello-2-100x100.jpg 100w, https:\/\/www.laruecavoladora.com\/wp-content\/uploads\/2018\/01\/sello-2-150x150.jpg 150w\" sizes=\"auto, (max-width: 156px) 100vw, 156px\" \/>\u00a0 \u00a0<img loading=\"lazy\" decoding=\"async\" class=\"alignnone wp-image-1463\" src=\"https:\/\/www.laruecavoladora.com\/wp-content\/uploads\/2018\/01\/sello-3.jpg\" alt=\"\" width=\"121\" height=\"135\" \/>\u00a0 \u00a0<img loading=\"lazy\" decoding=\"async\" class=\"alignnone wp-image-1042\" src=\"https:\/\/www.laruecavoladora.com\/wp-content\/uploads\/2017\/11\/confianca-textile-1-300x208.jpg\" alt=\"\" width=\"224\" height=\"155\" srcset=\"https:\/\/www.laruecavoladora.com\/wp-content\/uploads\/2017\/11\/confianca-textile-1-300x208.jpg 300w, https:\/\/www.laruecavoladora.com\/wp-content\/uploads\/2017\/11\/confianca-textile-1.jpg 361w\" sizes=\"auto, (max-width: 224px) 100vw, 224px\" \/><img loading=\"lazy\" decoding=\"async\" class=\"alignnone wp-image-4231\" src=\"https:\/\/www.laruecavoladora.com\/wp-content\/uploads\/2018\/05\/cuc-logo-copy.png\" alt=\"\" width=\"150\" height=\"152\" srcset=\"https:\/\/www.laruecavoladora.com\/wp-content\/uploads\/2018\/05\/cuc-logo-copy.png 281w, https:\/\/www.laruecavoladora.com\/wp-content\/uploads\/2018\/05\/cuc-logo-copy-100x100.png 100w\" sizes=\"auto, (max-width: 150px) 100vw, 150px\" \/><\/div>\n<p>[\/vc_column_text][vc_column_text]<strong>GOTS (norme mondiale sur les textiles organiques).<\/strong> Seuls les produits textiles contenant au moins 95% de fibres organiques peuvent obtenir la certification GOTS. Les syst\u00e8mes de production et de traitement doivent \u00e9galement respecter les normes environnementales.<\/p>\n<p><strong>100% coton biologique:<\/strong><br \/>\nPour pr\u00e9server votre sant\u00e9 et notre plan\u00e8te, tout le coton provient de l&#8217;agriculture biologique garantie sans OGM par ECOCERT.<\/p>\n<p><strong>Les traitements du coton apr\u00e8s r\u00e9colte ne sont que m\u00e9caniques:<\/strong> ils sont nettoy\u00e9s, card\u00e9s et perfor\u00e9s. Ensuite, il est pr\u00eat \u00e0 \u00eatre utilis\u00e9 dans l&#8217;emballage.<br \/>\nTous les fils utilis\u00e9s pour fabriquer les tissus proviennent de l&#8217;agriculture biologique. Ce sont les labels EKO (Skal) et GOTS qui garantissent que le coton n&#8217;a subi aucun traitement chimique, ni avant ni apr\u00e8s sa r\u00e9colte.[\/vc_column_text][\/vc_column_inner][\/vc_row_inner][vc_empty_space][vc_column_text]<iframe id=\"s_pdf_frame\" src=\"\/\/docs.google.com\/gview?embedded=true&url=https:\/\/www.laruecavoladora.com\/wp-content\/uploads\/2018\/02\/CRETONE-2017.pdf\" style=\"width: 100%; height:500px;\" frameborder=\"0\"><\/iframe>[\/vc_column_text][vc_column_text]<iframe id=\"s_pdf_frame\" src=\"\/\/docs.google.com\/gview?embedded=true&url=https:\/\/www.laruecavoladora.com\/wp-content\/uploads\/2018\/02\/DEMI-PANAMA-2017.pdf\" style=\"width: 100%; height:500px;\" frameborder=\"0\"><\/iframe>[\/vc_column_text][\/vc_column][\/vc_row]<\/p>\n<\/div>","protected":false},"excerpt":{"rendered":"<p>[vc_row][vc_column][vc_row_inner][vc_column_inner][vc_column_text] \u00a0 \u00a0\u00a0 \u00a0 [\/vc_column_text][vc_column_text]GOTS (norme mondiale sur les textiles organiques). Seuls les produits textiles contenant au moins 95% de fibres organiques peuvent obtenir la certification GOTS. Les syst\u00e8mes de production et de traitement doivent \u00e9galement respecter les normes environnementales. 100% coton biologique: Pour pr\u00e9server votre sant\u00e9 et notre plan\u00e8te,&#8230;<\/p>\n","protected":false},"author":2,"featured_media":0,"parent":0,"menu_order":0,"comment_status":"closed","ping_status":"closed","template":"","meta":{"_glsr_average":0,"_glsr_ranking":0,"_glsr_reviews":0,"_joinchat":[],"footnotes":""},"class_list":["post-3268","page","type-page","status-publish","hentry"],"yoast_head":"<!-- This site is optimized with the Yoast SEO plugin v27.5 - https:\/\/yoast.com\/product\/yoast-seo-wordpress\/ -->\n<title>Certificats - La Rueca Voladora<\/title>\n<meta name=\"robots\" content=\"index, follow, max-snippet:-1, max-image-preview:large, max-video-preview:-1\" \/>\n<link rel=\"canonical\" href=\"https:\/\/www.laruecavoladora.com\/fr\/certificats\/\" \/>\n<meta property=\"og:locale\" content=\"fr_FR\" \/>\n<meta property=\"og:type\" content=\"article\" \/>\n<meta property=\"og:title\" content=\"Certificats - La Rueca Voladora\" \/>\n<meta property=\"og:description\" content=\"[vc_row][vc_column][vc_row_inner][vc_column_inner][vc_column_text] \u00a0 \u00a0\u00a0 \u00a0 [\/vc_column_text][vc_column_text]GOTS (norme mondiale sur les textiles organiques). Seuls les produits textiles contenant au moins 95% de fibres organiques peuvent obtenir la certification GOTS. Les syst\u00e8mes de production et de traitement doivent \u00e9galement respecter les normes environnementales. 100% coton biologique: Pour pr\u00e9server votre sant\u00e9 et notre plan\u00e8te,...\" \/>\n<meta property=\"og:url\" content=\"https:\/\/www.laruecavoladora.com\/fr\/certificats\/\" \/>\n<meta property=\"og:site_name\" content=\"La Rueca Voladora\" \/>\n<meta property=\"article:modified_time\" content=\"2018-06-01T13:47:47+00:00\" \/>\n<meta property=\"og:image\" content=\"https:\/\/www.laruecavoladora.com\/wp-content\/uploads\/2018\/01\/sello-2.jpg\" \/>\n<meta name=\"twitter:card\" content=\"summary_large_image\" \/>\n<meta name=\"twitter:label1\" content=\"Dur\u00e9e de lecture estim\u00e9e\" \/>\n\t<meta name=\"twitter:data1\" content=\"1 minute\" \/>\n<script type=\"application\/ld+json\" class=\"yoast-schema-graph\">{\"@context\":\"https:\\\/\\\/schema.org\",\"@graph\":[{\"@type\":\"WebPage\",\"@id\":\"https:\\\/\\\/www.laruecavoladora.com\\\/fr\\\/certificats\\\/\",\"url\":\"https:\\\/\\\/www.laruecavoladora.com\\\/fr\\\/certificats\\\/\",\"name\":\"Certificats - La Rueca Voladora\",\"isPartOf\":{\"@id\":\"https:\\\/\\\/www.laruecavoladora.com\\\/fr\\\/#website\"},\"primaryImageOfPage\":{\"@id\":\"https:\\\/\\\/www.laruecavoladora.com\\\/fr\\\/certificats\\\/#primaryimage\"},\"image\":{\"@id\":\"https:\\\/\\\/www.laruecavoladora.com\\\/fr\\\/certificats\\\/#primaryimage\"},\"thumbnailUrl\":\"https:\\\/\\\/www.laruecavoladora.com\\\/wp-content\\\/uploads\\\/2018\\\/01\\\/sello-2.jpg\",\"datePublished\":\"2018-02-28T11:50:40+00:00\",\"dateModified\":\"2018-06-01T13:47:47+00:00\",\"breadcrumb\":{\"@id\":\"https:\\\/\\\/www.laruecavoladora.com\\\/fr\\\/certificats\\\/#breadcrumb\"},\"inLanguage\":\"fr-FR\",\"potentialAction\":[{\"@type\":\"ReadAction\",\"target\":[\"https:\\\/\\\/www.laruecavoladora.com\\\/fr\\\/certificats\\\/\"]}]},{\"@type\":\"ImageObject\",\"inLanguage\":\"fr-FR\",\"@id\":\"https:\\\/\\\/www.laruecavoladora.com\\\/fr\\\/certificats\\\/#primaryimage\",\"url\":\"https:\\\/\\\/www.laruecavoladora.com\\\/wp-content\\\/uploads\\\/2018\\\/01\\\/sello-2.jpg\",\"contentUrl\":\"https:\\\/\\\/www.laruecavoladora.com\\\/wp-content\\\/uploads\\\/2018\\\/01\\\/sello-2.jpg\"},{\"@type\":\"BreadcrumbList\",\"@id\":\"https:\\\/\\\/www.laruecavoladora.com\\\/fr\\\/certificats\\\/#breadcrumb\",\"itemListElement\":[{\"@type\":\"ListItem\",\"position\":1,\"name\":\"Portada\",\"item\":\"https:\\\/\\\/www.laruecavoladora.com\\\/fr\\\/accueil\\\/\"},{\"@type\":\"ListItem\",\"position\":2,\"name\":\"Certificats\"}]},{\"@type\":\"WebSite\",\"@id\":\"https:\\\/\\\/www.laruecavoladora.com\\\/fr\\\/#website\",\"url\":\"https:\\\/\\\/www.laruecavoladora.com\\\/fr\\\/\",\"name\":\"La Rueca Voladora\",\"description\":\"Ropa del hogar de fibras Naturales\",\"potentialAction\":[{\"@type\":\"SearchAction\",\"target\":{\"@type\":\"EntryPoint\",\"urlTemplate\":\"https:\\\/\\\/www.laruecavoladora.com\\\/fr\\\/?s={search_term_string}\"},\"query-input\":{\"@type\":\"PropertyValueSpecification\",\"valueRequired\":true,\"valueName\":\"search_term_string\"}}],\"inLanguage\":\"fr-FR\"}]}<\/script>\n<!-- \/ Yoast SEO plugin. -->","yoast_head_json":{"title":"Certificats - La Rueca Voladora","robots":{"index":"index","follow":"follow","max-snippet":"max-snippet:-1","max-image-preview":"max-image-preview:large","max-video-preview":"max-video-preview:-1"},"canonical":"https:\/\/www.laruecavoladora.com\/fr\/certificats\/","og_locale":"fr_FR","og_type":"article","og_title":"Certificats - La Rueca Voladora","og_description":"[vc_row][vc_column][vc_row_inner][vc_column_inner][vc_column_text] \u00a0 \u00a0\u00a0 \u00a0 [\/vc_column_text][vc_column_text]GOTS (norme mondiale sur les textiles organiques). Seuls les produits textiles contenant au moins 95% de fibres organiques peuvent obtenir la certification GOTS. Les syst\u00e8mes de production et de traitement doivent \u00e9galement respecter les normes environnementales. 100% coton biologique: Pour pr\u00e9server votre sant\u00e9 et notre plan\u00e8te,...","og_url":"https:\/\/www.laruecavoladora.com\/fr\/certificats\/","og_site_name":"La Rueca Voladora","article_modified_time":"2018-06-01T13:47:47+00:00","og_image":[{"url":"https:\/\/www.laruecavoladora.com\/wp-content\/uploads\/2018\/01\/sello-2.jpg","type":"","width":"","height":""}],"twitter_card":"summary_large_image","twitter_misc":{"Dur\u00e9e de lecture estim\u00e9e":"1 minute"},"schema":{"@context":"https:\/\/schema.org","@graph":[{"@type":"WebPage","@id":"https:\/\/www.laruecavoladora.com\/fr\/certificats\/","url":"https:\/\/www.laruecavoladora.com\/fr\/certificats\/","name":"Certificats - La Rueca Voladora","isPartOf":{"@id":"https:\/\/www.laruecavoladora.com\/fr\/#website"},"primaryImageOfPage":{"@id":"https:\/\/www.laruecavoladora.com\/fr\/certificats\/#primaryimage"},"image":{"@id":"https:\/\/www.laruecavoladora.com\/fr\/certificats\/#primaryimage"},"thumbnailUrl":"https:\/\/www.laruecavoladora.com\/wp-content\/uploads\/2018\/01\/sello-2.jpg","datePublished":"2018-02-28T11:50:40+00:00","dateModified":"2018-06-01T13:47:47+00:00","breadcrumb":{"@id":"https:\/\/www.laruecavoladora.com\/fr\/certificats\/#breadcrumb"},"inLanguage":"fr-FR","potentialAction":[{"@type":"ReadAction","target":["https:\/\/www.laruecavoladora.com\/fr\/certificats\/"]}]},{"@type":"ImageObject","inLanguage":"fr-FR","@id":"https:\/\/www.laruecavoladora.com\/fr\/certificats\/#primaryimage","url":"https:\/\/www.laruecavoladora.com\/wp-content\/uploads\/2018\/01\/sello-2.jpg","contentUrl":"https:\/\/www.laruecavoladora.com\/wp-content\/uploads\/2018\/01\/sello-2.jpg"},{"@type":"BreadcrumbList","@id":"https:\/\/www.laruecavoladora.com\/fr\/certificats\/#breadcrumb","itemListElement":[{"@type":"ListItem","position":1,"name":"Portada","item":"https:\/\/www.laruecavoladora.com\/fr\/accueil\/"},{"@type":"ListItem","position":2,"name":"Certificats"}]},{"@type":"WebSite","@id":"https:\/\/www.laruecavoladora.com\/fr\/#website","url":"https:\/\/www.laruecavoladora.com\/fr\/","name":"La Rueca Voladora","description":"Ropa del hogar de fibras Naturales","potentialAction":[{"@type":"SearchAction","target":{"@type":"EntryPoint","urlTemplate":"https:\/\/www.laruecavoladora.com\/fr\/?s={search_term_string}"},"query-input":{"@type":"PropertyValueSpecification","valueRequired":true,"valueName":"search_term_string"}}],"inLanguage":"fr-FR"}]}},"_links":{"self":[{"href":"https:\/\/www.laruecavoladora.com\/fr\/wp-json\/wp\/v2\/pages\/3268","targetHints":{"allow":["GET"]}}],"collection":[{"href":"https:\/\/www.laruecavoladora.com\/fr\/wp-json\/wp\/v2\/pages"}],"about":[{"href":"https:\/\/www.laruecavoladora.com\/fr\/wp-json\/wp\/v2\/types\/page"}],"author":[{"embeddable":true,"href":"https:\/\/www.laruecavoladora.com\/fr\/wp-json\/wp\/v2\/users\/2"}],"replies":[{"embeddable":true,"href":"https:\/\/www.laruecavoladora.com\/fr\/wp-json\/wp\/v2\/comments?post=3268"}],"version-history":[{"count":0,"href":"https:\/\/www.laruecavoladora.com\/fr\/wp-json\/wp\/v2\/pages\/3268\/revisions"}],"wp:attachment":[{"href":"https:\/\/www.laruecavoladora.com\/fr\/wp-json\/wp\/v2\/media?parent=3268"}],"curies":[{"name":"wp","href":"https:\/\/api.w.org\/{rel}","templated":true}]}}