{"id":3055,"date":"2018-02-27T16:16:22","date_gmt":"2018-02-27T16:16:22","guid":{"rendered":"https:\/\/www.laruecavoladora.com\/contact-us\/"},"modified":"2019-03-07T22:35:40","modified_gmt":"2019-03-07T20:35:40","slug":"contact-us","status":"publish","type":"page","link":"https:\/\/www.laruecavoladora.com\/en\/contact-us\/","title":{"rendered":"Contact Us"},"content":{"rendered":"<div class=\"wpb-content-wrapper\"><p>[vc_row][vc_column width=&#8221;1\/3&#8243;][vc_column_text]<iframe loading=\"lazy\" style=\"border: 0;\" src=\"https:\/\/www.google.com\/maps\/embed?pb=!1m18!1m12!1m3!1d3495.7803828754027!2d-2.8305597240213975!3d42.542780564180326!2m3!1f0!2f0!3f0!3m2!1i1024!2i768!4f13.1!3m3!1m2!1s0xd4f8a4459b72ca3%3A0x6f944f76d3c5f474!2sCamino+del+Peral%2C+8%2C+26220+Ollauri%2C+La+Rioja!5e0!3m2!1ses!2ses!4v1516272707260\" width=\"100%\" height=\"450\" frameborder=\"0\" allowfullscreen=\"allowfullscreen\"><br \/>\n<\/iframe>[\/vc_column_text][\/vc_column][vc_column width=&#8221;1\/3&#8243;]\n<div class=\"wpcf7 no-js\" id=\"wpcf7-f5238-o1\" lang=\"es-ES\" dir=\"ltr\" data-wpcf7-id=\"5238\">\n<div class=\"screen-reader-response\"><p role=\"status\" aria-live=\"polite\" aria-atomic=\"true\"><\/p> <ul><\/ul><\/div>\n<form action=\"\/en\/wp-json\/wp\/v2\/pages\/3055#wpcf7-f5238-o1\" method=\"post\" class=\"wpcf7-form init\" aria-label=\"Formulario de contacto\" enctype=\"multipart\/form-data\" novalidate=\"novalidate\" data-status=\"init\">\n<fieldset class=\"hidden-fields-container\"><input type=\"hidden\" name=\"_wpcf7\" value=\"5238\" \/><input type=\"hidden\" name=\"_wpcf7_version\" value=\"6.1.5\" \/><input type=\"hidden\" name=\"_wpcf7_locale\" value=\"es_ES\" \/><input type=\"hidden\" name=\"_wpcf7_unit_tag\" value=\"wpcf7-f5238-o1\" \/><input type=\"hidden\" name=\"_wpcf7_container_post\" value=\"0\" \/><input type=\"hidden\" name=\"_wpcf7_posted_data_hash\" value=\"\" \/><input type=\"hidden\" name=\"_wpcf7_recaptcha_response\" value=\"\" \/>\n<\/fieldset>\n<p><label> Name *<br \/>\n<span class=\"wpcf7-form-control-wrap\" data-name=\"your-name\"><input size=\"40\" maxlength=\"400\" class=\"wpcf7-form-control wpcf7-text wpcf7-validates-as-required\" aria-required=\"true\" aria-invalid=\"false\" value=\"\" type=\"text\" name=\"your-name\" \/><\/span> <\/label>\n<\/p>\n<p><label> Email *<br \/>\n<span class=\"wpcf7-form-control-wrap\" data-name=\"your-email\"><input size=\"40\" maxlength=\"400\" class=\"wpcf7-form-control wpcf7-email wpcf7-validates-as-required wpcf7-text wpcf7-validates-as-email\" aria-required=\"true\" aria-invalid=\"false\" value=\"\" type=\"email\" name=\"your-email\" \/><\/span> <\/label>\n<\/p>\n<p><label> Phone *<br \/>\n<span class=\"wpcf7-form-control-wrap\" data-name=\"tel-602\"><input size=\"40\" maxlength=\"400\" class=\"wpcf7-form-control wpcf7-tel wpcf7-validates-as-required wpcf7-text wpcf7-validates-as-tel\" aria-required=\"true\" aria-invalid=\"false\" value=\"\" type=\"tel\" name=\"tel-602\" \/><\/span><\/label>\n<\/p>\n<p><label> Write your question<br \/>\n<span class=\"wpcf7-form-control-wrap\" data-name=\"your-message\"><textarea cols=\"40\" rows=\"10\" maxlength=\"2000\" class=\"wpcf7-form-control wpcf7-textarea\" aria-invalid=\"false\" name=\"your-message\"><\/textarea><\/span> <\/label>\n<\/p>\n<p><span class=\"wpcf7-form-control-wrap\" data-name=\"file-287\"><input size=\"40\" class=\"wpcf7-form-control wpcf7-file\" accept=\".docx,.pdf,.jpg,.mp3\" aria-invalid=\"false\" type=\"file\" name=\"file-287\" \/><\/span>\n<\/p>\n<p><span class=\"wpcf7-form-control-wrap\" data-name=\"Privacy\"><span class=\"wpcf7-form-control wpcf7-acceptance\"><span class=\"wpcf7-list-item\"><label><input type=\"checkbox\" name=\"Privacy\" value=\"1\" aria-invalid=\"false\" \/><span class=\"wpcf7-list-item-label\">I have read and accept <a rel=\"nofollow\" href=\"\/en\/privacy-policy\/\">Privacy Policy<\/a>.<\/span><\/label><\/span><\/span><\/span>\n<\/p>\n<p><input class=\"wpcf7-form-control wpcf7-submit has-spinner\" type=\"submit\" value=\"Send\" \/>\n<\/p><input type='hidden' class='wpcf7-pum' value='{\"closepopup\":false,\"closedelay\":0,\"openpopup\":false,\"openpopup_id\":0}' \/><div class=\"wpcf7-response-output\" aria-hidden=\"true\"><\/div>\n<\/form>\n<\/div>\n[vc_empty_space][\/vc_column][vc_column width=&#8221;1\/3&#8243; css=&#8221;.vc_custom_1516288932799{border-top-width: 1px !important;border-right-width: 1px !important;border-bottom-width: 1px !important;border-left-width: 1px !important;padding-left: 50px !important;border-left-color: #f2f2f2 !important;border-left-style: solid !important;border-right-color: #f2f2f2 !important;border-right-style: solid !important;border-top-color: #f2f2f2 !important;border-top-style: solid !important;border-bottom-color: #f2f2f2 !important;border-bottom-style: solid !important;}&#8221;][vc_column_text]<\/p>\n<h4>Contact Information<\/h4>\n<p>[\/vc_column_text][vc_column_text]<\/p>\n<div class=\"place-name\" style=\"font-size: 16px;\">Camino del Peral, 8<\/div>\n<div class=\"place-name\" style=\"font-size: 16px;\">Nave 6<\/div>\n<div class=\"address\" style=\"font-size: 16px;\">26220 Ollauri &#8211; La Rioja<\/div>\n<div style=\"font-size: 16px;\">Spain<\/div>\n<p>[\/vc_column_text][vc_empty_space][vc_column_text]<strong style=\"font-size: 16px;\">Phone<a href=\"tel:+34 676 727 604\">+34 676 727 604<\/a><br \/>\n<strong style=\"font-size: 12px;\">Email:<\/strong> <a style=\"font-size: 12px;\" href=\"mailto:info@laruecavoladora.com\">info@laruecavoladora.com<\/a><br \/>\n<strong style=\"font-size: 12px;\">Web:\u00a0<\/strong><a style=\"font-size: 12px;\" href=\"https:\/\/www.laruecavoladora.com\/en\/\">laruecavoladora.com<\/a><\/strong>[\/vc_column_text][\/vc_column][\/vc_row][vc_row][vc_column][\/vc_column][\/vc_row][vc_row][vc_column][vc_column_text][\/vc_column_text][\/vc_column][\/vc_row]<\/p>\n<\/div>","protected":false},"excerpt":{"rendered":"<p>[vc_row][vc_column width=&#8221;1\/3&#8243;][vc_column_text] [\/vc_column_text][\/vc_column][vc_column width=&#8221;1\/3&#8243;][vc_empty_space][\/vc_column][vc_column width=&#8221;1\/3&#8243; css=&#8221;.vc_custom_1516288932799{border-top-width: 1px !important;border-right-width: 1px !important;border-bottom-width: 1px !important;border-left-width: 1px !important;padding-left: 50px !important;border-left-color: #f2f2f2 !important;border-left-style: solid !important;border-right-color: #f2f2f2 !important;border-right-style: solid !important;border-top-color: #f2f2f2 !important;border-top-style: solid !important;border-bottom-color: #f2f2f2 !important;border-bottom-style: solid !important;}&#8221;][vc_column_text] Contact Information [\/vc_column_text][vc_column_text] Camino del Peral, 8 Nave 6 26220 Ollauri &#8211; La Rioja Spain [\/vc_column_text][vc_empty_space][vc_column_text]Phone+34 676 727&#8230;<\/p>\n","protected":false},"author":2,"featured_media":0,"parent":0,"menu_order":0,"comment_status":"open","ping_status":"open","template":"","meta":{"_glsr_average":0,"_glsr_ranking":0,"_glsr_reviews":0,"_joinchat":[],"footnotes":""},"class_list":["post-3055","page","type-page","status-publish","hentry"],"yoast_head":"<!-- This site is optimized with the Yoast SEO plugin v27.5 - https:\/\/yoast.com\/product\/yoast-seo-wordpress\/ -->\n<title>Contacto - Informaci\u00f3n y localizaci\u00f3n tienda de ropa de cama ecol\u00f3gica<\/title>\n<meta name=\"description\" content=\"Contacta con la Rueca Voladora si necesitas informaci\u00f3n sobre precios o cualquier duda sobra nuestros art\u00edculos de ropa de hogar ecol\u00f3gica y org\u00e1nica. Estamos ubicados en Ollauri en La Rioja, pero realizamos env\u00edos de ropa de cama de fibras naturales a cualquier parte de Espa\u00f1a.\" \/>\n<meta name=\"robots\" content=\"index, follow, max-snippet:-1, max-image-preview:large, max-video-preview:-1\" \/>\n<link rel=\"canonical\" href=\"https:\/\/www.laruecavoladora.com\/en\/contact-us\/\" \/>\n<meta property=\"og:locale\" content=\"en_US\" \/>\n<meta property=\"og:type\" content=\"article\" \/>\n<meta property=\"og:title\" content=\"Contacto - Informaci\u00f3n y localizaci\u00f3n tienda de ropa de cama ecol\u00f3gica\" \/>\n<meta property=\"og:description\" content=\"Contacta con la Rueca Voladora si necesitas informaci\u00f3n sobre precios o cualquier duda sobra nuestros art\u00edculos de ropa de hogar ecol\u00f3gica y org\u00e1nica. Estamos ubicados en Ollauri en La Rioja, pero realizamos env\u00edos de ropa de cama de fibras naturales a cualquier parte de Espa\u00f1a.\" \/>\n<meta property=\"og:url\" content=\"https:\/\/www.laruecavoladora.com\/en\/contact-us\/\" \/>\n<meta property=\"og:site_name\" content=\"La Rueca Voladora\" \/>\n<meta property=\"article:modified_time\" content=\"2019-03-07T20:35:40+00:00\" \/>\n<meta name=\"twitter:card\" content=\"summary_large_image\" \/>\n<meta name=\"twitter:label1\" content=\"Est. reading time\" \/>\n\t<meta name=\"twitter:data1\" content=\"1 minute\" \/>\n<script type=\"application\/ld+json\" class=\"yoast-schema-graph\">{\"@context\":\"https:\\\/\\\/schema.org\",\"@graph\":[{\"@type\":\"WebPage\",\"@id\":\"https:\\\/\\\/www.laruecavoladora.com\\\/en\\\/contact-us\\\/\",\"url\":\"https:\\\/\\\/www.laruecavoladora.com\\\/en\\\/contact-us\\\/\",\"name\":\"Contacto - Informaci\u00f3n y localizaci\u00f3n tienda de ropa de cama ecol\u00f3gica\",\"isPartOf\":{\"@id\":\"https:\\\/\\\/www.laruecavoladora.com\\\/en\\\/#website\"},\"datePublished\":\"2018-02-27T16:16:22+00:00\",\"dateModified\":\"2019-03-07T20:35:40+00:00\",\"description\":\"Contacta con la Rueca Voladora si necesitas informaci\u00f3n sobre precios o cualquier duda sobra nuestros art\u00edculos de ropa de hogar ecol\u00f3gica y org\u00e1nica. Estamos ubicados en Ollauri en La Rioja, pero realizamos env\u00edos de ropa de cama de fibras naturales a cualquier parte de Espa\u00f1a.\",\"breadcrumb\":{\"@id\":\"https:\\\/\\\/www.laruecavoladora.com\\\/en\\\/contact-us\\\/#breadcrumb\"},\"inLanguage\":\"en-US\",\"potentialAction\":[{\"@type\":\"ReadAction\",\"target\":[\"https:\\\/\\\/www.laruecavoladora.com\\\/en\\\/contact-us\\\/\"]}]},{\"@type\":\"BreadcrumbList\",\"@id\":\"https:\\\/\\\/www.laruecavoladora.com\\\/en\\\/contact-us\\\/#breadcrumb\",\"itemListElement\":[{\"@type\":\"ListItem\",\"position\":1,\"name\":\"Portada\",\"item\":\"https:\\\/\\\/www.laruecavoladora.com\\\/en\\\/home\\\/\"},{\"@type\":\"ListItem\",\"position\":2,\"name\":\"Contact Us\"}]},{\"@type\":\"WebSite\",\"@id\":\"https:\\\/\\\/www.laruecavoladora.com\\\/en\\\/#website\",\"url\":\"https:\\\/\\\/www.laruecavoladora.com\\\/en\\\/\",\"name\":\"La Rueca Voladora\",\"description\":\"Ropa del hogar de fibras Naturales\",\"potentialAction\":[{\"@type\":\"SearchAction\",\"target\":{\"@type\":\"EntryPoint\",\"urlTemplate\":\"https:\\\/\\\/www.laruecavoladora.com\\\/en\\\/?s={search_term_string}\"},\"query-input\":{\"@type\":\"PropertyValueSpecification\",\"valueRequired\":true,\"valueName\":\"search_term_string\"}}],\"inLanguage\":\"en-US\"}]}<\/script>\n<!-- \/ Yoast SEO plugin. -->","yoast_head_json":{"title":"Contacto - Informaci\u00f3n y localizaci\u00f3n tienda de ropa de cama ecol\u00f3gica","description":"Contacta con la Rueca Voladora si necesitas informaci\u00f3n sobre precios o cualquier duda sobra nuestros art\u00edculos de ropa de hogar ecol\u00f3gica y org\u00e1nica. Estamos ubicados en Ollauri en La Rioja, pero realizamos env\u00edos de ropa de cama de fibras naturales a cualquier parte de Espa\u00f1a.","robots":{"index":"index","follow":"follow","max-snippet":"max-snippet:-1","max-image-preview":"max-image-preview:large","max-video-preview":"max-video-preview:-1"},"canonical":"https:\/\/www.laruecavoladora.com\/en\/contact-us\/","og_locale":"en_US","og_type":"article","og_title":"Contacto - Informaci\u00f3n y localizaci\u00f3n tienda de ropa de cama ecol\u00f3gica","og_description":"Contacta con la Rueca Voladora si necesitas informaci\u00f3n sobre precios o cualquier duda sobra nuestros art\u00edculos de ropa de hogar ecol\u00f3gica y org\u00e1nica. Estamos ubicados en Ollauri en La Rioja, pero realizamos env\u00edos de ropa de cama de fibras naturales a cualquier parte de Espa\u00f1a.","og_url":"https:\/\/www.laruecavoladora.com\/en\/contact-us\/","og_site_name":"La Rueca Voladora","article_modified_time":"2019-03-07T20:35:40+00:00","twitter_card":"summary_large_image","twitter_misc":{"Est. reading time":"1 minute"},"schema":{"@context":"https:\/\/schema.org","@graph":[{"@type":"WebPage","@id":"https:\/\/www.laruecavoladora.com\/en\/contact-us\/","url":"https:\/\/www.laruecavoladora.com\/en\/contact-us\/","name":"Contacto - Informaci\u00f3n y localizaci\u00f3n tienda de ropa de cama ecol\u00f3gica","isPartOf":{"@id":"https:\/\/www.laruecavoladora.com\/en\/#website"},"datePublished":"2018-02-27T16:16:22+00:00","dateModified":"2019-03-07T20:35:40+00:00","description":"Contacta con la Rueca Voladora si necesitas informaci\u00f3n sobre precios o cualquier duda sobra nuestros art\u00edculos de ropa de hogar ecol\u00f3gica y org\u00e1nica. Estamos ubicados en Ollauri en La Rioja, pero realizamos env\u00edos de ropa de cama de fibras naturales a cualquier parte de Espa\u00f1a.","breadcrumb":{"@id":"https:\/\/www.laruecavoladora.com\/en\/contact-us\/#breadcrumb"},"inLanguage":"en-US","potentialAction":[{"@type":"ReadAction","target":["https:\/\/www.laruecavoladora.com\/en\/contact-us\/"]}]},{"@type":"BreadcrumbList","@id":"https:\/\/www.laruecavoladora.com\/en\/contact-us\/#breadcrumb","itemListElement":[{"@type":"ListItem","position":1,"name":"Portada","item":"https:\/\/www.laruecavoladora.com\/en\/home\/"},{"@type":"ListItem","position":2,"name":"Contact Us"}]},{"@type":"WebSite","@id":"https:\/\/www.laruecavoladora.com\/en\/#website","url":"https:\/\/www.laruecavoladora.com\/en\/","name":"La Rueca Voladora","description":"Ropa del hogar de fibras Naturales","potentialAction":[{"@type":"SearchAction","target":{"@type":"EntryPoint","urlTemplate":"https:\/\/www.laruecavoladora.com\/en\/?s={search_term_string}"},"query-input":{"@type":"PropertyValueSpecification","valueRequired":true,"valueName":"search_term_string"}}],"inLanguage":"en-US"}]}},"_links":{"self":[{"href":"https:\/\/www.laruecavoladora.com\/en\/wp-json\/wp\/v2\/pages\/3055","targetHints":{"allow":["GET"]}}],"collection":[{"href":"https:\/\/www.laruecavoladora.com\/en\/wp-json\/wp\/v2\/pages"}],"about":[{"href":"https:\/\/www.laruecavoladora.com\/en\/wp-json\/wp\/v2\/types\/page"}],"author":[{"embeddable":true,"href":"https:\/\/www.laruecavoladora.com\/en\/wp-json\/wp\/v2\/users\/2"}],"replies":[{"embeddable":true,"href":"https:\/\/www.laruecavoladora.com\/en\/wp-json\/wp\/v2\/comments?post=3055"}],"version-history":[{"count":0,"href":"https:\/\/www.laruecavoladora.com\/en\/wp-json\/wp\/v2\/pages\/3055\/revisions"}],"wp:attachment":[{"href":"https:\/\/www.laruecavoladora.com\/en\/wp-json\/wp\/v2\/media?parent=3055"}],"curies":[{"name":"wp","href":"https:\/\/api.w.org\/{rel}","templated":true}]}}